{"id":99,"date":"2025-08-27T12:24:15","date_gmt":"2025-08-27T15:24:15","guid":{"rendered":"https:\/\/cabalgatasbariloche.com.ar\/producto\/cabalgata-por-coihues-recorrido-a-caballo-en-corazon-de-la-naturaleza-patagonica\/"},"modified":"2026-04-07T12:12:47","modified_gmt":"2026-04-07T15:12:47","slug":"cabalgatas-en-bariloche","status":"publish","type":"product","link":"https:\/\/cabalgatasbariloche.com.ar\/pt\/experiencias-turisticas\/passeios-a-cavalo-em-bariloche\/","title":{"rendered":"Cerro Lopez Horseback Riding - A mais completa experi\u00eancia em pequenos circuitos"},"content":{"rendered":"<h2 class=\"ai-optimize-23 ai-optimize-introduction\"><b>\u00a0<\/b><b>Uma experi\u00eancia completa entre a floresta andina, os mirantes e os pampas patag\u00f4nicos.<\/b><\/h2>\n<p class=\"ai-optimize-24 ai-optimize-introduction\"><span style=\"font-weight: 400;\">Percorra a cavalo as paisagens mais representativas do Circuito Chico em um passeio equilibrado que combina trilhas na floresta, vistas panor\u00e2micas e espa\u00e7os abertos ideais para aproveitar o galope. Uma proposta pensada para quem procura um passeio completo a cavalo em Bariloche, com traslado inclu\u00eddo e sa\u00eddas todos os dias.<\/span><\/p>\n<p class=\"ai-optimize-25\"><span style=\"font-weight: 400;\">Do centro de Bariloche, partimos para o acampamento onde a atividade come\u00e7a. Ap\u00f3s uma breve introdu\u00e7\u00e3o e a designa\u00e7\u00e3o dos cavalos, iniciamos o passeio por trilhas cercadas por imponentes florestas de coihue. O ambiente natural, silencioso e aut\u00eantico, permite uma conex\u00e3o real com a Patag\u00f4nia Andina.<\/span><\/p>\n<p class=\"ai-optimize-26\"><span style=\"font-weight: 400;\">\u00c0 medida que avan\u00e7amos pelos contrafortes, a paisagem come\u00e7a a se abrir para mirantes naturais que oferecem vistas privilegiadas do Lago Nahuel Huapi, da pen\u00ednsula de San Pedro e dos lagos do Circuito Chico. A rota combina setores florestais com amplos pampas, perfeitos para desfrutar do galope em um ambiente seguro e controlado.<\/span><\/p>\n<p class=\"ai-optimize-27\"><span style=\"font-weight: 400;\">Durante aproximadamente 4 horas, voc\u00ea viver\u00e1 uma experi\u00eancia maravilhosa que re\u00fane o melhor da paisagem montanhosa em um \u00fanico passeio, sendo adequado tanto para iniciantes quanto para aqueles com experi\u00eancia anterior.<\/span><\/p>\n<p class=\"ai-optimize-28\"><b>Informa\u00e7\u00f5es pr\u00e1ticas<\/b><\/p>\n<p class=\"ai-optimize-29\"><b>Sa\u00eddas:<\/b><b><br \/>\n<\/b><span style=\"font-weight: 400;\"> 11:00 \u00e0s 15:00 hs.<\/span><span style=\"font-weight: 400;\"><br \/>\n<\/span><span style=\"font-weight: 400;\"> 13:00 \u00e0s 17:00 hs.<\/span><span style=\"font-weight: 400;\"><br \/>\n<\/span><span style=\"font-weight: 400;\"> Sa\u00eddas todos os dias.<\/span><\/p>\n<p class=\"ai-optimize-30\"><b>Dura\u00e7\u00e3o:<\/b><span style=\"font-weight: 400;\"> Aproximadamente 4 horas.<\/span><span style=\"font-weight: 400;\"><br \/>\n<\/span> <b>Idade m\u00ednima:<\/b><span style=\"font-weight: 400;\"> 5 anos.<\/span><span style=\"font-weight: 400;\"><br \/>\n<\/span> <b>N\u00edvel de dificuldade:<\/b><span style=\"font-weight: 400;\"> Baixo a moderado.<\/span><\/p>\n<p class=\"ai-optimize-31\"><b>Inclui<\/b><\/p>\n<ul>\n<li class=\"ai-optimize-32\" style=\"font-weight: 400;\" aria-level=\"1\"><span style=\"font-weight: 400;\">Passeios guiados a cavalo.<\/span><\/li>\n<li class=\"ai-optimize-33\" style=\"font-weight: 400;\" aria-level=\"1\"><span style=\"font-weight: 400;\">Guias Baqueano.<\/span><\/li>\n<li class=\"ai-optimize-34\" style=\"font-weight: 400;\" aria-level=\"1\"><span style=\"font-weight: 400;\">Traslado de ida e volta para o aeroporto.<\/span><\/li>\n<\/ul>\n<p class=\"ai-optimize-35\"><b>N\u00e3o inclui<\/b><\/p>\n<ul>\n<li class=\"ai-optimize-36\" style=\"font-weight: 400;\" aria-level=\"1\"><span style=\"font-weight: 400;\">Servi\u00e7os de alimenta\u00e7\u00e3o.<\/span><\/li>\n<\/ul>\n<p class=\"ai-optimize-37\"><b>Perguntas frequentes<\/b><\/p>\n<p class=\"ai-optimize-38\"><b>Preciso de experi\u00eancia anterior?<\/b><b><br \/>\n<\/b><span style=\"font-weight: 400;\"> N\u00e3o. A atividade \u00e9 adaptada para iniciantes e os cavalos s\u00e3o designados de acordo com a experi\u00eancia.<\/span><\/p>\n<p class=\"ai-optimize-39\"><b>Que roupas devo usar?<\/b><b><br \/>\n<\/b><span style=\"font-weight: 400;\"> Cal\u00e7a comprida, sapatos fechados e casaco de acordo com a esta\u00e7\u00e3o.<\/span><\/p>\n<p>&nbsp;<\/p>","protected":false},"excerpt":{"rendered":"<p class=\"ai-optimize-6\">Experimente um aut\u00eantico passeio a cavalo com vista para o Cerro L\u00f3pez. Natureza, tradi\u00e7\u00e3o e o esp\u00edrito patag\u00f4nico em sua melhor forma.<\/p>","protected":false},"featured_media":479,"comment_status":"open","ping_status":"closed","template":"","meta":[],"product_brand":[],"product_cat":[50,52,54,55,61,65,70],"product_tag":[],"class_list":{"0":"post-99","1":"product","2":"type-product","3":"status-publish","4":"has-post-thumbnail","6":"product_cat-adultos","7":"product_cat-aventura","8":"product_cat-con-traslado","9":"product_cat-familia","10":"product_cat-ninos","11":"product_cat-sin-comida","12":"product_cat-todo-el-ano","14":"first","15":"instock","16":"virtual","17":"sold-individually","18":"purchasable","19":"product-type-booking"},"booking_location":"","booking_location_type":"","booking_duration":1,"booking_duration_unit":"hour","booking_buffer":0,"booking_cost":0,"booking_resources":[],"exclude_global_add_ons":false,"addons":[{"name":"STD: Passageiros","type":"input_multiplier","position":0,"required":false,"title_format":"label","default":"","description_enable":false,"description":"","placeholder_enable":false,"placeholder":"","display":"select","restrictions_type":"any_text","adjust_price":true,"price":"119400","price_type":"quantity_based","restrictions":false,"min":"0","max":"0","options":[],"id":1773235029},{"name":"EXTRA: acompanhante","type":"input_multiplier","position":1,"required":false,"title_format":"label","default":"","description_enable":false,"description":"","placeholder_enable":false,"placeholder":"","display":"select","restrictions_type":"any_text","adjust_price":true,"price":"65700","price_type":"quantity_based","restrictions":false,"min":"0","max":"0","options":[],"id":1773235030}],"yoast_head":"<!-- This site is optimized with the Yoast SEO Premium plugin v25.2 (Yoast SEO v25.2) - https:\/\/yoast.com\/wordpress\/plugins\/seo\/ -->\n<title>Cabalgatas con vistas al Cerro L\u00f3pez | Caballos mansos y gu\u00edas - Cabalgatas Bariloche<\/title>\n<meta name=\"description\" content=\"Cabalgata de 4 horas por el Cerro L\u00f3pez en Bariloche. Bosques, miradores del Circuito Chico y traslado incluido. Apta para principiantes.\" \/>\n<meta name=\"robots\" content=\"index, follow, max-snippet:-1, max-image-preview:large, max-video-preview:-1\" \/>\n<link rel=\"canonical\" href=\"https:\/\/cabalgatasbariloche.com.ar\/pt\/experiencias-turisticas\/passeios-a-cavalo-em-bariloche\/\" \/>\n<meta property=\"og:locale\" content=\"pt_BR\" \/>\n<meta property=\"og:type\" content=\"article\" \/>\n<meta property=\"og:title\" content=\"Cabalgata Cerro L\u00f3pez \u2013 La Experiencia M\u00e1s Completa del Circuito Chico\" \/>\n<meta property=\"og:description\" content=\"Cabalgata de 4 horas por el Cerro L\u00f3pez en Bariloche. Bosques, miradores del Circuito Chico y traslado incluido. Apta para principiantes.\" \/>\n<meta property=\"og:url\" content=\"https:\/\/cabalgatasbariloche.com.ar\/pt\/experiencias-turisticas\/passeios-a-cavalo-em-bariloche\/\" \/>\n<meta property=\"og:site_name\" content=\"Cabalgatas Bariloche\" \/>\n<meta property=\"article:modified_time\" content=\"2026-04-07T15:12:47+00:00\" \/>\n<meta property=\"og:image\" content=\"https:\/\/cabalgatasbariloche.com.ar\/wp-content\/uploads\/sites\/10\/2025\/08\/Foto-Cabalgata-CB-4-1.jpg\" \/>\n\t<meta property=\"og:image:width\" content=\"850\" \/>\n\t<meta property=\"og:image:height\" content=\"1133\" \/>\n\t<meta property=\"og:image:type\" content=\"image\/jpeg\" \/>\n<meta name=\"twitter:card\" content=\"summary_large_image\" \/>\n<meta name=\"twitter:label1\" content=\"Pre\u00e7o\" \/>\n\t<meta name=\"twitter:data1\" content=\"&#036;119,400.00\" \/>\n\t<meta name=\"twitter:label2\" content=\"Disponibilidade\" \/>\n\t<meta name=\"twitter:data2\" content=\"Em Estoque\" \/>\n<script type=\"application\/ld+json\" class=\"yoast-schema-graph\">{\"@context\":\"https:\/\/schema.org\",\"@graph\":[{\"@type\":[\"WebPage\",\"ItemPage\"],\"@id\":\"https:\/\/cabalgatasbariloche.com.ar\/experiencias-turisticas\/cabalgatas-en-bariloche\/\",\"url\":\"https:\/\/cabalgatasbariloche.com.ar\/experiencias-turisticas\/cabalgatas-en-bariloche\/\",\"name\":\"Cabalgatas con vistas al Cerro L\u00f3pez | Caballos mansos y gu\u00edas - Cabalgatas Bariloche\",\"isPartOf\":{\"@id\":\"https:\/\/cabalgatasbariloche.com.ar\/#website\"},\"primaryImageOfPage\":{\"@id\":\"https:\/\/cabalgatasbariloche.com.ar\/experiencias-turisticas\/cabalgatas-en-bariloche\/#primaryimage\"},\"image\":{\"@id\":\"https:\/\/cabalgatasbariloche.com.ar\/experiencias-turisticas\/cabalgatas-en-bariloche\/#primaryimage\"},\"thumbnailUrl\":\"https:\/\/cabalgatasbariloche.com.ar\/wp-content\/uploads\/sites\/10\/2025\/08\/Foto-Cabalgata-CB-4-1.jpg\",\"datePublished\":\"2025-08-27T15:24:15+00:00\",\"dateModified\":\"2026-04-07T15:12:47+00:00\",\"description\":\"Cabalgata de 4 horas por el Cerro L\u00f3pez en Bariloche. Bosques, miradores del Circuito Chico y traslado incluido. Apta para principiantes.\",\"breadcrumb\":{\"@id\":\"https:\/\/cabalgatasbariloche.com.ar\/experiencias-turisticas\/cabalgatas-en-bariloche\/#breadcrumb\"},\"inLanguage\":\"pt-BR\",\"potentialAction\":[{\"@type\":\"ReadAction\",\"target\":[\"https:\/\/cabalgatasbariloche.com.ar\/experiencias-turisticas\/cabalgatas-en-bariloche\/\"]}]},{\"@type\":\"ImageObject\",\"inLanguage\":\"pt-BR\",\"@id\":\"https:\/\/cabalgatasbariloche.com.ar\/experiencias-turisticas\/cabalgatas-en-bariloche\/#primaryimage\",\"url\":\"https:\/\/cabalgatasbariloche.com.ar\/wp-content\/uploads\/sites\/10\/2025\/08\/Foto-Cabalgata-CB-4-1.jpg\",\"contentUrl\":\"https:\/\/cabalgatasbariloche.com.ar\/wp-content\/uploads\/sites\/10\/2025\/08\/Foto-Cabalgata-CB-4-1.jpg\",\"width\":850,\"height\":1133},{\"@type\":\"BreadcrumbList\",\"@id\":\"https:\/\/cabalgatasbariloche.com.ar\/experiencias-turisticas\/cabalgatas-en-bariloche\/#breadcrumb\",\"itemListElement\":[{\"@type\":\"ListItem\",\"position\":1,\"name\":\"Portada\",\"item\":\"https:\/\/cabalgatasbariloche.com.ar\/\"},{\"@type\":\"ListItem\",\"position\":2,\"name\":\"Tienda\",\"item\":\"https:\/\/cabalgatasbariloche.com.ar\/tienda\/\"},{\"@type\":\"ListItem\",\"position\":3,\"name\":\"Cabalgata Cerro L\u00f3pez \u2013 La Experiencia M\u00e1s Completa del Circuito Chico\"}]},{\"@type\":\"WebSite\",\"@id\":\"https:\/\/cabalgatasbariloche.com.ar\/#website\",\"url\":\"https:\/\/cabalgatasbariloche.com.ar\/\",\"name\":\"Cabalgatas Bariloche\",\"description\":\"Conocer la estepa y cerros patagonicos\",\"potentialAction\":[{\"@type\":\"SearchAction\",\"target\":{\"@type\":\"EntryPoint\",\"urlTemplate\":\"https:\/\/cabalgatasbariloche.com.ar\/?s={search_term_string}\"},\"query-input\":{\"@type\":\"PropertyValueSpecification\",\"valueRequired\":true,\"valueName\":\"search_term_string\"}}],\"inLanguage\":\"pt-BR\"}]}<\/script>\n<meta property=\"product:price:amount\" content=\"119400.00\" \/>\n<meta property=\"product:price:currency\" content=\"ARS\" \/>\n<meta property=\"og:availability\" content=\"instock\" \/>\n<meta property=\"product:availability\" content=\"instock\" \/>\n<meta property=\"product:retailer_item_id\" content=\"ADV2025CAPOELTVE7\" \/>\n<meta property=\"product:condition\" content=\"new\" \/>\n<!-- \/ Yoast SEO Premium plugin. -->","yoast_head_json":{"title":"Passeios a cavalo com vista para o Cerro L\u00f3pez | Cavalos mansos e guias - Horseback Riding Bariloche","description":"Passeio a cavalo de 4 horas no Cerro Lopez em Bariloche. Florestas, mirantes do Circuito Chico e traslado inclu\u00eddos. Adequado para iniciantes.","robots":{"index":"index","follow":"follow","max-snippet":"max-snippet:-1","max-image-preview":"max-image-preview:large","max-video-preview":"max-video-preview:-1"},"canonical":"https:\/\/cabalgatasbariloche.com.ar\/pt\/experiencias-turisticas\/passeios-a-cavalo-em-bariloche\/","og_locale":"pt_BR","og_type":"article","og_title":"Cabalgata Cerro L\u00f3pez \u2013 La Experiencia M\u00e1s Completa del Circuito Chico","og_description":"Cabalgata de 4 horas por el Cerro L\u00f3pez en Bariloche. Bosques, miradores del Circuito Chico y traslado incluido. Apta para principiantes.","og_url":"https:\/\/cabalgatasbariloche.com.ar\/pt\/experiencias-turisticas\/passeios-a-cavalo-em-bariloche\/","og_site_name":"Cabalgatas Bariloche","article_modified_time":"2026-04-07T15:12:47+00:00","og_image":[{"width":850,"height":1133,"url":"https:\/\/cabalgatasbariloche.com.ar\/wp-content\/uploads\/sites\/10\/2025\/08\/Foto-Cabalgata-CB-4-1.jpg","type":"image\/jpeg"}],"twitter_card":"summary_large_image","twitter_misc":{"Pre\u00e7o":"&#36;119,400.00","Disponibilidade":"Em Estoque"},"schema":{"@context":"https:\/\/schema.org","@graph":[{"@type":["WebPage","ItemPage"],"@id":"https:\/\/cabalgatasbariloche.com.ar\/experiencias-turisticas\/cabalgatas-en-bariloche\/","url":"https:\/\/cabalgatasbariloche.com.ar\/experiencias-turisticas\/cabalgatas-en-bariloche\/","name":"Passeios a cavalo com vista para o Cerro L\u00f3pez | Cavalos mansos e guias - Horseback Riding Bariloche","isPartOf":{"@id":"https:\/\/cabalgatasbariloche.com.ar\/#website"},"primaryImageOfPage":{"@id":"https:\/\/cabalgatasbariloche.com.ar\/experiencias-turisticas\/cabalgatas-en-bariloche\/#primaryimage"},"image":{"@id":"https:\/\/cabalgatasbariloche.com.ar\/experiencias-turisticas\/cabalgatas-en-bariloche\/#primaryimage"},"thumbnailUrl":"https:\/\/cabalgatasbariloche.com.ar\/wp-content\/uploads\/sites\/10\/2025\/08\/Foto-Cabalgata-CB-4-1.jpg","datePublished":"2025-08-27T15:24:15+00:00","dateModified":"2026-04-07T15:12:47+00:00","description":"Passeio a cavalo de 4 horas no Cerro Lopez em Bariloche. Florestas, mirantes do Circuito Chico e traslado inclu\u00eddos. Adequado para iniciantes.","breadcrumb":{"@id":"https:\/\/cabalgatasbariloche.com.ar\/experiencias-turisticas\/cabalgatas-en-bariloche\/#breadcrumb"},"inLanguage":"pt-BR","potentialAction":[{"@type":"ReadAction","target":["https:\/\/cabalgatasbariloche.com.ar\/experiencias-turisticas\/cabalgatas-en-bariloche\/"]}]},{"@type":"ImageObject","inLanguage":"pt-BR","@id":"https:\/\/cabalgatasbariloche.com.ar\/experiencias-turisticas\/cabalgatas-en-bariloche\/#primaryimage","url":"https:\/\/cabalgatasbariloche.com.ar\/wp-content\/uploads\/sites\/10\/2025\/08\/Foto-Cabalgata-CB-4-1.jpg","contentUrl":"https:\/\/cabalgatasbariloche.com.ar\/wp-content\/uploads\/sites\/10\/2025\/08\/Foto-Cabalgata-CB-4-1.jpg","width":850,"height":1133},{"@type":"BreadcrumbList","@id":"https:\/\/cabalgatasbariloche.com.ar\/experiencias-turisticas\/cabalgatas-en-bariloche\/#breadcrumb","itemListElement":[{"@type":"ListItem","position":1,"name":"Portada","item":"https:\/\/cabalgatasbariloche.com.ar\/"},{"@type":"ListItem","position":2,"name":"Tienda","item":"https:\/\/cabalgatasbariloche.com.ar\/tienda\/"},{"@type":"ListItem","position":3,"name":"Cabalgata Cerro L\u00f3pez \u2013 La Experiencia M\u00e1s Completa del Circuito Chico"}]},{"@type":"WebSite","@id":"https:\/\/cabalgatasbariloche.com.ar\/#website","url":"https:\/\/cabalgatasbariloche.com.ar\/","name":"Cavalgadas em Bariloche","description":"Conhecendo a estepe e as montanhas da Patag\u00f4nia","potentialAction":[{"@type":"SearchAction","target":{"@type":"EntryPoint","urlTemplate":"https:\/\/cabalgatasbariloche.com.ar\/?s={search_term_string}"},"query-input":{"@type":"PropertyValueSpecification","valueRequired":true,"valueName":"search_term_string"}}],"inLanguage":"pt-BR"}]},"product_price_amount":"119400.00","product_price_currency":"ARS","og_availability":"instock","product_availability":"instock","product_retailer_item_id":"ADV2025CAPOELTVE7","product_condition":"new"},"_links":{"self":[{"href":"https:\/\/cabalgatasbariloche.com.ar\/pt\/wp-json\/wp\/v2\/product\/99","targetHints":{"allow":["GET"]}}],"collection":[{"href":"https:\/\/cabalgatasbariloche.com.ar\/pt\/wp-json\/wp\/v2\/product"}],"about":[{"href":"https:\/\/cabalgatasbariloche.com.ar\/pt\/wp-json\/wp\/v2\/types\/product"}],"replies":[{"embeddable":true,"href":"https:\/\/cabalgatasbariloche.com.ar\/pt\/wp-json\/wp\/v2\/comments?post=99"}],"wp:featuredmedia":[{"embeddable":true,"href":"https:\/\/cabalgatasbariloche.com.ar\/pt\/wp-json\/wp\/v2\/media\/479"}],"wp:attachment":[{"href":"https:\/\/cabalgatasbariloche.com.ar\/pt\/wp-json\/wp\/v2\/media?parent=99"}],"wp:term":[{"taxonomy":"product_brand","embeddable":true,"href":"https:\/\/cabalgatasbariloche.com.ar\/pt\/wp-json\/wp\/v2\/product_brand?post=99"},{"taxonomy":"product_cat","embeddable":true,"href":"https:\/\/cabalgatasbariloche.com.ar\/pt\/wp-json\/wp\/v2\/product_cat?post=99"},{"taxonomy":"product_tag","embeddable":true,"href":"https:\/\/cabalgatasbariloche.com.ar\/pt\/wp-json\/wp\/v2\/product_tag?post=99"}],"curies":[{"name":"wp","href":"https:\/\/api.w.org\/{rel}","templated":true}]}}