{"id":95,"date":"2025-08-27T12:22:05","date_gmt":"2025-08-27T15:22:05","guid":{"rendered":"https:\/\/cabalgatasbariloche.com.ar\/producto\/descenso-al-extremo-con-chile-sin-traslado\/"},"modified":"2026-04-28T12:44:26","modified_gmt":"2026-04-28T15:44:26","slug":"descenso-al-extremo-con-chile-sin-traslado","status":"publish","type":"product","link":"https:\/\/cabalgatasbariloche.com.ar\/pt\/experiencias-turisticas\/descida-ao-extremo-com-chili-sem-transferencia\/","title":{"rendered":"Descida ao extremo com o Chile Sem transfer\u00eancia"},"content":{"rendered":"<h2 class=\"ai-optimize-7\">Explore o rio na fronteira com o Chile<\/h2>\n<p class=\"ai-optimize-8 ai-optimize-introduction\">Junte-se a n\u00f3s para uma <strong>Experi\u00eancia incr\u00edvel de rafting<\/strong> que abrir\u00e1 as portas para a natureza patag\u00f4nica. Nessa viagem, voc\u00ea desfrutar\u00e1 do esplendor do Rio Manso, onde as corredeiras de dificuldade <strong>3 y 4<\/strong> Eles o convidam a aumentar sua adrenalina at\u00e9 a fronteira com o Chile.<\/p>\n<h3 class=\"ai-optimize-9\">In\u00edcio da aventura<\/h3>\n<p class=\"ai-optimize-10\">O dia come\u00e7a no ponto de encontro indicado. Antes de partir, nossos guias especializados lhe dar\u00e3o o equipamento necess\u00e1rio: neoprene, capacete e colete salva-vidas, sempre priorizando sua seguran\u00e7a.<\/p>\n<h3 class=\"ai-optimize-11\">Navega\u00e7\u00e3o no Manso<\/h3>\n<ul>\n<li class=\"ai-optimize-12\"><strong>Rota:<\/strong> Uma experi\u00eancia aqu\u00e1tica de <strong>10 km<\/strong> no rio Manso, por aproximadamente <strong>2 horas<\/strong>.<\/li>\n<li class=\"ai-optimize-13\"><strong>Empolga\u00e7\u00e3o:<\/strong> Experimentei a descida em corredeiras de classe intensa. <strong>III\/IV<\/strong>.<\/li>\n<li class=\"ai-optimize-14\">Ao chegarmos \u00e0 fronteira com o Chile, coordenamos o retorno ao ponto de partida.<\/li>\n<\/ul>\n<h3 class=\"ai-optimize-15\">Propostas gastron\u00f4micas<\/h3>\n<p class=\"ai-optimize-16\">No final do passeio de rafting, voc\u00ea tem a possibilidade de almo\u00e7ar no albergue. O almo\u00e7o n\u00e3o est\u00e1 inclu\u00eddo no pre\u00e7o, mas oferecemos um card\u00e1pio de <strong>churrasco<\/strong>, <strong>massa<\/strong> ou salada, cada um com um custo separado.<\/p>\n<h3 class=\"ai-optimize-17\">Dicas para os participantes<\/h3>\n<ul>\n<li class=\"ai-optimize-18\">Atividade desenvolvida para <strong>jovens e adultos<\/strong> do <strong>14 anos<\/strong>.<\/li>\n<li class=\"ai-optimize-19\">Sugerimos que voc\u00ea traga um <strong>toalha<\/strong> e roupas sobressalentes para o conforto ap\u00f3s a aventura.<\/li>\n<\/ul>\n<h3 class=\"ai-optimize-20\">Detalhes de Modalidade sem transfer\u00eancia<\/h3>\n<p class=\"ai-optimize-21\">Se voc\u00ea selecionar a modalidade sem traslado, o ponto de encontro ser\u00e1 o Parador, no <strong data-start=\"372\" data-end=\"389\">Base Villegas<\/strong>, no <strong data-start=\"400\" data-end=\"417\">Ruta 83, Km 1, San Carlos de Bariloche, R\u00edo Negro.\u00a0<\/strong>.<br data-start=\"418\" data-end=\"421\" \/>Encontre-o no Google Maps: <a class=\"\" href=\"https:\/\/maps.app.goo.gl\/NqbsUN6VB5Fnt7hVA\" target=\"_new\" rel=\"noopener\" data-start=\"449\" data-end=\"535\">https:\/\/maps.app.goo.gl\/NqbsUN6VB5Fnt7hVA<\/a><\/p>\n<h3 class=\"ai-optimize-22\">Informa\u00e7\u00f5es importantes<\/h3>\n<ul>\n<li class=\"ai-optimize-23\"><strong>Dura\u00e7\u00e3o:<\/strong> De <strong>9:00 a.m. \u00e0s 6:00 p.m.<\/strong> aproximadamente.<\/li>\n<li class=\"ai-optimize-24\"><strong>Ele inclui:<\/strong> Passeio de rafting e equipamentos (neoprene, colete, jaqueta imperme\u00e1vel, botas de neoprene, remo e capacete).<\/li>\n<li class=\"ai-optimize-25\"><strong>N\u00e3o inclu\u00eddo:<\/strong> Traslados, busca de acomoda\u00e7\u00e3o, caf\u00e9 da manh\u00e3 e almo\u00e7o.<\/li>\n<\/ul>\n<h2 class=\"ai-optimize-26\">Perguntas frequentes<\/h2>\n<ul>\n<li class=\"ai-optimize-27\"><strong>Qual \u00e9 a idade m\u00ednima para participar?<\/strong><br \/>\nA proposta \u00e9 reservada para pessoas com mais de 14 anos de idade.<\/li>\n<li class=\"ai-optimize-28\"><strong>Que tipo de equipamento \u00e9 fornecido?<\/strong><br \/>\nN\u00f3s lhe fornecemos neoprene, colete salva-vidas, capacete, botas e remo.<\/li>\n<li class=\"ai-optimize-29\"><strong>O almo\u00e7o est\u00e1 inclu\u00eddo no pre\u00e7o?<\/strong><br \/>\nN\u00e3o, o almo\u00e7o \u00e9 extra, embora voc\u00ea possa solicitar v\u00e1rias op\u00e7\u00f5es por um custo extra.<\/li>\n<li class=\"ai-optimize-30\"><strong>Onde \u00e9 o ponto de encontro?<\/strong><br \/>\nSe voc\u00ea for sem uma transfer\u00eancia, o compromisso ser\u00e1 no <strong data-start=\"372\" data-end=\"389\">Base Villegas<\/strong>, localizado no <strong data-start=\"400\" data-end=\"417\">Ruta 83, Km 1, San Carlos de Bariloche, R\u00edo Negro.<br \/>\nVoc\u00ea pode encontr\u00e1-lo no Google Maps: <a class=\"\" href=\"https:\/\/maps.app.goo.gl\/NqbsUN6VB5Fnt7hVA\" target=\"_new\" rel=\"noopener\" data-start=\"449\" data-end=\"535\">https:\/\/maps.app.goo.gl\/NqbsUN6VB5Fnt7hVA<\/a><br \/>\n<\/strong><\/li>\n<\/ul>\n<p class=\"ai-optimize-23\"><strong>Aviso importante<\/strong>Esse passeio est\u00e1 dispon\u00edvel no momento e tem sa\u00eddas at\u00e9 30 de abril, de acordo com o calend\u00e1rio operacional.<\/p>","protected":false},"excerpt":{"rendered":"<p class=\"ai-optimize-6\">Aproveite a aventura de remar pelo Rio Manso sem se preocupar com traslados. Mergulhe em corredeiras de classe III\/IV e saboreie um caf\u00e9 da manh\u00e3 variado. Perfeita para maiores de 14 anos, essa experi\u00eancia oferece emo\u00e7\u00f5es e paisagens de tirar o f\u00f4lego.<\/p>","protected":false},"featured_media":237,"comment_status":"open","ping_status":"closed","template":"","meta":[],"product_brand":[],"product_cat":[50,52,55,62,63,65,66,71],"product_tag":[],"class_list":{"0":"post-95","1":"product","2":"type-product","3":"status-publish","4":"has-post-thumbnail","6":"product_cat-adultos","7":"product_cat-aventura","8":"product_cat-familia","9":"product_cat-otono","10":"product_cat-primavera","11":"product_cat-sin-comida","12":"product_cat-sin-traslado","13":"product_cat-verano","15":"first","16":"instock","17":"virtual","18":"sold-individually","19":"purchasable","20":"product-type-booking"},"booking_location":"","booking_location_type":"","booking_duration":1,"booking_duration_unit":"hour","booking_buffer":0,"booking_cost":0,"booking_resources":[],"exclude_global_add_ons":false,"addons":[{"name":"ADU: Adulto","type":"input_multiplier","position":0,"required":false,"title_format":"label","default":"","description_enable":false,"description":"","placeholder_enable":false,"placeholder":"","display":"select","restrictions_type":"any_text","adjust_price":true,"price":"140400","price_type":"quantity_based","restrictions":false,"min":"0","max":"0","options":[],"id":1773236380},{"name":"EXTRA: acompanhante","type":"input_multiplier","position":1,"required":false,"title_format":"label","default":"","description_enable":false,"description":"","placeholder_enable":false,"placeholder":"","display":"select","restrictions_type":"any_text","adjust_price":true,"price":"70200","price_type":"quantity_based","restrictions":false,"min":"0","max":"0","options":[],"id":1773236381},{"name":"MEN1418 | de 14 a 18","type":"input_multiplier","position":2,"required":false,"title_format":"label","default":"","description_enable":false,"description":"","placeholder_enable":false,"placeholder":"","display":"select","restrictions_type":"any_text","adjust_price":true,"price":"140400","price_type":"quantity_based","restrictions":false,"min":"0","max":"0","options":[],"id":1773236382}],"yoast_head":"<!-- This site is optimized with the Yoast SEO Premium plugin v25.2 (Yoast SEO v25.2) - https:\/\/yoast.com\/wordpress\/plugins\/seo\/ -->\n<title>Descenso al extremo con Chile Sin traslado - Cabalgatas Bariloche<\/title>\n<meta name=\"description\" content=\"Viv\u00ed la experiencia de rafting en Bariloche hasta la frontera con Chile. R\u00e1pidos grado III y IV, gu\u00edas expertos y pura adrenalina en la Patagonia.\" \/>\n<meta name=\"robots\" content=\"index, follow, max-snippet:-1, max-image-preview:large, max-video-preview:-1\" \/>\n<link rel=\"canonical\" href=\"https:\/\/cabalgatasbariloche.com.ar\/pt\/experiencias-turisticas\/descida-ao-extremo-com-chili-sem-transferencia\/\" \/>\n<meta property=\"og:locale\" content=\"pt_BR\" \/>\n<meta property=\"og:type\" content=\"article\" \/>\n<meta property=\"og:title\" content=\"Descenso al extremo con Chile Sin traslado\" \/>\n<meta property=\"og:description\" content=\"Viv\u00ed la experiencia de rafting en Bariloche hasta la frontera con Chile. R\u00e1pidos grado III y IV, gu\u00edas expertos y pura adrenalina en la Patagonia.\" \/>\n<meta property=\"og:url\" content=\"https:\/\/cabalgatasbariloche.com.ar\/pt\/experiencias-turisticas\/descida-ao-extremo-com-chili-sem-transferencia\/\" \/>\n<meta property=\"og:site_name\" content=\"Cabalgatas Bariloche\" \/>\n<meta property=\"article:modified_time\" content=\"2026-04-28T15:44:26+00:00\" \/>\n<meta property=\"og:image\" content=\"https:\/\/cabalgatasbariloche.com.ar\/wp-content\/uploads\/sites\/10\/2025\/08\/4-D-RaftingAlLimiteconChile_image7_1140_1601674682-copia.jpg\" \/>\n\t<meta property=\"og:image:width\" content=\"992\" \/>\n\t<meta property=\"og:image:height\" content=\"1323\" \/>\n\t<meta property=\"og:image:type\" content=\"image\/jpeg\" \/>\n<meta name=\"twitter:card\" content=\"summary_large_image\" \/>\n<meta name=\"twitter:label1\" content=\"Pre\u00e7o\" \/>\n\t<meta name=\"twitter:data1\" content=\"&#036;140,400.00\" \/>\n\t<meta name=\"twitter:label2\" content=\"Disponibilidade\" \/>\n\t<meta name=\"twitter:data2\" content=\"Em Estoque\" \/>\n<script type=\"application\/ld+json\" class=\"yoast-schema-graph\">{\"@context\":\"https:\/\/schema.org\",\"@graph\":[{\"@type\":[\"WebPage\",\"ItemPage\"],\"@id\":\"https:\/\/cabalgatasbariloche.com.ar\/experiencias-turisticas\/descenso-al-extremo-con-chile-sin-traslado\/\",\"url\":\"https:\/\/cabalgatasbariloche.com.ar\/experiencias-turisticas\/descenso-al-extremo-con-chile-sin-traslado\/\",\"name\":\"Descenso al extremo con Chile Sin traslado - Cabalgatas Bariloche\",\"isPartOf\":{\"@id\":\"https:\/\/cabalgatasbariloche.com.ar\/#website\"},\"primaryImageOfPage\":{\"@id\":\"https:\/\/cabalgatasbariloche.com.ar\/experiencias-turisticas\/descenso-al-extremo-con-chile-sin-traslado\/#primaryimage\"},\"image\":{\"@id\":\"https:\/\/cabalgatasbariloche.com.ar\/experiencias-turisticas\/descenso-al-extremo-con-chile-sin-traslado\/#primaryimage\"},\"thumbnailUrl\":\"https:\/\/cabalgatasbariloche.com.ar\/wp-content\/uploads\/sites\/10\/2025\/08\/4-D-RaftingAlLimiteconChile_image7_1140_1601674682-copia.jpg\",\"datePublished\":\"2025-08-27T15:22:05+00:00\",\"dateModified\":\"2026-04-28T15:44:26+00:00\",\"description\":\"Viv\u00ed la experiencia de rafting en Bariloche hasta la frontera con Chile. R\u00e1pidos grado III y IV, gu\u00edas expertos y pura adrenalina en la Patagonia.\",\"breadcrumb\":{\"@id\":\"https:\/\/cabalgatasbariloche.com.ar\/experiencias-turisticas\/descenso-al-extremo-con-chile-sin-traslado\/#breadcrumb\"},\"inLanguage\":\"pt-BR\",\"potentialAction\":[{\"@type\":\"ReadAction\",\"target\":[\"https:\/\/cabalgatasbariloche.com.ar\/experiencias-turisticas\/descenso-al-extremo-con-chile-sin-traslado\/\"]}]},{\"@type\":\"ImageObject\",\"inLanguage\":\"pt-BR\",\"@id\":\"https:\/\/cabalgatasbariloche.com.ar\/experiencias-turisticas\/descenso-al-extremo-con-chile-sin-traslado\/#primaryimage\",\"url\":\"https:\/\/cabalgatasbariloche.com.ar\/wp-content\/uploads\/sites\/10\/2025\/08\/4-D-RaftingAlLimiteconChile_image7_1140_1601674682-copia.jpg\",\"contentUrl\":\"https:\/\/cabalgatasbariloche.com.ar\/wp-content\/uploads\/sites\/10\/2025\/08\/4-D-RaftingAlLimiteconChile_image7_1140_1601674682-copia.jpg\",\"width\":992,\"height\":1323},{\"@type\":\"BreadcrumbList\",\"@id\":\"https:\/\/cabalgatasbariloche.com.ar\/experiencias-turisticas\/descenso-al-extremo-con-chile-sin-traslado\/#breadcrumb\",\"itemListElement\":[{\"@type\":\"ListItem\",\"position\":1,\"name\":\"Portada\",\"item\":\"https:\/\/cabalgatasbariloche.com.ar\/\"},{\"@type\":\"ListItem\",\"position\":2,\"name\":\"Tienda\",\"item\":\"https:\/\/cabalgatasbariloche.com.ar\/tienda\/\"},{\"@type\":\"ListItem\",\"position\":3,\"name\":\"Descenso al extremo con Chile Sin traslado\"}]},{\"@type\":\"WebSite\",\"@id\":\"https:\/\/cabalgatasbariloche.com.ar\/#website\",\"url\":\"https:\/\/cabalgatasbariloche.com.ar\/\",\"name\":\"Cabalgatas Bariloche\",\"description\":\"Conocer la estepa y cerros patagonicos\",\"potentialAction\":[{\"@type\":\"SearchAction\",\"target\":{\"@type\":\"EntryPoint\",\"urlTemplate\":\"https:\/\/cabalgatasbariloche.com.ar\/?s={search_term_string}\"},\"query-input\":{\"@type\":\"PropertyValueSpecification\",\"valueRequired\":true,\"valueName\":\"search_term_string\"}}],\"inLanguage\":\"pt-BR\"}]}<\/script>\n<meta property=\"product:price:amount\" content=\"140400.00\" \/>\n<meta property=\"product:price:currency\" content=\"ARS\" \/>\n<meta property=\"og:availability\" content=\"instock\" \/>\n<meta property=\"product:availability\" content=\"instock\" \/>\n<meta property=\"product:retailer_item_id\" content=\"ADV2025RAALL\u00cd530P\" \/>\n<meta property=\"product:condition\" content=\"new\" \/>\n<!-- \/ Yoast SEO Premium plugin. -->","yoast_head_json":{"title":"Descida ao extremo com o Chile sem traslado - Horseback Riding Bariloche","description":"Experimente o rafting em Bariloche at\u00e9 a fronteira com o Chile. Corredeiras de grau III e IV, guias especializados e pura adrenalina na Patag\u00f4nia.","robots":{"index":"index","follow":"follow","max-snippet":"max-snippet:-1","max-image-preview":"max-image-preview:large","max-video-preview":"max-video-preview:-1"},"canonical":"https:\/\/cabalgatasbariloche.com.ar\/pt\/experiencias-turisticas\/descida-ao-extremo-com-chili-sem-transferencia\/","og_locale":"pt_BR","og_type":"article","og_title":"Descenso al extremo con Chile Sin traslado","og_description":"Viv\u00ed la experiencia de rafting en Bariloche hasta la frontera con Chile. R\u00e1pidos grado III y IV, gu\u00edas expertos y pura adrenalina en la Patagonia.","og_url":"https:\/\/cabalgatasbariloche.com.ar\/pt\/experiencias-turisticas\/descida-ao-extremo-com-chili-sem-transferencia\/","og_site_name":"Cabalgatas Bariloche","article_modified_time":"2026-04-28T15:44:26+00:00","og_image":[{"width":992,"height":1323,"url":"https:\/\/cabalgatasbariloche.com.ar\/wp-content\/uploads\/sites\/10\/2025\/08\/4-D-RaftingAlLimiteconChile_image7_1140_1601674682-copia.jpg","type":"image\/jpeg"}],"twitter_card":"summary_large_image","twitter_misc":{"Pre\u00e7o":"&#36;140,400.00","Disponibilidade":"Em Estoque"},"schema":{"@context":"https:\/\/schema.org","@graph":[{"@type":["WebPage","ItemPage"],"@id":"https:\/\/cabalgatasbariloche.com.ar\/experiencias-turisticas\/descenso-al-extremo-con-chile-sin-traslado\/","url":"https:\/\/cabalgatasbariloche.com.ar\/experiencias-turisticas\/descenso-al-extremo-con-chile-sin-traslado\/","name":"Descida ao extremo com o Chile sem traslado - Horseback Riding Bariloche","isPartOf":{"@id":"https:\/\/cabalgatasbariloche.com.ar\/#website"},"primaryImageOfPage":{"@id":"https:\/\/cabalgatasbariloche.com.ar\/experiencias-turisticas\/descenso-al-extremo-con-chile-sin-traslado\/#primaryimage"},"image":{"@id":"https:\/\/cabalgatasbariloche.com.ar\/experiencias-turisticas\/descenso-al-extremo-con-chile-sin-traslado\/#primaryimage"},"thumbnailUrl":"https:\/\/cabalgatasbariloche.com.ar\/wp-content\/uploads\/sites\/10\/2025\/08\/4-D-RaftingAlLimiteconChile_image7_1140_1601674682-copia.jpg","datePublished":"2025-08-27T15:22:05+00:00","dateModified":"2026-04-28T15:44:26+00:00","description":"Experimente o rafting em Bariloche at\u00e9 a fronteira com o Chile. Corredeiras de grau III e IV, guias especializados e pura adrenalina na Patag\u00f4nia.","breadcrumb":{"@id":"https:\/\/cabalgatasbariloche.com.ar\/experiencias-turisticas\/descenso-al-extremo-con-chile-sin-traslado\/#breadcrumb"},"inLanguage":"pt-BR","potentialAction":[{"@type":"ReadAction","target":["https:\/\/cabalgatasbariloche.com.ar\/experiencias-turisticas\/descenso-al-extremo-con-chile-sin-traslado\/"]}]},{"@type":"ImageObject","inLanguage":"pt-BR","@id":"https:\/\/cabalgatasbariloche.com.ar\/experiencias-turisticas\/descenso-al-extremo-con-chile-sin-traslado\/#primaryimage","url":"https:\/\/cabalgatasbariloche.com.ar\/wp-content\/uploads\/sites\/10\/2025\/08\/4-D-RaftingAlLimiteconChile_image7_1140_1601674682-copia.jpg","contentUrl":"https:\/\/cabalgatasbariloche.com.ar\/wp-content\/uploads\/sites\/10\/2025\/08\/4-D-RaftingAlLimiteconChile_image7_1140_1601674682-copia.jpg","width":992,"height":1323},{"@type":"BreadcrumbList","@id":"https:\/\/cabalgatasbariloche.com.ar\/experiencias-turisticas\/descenso-al-extremo-con-chile-sin-traslado\/#breadcrumb","itemListElement":[{"@type":"ListItem","position":1,"name":"Portada","item":"https:\/\/cabalgatasbariloche.com.ar\/"},{"@type":"ListItem","position":2,"name":"Tienda","item":"https:\/\/cabalgatasbariloche.com.ar\/tienda\/"},{"@type":"ListItem","position":3,"name":"Descenso al extremo con Chile Sin traslado"}]},{"@type":"WebSite","@id":"https:\/\/cabalgatasbariloche.com.ar\/#website","url":"https:\/\/cabalgatasbariloche.com.ar\/","name":"Cavalgadas em Bariloche","description":"Conhecendo a estepe e as montanhas da Patag\u00f4nia","potentialAction":[{"@type":"SearchAction","target":{"@type":"EntryPoint","urlTemplate":"https:\/\/cabalgatasbariloche.com.ar\/?s={search_term_string}"},"query-input":{"@type":"PropertyValueSpecification","valueRequired":true,"valueName":"search_term_string"}}],"inLanguage":"pt-BR"}]},"product_price_amount":"140400.00","product_price_currency":"ARS","og_availability":"instock","product_availability":"instock","product_retailer_item_id":"ADV2025RAALL\u00cd530P","product_condition":"new"},"_links":{"self":[{"href":"https:\/\/cabalgatasbariloche.com.ar\/pt\/wp-json\/wp\/v2\/product\/95","targetHints":{"allow":["GET"]}}],"collection":[{"href":"https:\/\/cabalgatasbariloche.com.ar\/pt\/wp-json\/wp\/v2\/product"}],"about":[{"href":"https:\/\/cabalgatasbariloche.com.ar\/pt\/wp-json\/wp\/v2\/types\/product"}],"replies":[{"embeddable":true,"href":"https:\/\/cabalgatasbariloche.com.ar\/pt\/wp-json\/wp\/v2\/comments?post=95"}],"wp:featuredmedia":[{"embeddable":true,"href":"https:\/\/cabalgatasbariloche.com.ar\/pt\/wp-json\/wp\/v2\/media\/237"}],"wp:attachment":[{"href":"https:\/\/cabalgatasbariloche.com.ar\/pt\/wp-json\/wp\/v2\/media?parent=95"}],"wp:term":[{"taxonomy":"product_brand","embeddable":true,"href":"https:\/\/cabalgatasbariloche.com.ar\/pt\/wp-json\/wp\/v2\/product_brand?post=95"},{"taxonomy":"product_cat","embeddable":true,"href":"https:\/\/cabalgatasbariloche.com.ar\/pt\/wp-json\/wp\/v2\/product_cat?post=95"},{"taxonomy":"product_tag","embeddable":true,"href":"https:\/\/cabalgatasbariloche.com.ar\/pt\/wp-json\/wp\/v2\/product_tag?post=95"}],"curies":[{"name":"wp","href":"https:\/\/api.w.org\/{rel}","templated":true}]}}