{"id":94,"date":"2025-08-27T12:21:30","date_gmt":"2025-08-27T15:21:30","guid":{"rendered":"https:\/\/cabalgatasbariloche.com.ar\/producto\/rafting-al-limite-con-chile-con-transporte\/"},"modified":"2026-04-28T12:45:13","modified_gmt":"2026-04-28T15:45:13","slug":"rafting-al-limite-con-chile-con-transporte","status":"publish","type":"product","link":"https:\/\/cabalgatasbariloche.com.ar\/pt\/experiencias-turisticas\/rafting-ate-a-fronteira-com-o-chile-com-transporte\/","title":{"rendered":"Rafting at\u00e9 a fronteira com o Chile com transporte"},"content":{"rendered":"<h2 class=\"ai-optimize-7\">Experi\u00eancia inesquec\u00edvel de rafting no rio Manso<\/h2>\n<p class=\"ai-optimize-8 ai-optimize-introduction\">Eu vivi o <strong>aventura intensa de rafting<\/strong> ao longo do majestoso rio Manso, cercado por <strong>paisagens naturais<\/strong> e adrenalina. Esse circuito de rafting, com corredeiras de graus 3 e 4, termina no <strong>linha de fronteira com o Chile<\/strong>, O passeio garantir\u00e1 momentos repletos de emo\u00e7\u00f5es e vistas excepcionais.<\/p>\n<h3 class=\"ai-optimize-9\">Plano de atividades<\/h3>\n<ul>\n<li class=\"ai-optimize-10\"><strong>Hor\u00e1rio de in\u00edcio:<\/strong> O passeio come\u00e7a \u00e0s 8:00 da manh\u00e3, partindo do centro da cidade de San Carlos de Bariloche.<\/li>\n<li class=\"ai-optimize-12\"><strong>Fornecimento de equipamentos:<\/strong> Recebi roupas de mergulho, capacetes e coletes, entregues por nossa equipe de guias especializados.<\/li>\n<li class=\"ai-optimize-13\"><strong>Dura\u00e7\u00e3o do passeio:<\/strong> Voc\u00ea enfrentar\u00e1 as corredeiras em uma dist\u00e2ncia de 11 km, o que leva cerca de 2 horas.<\/li>\n<li class=\"ai-optimize-14\"><strong>Op\u00e7\u00e3o de almo\u00e7o:<\/strong> Ap\u00f3s o rafting, voc\u00ea pode optar por saborear um churrasco ou saladas frescas, ambos por um custo adicional.<\/li>\n<li class=\"ai-optimize-15\"><strong>Seguran\u00e7a garantida:<\/strong> Caiaqueiros de seguran\u00e7a estar\u00e3o \u00e0 disposi\u00e7\u00e3o para proteg\u00ea-lo durante toda a viagem.<\/li>\n<\/ul>\n<h3 class=\"ai-optimize-16\">Informa\u00e7\u00f5es essenciais<\/h3>\n<ul>\n<li class=\"ai-optimize-17\"><strong>Recomenda\u00e7\u00f5es:<\/strong> Recomenda-se levar uma toalha e uma muda de roupa.<\/li>\n<li class=\"ai-optimize-18\"><strong>Restri\u00e7\u00e3o de idade:<\/strong> Permitido para pessoas com 14 anos ou mais.<\/li>\n<\/ul>\n<h3 class=\"ai-optimize-19\">Hor\u00e1rios<\/h3>\n<p class=\"ai-optimize-20\">O dia come\u00e7a \u00e0s 8:00 e termina por volta das 18:00.<\/p>\n<h3 class=\"ai-optimize-21\">Inclui<\/h3>\n<ul>\n<li class=\"ai-optimize-22\">Rafting de dia inteiro<\/li>\n<li class=\"ai-optimize-24\">Equipamento: roupa de mergulho, colete de seguran\u00e7a, jaqueta imperme\u00e1vel, botas de neoprene, remos e capacetes.<\/li>\n<\/ul>\n<h3 class=\"ai-optimize-25\">Perguntas frequentes<\/h3>\n<h4 class=\"ai-optimize-26\">\u00c9 poss\u00edvel chegar l\u00e1 por conta pr\u00f3pria?<\/h4>\n<p class=\"ai-optimize-6\">Se voc\u00ea decidir contratar a op\u00e7\u00e3o sem traslado, dever\u00e1 estar em nosso albergue onde a excurs\u00e3o de rafting \u00e9 realizada na Base Villegas, Rota 83 Km 1. <a class=\"theme markdown__link\" href=\"https:\/\/maps.app.goo.gl\/NqbsUN6VB5Fnt7hVA\" target=\"_blank\" rel=\"noopener noreferrer\">https:\/\/maps.app.goo.gl\/NqbsUN6VB5Fnt7hVA<\/a> este \u00e9 o link para a localiza\u00e7\u00e3o do parador.<\/p>\n<h4 class=\"ai-optimize-28\">\u00c9 permitida a presen\u00e7a de acompanhantes n\u00e3o participantes?<\/h4>\n<p class=\"ai-optimize-29\">Sim, os acompanhantes podem relaxar na margem do rio pagando apenas a taxa 50%, sem fazer parte do rafting.<br \/>\n<strong>Aviso importante<\/strong>Esse passeio est\u00e1 dispon\u00edvel no momento e tem sa\u00eddas at\u00e9 30 de abril, de acordo com o calend\u00e1rio operacional.<\/p>","protected":false},"excerpt":{"rendered":"<p class=\"ai-optimize-6\">Eu vivi uma <strong>experi\u00eancia \u00fanica de rafting<\/strong> na fronteira com o Chile. Atreva-se a enfrentar as emocionantes corredeiras do <strong>Rio Manso<\/strong> acompanhado de um caf\u00e9 da manh\u00e3 energ\u00e9tico, equipamento completo e a prote\u00e7\u00e3o de guias profissionais. Ideal para os amantes da aventura e da natureza.<\/p>","protected":false},"featured_media":240,"comment_status":"open","ping_status":"closed","template":"","meta":[],"product_brand":[],"product_cat":[50,52,54,55,58,62,63,65,71],"product_tag":[],"class_list":{"0":"post-94","1":"product","2":"type-product","3":"status-publish","4":"has-post-thumbnail","6":"product_cat-adultos","7":"product_cat-aventura","8":"product_cat-con-traslado","9":"product_cat-familia","10":"product_cat-jubilados","11":"product_cat-otono","12":"product_cat-primavera","13":"product_cat-sin-comida","14":"product_cat-verano","16":"first","17":"instock","18":"virtual","19":"sold-individually","20":"purchasable","21":"product-type-booking"},"booking_location":"","booking_location_type":"","booking_duration":1,"booking_duration_unit":"hour","booking_buffer":0,"booking_cost":0,"booking_resources":[],"exclude_global_add_ons":false,"addons":[{"name":"ADU: Adulto","type":"input_multiplier","position":0,"required":false,"title_format":"label","default":"","description_enable":false,"description":"","placeholder_enable":false,"placeholder":"","display":"select","restrictions_type":"any_text","adjust_price":true,"price":"155400","price_type":"quantity_based","restrictions":false,"min":"0","max":"0","options":[],"id":1773236614},{"name":"EXTRA: acompanhante","type":"input_multiplier","position":1,"required":false,"title_format":"label","default":"","description_enable":false,"description":"","placeholder_enable":false,"placeholder":"","display":"select","restrictions_type":"any_text","adjust_price":true,"price":"77700","price_type":"quantity_based","restrictions":false,"min":"0","max":"0","options":[],"id":1773236615},{"name":"MEN1418 | de 14 a 18","type":"input_multiplier","position":2,"required":false,"title_format":"label","default":"","description_enable":false,"description":"","placeholder_enable":false,"placeholder":"","display":"select","restrictions_type":"any_text","adjust_price":true,"price":"155400","price_type":"quantity_based","restrictions":false,"min":"0","max":"0","options":[],"id":1773236616}],"yoast_head":"<!-- This site is optimized with the Yoast SEO Premium plugin v25.2 (Yoast SEO v25.2) - https:\/\/yoast.com\/wordpress\/plugins\/seo\/ -->\n<title>Rafting al l\u00edmite con Chile con transporte - Cabalgatas Bariloche<\/title>\n<meta name=\"description\" content=\"Viv\u00ed la experiencia de rafting en Bariloche hasta la frontera con Chile. R\u00e1pidos grado III y IV, gu\u00edas expertos y pura adrenalina en la Patagonia.\" \/>\n<meta name=\"robots\" content=\"index, follow, max-snippet:-1, max-image-preview:large, max-video-preview:-1\" \/>\n<link rel=\"canonical\" href=\"https:\/\/cabalgatasbariloche.com.ar\/pt\/experiencias-turisticas\/rafting-ate-a-fronteira-com-o-chile-com-transporte\/\" \/>\n<meta property=\"og:locale\" content=\"pt_BR\" \/>\n<meta property=\"og:type\" content=\"article\" \/>\n<meta property=\"og:title\" content=\"Rafting al l\u00edmite con Chile con transporte\" \/>\n<meta property=\"og:description\" content=\"Viv\u00ed la experiencia de rafting en Bariloche hasta la frontera con Chile. R\u00e1pidos grado III y IV, gu\u00edas expertos y pura adrenalina en la Patagonia.\" \/>\n<meta property=\"og:url\" content=\"https:\/\/cabalgatasbariloche.com.ar\/pt\/experiencias-turisticas\/rafting-ate-a-fronteira-com-o-chile-com-transporte\/\" \/>\n<meta property=\"og:site_name\" content=\"Cabalgatas Bariloche\" \/>\n<meta property=\"article:modified_time\" content=\"2026-04-28T15:45:13+00:00\" \/>\n<meta property=\"og:image\" content=\"https:\/\/cabalgatasbariloche.com.ar\/wp-content\/uploads\/sites\/10\/2025\/08\/4-A-copia.jpg\" \/>\n\t<meta property=\"og:image:width\" content=\"992\" \/>\n\t<meta property=\"og:image:height\" content=\"1323\" \/>\n\t<meta property=\"og:image:type\" content=\"image\/jpeg\" \/>\n<meta name=\"twitter:card\" content=\"summary_large_image\" \/>\n<meta name=\"twitter:label1\" content=\"Pre\u00e7o\" \/>\n\t<meta name=\"twitter:data1\" content=\"&#036;155,400.00\" \/>\n\t<meta name=\"twitter:label2\" content=\"Disponibilidade\" \/>\n\t<meta name=\"twitter:data2\" content=\"Em Estoque\" \/>\n<script type=\"application\/ld+json\" class=\"yoast-schema-graph\">{\"@context\":\"https:\/\/schema.org\",\"@graph\":[{\"@type\":[\"WebPage\",\"ItemPage\"],\"@id\":\"https:\/\/cabalgatasbariloche.com.ar\/experiencias-turisticas\/rafting-al-limite-con-chile-con-transporte\/\",\"url\":\"https:\/\/cabalgatasbariloche.com.ar\/experiencias-turisticas\/rafting-al-limite-con-chile-con-transporte\/\",\"name\":\"Rafting al l\u00edmite con Chile con transporte - Cabalgatas Bariloche\",\"isPartOf\":{\"@id\":\"https:\/\/cabalgatasbariloche.com.ar\/#website\"},\"primaryImageOfPage\":{\"@id\":\"https:\/\/cabalgatasbariloche.com.ar\/experiencias-turisticas\/rafting-al-limite-con-chile-con-transporte\/#primaryimage\"},\"image\":{\"@id\":\"https:\/\/cabalgatasbariloche.com.ar\/experiencias-turisticas\/rafting-al-limite-con-chile-con-transporte\/#primaryimage\"},\"thumbnailUrl\":\"https:\/\/cabalgatasbariloche.com.ar\/wp-content\/uploads\/sites\/10\/2025\/08\/4-A-copia.jpg\",\"datePublished\":\"2025-08-27T15:21:30+00:00\",\"dateModified\":\"2026-04-28T15:45:13+00:00\",\"description\":\"Viv\u00ed la experiencia de rafting en Bariloche hasta la frontera con Chile. R\u00e1pidos grado III y IV, gu\u00edas expertos y pura adrenalina en la Patagonia.\",\"breadcrumb\":{\"@id\":\"https:\/\/cabalgatasbariloche.com.ar\/experiencias-turisticas\/rafting-al-limite-con-chile-con-transporte\/#breadcrumb\"},\"inLanguage\":\"pt-BR\",\"potentialAction\":[{\"@type\":\"ReadAction\",\"target\":[\"https:\/\/cabalgatasbariloche.com.ar\/experiencias-turisticas\/rafting-al-limite-con-chile-con-transporte\/\"]}]},{\"@type\":\"ImageObject\",\"inLanguage\":\"pt-BR\",\"@id\":\"https:\/\/cabalgatasbariloche.com.ar\/experiencias-turisticas\/rafting-al-limite-con-chile-con-transporte\/#primaryimage\",\"url\":\"https:\/\/cabalgatasbariloche.com.ar\/wp-content\/uploads\/sites\/10\/2025\/08\/4-A-copia.jpg\",\"contentUrl\":\"https:\/\/cabalgatasbariloche.com.ar\/wp-content\/uploads\/sites\/10\/2025\/08\/4-A-copia.jpg\",\"width\":992,\"height\":1323},{\"@type\":\"BreadcrumbList\",\"@id\":\"https:\/\/cabalgatasbariloche.com.ar\/experiencias-turisticas\/rafting-al-limite-con-chile-con-transporte\/#breadcrumb\",\"itemListElement\":[{\"@type\":\"ListItem\",\"position\":1,\"name\":\"Portada\",\"item\":\"https:\/\/cabalgatasbariloche.com.ar\/\"},{\"@type\":\"ListItem\",\"position\":2,\"name\":\"Tienda\",\"item\":\"https:\/\/cabalgatasbariloche.com.ar\/tienda\/\"},{\"@type\":\"ListItem\",\"position\":3,\"name\":\"Rafting al l\u00edmite con Chile con transporte\"}]},{\"@type\":\"WebSite\",\"@id\":\"https:\/\/cabalgatasbariloche.com.ar\/#website\",\"url\":\"https:\/\/cabalgatasbariloche.com.ar\/\",\"name\":\"Cabalgatas Bariloche\",\"description\":\"Conocer la estepa y cerros patagonicos\",\"potentialAction\":[{\"@type\":\"SearchAction\",\"target\":{\"@type\":\"EntryPoint\",\"urlTemplate\":\"https:\/\/cabalgatasbariloche.com.ar\/?s={search_term_string}\"},\"query-input\":{\"@type\":\"PropertyValueSpecification\",\"valueRequired\":true,\"valueName\":\"search_term_string\"}}],\"inLanguage\":\"pt-BR\"}]}<\/script>\n<meta property=\"product:price:amount\" content=\"155400.00\" \/>\n<meta property=\"product:price:currency\" content=\"ARS\" \/>\n<meta property=\"og:availability\" content=\"instock\" \/>\n<meta property=\"product:availability\" content=\"instock\" \/>\n<meta property=\"product:retailer_item_id\" content=\"ADV2025RAALL\u00cd7HIR\" \/>\n<meta property=\"product:condition\" content=\"new\" \/>\n<!-- \/ Yoast SEO Premium plugin. -->","yoast_head_json":{"title":"Rafting at\u00e9 a fronteira com o Chile com transporte - Horseback Riding Bariloche","description":"Experimente o rafting em Bariloche at\u00e9 a fronteira com o Chile. Corredeiras de grau III e IV, guias especializados e pura adrenalina na Patag\u00f4nia.","robots":{"index":"index","follow":"follow","max-snippet":"max-snippet:-1","max-image-preview":"max-image-preview:large","max-video-preview":"max-video-preview:-1"},"canonical":"https:\/\/cabalgatasbariloche.com.ar\/pt\/experiencias-turisticas\/rafting-ate-a-fronteira-com-o-chile-com-transporte\/","og_locale":"pt_BR","og_type":"article","og_title":"Rafting al l\u00edmite con Chile con transporte","og_description":"Viv\u00ed la experiencia de rafting en Bariloche hasta la frontera con Chile. R\u00e1pidos grado III y IV, gu\u00edas expertos y pura adrenalina en la Patagonia.","og_url":"https:\/\/cabalgatasbariloche.com.ar\/pt\/experiencias-turisticas\/rafting-ate-a-fronteira-com-o-chile-com-transporte\/","og_site_name":"Cabalgatas Bariloche","article_modified_time":"2026-04-28T15:45:13+00:00","og_image":[{"width":992,"height":1323,"url":"https:\/\/cabalgatasbariloche.com.ar\/wp-content\/uploads\/sites\/10\/2025\/08\/4-A-copia.jpg","type":"image\/jpeg"}],"twitter_card":"summary_large_image","twitter_misc":{"Pre\u00e7o":"&#36;155,400.00","Disponibilidade":"Em Estoque"},"schema":{"@context":"https:\/\/schema.org","@graph":[{"@type":["WebPage","ItemPage"],"@id":"https:\/\/cabalgatasbariloche.com.ar\/experiencias-turisticas\/rafting-al-limite-con-chile-con-transporte\/","url":"https:\/\/cabalgatasbariloche.com.ar\/experiencias-turisticas\/rafting-al-limite-con-chile-con-transporte\/","name":"Rafting at\u00e9 a fronteira com o Chile com transporte - Horseback Riding Bariloche","isPartOf":{"@id":"https:\/\/cabalgatasbariloche.com.ar\/#website"},"primaryImageOfPage":{"@id":"https:\/\/cabalgatasbariloche.com.ar\/experiencias-turisticas\/rafting-al-limite-con-chile-con-transporte\/#primaryimage"},"image":{"@id":"https:\/\/cabalgatasbariloche.com.ar\/experiencias-turisticas\/rafting-al-limite-con-chile-con-transporte\/#primaryimage"},"thumbnailUrl":"https:\/\/cabalgatasbariloche.com.ar\/wp-content\/uploads\/sites\/10\/2025\/08\/4-A-copia.jpg","datePublished":"2025-08-27T15:21:30+00:00","dateModified":"2026-04-28T15:45:13+00:00","description":"Experimente o rafting em Bariloche at\u00e9 a fronteira com o Chile. Corredeiras de grau III e IV, guias especializados e pura adrenalina na Patag\u00f4nia.","breadcrumb":{"@id":"https:\/\/cabalgatasbariloche.com.ar\/experiencias-turisticas\/rafting-al-limite-con-chile-con-transporte\/#breadcrumb"},"inLanguage":"pt-BR","potentialAction":[{"@type":"ReadAction","target":["https:\/\/cabalgatasbariloche.com.ar\/experiencias-turisticas\/rafting-al-limite-con-chile-con-transporte\/"]}]},{"@type":"ImageObject","inLanguage":"pt-BR","@id":"https:\/\/cabalgatasbariloche.com.ar\/experiencias-turisticas\/rafting-al-limite-con-chile-con-transporte\/#primaryimage","url":"https:\/\/cabalgatasbariloche.com.ar\/wp-content\/uploads\/sites\/10\/2025\/08\/4-A-copia.jpg","contentUrl":"https:\/\/cabalgatasbariloche.com.ar\/wp-content\/uploads\/sites\/10\/2025\/08\/4-A-copia.jpg","width":992,"height":1323},{"@type":"BreadcrumbList","@id":"https:\/\/cabalgatasbariloche.com.ar\/experiencias-turisticas\/rafting-al-limite-con-chile-con-transporte\/#breadcrumb","itemListElement":[{"@type":"ListItem","position":1,"name":"Portada","item":"https:\/\/cabalgatasbariloche.com.ar\/"},{"@type":"ListItem","position":2,"name":"Tienda","item":"https:\/\/cabalgatasbariloche.com.ar\/tienda\/"},{"@type":"ListItem","position":3,"name":"Rafting al l\u00edmite con Chile con transporte"}]},{"@type":"WebSite","@id":"https:\/\/cabalgatasbariloche.com.ar\/#website","url":"https:\/\/cabalgatasbariloche.com.ar\/","name":"Cavalgadas em Bariloche","description":"Conhecendo a estepe e as montanhas da Patag\u00f4nia","potentialAction":[{"@type":"SearchAction","target":{"@type":"EntryPoint","urlTemplate":"https:\/\/cabalgatasbariloche.com.ar\/?s={search_term_string}"},"query-input":{"@type":"PropertyValueSpecification","valueRequired":true,"valueName":"search_term_string"}}],"inLanguage":"pt-BR"}]},"product_price_amount":"155400.00","product_price_currency":"ARS","og_availability":"instock","product_availability":"instock","product_retailer_item_id":"ADV2025RAALL\u00cd7HIR","product_condition":"new"},"_links":{"self":[{"href":"https:\/\/cabalgatasbariloche.com.ar\/pt\/wp-json\/wp\/v2\/product\/94","targetHints":{"allow":["GET"]}}],"collection":[{"href":"https:\/\/cabalgatasbariloche.com.ar\/pt\/wp-json\/wp\/v2\/product"}],"about":[{"href":"https:\/\/cabalgatasbariloche.com.ar\/pt\/wp-json\/wp\/v2\/types\/product"}],"replies":[{"embeddable":true,"href":"https:\/\/cabalgatasbariloche.com.ar\/pt\/wp-json\/wp\/v2\/comments?post=94"}],"wp:featuredmedia":[{"embeddable":true,"href":"https:\/\/cabalgatasbariloche.com.ar\/pt\/wp-json\/wp\/v2\/media\/240"}],"wp:attachment":[{"href":"https:\/\/cabalgatasbariloche.com.ar\/pt\/wp-json\/wp\/v2\/media?parent=94"}],"wp:term":[{"taxonomy":"product_brand","embeddable":true,"href":"https:\/\/cabalgatasbariloche.com.ar\/pt\/wp-json\/wp\/v2\/product_brand?post=94"},{"taxonomy":"product_cat","embeddable":true,"href":"https:\/\/cabalgatasbariloche.com.ar\/pt\/wp-json\/wp\/v2\/product_cat?post=94"},{"taxonomy":"product_tag","embeddable":true,"href":"https:\/\/cabalgatasbariloche.com.ar\/pt\/wp-json\/wp\/v2\/product_tag?post=94"}],"curies":[{"name":"wp","href":"https:\/\/api.w.org\/{rel}","templated":true}]}}