{"id":93,"date":"2025-08-27T12:20:58","date_gmt":"2025-08-27T15:20:58","guid":{"rendered":"https:\/\/cabalgatasbariloche.com.ar\/producto\/descenso-suave-en-el-rio-manso-sin-traslado\/"},"modified":"2026-04-28T12:45:54","modified_gmt":"2026-04-28T15:45:54","slug":"descenso-suave-en-el-rio-manso-sin-traslado","status":"publish","type":"product","link":"https:\/\/cabalgatasbariloche.com.ar\/pt\/experiencias-turisticas\/descida-suave-pelo-rio-manso-sem-traslado\/","title":{"rendered":"Descida suave no rio Manso sem traslado"},"content":{"rendered":"<h2 class=\"ai-optimize-8\">Aventura em fam\u00edlia no rio Manso<\/h2>\n<p class=\"ai-optimize-9 ai-optimize-introduction\">Viva uma experi\u00eancia diferente com nossa proposta de <strong>rafting leve no rio Manso<\/strong>, especialmente preparado para ser compartilhado com a fam\u00edlia. Essa atividade aqu\u00e1tica foi projetada para ser segura e acess\u00edvel, ideal para crian\u00e7as a partir de 5 anos. As corredeiras calmas de n\u00edvel 1 e 2 oferecem divers\u00e3o em um ambiente bem cuidado, perfeito para aqueles que est\u00e3o experimentando o rafting pela primeira vez ou que desejam se conectar com a natureza em paz e tranquilidade.<\/p>\n<h3 class=\"ai-optimize-10\">Informa\u00e7\u00f5es sobre a atividade<\/h3>\n<ul>\n<li class=\"ai-optimize-11\"><strong>Dura\u00e7\u00e3o:<\/strong> Aproximadamente 90 minutos repletos de aventura e entretenimento.<\/li>\n<li class=\"ai-optimize-12\"><strong>Rota:<\/strong> Desfrute de 40 km de paisagens \u00fanicas e corredeiras suaves que garantem lembran\u00e7as inesquec\u00edveis.<\/li>\n<li class=\"ai-optimize-13\"><strong>Equipamento fornecido:<\/strong> Inclui todos os equipamentos de seguran\u00e7a: roupa de mergulho, capacete e colete salva-vidas.<\/li>\n<\/ul>\n<h3 class=\"ai-optimize-14\">In\u00edcio da turn\u00ea<\/h3>\n<p class=\"ai-optimize-15\">Ao chegar ao ponto de encontro, a equipe especializada o receber\u00e1 com uma recep\u00e7\u00e3o calorosa, oferecendo uma introdu\u00e7\u00e3o breve e clara sobre o manuseio do bote. A proposta foi elaborada para que voc\u00ea viva a experi\u00eancia independentemente de sua experi\u00eancia anterior.<\/p>\n<h3 class=\"ai-optimize-16\">Sugest\u00f5es<\/h3>\n<p class=\"ai-optimize-17\">N\u00e3o se esque\u00e7a de trazer:<\/p>\n<ul>\n<li class=\"ai-optimize-18\">Toalha individual.<\/li>\n<li class=\"ai-optimize-19\">Roupas secas para vestir ap\u00f3s a atividade.<\/li>\n<li class=\"ai-optimize-20\">Sapatos confort\u00e1veis que possam ser molhados sem nenhum problema.<\/li>\n<\/ul>\n<h3 class=\"ai-optimize-21\">Acesso independente<\/h3>\n<p class=\"ai-optimize-22\">Para aqueles que optarem por ir sem o traslado inclu\u00eddo, a primeira reuni\u00e3o ser\u00e1 no <strong>Base Villegas <\/strong>no<strong> Rota 83 Km 1.<\/strong> <a class=\"theme markdown__link\" href=\"https:\/\/maps.app.goo.gl\/NqbsUN6VB5Fnt7hVA\" target=\"_blank\" rel=\"noopener noreferrer\">https:\/\/maps.app.goo.gl\/NqbsUN6VB5Fnt7hVA<\/a> este \u00e9 o link para a localiza\u00e7\u00e3o do parador.<\/p>\n<h3 class=\"ai-optimize-23\">O que est\u00e1 inclu\u00eddo e o que n\u00e3o est\u00e1<\/h3>\n<ul>\n<li class=\"ai-optimize-24\"><strong>Ele inclui:<\/strong> Atividade de rafting e todo o equipamento necess\u00e1rio: roupa de mergulho, colete salva-vidas, jaqueta seca, botas de neoprene, remos e capacete de prote\u00e7\u00e3o.<\/li>\n<li class=\"ai-optimize-25\"><strong>N\u00e3o inclu\u00eddo:<\/strong> Traslado e refei\u00e7\u00f5es (almo\u00e7o, lanche da tarde ou caf\u00e9 da manh\u00e3).<\/li>\n<\/ul>\n<h3 class=\"ai-optimize-26\">Cronograma de atividades<\/h3>\n<p class=\"ai-optimize-27\">A excurs\u00e3o de rafting ocorre a partir de <strong>13:00 \u00e0s 19:00 hs<\/strong>.<\/p>\n<h2 class=\"ai-optimize-28\">Perguntas frequentes<\/h2>\n<h3 class=\"ai-optimize-29\">Como \u00e9 organizado se eu escolher a op\u00e7\u00e3o de n\u00e3o transfer\u00eancia?<\/h3>\n<p class=\"ai-optimize-30\" data-pm-slice=\"1 1 []\">Caso opte pela modalidade sem traslado, voc\u00ea dever\u00e1 estar em nossa parada onde come\u00e7a o passeio de rafting, no <strong>Base Villegas Ruta 83 Km 1.<\/strong><\/p>\n<h3 class=\"ai-optimize-31\">\u00c9 poss\u00edvel incluir algu\u00e9m que n\u00e3o participar\u00e1 do rafting?<\/h3>\n<p class=\"ai-optimize-32\">\u00c9 claro que voc\u00ea pode estar acompanhado; o acompanhante s\u00f3 precisar\u00e1 pagar a taxa de <strong>50% do custo<\/strong> de experi\u00eancia.<\/p>\n<p class=\"ai-optimize-23\"><strong>Aviso importante<\/strong>Esse passeio est\u00e1 dispon\u00edvel no momento e tem sa\u00eddas at\u00e9 30 de abril, de acordo com o calend\u00e1rio operacional.<\/p>","protected":false},"excerpt":{"rendered":"<h2 class=\"ai-optimize-6\">Experi\u00eancia de Rafting no Rio Manso<\/h2>\n<p class=\"ai-optimize-7\">Desfrute de um dia inesquec\u00edvel com nossa proposta de rafting leve no Rio Manso, perfeito para grupos familiares e crian\u00e7as a partir de 5 anos de idade, e experimente a calma e o encanto natural do rio enquanto navega pelas corredeiras de classe 1 e 2. Experimente a calma e o encanto natural enquanto atravessa as corredeiras de classe 1 e 2. Al\u00e9m disso, se voc\u00ea chegar em seu ve\u00edculo, n\u00f3s o receberemos na esta\u00e7\u00e3o YPF-ACA. Prepare-se para a aventura!<\/p>","protected":false},"featured_media":252,"comment_status":"open","ping_status":"closed","template":"","meta":[],"product_brand":[],"product_cat":[50,52,55,58,61,65,66,70],"product_tag":[],"class_list":{"0":"post-93","1":"product","2":"type-product","3":"status-publish","4":"has-post-thumbnail","6":"product_cat-adultos","7":"product_cat-aventura","8":"product_cat-familia","9":"product_cat-jubilados","10":"product_cat-ninos","11":"product_cat-sin-comida","12":"product_cat-sin-traslado","13":"product_cat-todo-el-ano","15":"first","16":"instock","17":"virtual","18":"sold-individually","19":"purchasable","20":"product-type-booking"},"booking_location":"","booking_location_type":"","booking_duration":1,"booking_duration_unit":"hour","booking_buffer":0,"booking_cost":0,"booking_resources":[],"exclude_global_add_ons":false,"addons":[{"name":"ADU: Adulto","type":"input_multiplier","position":0,"required":false,"title_format":"label","default":"","description_enable":false,"description":"","placeholder_enable":false,"placeholder":"","display":"select","restrictions_type":"any_text","adjust_price":true,"price":"75000","price_type":"quantity_based","restrictions":false,"min":"0","max":"0","options":[],"id":1773079069},{"name":"EXTRA: acompanhante","type":"input_multiplier","position":1,"required":false,"title_format":"label","default":"","description_enable":false,"description":"","placeholder_enable":false,"placeholder":"","display":"select","restrictions_type":"any_text","adjust_price":true,"price":"37500","price_type":"quantity_based","restrictions":false,"min":"0","max":"0","options":[],"id":1773079070},{"name":"MEN512 | 5 a 12","type":"input_multiplier","position":2,"required":false,"title_format":"label","default":"","description_enable":false,"description":"","placeholder_enable":false,"placeholder":"","display":"select","restrictions_type":"any_text","adjust_price":true,"price":"75000","price_type":"quantity_based","restrictions":false,"min":"0","max":"0","options":[],"id":1773079071}],"yoast_head":"<!-- This site is optimized with the Yoast SEO Premium plugin v25.2 (Yoast SEO v25.2) - https:\/\/yoast.com\/wordpress\/plugins\/seo\/ -->\n<title>Descenso Suave en el R\u00edo Manso sin Traslado - Cabalgatas Bariloche<\/title>\n<meta name=\"description\" content=\"Viv\u00ed la experiencia de rafting en el R\u00edo Manso sin traslado desde Bariloche. Una aventura tranquila entre paisajes naturales \u00fanicos, ideal para familias.\" \/>\n<meta name=\"robots\" content=\"index, follow, max-snippet:-1, max-image-preview:large, max-video-preview:-1\" \/>\n<link rel=\"canonical\" href=\"https:\/\/cabalgatasbariloche.com.ar\/pt\/experiencias-turisticas\/descida-suave-pelo-rio-manso-sem-traslado\/\" \/>\n<meta property=\"og:locale\" content=\"pt_BR\" \/>\n<meta property=\"og:type\" content=\"article\" \/>\n<meta property=\"og:title\" content=\"Descenso Suave en el R\u00edo Manso sin Traslado\" \/>\n<meta property=\"og:description\" content=\"Viv\u00ed la experiencia de rafting en el R\u00edo Manso sin traslado desde Bariloche. Una aventura tranquila entre paisajes naturales \u00fanicos, ideal para familias.\" \/>\n<meta property=\"og:url\" content=\"https:\/\/cabalgatasbariloche.com.ar\/pt\/experiencias-turisticas\/descida-suave-pelo-rio-manso-sem-traslado\/\" \/>\n<meta property=\"og:site_name\" content=\"Cabalgatas Bariloche\" \/>\n<meta property=\"article:modified_time\" content=\"2026-04-28T15:45:54+00:00\" \/>\n<meta property=\"og:image\" content=\"https:\/\/cabalgatasbariloche.com.ar\/wp-content\/uploads\/sites\/10\/2025\/08\/2-A-rafting-light-1-2-1-scaled.jpg\" \/>\n\t<meta property=\"og:image:width\" content=\"1920\" \/>\n\t<meta property=\"og:image:height\" content=\"2560\" \/>\n\t<meta property=\"og:image:type\" content=\"image\/jpeg\" \/>\n<meta name=\"twitter:card\" content=\"summary_large_image\" \/>\n<meta name=\"twitter:label1\" content=\"Pre\u00e7o\" \/>\n\t<meta name=\"twitter:data1\" content=\"&#036;75,000.00\" \/>\n\t<meta name=\"twitter:label2\" content=\"Disponibilidade\" \/>\n\t<meta name=\"twitter:data2\" content=\"Em Estoque\" \/>\n<script type=\"application\/ld+json\" class=\"yoast-schema-graph\">{\"@context\":\"https:\/\/schema.org\",\"@graph\":[{\"@type\":[\"WebPage\",\"ItemPage\"],\"@id\":\"https:\/\/cabalgatasbariloche.com.ar\/experiencias-turisticas\/descenso-suave-en-el-rio-manso-sin-traslado\/\",\"url\":\"https:\/\/cabalgatasbariloche.com.ar\/experiencias-turisticas\/descenso-suave-en-el-rio-manso-sin-traslado\/\",\"name\":\"Descenso Suave en el R\u00edo Manso sin Traslado - Cabalgatas Bariloche\",\"isPartOf\":{\"@id\":\"https:\/\/cabalgatasbariloche.com.ar\/#website\"},\"primaryImageOfPage\":{\"@id\":\"https:\/\/cabalgatasbariloche.com.ar\/experiencias-turisticas\/descenso-suave-en-el-rio-manso-sin-traslado\/#primaryimage\"},\"image\":{\"@id\":\"https:\/\/cabalgatasbariloche.com.ar\/experiencias-turisticas\/descenso-suave-en-el-rio-manso-sin-traslado\/#primaryimage\"},\"thumbnailUrl\":\"https:\/\/cabalgatasbariloche.com.ar\/wp-content\/uploads\/sites\/10\/2025\/08\/2-A-rafting-light-1-2-1-scaled.jpg\",\"datePublished\":\"2025-08-27T15:20:58+00:00\",\"dateModified\":\"2026-04-28T15:45:54+00:00\",\"description\":\"Viv\u00ed la experiencia de rafting en el R\u00edo Manso sin traslado desde Bariloche. Una aventura tranquila entre paisajes naturales \u00fanicos, ideal para familias.\",\"breadcrumb\":{\"@id\":\"https:\/\/cabalgatasbariloche.com.ar\/experiencias-turisticas\/descenso-suave-en-el-rio-manso-sin-traslado\/#breadcrumb\"},\"inLanguage\":\"pt-BR\",\"potentialAction\":[{\"@type\":\"ReadAction\",\"target\":[\"https:\/\/cabalgatasbariloche.com.ar\/experiencias-turisticas\/descenso-suave-en-el-rio-manso-sin-traslado\/\"]}]},{\"@type\":\"ImageObject\",\"inLanguage\":\"pt-BR\",\"@id\":\"https:\/\/cabalgatasbariloche.com.ar\/experiencias-turisticas\/descenso-suave-en-el-rio-manso-sin-traslado\/#primaryimage\",\"url\":\"https:\/\/cabalgatasbariloche.com.ar\/wp-content\/uploads\/sites\/10\/2025\/08\/2-A-rafting-light-1-2-1-scaled.jpg\",\"contentUrl\":\"https:\/\/cabalgatasbariloche.com.ar\/wp-content\/uploads\/sites\/10\/2025\/08\/2-A-rafting-light-1-2-1-scaled.jpg\",\"width\":1920,\"height\":2560},{\"@type\":\"BreadcrumbList\",\"@id\":\"https:\/\/cabalgatasbariloche.com.ar\/experiencias-turisticas\/descenso-suave-en-el-rio-manso-sin-traslado\/#breadcrumb\",\"itemListElement\":[{\"@type\":\"ListItem\",\"position\":1,\"name\":\"Portada\",\"item\":\"https:\/\/cabalgatasbariloche.com.ar\/\"},{\"@type\":\"ListItem\",\"position\":2,\"name\":\"Tienda\",\"item\":\"https:\/\/cabalgatasbariloche.com.ar\/tienda\/\"},{\"@type\":\"ListItem\",\"position\":3,\"name\":\"Descenso Suave en el R\u00edo Manso sin Traslado\"}]},{\"@type\":\"WebSite\",\"@id\":\"https:\/\/cabalgatasbariloche.com.ar\/#website\",\"url\":\"https:\/\/cabalgatasbariloche.com.ar\/\",\"name\":\"Cabalgatas Bariloche\",\"description\":\"Conocer la estepa y cerros patagonicos\",\"potentialAction\":[{\"@type\":\"SearchAction\",\"target\":{\"@type\":\"EntryPoint\",\"urlTemplate\":\"https:\/\/cabalgatasbariloche.com.ar\/?s={search_term_string}\"},\"query-input\":{\"@type\":\"PropertyValueSpecification\",\"valueRequired\":true,\"valueName\":\"search_term_string\"}}],\"inLanguage\":\"pt-BR\"}]}<\/script>\n<meta property=\"product:price:amount\" content=\"75000.00\" \/>\n<meta property=\"product:price:currency\" content=\"ARS\" \/>\n<meta property=\"og:availability\" content=\"instock\" \/>\n<meta property=\"product:availability\" content=\"instock\" \/>\n<meta property=\"product:retailer_item_id\" content=\"ADV2025RALIENTUFA\" \/>\n<meta property=\"product:condition\" content=\"new\" \/>\n<!-- \/ Yoast SEO Premium plugin. -->","yoast_head_json":{"title":"Descida suave pelo rio Manso sem traslado - Horseback Riding Bariloche","description":"Experimente o rafting no Rio Manso sem traslado de Bariloche. Uma aventura tranquila em meio a paisagens naturais \u00fanicas, ideal para fam\u00edlias.","robots":{"index":"index","follow":"follow","max-snippet":"max-snippet:-1","max-image-preview":"max-image-preview:large","max-video-preview":"max-video-preview:-1"},"canonical":"https:\/\/cabalgatasbariloche.com.ar\/pt\/experiencias-turisticas\/descida-suave-pelo-rio-manso-sem-traslado\/","og_locale":"pt_BR","og_type":"article","og_title":"Descenso Suave en el R\u00edo Manso sin Traslado","og_description":"Viv\u00ed la experiencia de rafting en el R\u00edo Manso sin traslado desde Bariloche. Una aventura tranquila entre paisajes naturales \u00fanicos, ideal para familias.","og_url":"https:\/\/cabalgatasbariloche.com.ar\/pt\/experiencias-turisticas\/descida-suave-pelo-rio-manso-sem-traslado\/","og_site_name":"Cabalgatas Bariloche","article_modified_time":"2026-04-28T15:45:54+00:00","og_image":[{"width":1920,"height":2560,"url":"https:\/\/cabalgatasbariloche.com.ar\/wp-content\/uploads\/sites\/10\/2025\/08\/2-A-rafting-light-1-2-1-scaled.jpg","type":"image\/jpeg"}],"twitter_card":"summary_large_image","twitter_misc":{"Pre\u00e7o":"&#36;75,000.00","Disponibilidade":"Em Estoque"},"schema":{"@context":"https:\/\/schema.org","@graph":[{"@type":["WebPage","ItemPage"],"@id":"https:\/\/cabalgatasbariloche.com.ar\/experiencias-turisticas\/descenso-suave-en-el-rio-manso-sin-traslado\/","url":"https:\/\/cabalgatasbariloche.com.ar\/experiencias-turisticas\/descenso-suave-en-el-rio-manso-sin-traslado\/","name":"Descida suave pelo rio Manso sem traslado - Horseback Riding Bariloche","isPartOf":{"@id":"https:\/\/cabalgatasbariloche.com.ar\/#website"},"primaryImageOfPage":{"@id":"https:\/\/cabalgatasbariloche.com.ar\/experiencias-turisticas\/descenso-suave-en-el-rio-manso-sin-traslado\/#primaryimage"},"image":{"@id":"https:\/\/cabalgatasbariloche.com.ar\/experiencias-turisticas\/descenso-suave-en-el-rio-manso-sin-traslado\/#primaryimage"},"thumbnailUrl":"https:\/\/cabalgatasbariloche.com.ar\/wp-content\/uploads\/sites\/10\/2025\/08\/2-A-rafting-light-1-2-1-scaled.jpg","datePublished":"2025-08-27T15:20:58+00:00","dateModified":"2026-04-28T15:45:54+00:00","description":"Experimente o rafting no Rio Manso sem traslado de Bariloche. Uma aventura tranquila em meio a paisagens naturais \u00fanicas, ideal para fam\u00edlias.","breadcrumb":{"@id":"https:\/\/cabalgatasbariloche.com.ar\/experiencias-turisticas\/descenso-suave-en-el-rio-manso-sin-traslado\/#breadcrumb"},"inLanguage":"pt-BR","potentialAction":[{"@type":"ReadAction","target":["https:\/\/cabalgatasbariloche.com.ar\/experiencias-turisticas\/descenso-suave-en-el-rio-manso-sin-traslado\/"]}]},{"@type":"ImageObject","inLanguage":"pt-BR","@id":"https:\/\/cabalgatasbariloche.com.ar\/experiencias-turisticas\/descenso-suave-en-el-rio-manso-sin-traslado\/#primaryimage","url":"https:\/\/cabalgatasbariloche.com.ar\/wp-content\/uploads\/sites\/10\/2025\/08\/2-A-rafting-light-1-2-1-scaled.jpg","contentUrl":"https:\/\/cabalgatasbariloche.com.ar\/wp-content\/uploads\/sites\/10\/2025\/08\/2-A-rafting-light-1-2-1-scaled.jpg","width":1920,"height":2560},{"@type":"BreadcrumbList","@id":"https:\/\/cabalgatasbariloche.com.ar\/experiencias-turisticas\/descenso-suave-en-el-rio-manso-sin-traslado\/#breadcrumb","itemListElement":[{"@type":"ListItem","position":1,"name":"Portada","item":"https:\/\/cabalgatasbariloche.com.ar\/"},{"@type":"ListItem","position":2,"name":"Tienda","item":"https:\/\/cabalgatasbariloche.com.ar\/tienda\/"},{"@type":"ListItem","position":3,"name":"Descenso Suave en el R\u00edo Manso sin Traslado"}]},{"@type":"WebSite","@id":"https:\/\/cabalgatasbariloche.com.ar\/#website","url":"https:\/\/cabalgatasbariloche.com.ar\/","name":"Cavalgadas em Bariloche","description":"Conhecendo a estepe e as montanhas da Patag\u00f4nia","potentialAction":[{"@type":"SearchAction","target":{"@type":"EntryPoint","urlTemplate":"https:\/\/cabalgatasbariloche.com.ar\/?s={search_term_string}"},"query-input":{"@type":"PropertyValueSpecification","valueRequired":true,"valueName":"search_term_string"}}],"inLanguage":"pt-BR"}]},"product_price_amount":"75000.00","product_price_currency":"ARS","og_availability":"instock","product_availability":"instock","product_retailer_item_id":"ADV2025RALIENTUFA","product_condition":"new"},"_links":{"self":[{"href":"https:\/\/cabalgatasbariloche.com.ar\/pt\/wp-json\/wp\/v2\/product\/93","targetHints":{"allow":["GET"]}}],"collection":[{"href":"https:\/\/cabalgatasbariloche.com.ar\/pt\/wp-json\/wp\/v2\/product"}],"about":[{"href":"https:\/\/cabalgatasbariloche.com.ar\/pt\/wp-json\/wp\/v2\/types\/product"}],"replies":[{"embeddable":true,"href":"https:\/\/cabalgatasbariloche.com.ar\/pt\/wp-json\/wp\/v2\/comments?post=93"}],"wp:featuredmedia":[{"embeddable":true,"href":"https:\/\/cabalgatasbariloche.com.ar\/pt\/wp-json\/wp\/v2\/media\/252"}],"wp:attachment":[{"href":"https:\/\/cabalgatasbariloche.com.ar\/pt\/wp-json\/wp\/v2\/media?parent=93"}],"wp:term":[{"taxonomy":"product_brand","embeddable":true,"href":"https:\/\/cabalgatasbariloche.com.ar\/pt\/wp-json\/wp\/v2\/product_brand?post=93"},{"taxonomy":"product_cat","embeddable":true,"href":"https:\/\/cabalgatasbariloche.com.ar\/pt\/wp-json\/wp\/v2\/product_cat?post=93"},{"taxonomy":"product_tag","embeddable":true,"href":"https:\/\/cabalgatasbariloche.com.ar\/pt\/wp-json\/wp\/v2\/product_tag?post=93"}],"curies":[{"name":"wp","href":"https:\/\/api.w.org\/{rel}","templated":true}]}}