{"id":92,"date":"2025-08-27T12:20:25","date_gmt":"2025-08-27T15:20:25","guid":{"rendered":"https:\/\/cabalgatasbariloche.com.ar\/producto\/descenso-suave-en-el-rio-manso-con-traslado\/"},"modified":"2026-04-28T12:46:27","modified_gmt":"2026-04-28T15:46:27","slug":"descenso-suave-en-el-rio-manso-con-traslado","status":"publish","type":"product","link":"https:\/\/cabalgatasbariloche.com.ar\/pt\/experiencias-turisticas\/descida-suave-pelo-rio-manso-com-traslado\/","title":{"rendered":"Descida suave pelo rio Manso com traslado"},"content":{"rendered":"<h2 class=\"ai-optimize-7\">Experimente a energia do Rio Manso com total seguran\u00e7a<\/h2>\n<p class=\"ai-optimize-8 ai-optimize-introduction\">Eu senti a <strong>rafting emocionante<\/strong> no fascinante <strong>Rio Manso<\/strong>, onde a natureza e a aventura se fundem perfeitamente. Esse <strong>rafting suave<\/strong> \u00e9 ideal para fam\u00edlias e pode ser apreciado por crian\u00e7as a partir de 5 anos de idade, garantindo uma op\u00e7\u00e3o segura e simples para se conectar com o ambiente natural. N\u00f3s navegamos <strong>6 quil\u00f4metros<\/strong> nas \u00e1guas do <strong>grau 1 e 2<\/strong>, A \u00e1gua \u00e9 um \u00f3timo lugar para iniciantes, bem como para aqueles que preferem um dia sereno na \u00e1gua.<\/p>\n<h3 class=\"ai-optimize-9\">Experimente uma viagem diferente<\/h3>\n<p class=\"ai-optimize-10\">No ponto de partida, nosso <strong>guias especializados<\/strong> lhe dar\u00e1 as boas-vindas para embarcarmos juntos nessa grande experi\u00eancia.<\/p>\n<ul>\n<li class=\"ai-optimize-11\"><strong>Todos os equipamentos est\u00e3o inclu\u00eddos:<\/strong> roupa de mergulho, capacete, colete salva-vidas e outros itens importantes.<\/li>\n<li class=\"ai-optimize-12\"><strong>Palestra t\u00e9cnica preliminar:<\/strong> Voc\u00ea receber\u00e1 um breve treinamento pr\u00e9vio para tornar o rafting seguro e divertido.<\/li>\n<\/ul>\n<p class=\"ai-optimize-13\">Durante a viagem, voc\u00ea ver\u00e1 paisagens incr\u00edveis e sentir\u00e1 uma conex\u00e3o \u00fanica com o rio. A viagem tem uma dura\u00e7\u00e3o aproximada de <strong>de uma hora e meia<\/strong>, proporcionando imers\u00e3o total no cora\u00e7\u00e3o da natureza.<\/p>\n<h3 class=\"ai-optimize-14\">In\u00edcio da rota<\/h3>\n<p class=\"ai-optimize-15\" data-pm-slice=\"1 1 []\">Se voc\u00ea solicitar sua reserva com traslado, partiremos do centro de Bariloche ou do ponto de encontro combinado, dependendo de sua acomoda\u00e7\u00e3o. Se voc\u00ea decidir reservar a op\u00e7\u00e3o sem traslado, dever\u00e1 comparecer ao nosso hostel onde a excurs\u00e3o de rafting \u00e9 realizada, na Base Villegas, Rota 83 Km 1.<\/p>\n<p class=\"ai-optimize-22\" data-pm-slice=\"1 1 []\"><a class=\"theme markdown__link\" href=\"https:\/\/maps.app.goo.gl\/NqbsUN6VB5Fnt7hVA\" target=\"_blank\" rel=\"noopener noreferrer\">https:\/\/maps.app.goo.gl\/NqbsUN6VB5Fnt7hVA<\/a> este \u00e9 o link para a localiza\u00e7\u00e3o do parador.<\/p>\n<h3 class=\"ai-optimize-16\">Relaxe e compartilhe<\/h3>\n<p class=\"ai-optimize-17\">No final da experi\u00eancia, voc\u00ea retornar\u00e1 ao albergue, onde poder\u00e1 descansar, conversar sobre sua experi\u00eancia com outras pessoas e recarregar as baterias.<\/p>\n<h3 class=\"ai-optimize-18\">Sugest\u00f5es para sua excurs\u00e3o<\/h3>\n<ul>\n<li class=\"ai-optimize-19\"><strong>Lembre-se de trazer:<\/strong> toalha, muda de roupa e cal\u00e7ados \u00e0 prova d'\u00e1gua.<\/li>\n<li class=\"ai-optimize-20\"><strong>Importante:<\/strong> alguns respingos podem ocorrer durante a caminhada.<\/li>\n<\/ul>\n<p class=\"ai-optimize-21\">Aproveite esta oportunidade para descobrir a natureza argentina como voc\u00ea nunca a experimentou antes, estamos esperando por voc\u00ea!<\/p>\n<p class=\"ai-optimize-23\"><strong>Aviso importante<\/strong>Esse passeio est\u00e1 dispon\u00edvel no momento e tem sa\u00eddas at\u00e9 30 de abril, de acordo com o calend\u00e1rio operacional.<\/p>","protected":false},"excerpt":{"rendered":"<p class=\"ai-optimize-6\">Experimente uma aventura \u00fanica de rafting suave no Rio Manso. Ideal para grupos familiares e para aqueles que est\u00e3o come\u00e7ando, essa proposta garante uma viagem segura e divertida por 6 quil\u00f4metros de paisagens espetaculares.<\/p>","protected":false},"featured_media":248,"comment_status":"open","ping_status":"closed","template":"","meta":[],"product_brand":[],"product_cat":[50,52,54,55,58,61,65,70],"product_tag":[],"class_list":{"0":"post-92","1":"product","2":"type-product","3":"status-publish","4":"has-post-thumbnail","6":"product_cat-adultos","7":"product_cat-aventura","8":"product_cat-con-traslado","9":"product_cat-familia","10":"product_cat-jubilados","11":"product_cat-ninos","12":"product_cat-sin-comida","13":"product_cat-todo-el-ano","15":"first","16":"instock","17":"virtual","18":"sold-individually","19":"purchasable","20":"product-type-booking"},"booking_location":"","booking_location_type":"","booking_duration":1,"booking_duration_unit":"hour","booking_buffer":0,"booking_cost":0,"booking_resources":[],"exclude_global_add_ons":false,"addons":[{"name":"ADU: Adulto","type":"input_multiplier","position":0,"required":false,"title_format":"label","default":"","description_enable":false,"description":"","placeholder_enable":false,"placeholder":"","display":"select","restrictions_type":"any_text","adjust_price":true,"price":"90000","price_type":"quantity_based","restrictions":false,"min":"0","max":"0","options":[],"id":1773236862},{"name":"EXTRA: acompanhante","type":"input_multiplier","position":1,"required":false,"title_format":"label","default":"","description_enable":false,"description":"","placeholder_enable":false,"placeholder":"","display":"select","restrictions_type":"any_text","adjust_price":true,"price":"45000","price_type":"quantity_based","restrictions":false,"min":"0","max":"0","options":[],"id":1773236863},{"name":"MEN512 | 5 a 12","type":"input_multiplier","position":2,"required":false,"title_format":"label","default":"","description_enable":false,"description":"","placeholder_enable":false,"placeholder":"","display":"select","restrictions_type":"any_text","adjust_price":true,"price":"90000","price_type":"quantity_based","restrictions":false,"min":"0","max":"0","options":[],"id":1773236864}],"yoast_head":"<!-- This site is optimized with the Yoast SEO Premium plugin v25.2 (Yoast SEO v25.2) - https:\/\/yoast.com\/wordpress\/plugins\/seo\/ -->\n<title>Descenso suave en el r\u00edo Manso con traslado - Cabalgatas Bariloche<\/title>\n<meta name=\"description\" content=\"Viv\u00ed la experiencia de rafting en el R\u00edo Manso sin traslado desde Bariloche. Una aventura tranquila entre paisajes naturales \u00fanicos, ideal para familias.\" \/>\n<meta name=\"robots\" content=\"index, follow, max-snippet:-1, max-image-preview:large, max-video-preview:-1\" \/>\n<link rel=\"canonical\" href=\"https:\/\/cabalgatasbariloche.com.ar\/pt\/experiencias-turisticas\/descida-suave-pelo-rio-manso-com-traslado\/\" \/>\n<meta property=\"og:locale\" content=\"pt_BR\" \/>\n<meta property=\"og:type\" content=\"article\" \/>\n<meta property=\"og:title\" content=\"Descenso suave en el r\u00edo Manso con traslado\" \/>\n<meta property=\"og:description\" content=\"Viv\u00ed la experiencia de rafting en el R\u00edo Manso sin traslado desde Bariloche. Una aventura tranquila entre paisajes naturales \u00fanicos, ideal para familias.\" \/>\n<meta property=\"og:url\" content=\"https:\/\/cabalgatasbariloche.com.ar\/pt\/experiencias-turisticas\/descida-suave-pelo-rio-manso-com-traslado\/\" \/>\n<meta property=\"og:site_name\" content=\"Cabalgatas Bariloche\" \/>\n<meta property=\"article:modified_time\" content=\"2026-04-28T15:46:27+00:00\" \/>\n<meta property=\"og:image\" content=\"https:\/\/cabalgatasbariloche.com.ar\/wp-content\/uploads\/sites\/10\/2025\/08\/4-A-Rafting-light-rio-Manso-11-copia.jpg\" \/>\n\t<meta property=\"og:image:width\" content=\"992\" \/>\n\t<meta property=\"og:image:height\" content=\"1323\" \/>\n\t<meta property=\"og:image:type\" content=\"image\/jpeg\" \/>\n<meta name=\"twitter:card\" content=\"summary_large_image\" \/>\n<meta name=\"twitter:label1\" content=\"Pre\u00e7o\" \/>\n\t<meta name=\"twitter:data1\" content=\"&#036;90,000.00\" \/>\n\t<meta name=\"twitter:label2\" content=\"Disponibilidade\" \/>\n\t<meta name=\"twitter:data2\" content=\"Em Estoque\" \/>\n<script type=\"application\/ld+json\" class=\"yoast-schema-graph\">{\"@context\":\"https:\/\/schema.org\",\"@graph\":[{\"@type\":[\"WebPage\",\"ItemPage\"],\"@id\":\"https:\/\/cabalgatasbariloche.com.ar\/experiencias-turisticas\/descenso-suave-en-el-rio-manso-con-traslado\/\",\"url\":\"https:\/\/cabalgatasbariloche.com.ar\/experiencias-turisticas\/descenso-suave-en-el-rio-manso-con-traslado\/\",\"name\":\"Descenso suave en el r\u00edo Manso con traslado - Cabalgatas Bariloche\",\"isPartOf\":{\"@id\":\"https:\/\/cabalgatasbariloche.com.ar\/#website\"},\"primaryImageOfPage\":{\"@id\":\"https:\/\/cabalgatasbariloche.com.ar\/experiencias-turisticas\/descenso-suave-en-el-rio-manso-con-traslado\/#primaryimage\"},\"image\":{\"@id\":\"https:\/\/cabalgatasbariloche.com.ar\/experiencias-turisticas\/descenso-suave-en-el-rio-manso-con-traslado\/#primaryimage\"},\"thumbnailUrl\":\"https:\/\/cabalgatasbariloche.com.ar\/wp-content\/uploads\/sites\/10\/2025\/08\/4-A-Rafting-light-rio-Manso-11-copia.jpg\",\"datePublished\":\"2025-08-27T15:20:25+00:00\",\"dateModified\":\"2026-04-28T15:46:27+00:00\",\"description\":\"Viv\u00ed la experiencia de rafting en el R\u00edo Manso sin traslado desde Bariloche. Una aventura tranquila entre paisajes naturales \u00fanicos, ideal para familias.\",\"breadcrumb\":{\"@id\":\"https:\/\/cabalgatasbariloche.com.ar\/experiencias-turisticas\/descenso-suave-en-el-rio-manso-con-traslado\/#breadcrumb\"},\"inLanguage\":\"pt-BR\",\"potentialAction\":[{\"@type\":\"ReadAction\",\"target\":[\"https:\/\/cabalgatasbariloche.com.ar\/experiencias-turisticas\/descenso-suave-en-el-rio-manso-con-traslado\/\"]}]},{\"@type\":\"ImageObject\",\"inLanguage\":\"pt-BR\",\"@id\":\"https:\/\/cabalgatasbariloche.com.ar\/experiencias-turisticas\/descenso-suave-en-el-rio-manso-con-traslado\/#primaryimage\",\"url\":\"https:\/\/cabalgatasbariloche.com.ar\/wp-content\/uploads\/sites\/10\/2025\/08\/4-A-Rafting-light-rio-Manso-11-copia.jpg\",\"contentUrl\":\"https:\/\/cabalgatasbariloche.com.ar\/wp-content\/uploads\/sites\/10\/2025\/08\/4-A-Rafting-light-rio-Manso-11-copia.jpg\",\"width\":992,\"height\":1323},{\"@type\":\"BreadcrumbList\",\"@id\":\"https:\/\/cabalgatasbariloche.com.ar\/experiencias-turisticas\/descenso-suave-en-el-rio-manso-con-traslado\/#breadcrumb\",\"itemListElement\":[{\"@type\":\"ListItem\",\"position\":1,\"name\":\"Portada\",\"item\":\"https:\/\/cabalgatasbariloche.com.ar\/\"},{\"@type\":\"ListItem\",\"position\":2,\"name\":\"Tienda\",\"item\":\"https:\/\/cabalgatasbariloche.com.ar\/tienda\/\"},{\"@type\":\"ListItem\",\"position\":3,\"name\":\"Descenso suave en el r\u00edo Manso con traslado\"}]},{\"@type\":\"WebSite\",\"@id\":\"https:\/\/cabalgatasbariloche.com.ar\/#website\",\"url\":\"https:\/\/cabalgatasbariloche.com.ar\/\",\"name\":\"Cabalgatas Bariloche\",\"description\":\"Conocer la estepa y cerros patagonicos\",\"potentialAction\":[{\"@type\":\"SearchAction\",\"target\":{\"@type\":\"EntryPoint\",\"urlTemplate\":\"https:\/\/cabalgatasbariloche.com.ar\/?s={search_term_string}\"},\"query-input\":{\"@type\":\"PropertyValueSpecification\",\"valueRequired\":true,\"valueName\":\"search_term_string\"}}],\"inLanguage\":\"pt-BR\"}]}<\/script>\n<meta property=\"product:price:amount\" content=\"90000.00\" \/>\n<meta property=\"product:price:currency\" content=\"ARS\" \/>\n<meta property=\"og:availability\" content=\"instock\" \/>\n<meta property=\"product:availability\" content=\"instock\" \/>\n<meta property=\"product:retailer_item_id\" content=\"ADV2025RALIENP3DA\" \/>\n<meta property=\"product:condition\" content=\"new\" \/>\n<!-- \/ Yoast SEO Premium plugin. -->","yoast_head_json":{"title":"Descida suave pelo rio Manso com traslado - Horseback Riding Bariloche","description":"Experimente o rafting no Rio Manso sem traslado de Bariloche. Uma aventura tranquila em meio a paisagens naturais \u00fanicas, ideal para fam\u00edlias.","robots":{"index":"index","follow":"follow","max-snippet":"max-snippet:-1","max-image-preview":"max-image-preview:large","max-video-preview":"max-video-preview:-1"},"canonical":"https:\/\/cabalgatasbariloche.com.ar\/pt\/experiencias-turisticas\/descida-suave-pelo-rio-manso-com-traslado\/","og_locale":"pt_BR","og_type":"article","og_title":"Descenso suave en el r\u00edo Manso con traslado","og_description":"Viv\u00ed la experiencia de rafting en el R\u00edo Manso sin traslado desde Bariloche. Una aventura tranquila entre paisajes naturales \u00fanicos, ideal para familias.","og_url":"https:\/\/cabalgatasbariloche.com.ar\/pt\/experiencias-turisticas\/descida-suave-pelo-rio-manso-com-traslado\/","og_site_name":"Cabalgatas Bariloche","article_modified_time":"2026-04-28T15:46:27+00:00","og_image":[{"width":992,"height":1323,"url":"https:\/\/cabalgatasbariloche.com.ar\/wp-content\/uploads\/sites\/10\/2025\/08\/4-A-Rafting-light-rio-Manso-11-copia.jpg","type":"image\/jpeg"}],"twitter_card":"summary_large_image","twitter_misc":{"Pre\u00e7o":"&#36;90,000.00","Disponibilidade":"Em Estoque"},"schema":{"@context":"https:\/\/schema.org","@graph":[{"@type":["WebPage","ItemPage"],"@id":"https:\/\/cabalgatasbariloche.com.ar\/experiencias-turisticas\/descenso-suave-en-el-rio-manso-con-traslado\/","url":"https:\/\/cabalgatasbariloche.com.ar\/experiencias-turisticas\/descenso-suave-en-el-rio-manso-con-traslado\/","name":"Descida suave pelo rio Manso com traslado - Horseback Riding Bariloche","isPartOf":{"@id":"https:\/\/cabalgatasbariloche.com.ar\/#website"},"primaryImageOfPage":{"@id":"https:\/\/cabalgatasbariloche.com.ar\/experiencias-turisticas\/descenso-suave-en-el-rio-manso-con-traslado\/#primaryimage"},"image":{"@id":"https:\/\/cabalgatasbariloche.com.ar\/experiencias-turisticas\/descenso-suave-en-el-rio-manso-con-traslado\/#primaryimage"},"thumbnailUrl":"https:\/\/cabalgatasbariloche.com.ar\/wp-content\/uploads\/sites\/10\/2025\/08\/4-A-Rafting-light-rio-Manso-11-copia.jpg","datePublished":"2025-08-27T15:20:25+00:00","dateModified":"2026-04-28T15:46:27+00:00","description":"Experimente o rafting no Rio Manso sem traslado de Bariloche. Uma aventura tranquila em meio a paisagens naturais \u00fanicas, ideal para fam\u00edlias.","breadcrumb":{"@id":"https:\/\/cabalgatasbariloche.com.ar\/experiencias-turisticas\/descenso-suave-en-el-rio-manso-con-traslado\/#breadcrumb"},"inLanguage":"pt-BR","potentialAction":[{"@type":"ReadAction","target":["https:\/\/cabalgatasbariloche.com.ar\/experiencias-turisticas\/descenso-suave-en-el-rio-manso-con-traslado\/"]}]},{"@type":"ImageObject","inLanguage":"pt-BR","@id":"https:\/\/cabalgatasbariloche.com.ar\/experiencias-turisticas\/descenso-suave-en-el-rio-manso-con-traslado\/#primaryimage","url":"https:\/\/cabalgatasbariloche.com.ar\/wp-content\/uploads\/sites\/10\/2025\/08\/4-A-Rafting-light-rio-Manso-11-copia.jpg","contentUrl":"https:\/\/cabalgatasbariloche.com.ar\/wp-content\/uploads\/sites\/10\/2025\/08\/4-A-Rafting-light-rio-Manso-11-copia.jpg","width":992,"height":1323},{"@type":"BreadcrumbList","@id":"https:\/\/cabalgatasbariloche.com.ar\/experiencias-turisticas\/descenso-suave-en-el-rio-manso-con-traslado\/#breadcrumb","itemListElement":[{"@type":"ListItem","position":1,"name":"Portada","item":"https:\/\/cabalgatasbariloche.com.ar\/"},{"@type":"ListItem","position":2,"name":"Tienda","item":"https:\/\/cabalgatasbariloche.com.ar\/tienda\/"},{"@type":"ListItem","position":3,"name":"Descenso suave en el r\u00edo Manso con traslado"}]},{"@type":"WebSite","@id":"https:\/\/cabalgatasbariloche.com.ar\/#website","url":"https:\/\/cabalgatasbariloche.com.ar\/","name":"Cavalgadas em Bariloche","description":"Conhecendo a estepe e as montanhas da Patag\u00f4nia","potentialAction":[{"@type":"SearchAction","target":{"@type":"EntryPoint","urlTemplate":"https:\/\/cabalgatasbariloche.com.ar\/?s={search_term_string}"},"query-input":{"@type":"PropertyValueSpecification","valueRequired":true,"valueName":"search_term_string"}}],"inLanguage":"pt-BR"}]},"product_price_amount":"90000.00","product_price_currency":"ARS","og_availability":"instock","product_availability":"instock","product_retailer_item_id":"ADV2025RALIENP3DA","product_condition":"new"},"_links":{"self":[{"href":"https:\/\/cabalgatasbariloche.com.ar\/pt\/wp-json\/wp\/v2\/product\/92","targetHints":{"allow":["GET"]}}],"collection":[{"href":"https:\/\/cabalgatasbariloche.com.ar\/pt\/wp-json\/wp\/v2\/product"}],"about":[{"href":"https:\/\/cabalgatasbariloche.com.ar\/pt\/wp-json\/wp\/v2\/types\/product"}],"replies":[{"embeddable":true,"href":"https:\/\/cabalgatasbariloche.com.ar\/pt\/wp-json\/wp\/v2\/comments?post=92"}],"wp:featuredmedia":[{"embeddable":true,"href":"https:\/\/cabalgatasbariloche.com.ar\/pt\/wp-json\/wp\/v2\/media\/248"}],"wp:attachment":[{"href":"https:\/\/cabalgatasbariloche.com.ar\/pt\/wp-json\/wp\/v2\/media?parent=92"}],"wp:term":[{"taxonomy":"product_brand","embeddable":true,"href":"https:\/\/cabalgatasbariloche.com.ar\/pt\/wp-json\/wp\/v2\/product_brand?post=92"},{"taxonomy":"product_cat","embeddable":true,"href":"https:\/\/cabalgatasbariloche.com.ar\/pt\/wp-json\/wp\/v2\/product_cat?post=92"},{"taxonomy":"product_tag","embeddable":true,"href":"https:\/\/cabalgatasbariloche.com.ar\/pt\/wp-json\/wp\/v2\/product_tag?post=92"}],"curies":[{"name":"wp","href":"https:\/\/api.w.org\/{rel}","templated":true}]}}