{"id":91,"date":"2025-08-27T12:19:58","date_gmt":"2025-08-27T15:19:58","guid":{"rendered":"https:\/\/cabalgatasbariloche.com.ar\/producto\/circuito-chico-y-cerro-campanario-descubri-bariloche-como-nunca-antes\/"},"modified":"2026-04-07T12:13:59","modified_gmt":"2026-04-07T15:13:59","slug":"circuito-chico-y-cerro-campanario-descubri-bariloche-como-nunca-antes","status":"publish","type":"product","link":"https:\/\/cabalgatasbariloche.com.ar\/pt\/experiencias-turisticas\/circuito-chico-e-cerro-campanario-descubra-bariloche-como-nunca-antes\/","title":{"rendered":"Circuito Chico e Cerro Campanario: descubra Bariloche como nunca antes"},"content":{"rendered":"<h3 class=\"ai-optimize-25\" data-start=\"417\" data-end=\"500\"><strong data-start=\"421\" data-end=\"500\">Cen\u00e1rios surpreendentes, rotas emblem\u00e1ticas e paisagens que o emocionar\u00e3o.<\/strong><\/h3>\n<p class=\"ai-optimize-26 ai-optimize-introduction\" data-start=\"502\" data-end=\"756\">Fa\u00e7a uma viagem de meio dia pelos destaques de Bariloche com este passeio, ideal para quem quer curtir a natureza, a hist\u00f3ria e as fascinantes vistas panor\u00e2micas. O <strong data-start=\"677\" data-end=\"695\">Circuito pequeno<\/strong> \u00e9 a escolha perfeita para come\u00e7ar sua experi\u00eancia na cidade.<\/p>\n<p class=\"ai-optimize-27\" data-start=\"758\" data-end=\"1088\">O passeio come\u00e7a em pontos de encontro localizados entre o centro e o km 8 da Av. Bustillo ou Av. Pioneros. Ao longo do caminho, voc\u00ea far\u00e1 fronteira com a <strong data-start=\"910\" data-end=\"931\">Lago Nahuel Huapi<\/strong>, admirar o majestoso <strong data-start=\"957\" data-end=\"976\">Hotel Llao Llao<\/strong>, o cl\u00e1ssico <strong data-start=\"993\" data-end=\"1016\">Capela de S\u00e3o Eduardo<\/strong> e o <strong data-start=\"1022\" data-end=\"1040\">Puerto Pa\u00f1uelo<\/strong>, O in\u00edcio da travessia do lago.<\/p>\n<p class=\"ai-optimize-28\" data-start=\"1090\" data-end=\"1241\">Voc\u00ea tamb\u00e9m visitar\u00e1 sites como <strong data-start=\"1125\" data-end=\"1140\">Vila Tacul<\/strong>, o <strong data-start=\"1145\" data-end=\"1163\">Lago escondido<\/strong> e o <strong data-start=\"1169\" data-end=\"1184\">Cerro L\u00f3pez<\/strong>, com intervalos para tirar fotos e se conectar com a paisagem.<\/p>\n<p class=\"ai-optimize-29\" data-start=\"1243\" data-end=\"1484\">A caminhada termina no <strong data-start=\"1272\" data-end=\"1292\">Cerro Campanario<\/strong>, Voc\u00ea pode pegar um telef\u00e9rico para um dos pontos de vista mais impressionantes do planeta. Do topo, a vista panor\u00e2mica dos lagos, montanhas e vales \u00e9 simplesmente de tirar o f\u00f4lego.<\/p>\n<p class=\"ai-optimize-30\" data-start=\"1486\" data-end=\"1665\">As sa\u00eddas s\u00e3o das 8h30min \u00e0s 12h30min ou das 15h \u00e0s 19h. Inclui traslado e guia profissional em espanhol (possibilidade de ser bil\u00edngue). N\u00e3o inclui o passe de telef\u00e9rico nem refei\u00e7\u00f5es.<\/p>\n<h3 class=\"ai-optimize-31\" data-start=\"1672\" data-end=\"1700\"><strong data-start=\"1676\" data-end=\"1700\">Perguntas frequentes<\/strong><\/h3>\n<p class=\"ai-optimize-32\" data-start=\"1702\" data-end=\"1844\"><strong data-start=\"1702\" data-end=\"1746\">Posso combinar esse passeio com outro?<\/strong><br data-start=\"1746\" data-end=\"1749\" \/>\u00c9 claro que \u00e9 ideal adicionar uma visita ao <strong data-start=\"1787\" data-end=\"1805\">Cerro Catedral<\/strong> ou para o <strong data-start=\"1813\" data-end=\"1830\">Ilha Victoria<\/strong> \u00e0 tarde.<\/p>\n<p class=\"ai-optimize-33\" data-start=\"1846\" data-end=\"1951\"><strong data-start=\"1846\" data-end=\"1878\">O telef\u00e9rico est\u00e1 inclu\u00eddo?<\/strong><br data-start=\"1878\" data-end=\"1881\" \/>N\u00e3o, a subida ao Cerro Campanario \u00e9 volunt\u00e1ria e \u00e9 paga no local.<\/p>\n<p class=\"ai-optimize-34\" data-start=\"1953\" data-end=\"2056\"><strong data-start=\"1953\" data-end=\"1986\">Posso entrar no Llao Llao Llao Hotel?<\/strong><br data-start=\"1986\" data-end=\"1989\" \/>N\u00e3o. O passeio inclui apenas a vista externa e seus arredores c\u00eanicos.<\/p>\n<p class=\"ai-optimize-35\" data-start=\"2058\" data-end=\"2192\"><strong data-start=\"2058\" data-end=\"2082\">\u00c9 uma caminhada f\u00edsica?<\/strong><br data-start=\"2082\" data-end=\"2085\" \/>N\u00e3o \u00e9 fisicamente exigente. \u00c9 acess\u00edvel e recomendado para quem est\u00e1 visitando Bariloche pela primeira vez.<\/p>","protected":false},"excerpt":{"rendered":"<p class=\"ai-optimize-21\">Conhe\u00e7a Bariloche com o Circuito Chico e a subida ao Cerro Campanario. Passeie pela pitoresca <strong>Avenida Bustillo<\/strong>, contemplar o majestoso <strong>Hotel Llao Llao<\/strong> e subir at\u00e9 o <strong>Cerro Campanario<\/strong> para contemplar uma vista panor\u00e2mica \u00fanica. Uma experi\u00eancia inesquec\u00edvel de natureza, prazer e aventura.<\/p>","protected":false},"featured_media":258,"comment_status":"open","ping_status":"closed","template":"","meta":[],"product_brand":[],"product_cat":[50,54,55,58,61,65,68,70],"product_tag":[],"class_list":{"0":"post-91","1":"product","2":"type-product","3":"status-publish","4":"has-post-thumbnail","6":"product_cat-adultos","7":"product_cat-con-traslado","8":"product_cat-familia","9":"product_cat-jubilados","10":"product_cat-ninos","11":"product_cat-sin-comida","12":"product_cat-terrestre","13":"product_cat-todo-el-ano","15":"first","16":"instock","17":"virtual","18":"sold-individually","19":"purchasable","20":"product-type-booking"},"booking_location":"","booking_location_type":"","booking_duration":1,"booking_duration_unit":"hour","booking_buffer":0,"booking_cost":0,"booking_resources":[],"exclude_global_add_ons":false,"addons":[{"name":"STD: Passageiros","type":"input_multiplier","position":0,"required":false,"title_format":"label","default":"","description_enable":false,"description":"","placeholder_enable":false,"placeholder":"","display":"select","restrictions_type":"any_text","adjust_price":true,"price":"23400","price_type":"flat_fee","restrictions":false,"min":"0","max":"0","options":[],"id":1773236982}],"yoast_head":"<!-- This site is optimized with the Yoast SEO Premium plugin v25.2 (Yoast SEO v25.2) - https:\/\/yoast.com\/wordpress\/plugins\/seo\/ -->\n<title>Circuito Chico y Cerro Campanario - Cabalgatas Bariloche<\/title>\n<meta name=\"description\" content=\"Descubr\u00ed el Circuito Chico y Cerro Campanario en Bariloche. Miradores incre\u00edbles, lago Nahuel Huapi y paisajes \u00fanicos en una excursi\u00f3n imperdible.\" \/>\n<meta name=\"robots\" content=\"index, follow, max-snippet:-1, max-image-preview:large, max-video-preview:-1\" \/>\n<link rel=\"canonical\" href=\"https:\/\/cabalgatasbariloche.com.ar\/pt\/experiencias-turisticas\/circuito-chico-e-cerro-campanario-descubra-bariloche-como-nunca-antes\/\" \/>\n<meta property=\"og:locale\" content=\"pt_BR\" \/>\n<meta property=\"og:type\" content=\"article\" \/>\n<meta property=\"og:title\" content=\"Circuito Chico y Cerro Campanario: descubr\u00ed Bariloche como nunca antes\" \/>\n<meta property=\"og:description\" content=\"Descubr\u00ed el Circuito Chico y Cerro Campanario en Bariloche. Miradores incre\u00edbles, lago Nahuel Huapi y paisajes \u00fanicos en una excursi\u00f3n imperdible.\" \/>\n<meta property=\"og:url\" content=\"https:\/\/cabalgatasbariloche.com.ar\/pt\/experiencias-turisticas\/circuito-chico-e-cerro-campanario-descubra-bariloche-como-nunca-antes\/\" \/>\n<meta property=\"og:site_name\" content=\"Cabalgatas Bariloche\" \/>\n<meta property=\"article:modified_time\" content=\"2026-04-07T15:13:59+00:00\" \/>\n<meta property=\"og:image\" content=\"https:\/\/cabalgatasbariloche.com.ar\/wp-content\/uploads\/sites\/10\/2025\/08\/7-C-DSC_0197-copia.jpg\" \/>\n\t<meta property=\"og:image:width\" content=\"992\" \/>\n\t<meta property=\"og:image:height\" content=\"1323\" \/>\n\t<meta property=\"og:image:type\" content=\"image\/jpeg\" \/>\n<meta name=\"twitter:card\" content=\"summary_large_image\" \/>\n<meta name=\"twitter:image\" content=\"https:\/\/cabalgatasbariloche.com.ar\/wp-content\/uploads\/sites\/10\/2025\/08\/7-C-DSC_0197-copia.jpg\" \/>\n<meta name=\"twitter:label1\" content=\"Pre\u00e7o\" \/>\n\t<meta name=\"twitter:data1\" content=\"&#036;23,400.00\" \/>\n\t<meta name=\"twitter:label2\" content=\"Disponibilidade\" \/>\n\t<meta name=\"twitter:data2\" content=\"Em Estoque\" \/>\n<script type=\"application\/ld+json\" class=\"yoast-schema-graph\">{\"@context\":\"https:\/\/schema.org\",\"@graph\":[{\"@type\":[\"WebPage\",\"ItemPage\"],\"@id\":\"https:\/\/cabalgatasbariloche.com.ar\/experiencias-turisticas\/circuito-chico-y-cerro-campanario-descubri-bariloche-como-nunca-antes\/\",\"url\":\"https:\/\/cabalgatasbariloche.com.ar\/experiencias-turisticas\/circuito-chico-y-cerro-campanario-descubri-bariloche-como-nunca-antes\/\",\"name\":\"Circuito Chico y Cerro Campanario - Cabalgatas Bariloche\",\"isPartOf\":{\"@id\":\"https:\/\/cabalgatasbariloche.com.ar\/#website\"},\"primaryImageOfPage\":{\"@id\":\"https:\/\/cabalgatasbariloche.com.ar\/experiencias-turisticas\/circuito-chico-y-cerro-campanario-descubri-bariloche-como-nunca-antes\/#primaryimage\"},\"image\":{\"@id\":\"https:\/\/cabalgatasbariloche.com.ar\/experiencias-turisticas\/circuito-chico-y-cerro-campanario-descubri-bariloche-como-nunca-antes\/#primaryimage\"},\"thumbnailUrl\":\"https:\/\/cabalgatasbariloche.com.ar\/wp-content\/uploads\/sites\/10\/2025\/08\/7-C-DSC_0197-copia.jpg\",\"datePublished\":\"2025-08-27T15:19:58+00:00\",\"dateModified\":\"2026-04-07T15:13:59+00:00\",\"description\":\"Descubr\u00ed el Circuito Chico y Cerro Campanario en Bariloche. Miradores incre\u00edbles, lago Nahuel Huapi y paisajes \u00fanicos en una excursi\u00f3n imperdible.\",\"breadcrumb\":{\"@id\":\"https:\/\/cabalgatasbariloche.com.ar\/experiencias-turisticas\/circuito-chico-y-cerro-campanario-descubri-bariloche-como-nunca-antes\/#breadcrumb\"},\"inLanguage\":\"pt-BR\",\"potentialAction\":[{\"@type\":\"ReadAction\",\"target\":[\"https:\/\/cabalgatasbariloche.com.ar\/experiencias-turisticas\/circuito-chico-y-cerro-campanario-descubri-bariloche-como-nunca-antes\/\"]}]},{\"@type\":\"ImageObject\",\"inLanguage\":\"pt-BR\",\"@id\":\"https:\/\/cabalgatasbariloche.com.ar\/experiencias-turisticas\/circuito-chico-y-cerro-campanario-descubri-bariloche-como-nunca-antes\/#primaryimage\",\"url\":\"https:\/\/cabalgatasbariloche.com.ar\/wp-content\/uploads\/sites\/10\/2025\/08\/7-C-DSC_0197-copia.jpg\",\"contentUrl\":\"https:\/\/cabalgatasbariloche.com.ar\/wp-content\/uploads\/sites\/10\/2025\/08\/7-C-DSC_0197-copia.jpg\",\"width\":992,\"height\":1323},{\"@type\":\"BreadcrumbList\",\"@id\":\"https:\/\/cabalgatasbariloche.com.ar\/experiencias-turisticas\/circuito-chico-y-cerro-campanario-descubri-bariloche-como-nunca-antes\/#breadcrumb\",\"itemListElement\":[{\"@type\":\"ListItem\",\"position\":1,\"name\":\"Portada\",\"item\":\"https:\/\/cabalgatasbariloche.com.ar\/\"},{\"@type\":\"ListItem\",\"position\":2,\"name\":\"Tienda\",\"item\":\"https:\/\/cabalgatasbariloche.com.ar\/tienda\/\"},{\"@type\":\"ListItem\",\"position\":3,\"name\":\"Circuito Chico y Cerro Campanario: descubr\u00ed Bariloche como nunca antes\"}]},{\"@type\":\"WebSite\",\"@id\":\"https:\/\/cabalgatasbariloche.com.ar\/#website\",\"url\":\"https:\/\/cabalgatasbariloche.com.ar\/\",\"name\":\"Cabalgatas Bariloche\",\"description\":\"Conocer la estepa y cerros patagonicos\",\"potentialAction\":[{\"@type\":\"SearchAction\",\"target\":{\"@type\":\"EntryPoint\",\"urlTemplate\":\"https:\/\/cabalgatasbariloche.com.ar\/?s={search_term_string}\"},\"query-input\":{\"@type\":\"PropertyValueSpecification\",\"valueRequired\":true,\"valueName\":\"search_term_string\"}}],\"inLanguage\":\"pt-BR\"}]}<\/script>\n<meta property=\"product:price:amount\" content=\"23400.00\" \/>\n<meta property=\"product:price:currency\" content=\"ARS\" \/>\n<meta property=\"og:availability\" content=\"instock\" \/>\n<meta property=\"product:availability\" content=\"instock\" \/>\n<meta property=\"product:retailer_item_id\" content=\"ADV2025CICHYC1KOR\" \/>\n<meta property=\"product:condition\" content=\"new\" \/>\n<!-- \/ Yoast SEO Premium plugin. -->","yoast_head_json":{"title":"Circuito Chico e Cerro Campanario - Passeios a cavalo em Bariloche","description":"Descubra o Circuito Chico e o Cerro Campanario em Bariloche. Mirantes incr\u00edveis, o lago Nahuel Huapi e paisagens \u00fanicas em uma excurs\u00e3o imperd\u00edvel.","robots":{"index":"index","follow":"follow","max-snippet":"max-snippet:-1","max-image-preview":"max-image-preview:large","max-video-preview":"max-video-preview:-1"},"canonical":"https:\/\/cabalgatasbariloche.com.ar\/pt\/experiencias-turisticas\/circuito-chico-e-cerro-campanario-descubra-bariloche-como-nunca-antes\/","og_locale":"pt_BR","og_type":"article","og_title":"Circuito Chico y Cerro Campanario: descubr\u00ed Bariloche como nunca antes","og_description":"Descubr\u00ed el Circuito Chico y Cerro Campanario en Bariloche. Miradores incre\u00edbles, lago Nahuel Huapi y paisajes \u00fanicos en una excursi\u00f3n imperdible.","og_url":"https:\/\/cabalgatasbariloche.com.ar\/pt\/experiencias-turisticas\/circuito-chico-e-cerro-campanario-descubra-bariloche-como-nunca-antes\/","og_site_name":"Cabalgatas Bariloche","article_modified_time":"2026-04-07T15:13:59+00:00","og_image":[{"width":992,"height":1323,"url":"https:\/\/cabalgatasbariloche.com.ar\/wp-content\/uploads\/sites\/10\/2025\/08\/7-C-DSC_0197-copia.jpg","type":"image\/jpeg"}],"twitter_card":"summary_large_image","twitter_image":"https:\/\/cabalgatasbariloche.com.ar\/wp-content\/uploads\/sites\/10\/2025\/08\/7-C-DSC_0197-copia.jpg","twitter_misc":{"Pre\u00e7o":"&#36;23,400.00","Disponibilidade":"Em Estoque"},"schema":{"@context":"https:\/\/schema.org","@graph":[{"@type":["WebPage","ItemPage"],"@id":"https:\/\/cabalgatasbariloche.com.ar\/experiencias-turisticas\/circuito-chico-y-cerro-campanario-descubri-bariloche-como-nunca-antes\/","url":"https:\/\/cabalgatasbariloche.com.ar\/experiencias-turisticas\/circuito-chico-y-cerro-campanario-descubri-bariloche-como-nunca-antes\/","name":"Circuito Chico e Cerro Campanario - Passeios a cavalo em Bariloche","isPartOf":{"@id":"https:\/\/cabalgatasbariloche.com.ar\/#website"},"primaryImageOfPage":{"@id":"https:\/\/cabalgatasbariloche.com.ar\/experiencias-turisticas\/circuito-chico-y-cerro-campanario-descubri-bariloche-como-nunca-antes\/#primaryimage"},"image":{"@id":"https:\/\/cabalgatasbariloche.com.ar\/experiencias-turisticas\/circuito-chico-y-cerro-campanario-descubri-bariloche-como-nunca-antes\/#primaryimage"},"thumbnailUrl":"https:\/\/cabalgatasbariloche.com.ar\/wp-content\/uploads\/sites\/10\/2025\/08\/7-C-DSC_0197-copia.jpg","datePublished":"2025-08-27T15:19:58+00:00","dateModified":"2026-04-07T15:13:59+00:00","description":"Descubra o Circuito Chico e o Cerro Campanario em Bariloche. Mirantes incr\u00edveis, o lago Nahuel Huapi e paisagens \u00fanicas em uma excurs\u00e3o imperd\u00edvel.","breadcrumb":{"@id":"https:\/\/cabalgatasbariloche.com.ar\/experiencias-turisticas\/circuito-chico-y-cerro-campanario-descubri-bariloche-como-nunca-antes\/#breadcrumb"},"inLanguage":"pt-BR","potentialAction":[{"@type":"ReadAction","target":["https:\/\/cabalgatasbariloche.com.ar\/experiencias-turisticas\/circuito-chico-y-cerro-campanario-descubri-bariloche-como-nunca-antes\/"]}]},{"@type":"ImageObject","inLanguage":"pt-BR","@id":"https:\/\/cabalgatasbariloche.com.ar\/experiencias-turisticas\/circuito-chico-y-cerro-campanario-descubri-bariloche-como-nunca-antes\/#primaryimage","url":"https:\/\/cabalgatasbariloche.com.ar\/wp-content\/uploads\/sites\/10\/2025\/08\/7-C-DSC_0197-copia.jpg","contentUrl":"https:\/\/cabalgatasbariloche.com.ar\/wp-content\/uploads\/sites\/10\/2025\/08\/7-C-DSC_0197-copia.jpg","width":992,"height":1323},{"@type":"BreadcrumbList","@id":"https:\/\/cabalgatasbariloche.com.ar\/experiencias-turisticas\/circuito-chico-y-cerro-campanario-descubri-bariloche-como-nunca-antes\/#breadcrumb","itemListElement":[{"@type":"ListItem","position":1,"name":"Portada","item":"https:\/\/cabalgatasbariloche.com.ar\/"},{"@type":"ListItem","position":2,"name":"Tienda","item":"https:\/\/cabalgatasbariloche.com.ar\/tienda\/"},{"@type":"ListItem","position":3,"name":"Circuito Chico y Cerro Campanario: descubr\u00ed Bariloche como nunca antes"}]},{"@type":"WebSite","@id":"https:\/\/cabalgatasbariloche.com.ar\/#website","url":"https:\/\/cabalgatasbariloche.com.ar\/","name":"Cavalgadas em Bariloche","description":"Conhecendo a estepe e as montanhas da Patag\u00f4nia","potentialAction":[{"@type":"SearchAction","target":{"@type":"EntryPoint","urlTemplate":"https:\/\/cabalgatasbariloche.com.ar\/?s={search_term_string}"},"query-input":{"@type":"PropertyValueSpecification","valueRequired":true,"valueName":"search_term_string"}}],"inLanguage":"pt-BR"}]},"product_price_amount":"23400.00","product_price_currency":"ARS","og_availability":"instock","product_availability":"instock","product_retailer_item_id":"ADV2025CICHYC1KOR","product_condition":"new"},"_links":{"self":[{"href":"https:\/\/cabalgatasbariloche.com.ar\/pt\/wp-json\/wp\/v2\/product\/91","targetHints":{"allow":["GET"]}}],"collection":[{"href":"https:\/\/cabalgatasbariloche.com.ar\/pt\/wp-json\/wp\/v2\/product"}],"about":[{"href":"https:\/\/cabalgatasbariloche.com.ar\/pt\/wp-json\/wp\/v2\/types\/product"}],"replies":[{"embeddable":true,"href":"https:\/\/cabalgatasbariloche.com.ar\/pt\/wp-json\/wp\/v2\/comments?post=91"}],"wp:featuredmedia":[{"embeddable":true,"href":"https:\/\/cabalgatasbariloche.com.ar\/pt\/wp-json\/wp\/v2\/media\/258"}],"wp:attachment":[{"href":"https:\/\/cabalgatasbariloche.com.ar\/pt\/wp-json\/wp\/v2\/media?parent=91"}],"wp:term":[{"taxonomy":"product_brand","embeddable":true,"href":"https:\/\/cabalgatasbariloche.com.ar\/pt\/wp-json\/wp\/v2\/product_brand?post=91"},{"taxonomy":"product_cat","embeddable":true,"href":"https:\/\/cabalgatasbariloche.com.ar\/pt\/wp-json\/wp\/v2\/product_cat?post=91"},{"taxonomy":"product_tag","embeddable":true,"href":"https:\/\/cabalgatasbariloche.com.ar\/pt\/wp-json\/wp\/v2\/product_tag?post=91"}],"curies":[{"name":"wp","href":"https:\/\/api.w.org\/{rel}","templated":true}]}}