{"id":90,"date":"2025-08-27T12:19:11","date_gmt":"2025-08-27T15:19:11","guid":{"rendered":"https:\/\/cabalgatasbariloche.com.ar\/producto\/san-martin-de-los-andes-por-los-7-lagos-paisajes-miradores-y-escenas-unicas-de-la-patagonia\/"},"modified":"2026-03-31T12:14:44","modified_gmt":"2026-03-31T15:14:44","slug":"san-martin-de-los-andes-por-los-7-lagos-paisajes-miradores-y-escenas-unicas-de-la-patagonia","status":"publish","type":"product","link":"https:\/\/cabalgatasbariloche.com.ar\/pt\/experiencias-turisticas\/san-martin-de-los-andes-pelos-7-lagos-paisagens-pontos-de-vista-e-cenas-unicas-da-patagonia\/","title":{"rendered":"San Mart\u00edn de los Andes pelos 7 lagos: paisagens, pontos de vista e cenas \u00fanicas da Patag\u00f4nia"},"content":{"rendered":"<h2>Descubra a incr\u00edvel rota que leva a San Mart\u00edn de los Andes<\/h2>\n<p>Experimente um tipo diferente de viagem, come\u00e7ando em Bariloche e indo em dire\u00e7\u00e3o \u00e0 bela San Martin de los Andes. Essa viagem pela <strong>Rota Nacional 40<\/strong> conecta voc\u00ea a um cen\u00e1rio incompar\u00e1vel, passando pela pitoresca <strong>Dina Huapi<\/strong>, do outro lado do rio <strong>Limay<\/strong>, e mergulhar no imponente <strong>Parque Nacional Nahuel Huapi<\/strong>.<\/p>\n<h3>Um ambiente natural incompar\u00e1vel<\/h3>\n<p>Na rota, voc\u00ea descobrir\u00e1 as paisagens hipn\u00f3ticas da <strong>lagos Espejo, Correntoso, Escondido, Villarino, Falkner, Mach\u00f4nico<\/strong>, ao lado do majestoso <strong>Lago L\u00e1car<\/strong> que est\u00e1 no centro do <strong>Parque Nacional Lan\u00edn<\/strong>. Cada pausa o convida a sentir a pureza do ambiente e a levar para casa experi\u00eancias memor\u00e1veis.<\/p>\n<h3>A magia de San Mart\u00edn de los Andes<\/h3>\n<p>Depois de chegar a San Martin de los Andes, uma cidade encantadora cercada por montanhas espetaculares e \u00e1guas cristalinas espera por voc\u00ea. Passeie por suas belas ruas, explore as lojas de artesanato ou relaxe em um caf\u00e9 com uma bebida. <strong>incr\u00edvel vista panor\u00e2mica<\/strong> no Lago L\u00e1car.<\/p>\n<h3>Detalhes da rota<\/h3>\n<ul>\n<li><strong>Rota:<\/strong> Viagem guiada por terra, incluindo Villa La Angostura e a Rota dos 7 Lagos.<\/li>\n<li><strong>Hor\u00e1rio:<\/strong> Das 8:00 \u00e0s 18:30, aproximadamente.<\/li>\n<li><strong>Servi\u00e7o inclu\u00eddo:<\/strong> Traslado e guia em espanhol (guia bil\u00edngue dispon\u00edvel por um custo adicional).<\/li>\n<li><strong>N\u00e3o inclu\u00eddo:<\/strong> Refei\u00e7\u00f5es (h\u00e1 \u00e1reas de descanso durante a excurs\u00e3o).<\/li>\n<\/ul>\n<p>Aproveite essa alternativa maravilhosa para descobrir a verdadeira Patag\u00f4nia.<\/p>\n<h2>Perguntas frequentes<\/h2>\n<ul>\n<li><strong>O que acontece se houver chuva ou neve durante a excurs\u00e3o?<\/strong><br \/>\nA experi\u00eancia \u00e9 normalmente realizada mesmo se chover ou nevar, pois isso \u00e9 frequente na regi\u00e3o da Patag\u00f4nia.<\/li>\n<li><strong>Os passeios de barco nos lagos est\u00e3o inclu\u00eddos?<\/strong><br \/>\nN\u00e3o, a excurs\u00e3o \u00e9 feita por terra em micro\u00f4nibus, com espa\u00e7os para fotos e visitas em San Mart\u00edn de los Andes e Villa La Angostura.<\/li>\n<li><strong>Haver\u00e1 paradas ao longo do caminho?<\/strong><br \/>\nSim, h\u00e1 paradas programadas e uma parada principal em San Martin de los Andes para almo\u00e7o e um passeio pelo destino.<\/li>\n<li><strong>Existe a op\u00e7\u00e3o de terminar em outro lugar?<\/strong><br \/>\nSim, voc\u00ea pode optar por terminar em Villa La Angostura ou San Martin de los Andes, levando sua bagagem com voc\u00ea.<\/li>\n<li><strong>\u00c9 poss\u00edvel retornar no dia seguinte?<\/strong><br \/>\nA viagem termina no mesmo dia. Se quiser ficar mais tempo, \u00e9 preciso planejar e pagar pelo retorno.<\/li>\n<\/ul>","protected":false},"excerpt":{"rendered":"<h2 class=\"ai-optimize-21\">Uma aventura \u00fanica est\u00e1 esperando por voc\u00ea<\/h2>\n<p class=\"ai-optimize-22\">Deixe que os arredores o deslumbrem ao passar pelo <strong>rota dos 7 lagos<\/strong> rumo a San Mart\u00edn de los Andes. Descubra vistas espetaculares e conhe\u00e7a uma cidade m\u00e1gica cercada pela natureza, reserve seu lugar e aproveite essa viagem \u00fanica!<\/p>","protected":false},"featured_media":261,"comment_status":"open","ping_status":"closed","template":"","meta":[],"product_brand":[],"product_cat":[50,54,55,58,61,65,68,70],"product_tag":[],"class_list":{"0":"post-90","1":"product","2":"type-product","3":"status-publish","4":"has-post-thumbnail","6":"product_cat-adultos","7":"product_cat-con-traslado","8":"product_cat-familia","9":"product_cat-jubilados","10":"product_cat-ninos","11":"product_cat-sin-comida","12":"product_cat-terrestre","13":"product_cat-todo-el-ano","15":"first","16":"instock","17":"virtual","18":"sold-individually","19":"purchasable","20":"product-type-booking"},"booking_location":"","booking_location_type":"","booking_duration":1,"booking_duration_unit":"hour","booking_buffer":0,"booking_cost":0,"booking_resources":[],"exclude_global_add_ons":false,"addons":[{"name":"STD: Passageiros","type":"input_multiplier","position":0,"required":false,"title_format":"label","default":"","description_enable":false,"description":"","placeholder_enable":false,"placeholder":"","display":"select","restrictions_type":"any_text","adjust_price":true,"price":"71400","price_type":"flat_fee","restrictions":false,"min":"0","max":"0","options":[],"id":1773237111}],"yoast_head":"<!-- This site is optimized with the Yoast SEO Premium plugin v25.2 (Yoast SEO v25.2) - https:\/\/yoast.com\/wordpress\/plugins\/seo\/ -->\n<title>San Mart\u00edn de los Andes por los 7 Lagos: Paisajes, Miradores y Escenas \u00danicas de la Patagonia - Cabalgatas Bariloche<\/title>\n<meta name=\"robots\" content=\"index, follow, max-snippet:-1, max-image-preview:large, max-video-preview:-1\" \/>\n<link rel=\"canonical\" href=\"https:\/\/cabalgatasbariloche.com.ar\/pt\/experiencias-turisticas\/san-martin-de-los-andes-pelos-7-lagos-paisagens-pontos-de-vista-e-cenas-unicas-da-patagonia\/\" \/>\n<meta property=\"og:locale\" content=\"pt_BR\" \/>\n<meta property=\"og:type\" content=\"article\" \/>\n<meta property=\"og:title\" content=\"San Mart\u00edn de los Andes por los 7 Lagos: Paisajes, Miradores y Escenas \u00danicas de la Patagonia\" \/>\n<meta property=\"og:description\" content=\"Una aventura \u00fanica te est\u00e1 esperando Dej\u00e1 que el entorno te deslumbre mientras atraves\u00e1s la ruta de los 7 lagos rumbo a San Mart\u00edn de los Andes. Descubr\u00ed vistas espectaculares y conoc\u00e9 una ciudad m\u00e1gica rodeada de naturaleza. \u00a1Reserv\u00e1 tu cupo y disfrut\u00e1 esta traves\u00eda inigualable!\" \/>\n<meta property=\"og:url\" content=\"https:\/\/cabalgatasbariloche.com.ar\/pt\/experiencias-turisticas\/san-martin-de-los-andes-pelos-7-lagos-paisagens-pontos-de-vista-e-cenas-unicas-da-patagonia\/\" \/>\n<meta property=\"og:site_name\" content=\"Cabalgatas Bariloche\" \/>\n<meta property=\"article:modified_time\" content=\"2026-03-31T15:14:44+00:00\" \/>\n<meta property=\"og:image\" content=\"https:\/\/cabalgatasbariloche.com.ar\/wp-content\/uploads\/sites\/10\/2025\/08\/9-D-IMG_2727.jpg\" \/>\n\t<meta property=\"og:image:width\" content=\"850\" \/>\n\t<meta property=\"og:image:height\" content=\"1133\" \/>\n\t<meta property=\"og:image:type\" content=\"image\/jpeg\" \/>\n<meta name=\"twitter:card\" content=\"summary_large_image\" \/>\n<meta name=\"twitter:label1\" content=\"Pre\u00e7o\" \/>\n\t<meta name=\"twitter:data1\" content=\"&#036;71,400.00\" \/>\n\t<meta name=\"twitter:label2\" content=\"Disponibilidade\" \/>\n\t<meta name=\"twitter:data2\" content=\"Em Estoque\" \/>\n<script type=\"application\/ld+json\" class=\"yoast-schema-graph\">{\"@context\":\"https:\/\/schema.org\",\"@graph\":[{\"@type\":[\"WebPage\",\"ItemPage\"],\"@id\":\"https:\/\/cabalgatasbariloche.com.ar\/experiencias-turisticas\/san-martin-de-los-andes-por-los-7-lagos-paisajes-miradores-y-escenas-unicas-de-la-patagonia\/\",\"url\":\"https:\/\/cabalgatasbariloche.com.ar\/experiencias-turisticas\/san-martin-de-los-andes-por-los-7-lagos-paisajes-miradores-y-escenas-unicas-de-la-patagonia\/\",\"name\":\"San Mart\u00edn de los Andes por los 7 Lagos: Paisajes, Miradores y Escenas \u00danicas de la Patagonia - Cabalgatas Bariloche\",\"isPartOf\":{\"@id\":\"https:\/\/cabalgatasbariloche.com.ar\/#website\"},\"primaryImageOfPage\":{\"@id\":\"https:\/\/cabalgatasbariloche.com.ar\/experiencias-turisticas\/san-martin-de-los-andes-por-los-7-lagos-paisajes-miradores-y-escenas-unicas-de-la-patagonia\/#primaryimage\"},\"image\":{\"@id\":\"https:\/\/cabalgatasbariloche.com.ar\/experiencias-turisticas\/san-martin-de-los-andes-por-los-7-lagos-paisajes-miradores-y-escenas-unicas-de-la-patagonia\/#primaryimage\"},\"thumbnailUrl\":\"https:\/\/cabalgatasbariloche.com.ar\/wp-content\/uploads\/sites\/10\/2025\/08\/9-D-IMG_2727.jpg\",\"datePublished\":\"2025-08-27T15:19:11+00:00\",\"dateModified\":\"2026-03-31T15:14:44+00:00\",\"breadcrumb\":{\"@id\":\"https:\/\/cabalgatasbariloche.com.ar\/experiencias-turisticas\/san-martin-de-los-andes-por-los-7-lagos-paisajes-miradores-y-escenas-unicas-de-la-patagonia\/#breadcrumb\"},\"inLanguage\":\"pt-BR\",\"potentialAction\":[{\"@type\":\"ReadAction\",\"target\":[\"https:\/\/cabalgatasbariloche.com.ar\/experiencias-turisticas\/san-martin-de-los-andes-por-los-7-lagos-paisajes-miradores-y-escenas-unicas-de-la-patagonia\/\"]}]},{\"@type\":\"ImageObject\",\"inLanguage\":\"pt-BR\",\"@id\":\"https:\/\/cabalgatasbariloche.com.ar\/experiencias-turisticas\/san-martin-de-los-andes-por-los-7-lagos-paisajes-miradores-y-escenas-unicas-de-la-patagonia\/#primaryimage\",\"url\":\"https:\/\/cabalgatasbariloche.com.ar\/wp-content\/uploads\/sites\/10\/2025\/08\/9-D-IMG_2727.jpg\",\"contentUrl\":\"https:\/\/cabalgatasbariloche.com.ar\/wp-content\/uploads\/sites\/10\/2025\/08\/9-D-IMG_2727.jpg\",\"width\":850,\"height\":1133},{\"@type\":\"BreadcrumbList\",\"@id\":\"https:\/\/cabalgatasbariloche.com.ar\/experiencias-turisticas\/san-martin-de-los-andes-por-los-7-lagos-paisajes-miradores-y-escenas-unicas-de-la-patagonia\/#breadcrumb\",\"itemListElement\":[{\"@type\":\"ListItem\",\"position\":1,\"name\":\"Portada\",\"item\":\"https:\/\/cabalgatasbariloche.com.ar\/\"},{\"@type\":\"ListItem\",\"position\":2,\"name\":\"Tienda\",\"item\":\"https:\/\/cabalgatasbariloche.com.ar\/tienda\/\"},{\"@type\":\"ListItem\",\"position\":3,\"name\":\"San Mart\u00edn de los Andes por los 7 Lagos: Paisajes, Miradores y Escenas \u00danicas de la Patagonia\"}]},{\"@type\":\"WebSite\",\"@id\":\"https:\/\/cabalgatasbariloche.com.ar\/#website\",\"url\":\"https:\/\/cabalgatasbariloche.com.ar\/\",\"name\":\"Cabalgatas Bariloche\",\"description\":\"Conocer la estepa y cerros patagonicos\",\"potentialAction\":[{\"@type\":\"SearchAction\",\"target\":{\"@type\":\"EntryPoint\",\"urlTemplate\":\"https:\/\/cabalgatasbariloche.com.ar\/?s={search_term_string}\"},\"query-input\":{\"@type\":\"PropertyValueSpecification\",\"valueRequired\":true,\"valueName\":\"search_term_string\"}}],\"inLanguage\":\"pt-BR\"}]}<\/script>\n<meta property=\"product:price:amount\" content=\"71400.00\" \/>\n<meta property=\"product:price:currency\" content=\"ARS\" \/>\n<meta property=\"og:availability\" content=\"instock\" \/>\n<meta property=\"product:availability\" content=\"instock\" \/>\n<meta property=\"product:retailer_item_id\" content=\"ADV2025SAMADEQ219\" \/>\n<meta property=\"product:condition\" content=\"new\" \/>\n<!-- \/ Yoast SEO Premium plugin. -->","yoast_head_json":{"title":"San Mart\u00edn de los Andes pelos 7 lagos: paisagens, mirantes e cenas \u00fanicas da Patag\u00f4nia - Cavalgadas em Bariloche","robots":{"index":"index","follow":"follow","max-snippet":"max-snippet:-1","max-image-preview":"max-image-preview:large","max-video-preview":"max-video-preview:-1"},"canonical":"https:\/\/cabalgatasbariloche.com.ar\/pt\/experiencias-turisticas\/san-martin-de-los-andes-pelos-7-lagos-paisagens-pontos-de-vista-e-cenas-unicas-da-patagonia\/","og_locale":"pt_BR","og_type":"article","og_title":"San Mart\u00edn de los Andes por los 7 Lagos: Paisajes, Miradores y Escenas \u00danicas de la Patagonia","og_description":"Una aventura \u00fanica te est\u00e1 esperando Dej\u00e1 que el entorno te deslumbre mientras atraves\u00e1s la ruta de los 7 lagos rumbo a San Mart\u00edn de los Andes. Descubr\u00ed vistas espectaculares y conoc\u00e9 una ciudad m\u00e1gica rodeada de naturaleza. \u00a1Reserv\u00e1 tu cupo y disfrut\u00e1 esta traves\u00eda inigualable!","og_url":"https:\/\/cabalgatasbariloche.com.ar\/pt\/experiencias-turisticas\/san-martin-de-los-andes-pelos-7-lagos-paisagens-pontos-de-vista-e-cenas-unicas-da-patagonia\/","og_site_name":"Cabalgatas Bariloche","article_modified_time":"2026-03-31T15:14:44+00:00","og_image":[{"width":850,"height":1133,"url":"https:\/\/cabalgatasbariloche.com.ar\/wp-content\/uploads\/sites\/10\/2025\/08\/9-D-IMG_2727.jpg","type":"image\/jpeg"}],"twitter_card":"summary_large_image","twitter_misc":{"Pre\u00e7o":"&#36;71,400.00","Disponibilidade":"Em Estoque"},"schema":{"@context":"https:\/\/schema.org","@graph":[{"@type":["WebPage","ItemPage"],"@id":"https:\/\/cabalgatasbariloche.com.ar\/experiencias-turisticas\/san-martin-de-los-andes-por-los-7-lagos-paisajes-miradores-y-escenas-unicas-de-la-patagonia\/","url":"https:\/\/cabalgatasbariloche.com.ar\/experiencias-turisticas\/san-martin-de-los-andes-por-los-7-lagos-paisajes-miradores-y-escenas-unicas-de-la-patagonia\/","name":"San Mart\u00edn de los Andes pelos 7 lagos: paisagens, mirantes e cenas \u00fanicas da Patag\u00f4nia - Cavalgadas em Bariloche","isPartOf":{"@id":"https:\/\/cabalgatasbariloche.com.ar\/#website"},"primaryImageOfPage":{"@id":"https:\/\/cabalgatasbariloche.com.ar\/experiencias-turisticas\/san-martin-de-los-andes-por-los-7-lagos-paisajes-miradores-y-escenas-unicas-de-la-patagonia\/#primaryimage"},"image":{"@id":"https:\/\/cabalgatasbariloche.com.ar\/experiencias-turisticas\/san-martin-de-los-andes-por-los-7-lagos-paisajes-miradores-y-escenas-unicas-de-la-patagonia\/#primaryimage"},"thumbnailUrl":"https:\/\/cabalgatasbariloche.com.ar\/wp-content\/uploads\/sites\/10\/2025\/08\/9-D-IMG_2727.jpg","datePublished":"2025-08-27T15:19:11+00:00","dateModified":"2026-03-31T15:14:44+00:00","breadcrumb":{"@id":"https:\/\/cabalgatasbariloche.com.ar\/experiencias-turisticas\/san-martin-de-los-andes-por-los-7-lagos-paisajes-miradores-y-escenas-unicas-de-la-patagonia\/#breadcrumb"},"inLanguage":"pt-BR","potentialAction":[{"@type":"ReadAction","target":["https:\/\/cabalgatasbariloche.com.ar\/experiencias-turisticas\/san-martin-de-los-andes-por-los-7-lagos-paisajes-miradores-y-escenas-unicas-de-la-patagonia\/"]}]},{"@type":"ImageObject","inLanguage":"pt-BR","@id":"https:\/\/cabalgatasbariloche.com.ar\/experiencias-turisticas\/san-martin-de-los-andes-por-los-7-lagos-paisajes-miradores-y-escenas-unicas-de-la-patagonia\/#primaryimage","url":"https:\/\/cabalgatasbariloche.com.ar\/wp-content\/uploads\/sites\/10\/2025\/08\/9-D-IMG_2727.jpg","contentUrl":"https:\/\/cabalgatasbariloche.com.ar\/wp-content\/uploads\/sites\/10\/2025\/08\/9-D-IMG_2727.jpg","width":850,"height":1133},{"@type":"BreadcrumbList","@id":"https:\/\/cabalgatasbariloche.com.ar\/experiencias-turisticas\/san-martin-de-los-andes-por-los-7-lagos-paisajes-miradores-y-escenas-unicas-de-la-patagonia\/#breadcrumb","itemListElement":[{"@type":"ListItem","position":1,"name":"Portada","item":"https:\/\/cabalgatasbariloche.com.ar\/"},{"@type":"ListItem","position":2,"name":"Tienda","item":"https:\/\/cabalgatasbariloche.com.ar\/tienda\/"},{"@type":"ListItem","position":3,"name":"San Mart\u00edn de los Andes por los 7 Lagos: Paisajes, Miradores y Escenas \u00danicas de la Patagonia"}]},{"@type":"WebSite","@id":"https:\/\/cabalgatasbariloche.com.ar\/#website","url":"https:\/\/cabalgatasbariloche.com.ar\/","name":"Cavalgadas em Bariloche","description":"Conhecendo a estepe e as montanhas da Patag\u00f4nia","potentialAction":[{"@type":"SearchAction","target":{"@type":"EntryPoint","urlTemplate":"https:\/\/cabalgatasbariloche.com.ar\/?s={search_term_string}"},"query-input":{"@type":"PropertyValueSpecification","valueRequired":true,"valueName":"search_term_string"}}],"inLanguage":"pt-BR"}]},"product_price_amount":"71400.00","product_price_currency":"ARS","og_availability":"instock","product_availability":"instock","product_retailer_item_id":"ADV2025SAMADEQ219","product_condition":"new"},"_links":{"self":[{"href":"https:\/\/cabalgatasbariloche.com.ar\/pt\/wp-json\/wp\/v2\/product\/90","targetHints":{"allow":["GET"]}}],"collection":[{"href":"https:\/\/cabalgatasbariloche.com.ar\/pt\/wp-json\/wp\/v2\/product"}],"about":[{"href":"https:\/\/cabalgatasbariloche.com.ar\/pt\/wp-json\/wp\/v2\/types\/product"}],"replies":[{"embeddable":true,"href":"https:\/\/cabalgatasbariloche.com.ar\/pt\/wp-json\/wp\/v2\/comments?post=90"}],"wp:featuredmedia":[{"embeddable":true,"href":"https:\/\/cabalgatasbariloche.com.ar\/pt\/wp-json\/wp\/v2\/media\/261"}],"wp:attachment":[{"href":"https:\/\/cabalgatasbariloche.com.ar\/pt\/wp-json\/wp\/v2\/media?parent=90"}],"wp:term":[{"taxonomy":"product_brand","embeddable":true,"href":"https:\/\/cabalgatasbariloche.com.ar\/pt\/wp-json\/wp\/v2\/product_brand?post=90"},{"taxonomy":"product_cat","embeddable":true,"href":"https:\/\/cabalgatasbariloche.com.ar\/pt\/wp-json\/wp\/v2\/product_cat?post=90"},{"taxonomy":"product_tag","embeddable":true,"href":"https:\/\/cabalgatasbariloche.com.ar\/pt\/wp-json\/wp\/v2\/product_tag?post=90"}],"curies":[{"name":"wp","href":"https:\/\/api.w.org\/{rel}","templated":true}]}}