{"id":89,"date":"2025-08-27T12:18:32","date_gmt":"2025-08-27T15:18:32","guid":{"rendered":"https:\/\/cabalgatasbariloche.com.ar\/producto\/cerro-tronador-y-ventisquero-negro-recorrido-integral-por-el-corazon-de-la-patagonia\/"},"modified":"2026-04-07T12:13:59","modified_gmt":"2026-04-07T15:13:59","slug":"cerro-tronador-y-ventisquero-negro-recorrido-integral-por-el-corazon-de-la-patagonia","status":"publish","type":"product","link":"https:\/\/cabalgatasbariloche.com.ar\/pt\/experiencias-turisticas\/tour-integral-pelo-cerro-tronador-e-ventisquero-negro-no-coracao-da-patagonia\/","title":{"rendered":"Cerro Tronador e Ventisquero Negro: um passeio completo pelo cora\u00e7\u00e3o da Patag\u00f4nia"},"content":{"rendered":"<h3 class=\"ai-optimize-23\" data-start=\"470\" data-end=\"552\"><strong data-start=\"474\" data-end=\"552\">Viva uma experi\u00eancia em uma das paisagens mais emblem\u00e1ticas dos Andes Patag\u00f4nicos.<\/strong><\/h3>\n<p class=\"ai-optimize-24 ai-optimize-introduction\" data-start=\"554\" data-end=\"888\">Esse passeio lhe oferece a chance de explorar um dos cen\u00e1rios mais fascinantes do Parque Nacional Nahuel Huapi. O <strong data-start=\"666\" data-end=\"684\">Serra do Tronador<\/strong>, A Patag\u00f4nia, famosa por sua neve perp\u00e9tua e geleiras din\u00e2micas, \u00e9 um s\u00edmbolo da Patag\u00f4nia argentina e um lugar favorito para aqueles que buscam paisagens deslumbrantes e atividades ao ar livre.<\/p>\n<p class=\"ai-optimize-25\" data-start=\"890\" data-end=\"1248\">Sua viagem parte de pontos de encontro em Bariloche (do centro at\u00e9 o km 8 da Av. Bustillo ou Av. Pioneros), seguindo a estrada que acompanha os lagos Gutierrez e Mascardi. Ao longo do caminho, s\u00e3o feitas paradas para fotos em locais como <strong data-start=\"1147\" data-end=\"1162\">Praia Negra<\/strong> e o <strong data-start=\"1168\" data-end=\"1198\">Mirante da Ilha do Cora\u00e7\u00e3o<\/strong>, e uma pausa no acampamento Los R\u00e1pidos.<\/p>\n<p class=\"ai-optimize-26\" data-start=\"1250\" data-end=\"1591\">A caminhada continua at\u00e9 o <strong data-start=\"1287\" data-end=\"1308\">Neve Negra<\/strong>, Uma geleira em movimento descendo dos picos do Cerro Tronador. Daqui, voc\u00ea ver\u00e1 o contraste impressionante entre o gelo escuro e os picos cobertos de neve. Em <strong data-start=\"1490\" data-end=\"1505\">Pampa Linda<\/strong>, Voc\u00ea ter\u00e1 tempo livre para almo\u00e7ar nos paradores da regi\u00e3o e aproveitar os arredores.<\/p>\n<p class=\"ai-optimize-27\" data-start=\"1593\" data-end=\"1835\">A sa\u00edda \u00e9 das 9:00 \u00e0s 18:30 hs, aproximadamente, e inclui traslado, guia em espanhol e paradas destinadas a conhecer essa joia natural em detalhes. As refei\u00e7\u00f5es n\u00e3o est\u00e3o inclu\u00eddas, nem a taxa de entrada no Parque Nacional, que \u00e9 paga separadamente.<\/p>\n<h3 class=\"ai-optimize-28\" data-start=\"1842\" data-end=\"1870\"><strong data-start=\"1846\" data-end=\"1870\">Perguntas frequentes<\/strong><\/h3>\n<p class=\"ai-optimize-29\" data-start=\"1872\" data-end=\"2010\"><strong data-start=\"1872\" data-end=\"1908\">A prepara\u00e7\u00e3o f\u00edsica \u00e9 necess\u00e1ria?<\/strong><br data-start=\"1908\" data-end=\"1911\" \/>N\u00e3o. \u00c9 um circuito de ve\u00edculos com caminhadas curtas em pontos c\u00eanicos. Ideal para todos os tipos de pessoas.<\/p>\n<p class=\"ai-optimize-30\" data-start=\"2012\" data-end=\"2124\"><strong data-start=\"2012\" data-end=\"2038\">Onde voc\u00ea pode comer?<\/strong><br data-start=\"2038\" data-end=\"2041\" \/>Em Pampa Linda, h\u00e1 pousadas onde voc\u00ea pode experimentar pratos e bebidas regionais.<\/p>\n<p class=\"ai-optimize-31\" data-start=\"2126\" data-end=\"2290\"><strong data-start=\"2126\" data-end=\"2160\">O que levar para o passeio?<\/strong><br data-start=\"2160\" data-end=\"2163\" \/>Roupas adequadas, agasalhos, cal\u00e7ados confort\u00e1veis para trekking, protetor solar, \u00e1gua e algum dinheiro para a entrada no parque e o almo\u00e7o.<\/p>\n<p class=\"ai-optimize-32\" data-start=\"2292\" data-end=\"2476\"><strong data-start=\"2292\" data-end=\"2322\">O que est\u00e1 inclu\u00eddo no passeio?<\/strong><br data-start=\"2322\" data-end=\"2325\" \/>Transporte de ida e volta desde os pontos de partida, guia tur\u00edstico e o circuito completo. N\u00e3o inclui almo\u00e7o ou entrada no Parque Nacional Nahuel Huapi.<\/p>","protected":false},"excerpt":{"rendered":"<p class=\"ai-optimize-21\">Viva uma experi\u00eancia \u00fanica no Parque Nacional Nahuel Huapi, explorando a beleza imponente do Cerro Tronador e o misterioso Glaciar Ventisquero Negro. O equil\u00edbrio certo entre natureza, aventura e relaxamento.<\/p>","protected":false},"featured_media":268,"comment_status":"open","ping_status":"closed","template":"","meta":[],"product_brand":[],"product_cat":[50,54,55,58,61,65,68,70],"product_tag":[],"class_list":{"0":"post-89","1":"product","2":"type-product","3":"status-publish","4":"has-post-thumbnail","6":"product_cat-adultos","7":"product_cat-con-traslado","8":"product_cat-familia","9":"product_cat-jubilados","10":"product_cat-ninos","11":"product_cat-sin-comida","12":"product_cat-terrestre","13":"product_cat-todo-el-ano","15":"first","16":"instock","17":"virtual","18":"sold-individually","19":"purchasable","20":"product-type-booking"},"booking_location":"","booking_location_type":"","booking_duration":1,"booking_duration_unit":"hour","booking_buffer":0,"booking_cost":0,"booking_resources":[],"exclude_global_add_ons":false,"addons":[{"name":"STD: Passageiros","type":"input_multiplier","position":0,"required":false,"title_format":"label","default":"","description_enable":false,"description":"","placeholder_enable":false,"placeholder":"","display":"select","restrictions_type":"any_text","adjust_price":true,"price":"59400","price_type":"quantity_based","restrictions":false,"min":"0","max":"0","options":[],"id":1773237140}],"yoast_head":"<!-- This site is optimized with the Yoast SEO Premium plugin v25.2 (Yoast SEO v25.2) - https:\/\/yoast.com\/wordpress\/plugins\/seo\/ -->\n<title>Cerro Tronador y Ventisquero Negro: recorrido integral por el coraz\u00f3n de la Patagonia - Cabalgatas Bariloche<\/title>\n<meta name=\"robots\" content=\"index, follow, max-snippet:-1, max-image-preview:large, max-video-preview:-1\" \/>\n<link rel=\"canonical\" href=\"https:\/\/cabalgatasbariloche.com.ar\/pt\/experiencias-turisticas\/tour-integral-pelo-cerro-tronador-e-ventisquero-negro-no-coracao-da-patagonia\/\" \/>\n<meta property=\"og:locale\" content=\"pt_BR\" \/>\n<meta property=\"og:type\" content=\"article\" \/>\n<meta property=\"og:title\" content=\"Cerro Tronador y Ventisquero Negro: recorrido integral por el coraz\u00f3n de la Patagonia\" \/>\n<meta property=\"og:description\" content=\"Viv\u00ed una experiencia \u00fanica en el Parque Nacional Nahuel Huapi, explorando la imponente belleza del Cerro Tronador y el misterioso Glaciar Ventisquero Negro. Un equilibrio justo entre naturaleza, aventura y relax.\" \/>\n<meta property=\"og:url\" content=\"https:\/\/cabalgatasbariloche.com.ar\/pt\/experiencias-turisticas\/tour-integral-pelo-cerro-tronador-e-ventisquero-negro-no-coracao-da-patagonia\/\" \/>\n<meta property=\"og:site_name\" content=\"Cabalgatas Bariloche\" \/>\n<meta property=\"article:modified_time\" content=\"2026-04-07T15:13:59+00:00\" \/>\n<meta property=\"og:image\" content=\"https:\/\/cabalgatasbariloche.com.ar\/wp-content\/uploads\/sites\/10\/2025\/08\/9-D-IMG_9143.jpg\" \/>\n\t<meta property=\"og:image:width\" content=\"850\" \/>\n\t<meta property=\"og:image:height\" content=\"1133\" \/>\n\t<meta property=\"og:image:type\" content=\"image\/jpeg\" \/>\n<meta name=\"twitter:card\" content=\"summary_large_image\" \/>\n<meta name=\"twitter:label1\" content=\"Pre\u00e7o\" \/>\n\t<meta name=\"twitter:data1\" content=\"&#036;59,400.00\" \/>\n\t<meta name=\"twitter:label2\" content=\"Disponibilidade\" \/>\n\t<meta name=\"twitter:data2\" content=\"Em Estoque\" \/>\n<script type=\"application\/ld+json\" class=\"yoast-schema-graph\">{\"@context\":\"https:\/\/schema.org\",\"@graph\":[{\"@type\":[\"WebPage\",\"ItemPage\"],\"@id\":\"https:\/\/cabalgatasbariloche.com.ar\/experiencias-turisticas\/cerro-tronador-y-ventisquero-negro-recorrido-integral-por-el-corazon-de-la-patagonia\/\",\"url\":\"https:\/\/cabalgatasbariloche.com.ar\/experiencias-turisticas\/cerro-tronador-y-ventisquero-negro-recorrido-integral-por-el-corazon-de-la-patagonia\/\",\"name\":\"Cerro Tronador y Ventisquero Negro: recorrido integral por el coraz\u00f3n de la Patagonia - Cabalgatas Bariloche\",\"isPartOf\":{\"@id\":\"https:\/\/cabalgatasbariloche.com.ar\/#website\"},\"primaryImageOfPage\":{\"@id\":\"https:\/\/cabalgatasbariloche.com.ar\/experiencias-turisticas\/cerro-tronador-y-ventisquero-negro-recorrido-integral-por-el-corazon-de-la-patagonia\/#primaryimage\"},\"image\":{\"@id\":\"https:\/\/cabalgatasbariloche.com.ar\/experiencias-turisticas\/cerro-tronador-y-ventisquero-negro-recorrido-integral-por-el-corazon-de-la-patagonia\/#primaryimage\"},\"thumbnailUrl\":\"https:\/\/cabalgatasbariloche.com.ar\/wp-content\/uploads\/sites\/10\/2025\/08\/9-D-IMG_9143.jpg\",\"datePublished\":\"2025-08-27T15:18:32+00:00\",\"dateModified\":\"2026-04-07T15:13:59+00:00\",\"breadcrumb\":{\"@id\":\"https:\/\/cabalgatasbariloche.com.ar\/experiencias-turisticas\/cerro-tronador-y-ventisquero-negro-recorrido-integral-por-el-corazon-de-la-patagonia\/#breadcrumb\"},\"inLanguage\":\"pt-BR\",\"potentialAction\":[{\"@type\":\"ReadAction\",\"target\":[\"https:\/\/cabalgatasbariloche.com.ar\/experiencias-turisticas\/cerro-tronador-y-ventisquero-negro-recorrido-integral-por-el-corazon-de-la-patagonia\/\"]}]},{\"@type\":\"ImageObject\",\"inLanguage\":\"pt-BR\",\"@id\":\"https:\/\/cabalgatasbariloche.com.ar\/experiencias-turisticas\/cerro-tronador-y-ventisquero-negro-recorrido-integral-por-el-corazon-de-la-patagonia\/#primaryimage\",\"url\":\"https:\/\/cabalgatasbariloche.com.ar\/wp-content\/uploads\/sites\/10\/2025\/08\/9-D-IMG_9143.jpg\",\"contentUrl\":\"https:\/\/cabalgatasbariloche.com.ar\/wp-content\/uploads\/sites\/10\/2025\/08\/9-D-IMG_9143.jpg\",\"width\":850,\"height\":1133},{\"@type\":\"BreadcrumbList\",\"@id\":\"https:\/\/cabalgatasbariloche.com.ar\/experiencias-turisticas\/cerro-tronador-y-ventisquero-negro-recorrido-integral-por-el-corazon-de-la-patagonia\/#breadcrumb\",\"itemListElement\":[{\"@type\":\"ListItem\",\"position\":1,\"name\":\"Portada\",\"item\":\"https:\/\/cabalgatasbariloche.com.ar\/\"},{\"@type\":\"ListItem\",\"position\":2,\"name\":\"Tienda\",\"item\":\"https:\/\/cabalgatasbariloche.com.ar\/tienda\/\"},{\"@type\":\"ListItem\",\"position\":3,\"name\":\"Cerro Tronador y Ventisquero Negro: recorrido integral por el coraz\u00f3n de la Patagonia\"}]},{\"@type\":\"WebSite\",\"@id\":\"https:\/\/cabalgatasbariloche.com.ar\/#website\",\"url\":\"https:\/\/cabalgatasbariloche.com.ar\/\",\"name\":\"Cabalgatas Bariloche\",\"description\":\"Conocer la estepa y cerros patagonicos\",\"potentialAction\":[{\"@type\":\"SearchAction\",\"target\":{\"@type\":\"EntryPoint\",\"urlTemplate\":\"https:\/\/cabalgatasbariloche.com.ar\/?s={search_term_string}\"},\"query-input\":{\"@type\":\"PropertyValueSpecification\",\"valueRequired\":true,\"valueName\":\"search_term_string\"}}],\"inLanguage\":\"pt-BR\"}]}<\/script>\n<meta property=\"product:price:amount\" content=\"59400.00\" \/>\n<meta property=\"product:price:currency\" content=\"ARS\" \/>\n<meta property=\"og:availability\" content=\"instock\" \/>\n<meta property=\"product:availability\" content=\"instock\" \/>\n<meta property=\"product:retailer_item_id\" content=\"ADV2025CETRYVHMNO\" \/>\n<meta property=\"product:condition\" content=\"new\" \/>\n<!-- \/ Yoast SEO Premium plugin. -->","yoast_head_json":{"title":"Cerro Tronador e Ventisquero Negro: um passeio integral pelo cora\u00e7\u00e3o da Patag\u00f4nia - Cabalgatas Bariloche","robots":{"index":"index","follow":"follow","max-snippet":"max-snippet:-1","max-image-preview":"max-image-preview:large","max-video-preview":"max-video-preview:-1"},"canonical":"https:\/\/cabalgatasbariloche.com.ar\/pt\/experiencias-turisticas\/tour-integral-pelo-cerro-tronador-e-ventisquero-negro-no-coracao-da-patagonia\/","og_locale":"pt_BR","og_type":"article","og_title":"Cerro Tronador y Ventisquero Negro: recorrido integral por el coraz\u00f3n de la Patagonia","og_description":"Viv\u00ed una experiencia \u00fanica en el Parque Nacional Nahuel Huapi, explorando la imponente belleza del Cerro Tronador y el misterioso Glaciar Ventisquero Negro. Un equilibrio justo entre naturaleza, aventura y relax.","og_url":"https:\/\/cabalgatasbariloche.com.ar\/pt\/experiencias-turisticas\/tour-integral-pelo-cerro-tronador-e-ventisquero-negro-no-coracao-da-patagonia\/","og_site_name":"Cabalgatas Bariloche","article_modified_time":"2026-04-07T15:13:59+00:00","og_image":[{"width":850,"height":1133,"url":"https:\/\/cabalgatasbariloche.com.ar\/wp-content\/uploads\/sites\/10\/2025\/08\/9-D-IMG_9143.jpg","type":"image\/jpeg"}],"twitter_card":"summary_large_image","twitter_misc":{"Pre\u00e7o":"&#36;59,400.00","Disponibilidade":"Em Estoque"},"schema":{"@context":"https:\/\/schema.org","@graph":[{"@type":["WebPage","ItemPage"],"@id":"https:\/\/cabalgatasbariloche.com.ar\/experiencias-turisticas\/cerro-tronador-y-ventisquero-negro-recorrido-integral-por-el-corazon-de-la-patagonia\/","url":"https:\/\/cabalgatasbariloche.com.ar\/experiencias-turisticas\/cerro-tronador-y-ventisquero-negro-recorrido-integral-por-el-corazon-de-la-patagonia\/","name":"Cerro Tronador e Ventisquero Negro: um passeio integral pelo cora\u00e7\u00e3o da Patag\u00f4nia - Cabalgatas Bariloche","isPartOf":{"@id":"https:\/\/cabalgatasbariloche.com.ar\/#website"},"primaryImageOfPage":{"@id":"https:\/\/cabalgatasbariloche.com.ar\/experiencias-turisticas\/cerro-tronador-y-ventisquero-negro-recorrido-integral-por-el-corazon-de-la-patagonia\/#primaryimage"},"image":{"@id":"https:\/\/cabalgatasbariloche.com.ar\/experiencias-turisticas\/cerro-tronador-y-ventisquero-negro-recorrido-integral-por-el-corazon-de-la-patagonia\/#primaryimage"},"thumbnailUrl":"https:\/\/cabalgatasbariloche.com.ar\/wp-content\/uploads\/sites\/10\/2025\/08\/9-D-IMG_9143.jpg","datePublished":"2025-08-27T15:18:32+00:00","dateModified":"2026-04-07T15:13:59+00:00","breadcrumb":{"@id":"https:\/\/cabalgatasbariloche.com.ar\/experiencias-turisticas\/cerro-tronador-y-ventisquero-negro-recorrido-integral-por-el-corazon-de-la-patagonia\/#breadcrumb"},"inLanguage":"pt-BR","potentialAction":[{"@type":"ReadAction","target":["https:\/\/cabalgatasbariloche.com.ar\/experiencias-turisticas\/cerro-tronador-y-ventisquero-negro-recorrido-integral-por-el-corazon-de-la-patagonia\/"]}]},{"@type":"ImageObject","inLanguage":"pt-BR","@id":"https:\/\/cabalgatasbariloche.com.ar\/experiencias-turisticas\/cerro-tronador-y-ventisquero-negro-recorrido-integral-por-el-corazon-de-la-patagonia\/#primaryimage","url":"https:\/\/cabalgatasbariloche.com.ar\/wp-content\/uploads\/sites\/10\/2025\/08\/9-D-IMG_9143.jpg","contentUrl":"https:\/\/cabalgatasbariloche.com.ar\/wp-content\/uploads\/sites\/10\/2025\/08\/9-D-IMG_9143.jpg","width":850,"height":1133},{"@type":"BreadcrumbList","@id":"https:\/\/cabalgatasbariloche.com.ar\/experiencias-turisticas\/cerro-tronador-y-ventisquero-negro-recorrido-integral-por-el-corazon-de-la-patagonia\/#breadcrumb","itemListElement":[{"@type":"ListItem","position":1,"name":"Portada","item":"https:\/\/cabalgatasbariloche.com.ar\/"},{"@type":"ListItem","position":2,"name":"Tienda","item":"https:\/\/cabalgatasbariloche.com.ar\/tienda\/"},{"@type":"ListItem","position":3,"name":"Cerro Tronador y Ventisquero Negro: recorrido integral por el coraz\u00f3n de la Patagonia"}]},{"@type":"WebSite","@id":"https:\/\/cabalgatasbariloche.com.ar\/#website","url":"https:\/\/cabalgatasbariloche.com.ar\/","name":"Cavalgadas em Bariloche","description":"Conhecendo a estepe e as montanhas da Patag\u00f4nia","potentialAction":[{"@type":"SearchAction","target":{"@type":"EntryPoint","urlTemplate":"https:\/\/cabalgatasbariloche.com.ar\/?s={search_term_string}"},"query-input":{"@type":"PropertyValueSpecification","valueRequired":true,"valueName":"search_term_string"}}],"inLanguage":"pt-BR"}]},"product_price_amount":"59400.00","product_price_currency":"ARS","og_availability":"instock","product_availability":"instock","product_retailer_item_id":"ADV2025CETRYVHMNO","product_condition":"new"},"_links":{"self":[{"href":"https:\/\/cabalgatasbariloche.com.ar\/pt\/wp-json\/wp\/v2\/product\/89","targetHints":{"allow":["GET"]}}],"collection":[{"href":"https:\/\/cabalgatasbariloche.com.ar\/pt\/wp-json\/wp\/v2\/product"}],"about":[{"href":"https:\/\/cabalgatasbariloche.com.ar\/pt\/wp-json\/wp\/v2\/types\/product"}],"replies":[{"embeddable":true,"href":"https:\/\/cabalgatasbariloche.com.ar\/pt\/wp-json\/wp\/v2\/comments?post=89"}],"wp:featuredmedia":[{"embeddable":true,"href":"https:\/\/cabalgatasbariloche.com.ar\/pt\/wp-json\/wp\/v2\/media\/268"}],"wp:attachment":[{"href":"https:\/\/cabalgatasbariloche.com.ar\/pt\/wp-json\/wp\/v2\/media?parent=89"}],"wp:term":[{"taxonomy":"product_brand","embeddable":true,"href":"https:\/\/cabalgatasbariloche.com.ar\/pt\/wp-json\/wp\/v2\/product_brand?post=89"},{"taxonomy":"product_cat","embeddable":true,"href":"https:\/\/cabalgatasbariloche.com.ar\/pt\/wp-json\/wp\/v2\/product_cat?post=89"},{"taxonomy":"product_tag","embeddable":true,"href":"https:\/\/cabalgatasbariloche.com.ar\/pt\/wp-json\/wp\/v2\/product_tag?post=89"}],"curies":[{"name":"wp","href":"https:\/\/api.w.org\/{rel}","templated":true}]}}