{"id":80,"date":"2025-08-27T12:14:24","date_gmt":"2025-08-27T15:14:24","guid":{"rendered":"https:\/\/cabalgatasbariloche.com.ar\/producto\/cobertura-por-cancelacion-cancela-tu-excursion-sin-perder-todo-el-valor\/"},"modified":"2026-02-03T11:07:12","modified_gmt":"2026-02-03T14:07:12","slug":"cobertura-por-cancelacion-cancela-tu-excursion-sin-perder-todo-el-valor","status":"publish","type":"product","link":"https:\/\/cabalgatasbariloche.com.ar\/pt\/experiencias-turisticas\/cobertura-de-cancelamento-cancele-sua-excursao-sem-perder-todo-o-valor\/","title":{"rendered":"Cobertura de cancelamento - Cancele sua excurs\u00e3o sem perder todo o valor"},"content":{"rendered":"<h3 data-start=\"200\" data-end=\"242\">Seguran\u00e7a contra eventualidades<\/h3>\n<p data-start=\"244\" data-end=\"516\">Se acontecer algum imprevisto e voc\u00ea n\u00e3o puder comparecer \u00e0 sua excurs\u00e3o, o Seguro de Cancelamento lhe d\u00e1 a possibilidade de receber um reembolso de 80% do valor pago, desde que voc\u00ea cancele at\u00e9 as 19h do dia anterior. \u00c9 uma alternativa \u00e1gil, simples e adapt\u00e1vel para cuidar de sua reserva.<\/p>\n<h3 data-start=\"523\" data-end=\"548\">O que est\u00e1 inclu\u00eddo no seguro?<\/h3>\n<ul data-start=\"550\" data-end=\"858\">\n<li data-start=\"550\" data-end=\"613\">\n<p data-start=\"552\" data-end=\"613\">Cancelamento da excurs\u00e3o at\u00e9 as 19 horas do dia anterior.<\/p>\n<\/li>\n<li data-start=\"614\" data-end=\"652\">\n<p data-start=\"616\" data-end=\"652\">Reembolso de 80% do valor pago.<\/p>\n<\/li>\n<li data-start=\"653\" data-end=\"727\">\n<p data-start=\"655\" data-end=\"727\">Tratamento r\u00e1pido, sem necessidade de justificativa para o cancelamento.<\/p>\n<\/li>\n<li data-start=\"728\" data-end=\"785\">\n<p data-start=\"730\" data-end=\"785\">O valor \u00e9 cobrado por pessoa e por excurs\u00e3o reservada.<\/p>\n<\/li>\n<li data-start=\"786\" data-end=\"858\">\n<p data-start=\"788\" data-end=\"858\">Voc\u00ea pode contrat\u00e1-lo at\u00e9 30 minutos depois de gerar seu voucher.<\/p>\n<\/li>\n<\/ul>\n<h3 data-start=\"865\" data-end=\"892\">Aspectos a serem levados em conta<\/h3>\n<ul data-start=\"894\" data-end=\"1157\">\n<li data-start=\"894\" data-end=\"981\">\n<p data-start=\"896\" data-end=\"981\">O seguro \u00e9 pessoal: aplica-se a cada passageiro e a cada excurs\u00e3o solicitada.<\/p>\n<\/li>\n<li data-start=\"982\" data-end=\"1080\">\n<p data-start=\"984\" data-end=\"1080\">Ele n\u00e3o pode ser comprado mais de 30 minutos ap\u00f3s a emiss\u00e3o do voucher.<\/p>\n<\/li>\n<li data-start=\"1081\" data-end=\"1157\">\n<p data-start=\"1083\" data-end=\"1157\">Se voc\u00ea n\u00e3o contratar esse seguro, n\u00e3o haver\u00e1 reembolso para cancelamentos.<\/p>\n<\/li>\n<\/ul>\n<h3 data-start=\"1164\" data-end=\"1188\">Perguntas frequentes<\/h3>\n<p data-start=\"1190\" data-end=\"1326\"><strong data-start=\"1190\" data-end=\"1243\">Quando posso contratar o Seguro de Cancelamento?<\/strong><br data-start=\"1243\" data-end=\"1246\" \/>Ele pode ser adicionado at\u00e9 30 minutos ap\u00f3s a emiss\u00e3o do voucher da excurs\u00e3o.<\/p>\n<p data-start=\"1328\" data-end=\"1451\"><strong data-start=\"1328\" data-end=\"1388\">Preciso fornecer alguma justificativa para o cancelamento?<\/strong><br data-start=\"1388\" data-end=\"1391\" \/>N\u00e3o. O procedimento \u00e9 r\u00e1pido e voc\u00ea n\u00e3o precisa justificar o motivo.<\/p>\n<p data-start=\"1453\" data-end=\"1575\"><strong data-start=\"1453\" data-end=\"1492\">O reembolso \u00e9 do valor total pago?<\/strong><br data-start=\"1492\" data-end=\"1495\" \/>N\u00e3o. O reembolso cobre 80% do valor pago, de acordo com as condi\u00e7\u00f5es em vigor.<\/p>\n<p data-start=\"1577\" data-end=\"1711\"><strong data-start=\"1577\" data-end=\"1617\">O seguro \u00e9 obrigat\u00f3rio?<\/strong><br data-start=\"1617\" data-end=\"1620\" \/>N\u00e3o \u00e9 obrigat\u00f3rio, mas sem esse seguro n\u00e3o h\u00e1 reembolso para cancelamentos.<\/p>","protected":false},"excerpt":{"rendered":"<p class=\"ai-optimize-22\" data-start=\"1905\" data-end=\"2104\">Proteja sua excurs\u00e3o em Bariloche com o Seguro de Cancelamento. Obtenha o reembolso de 80% se voc\u00ea cancelar antes das 19h do dia anterior. Adquira-o junto com sua reserva.<\/p>","protected":false},"featured_media":312,"comment_status":"open","ping_status":"closed","template":"","meta":[],"product_brand":[],"product_cat":[15],"product_tag":[],"class_list":{"0":"post-80","1":"product","2":"type-product","3":"status-publish","4":"has-post-thumbnail","6":"product_cat-otros","8":"first","9":"instock","10":"purchasable","11":"product-type-simple"},"booking_location":null,"booking_location_type":null,"booking_duration":null,"booking_duration_unit":null,"booking_buffer":null,"booking_cost":null,"booking_resources":null,"exclude_global_add_ons":[],"addons":[],"yoast_head":"<!-- This site is optimized with the Yoast SEO Premium plugin v25.2 (Yoast SEO v25.2) - https:\/\/yoast.com\/wordpress\/plugins\/seo\/ -->\n<title>Cobertura por Cancelaci\u00f3n \u2013 Cancel\u00e1 tu excursi\u00f3n sin perder todo el valor - Cabalgatas Bariloche<\/title>\n<meta name=\"robots\" content=\"index, follow, max-snippet:-1, max-image-preview:large, max-video-preview:-1\" \/>\n<link rel=\"canonical\" href=\"https:\/\/cabalgatasbariloche.com.ar\/pt\/experiencias-turisticas\/cobertura-de-cancelamento-cancele-sua-excursao-sem-perder-todo-o-valor\/\" \/>\n<meta property=\"og:locale\" content=\"pt_BR\" \/>\n<meta property=\"og:type\" content=\"article\" \/>\n<meta property=\"og:title\" content=\"Cobertura por Cancelaci\u00f3n \u2013 Cancel\u00e1 tu excursi\u00f3n sin perder todo el valor\" \/>\n<meta property=\"og:description\" content=\"Proteg\u00e9 tu excursi\u00f3n en Bariloche con Seguro de Cancelaci\u00f3n. Obten\u00e9 el 80% de reembolso si anul\u00e1s antes de las 19 hs del d\u00eda anterior. Contratalo junto a tu reserva.\" \/>\n<meta property=\"og:url\" content=\"https:\/\/cabalgatasbariloche.com.ar\/pt\/experiencias-turisticas\/cobertura-de-cancelamento-cancele-sua-excursao-sem-perder-todo-o-valor\/\" \/>\n<meta property=\"og:site_name\" content=\"Cabalgatas Bariloche\" \/>\n<meta property=\"article:modified_time\" content=\"2026-02-03T14:07:12+00:00\" \/>\n<meta property=\"og:image\" content=\"https:\/\/cabalgatasbariloche.com.ar\/wp-content\/uploads\/sites\/10\/2025\/08\/Sin-titulo-223-scaled.jpg\" \/>\n\t<meta property=\"og:image:width\" content=\"1920\" \/>\n\t<meta property=\"og:image:height\" content=\"2560\" \/>\n\t<meta property=\"og:image:type\" content=\"image\/jpeg\" \/>\n<meta name=\"twitter:card\" content=\"summary_large_image\" \/>\n<meta name=\"twitter:label1\" content=\"Pre\u00e7o\" \/>\n\t<meta name=\"twitter:data1\" content=\"&#036;15,000.00\" \/>\n\t<meta name=\"twitter:label2\" content=\"Disponibilidade\" \/>\n\t<meta name=\"twitter:data2\" content=\"Em Estoque\" \/>\n<script type=\"application\/ld+json\" class=\"yoast-schema-graph\">{\"@context\":\"https:\/\/schema.org\",\"@graph\":[{\"@type\":[\"WebPage\",\"ItemPage\"],\"@id\":\"https:\/\/cabalgatasbariloche.com.ar\/experiencias-turisticas\/cobertura-por-cancelacion-cancela-tu-excursion-sin-perder-todo-el-valor\/\",\"url\":\"https:\/\/cabalgatasbariloche.com.ar\/experiencias-turisticas\/cobertura-por-cancelacion-cancela-tu-excursion-sin-perder-todo-el-valor\/\",\"name\":\"Cobertura por Cancelaci\u00f3n \u2013 Cancel\u00e1 tu excursi\u00f3n sin perder todo el valor - Cabalgatas Bariloche\",\"isPartOf\":{\"@id\":\"https:\/\/cabalgatasbariloche.com.ar\/#website\"},\"primaryImageOfPage\":{\"@id\":\"https:\/\/cabalgatasbariloche.com.ar\/experiencias-turisticas\/cobertura-por-cancelacion-cancela-tu-excursion-sin-perder-todo-el-valor\/#primaryimage\"},\"image\":{\"@id\":\"https:\/\/cabalgatasbariloche.com.ar\/experiencias-turisticas\/cobertura-por-cancelacion-cancela-tu-excursion-sin-perder-todo-el-valor\/#primaryimage\"},\"thumbnailUrl\":\"https:\/\/cabalgatasbariloche.com.ar\/wp-content\/uploads\/sites\/10\/2025\/08\/Sin-titulo-223-scaled.jpg\",\"datePublished\":\"2025-08-27T15:14:24+00:00\",\"dateModified\":\"2026-02-03T14:07:12+00:00\",\"breadcrumb\":{\"@id\":\"https:\/\/cabalgatasbariloche.com.ar\/experiencias-turisticas\/cobertura-por-cancelacion-cancela-tu-excursion-sin-perder-todo-el-valor\/#breadcrumb\"},\"inLanguage\":\"pt-BR\",\"potentialAction\":[{\"@type\":\"ReadAction\",\"target\":[\"https:\/\/cabalgatasbariloche.com.ar\/experiencias-turisticas\/cobertura-por-cancelacion-cancela-tu-excursion-sin-perder-todo-el-valor\/\"]}]},{\"@type\":\"ImageObject\",\"inLanguage\":\"pt-BR\",\"@id\":\"https:\/\/cabalgatasbariloche.com.ar\/experiencias-turisticas\/cobertura-por-cancelacion-cancela-tu-excursion-sin-perder-todo-el-valor\/#primaryimage\",\"url\":\"https:\/\/cabalgatasbariloche.com.ar\/wp-content\/uploads\/sites\/10\/2025\/08\/Sin-titulo-223-scaled.jpg\",\"contentUrl\":\"https:\/\/cabalgatasbariloche.com.ar\/wp-content\/uploads\/sites\/10\/2025\/08\/Sin-titulo-223-scaled.jpg\",\"width\":1920,\"height\":2560},{\"@type\":\"BreadcrumbList\",\"@id\":\"https:\/\/cabalgatasbariloche.com.ar\/experiencias-turisticas\/cobertura-por-cancelacion-cancela-tu-excursion-sin-perder-todo-el-valor\/#breadcrumb\",\"itemListElement\":[{\"@type\":\"ListItem\",\"position\":1,\"name\":\"Portada\",\"item\":\"https:\/\/cabalgatasbariloche.com.ar\/\"},{\"@type\":\"ListItem\",\"position\":2,\"name\":\"Tienda\",\"item\":\"https:\/\/cabalgatasbariloche.com.ar\/tienda\/\"},{\"@type\":\"ListItem\",\"position\":3,\"name\":\"Cobertura por Cancelaci\u00f3n \u2013 Cancel\u00e1 tu excursi\u00f3n sin perder todo el valor\"}]},{\"@type\":\"WebSite\",\"@id\":\"https:\/\/cabalgatasbariloche.com.ar\/#website\",\"url\":\"https:\/\/cabalgatasbariloche.com.ar\/\",\"name\":\"Cabalgatas Bariloche\",\"description\":\"Conocer la estepa y cerros patagonicos\",\"potentialAction\":[{\"@type\":\"SearchAction\",\"target\":{\"@type\":\"EntryPoint\",\"urlTemplate\":\"https:\/\/cabalgatasbariloche.com.ar\/?s={search_term_string}\"},\"query-input\":{\"@type\":\"PropertyValueSpecification\",\"valueRequired\":true,\"valueName\":\"search_term_string\"}}],\"inLanguage\":\"pt-BR\"}]}<\/script>\n<meta property=\"product:price:amount\" content=\"15000.00\" \/>\n<meta property=\"product:price:currency\" content=\"ARS\" \/>\n<meta property=\"og:availability\" content=\"instock\" \/>\n<meta property=\"product:availability\" content=\"instock\" \/>\n<meta property=\"product:condition\" content=\"new\" \/>\n<!-- \/ Yoast SEO Premium plugin. -->","yoast_head_json":{"title":"Cobertura de Cancelamento - Cancele seu passeio sem perder o valor total - Cabalgatas Bariloche","robots":{"index":"index","follow":"follow","max-snippet":"max-snippet:-1","max-image-preview":"max-image-preview:large","max-video-preview":"max-video-preview:-1"},"canonical":"https:\/\/cabalgatasbariloche.com.ar\/pt\/experiencias-turisticas\/cobertura-de-cancelamento-cancele-sua-excursao-sem-perder-todo-o-valor\/","og_locale":"pt_BR","og_type":"article","og_title":"Cobertura por Cancelaci\u00f3n \u2013 Cancel\u00e1 tu excursi\u00f3n sin perder todo el valor","og_description":"Proteg\u00e9 tu excursi\u00f3n en Bariloche con Seguro de Cancelaci\u00f3n. Obten\u00e9 el 80% de reembolso si anul\u00e1s antes de las 19 hs del d\u00eda anterior. Contratalo junto a tu reserva.","og_url":"https:\/\/cabalgatasbariloche.com.ar\/pt\/experiencias-turisticas\/cobertura-de-cancelamento-cancele-sua-excursao-sem-perder-todo-o-valor\/","og_site_name":"Cabalgatas Bariloche","article_modified_time":"2026-02-03T14:07:12+00:00","og_image":[{"width":1920,"height":2560,"url":"https:\/\/cabalgatasbariloche.com.ar\/wp-content\/uploads\/sites\/10\/2025\/08\/Sin-titulo-223-scaled.jpg","type":"image\/jpeg"}],"twitter_card":"summary_large_image","twitter_misc":{"Pre\u00e7o":"&#36;15,000.00","Disponibilidade":"Em Estoque"},"schema":{"@context":"https:\/\/schema.org","@graph":[{"@type":["WebPage","ItemPage"],"@id":"https:\/\/cabalgatasbariloche.com.ar\/experiencias-turisticas\/cobertura-por-cancelacion-cancela-tu-excursion-sin-perder-todo-el-valor\/","url":"https:\/\/cabalgatasbariloche.com.ar\/experiencias-turisticas\/cobertura-por-cancelacion-cancela-tu-excursion-sin-perder-todo-el-valor\/","name":"Cobertura de Cancelamento - Cancele seu passeio sem perder o valor total - Cabalgatas Bariloche","isPartOf":{"@id":"https:\/\/cabalgatasbariloche.com.ar\/#website"},"primaryImageOfPage":{"@id":"https:\/\/cabalgatasbariloche.com.ar\/experiencias-turisticas\/cobertura-por-cancelacion-cancela-tu-excursion-sin-perder-todo-el-valor\/#primaryimage"},"image":{"@id":"https:\/\/cabalgatasbariloche.com.ar\/experiencias-turisticas\/cobertura-por-cancelacion-cancela-tu-excursion-sin-perder-todo-el-valor\/#primaryimage"},"thumbnailUrl":"https:\/\/cabalgatasbariloche.com.ar\/wp-content\/uploads\/sites\/10\/2025\/08\/Sin-titulo-223-scaled.jpg","datePublished":"2025-08-27T15:14:24+00:00","dateModified":"2026-02-03T14:07:12+00:00","breadcrumb":{"@id":"https:\/\/cabalgatasbariloche.com.ar\/experiencias-turisticas\/cobertura-por-cancelacion-cancela-tu-excursion-sin-perder-todo-el-valor\/#breadcrumb"},"inLanguage":"pt-BR","potentialAction":[{"@type":"ReadAction","target":["https:\/\/cabalgatasbariloche.com.ar\/experiencias-turisticas\/cobertura-por-cancelacion-cancela-tu-excursion-sin-perder-todo-el-valor\/"]}]},{"@type":"ImageObject","inLanguage":"pt-BR","@id":"https:\/\/cabalgatasbariloche.com.ar\/experiencias-turisticas\/cobertura-por-cancelacion-cancela-tu-excursion-sin-perder-todo-el-valor\/#primaryimage","url":"https:\/\/cabalgatasbariloche.com.ar\/wp-content\/uploads\/sites\/10\/2025\/08\/Sin-titulo-223-scaled.jpg","contentUrl":"https:\/\/cabalgatasbariloche.com.ar\/wp-content\/uploads\/sites\/10\/2025\/08\/Sin-titulo-223-scaled.jpg","width":1920,"height":2560},{"@type":"BreadcrumbList","@id":"https:\/\/cabalgatasbariloche.com.ar\/experiencias-turisticas\/cobertura-por-cancelacion-cancela-tu-excursion-sin-perder-todo-el-valor\/#breadcrumb","itemListElement":[{"@type":"ListItem","position":1,"name":"Portada","item":"https:\/\/cabalgatasbariloche.com.ar\/"},{"@type":"ListItem","position":2,"name":"Tienda","item":"https:\/\/cabalgatasbariloche.com.ar\/tienda\/"},{"@type":"ListItem","position":3,"name":"Cobertura por Cancelaci\u00f3n \u2013 Cancel\u00e1 tu excursi\u00f3n sin perder todo el valor"}]},{"@type":"WebSite","@id":"https:\/\/cabalgatasbariloche.com.ar\/#website","url":"https:\/\/cabalgatasbariloche.com.ar\/","name":"Cavalgadas em Bariloche","description":"Conhecendo a estepe e as montanhas da Patag\u00f4nia","potentialAction":[{"@type":"SearchAction","target":{"@type":"EntryPoint","urlTemplate":"https:\/\/cabalgatasbariloche.com.ar\/?s={search_term_string}"},"query-input":{"@type":"PropertyValueSpecification","valueRequired":true,"valueName":"search_term_string"}}],"inLanguage":"pt-BR"}]},"product_price_amount":"15000.00","product_price_currency":"ARS","og_availability":"instock","product_availability":"instock","product_condition":"new"},"_links":{"self":[{"href":"https:\/\/cabalgatasbariloche.com.ar\/pt\/wp-json\/wp\/v2\/product\/80","targetHints":{"allow":["GET"]}}],"collection":[{"href":"https:\/\/cabalgatasbariloche.com.ar\/pt\/wp-json\/wp\/v2\/product"}],"about":[{"href":"https:\/\/cabalgatasbariloche.com.ar\/pt\/wp-json\/wp\/v2\/types\/product"}],"replies":[{"embeddable":true,"href":"https:\/\/cabalgatasbariloche.com.ar\/pt\/wp-json\/wp\/v2\/comments?post=80"}],"wp:featuredmedia":[{"embeddable":true,"href":"https:\/\/cabalgatasbariloche.com.ar\/pt\/wp-json\/wp\/v2\/media\/312"}],"wp:attachment":[{"href":"https:\/\/cabalgatasbariloche.com.ar\/pt\/wp-json\/wp\/v2\/media?parent=80"}],"wp:term":[{"taxonomy":"product_brand","embeddable":true,"href":"https:\/\/cabalgatasbariloche.com.ar\/pt\/wp-json\/wp\/v2\/product_brand?post=80"},{"taxonomy":"product_cat","embeddable":true,"href":"https:\/\/cabalgatasbariloche.com.ar\/pt\/wp-json\/wp\/v2\/product_cat?post=80"},{"taxonomy":"product_tag","embeddable":true,"href":"https:\/\/cabalgatasbariloche.com.ar\/pt\/wp-json\/wp\/v2\/product_tag?post=80"}],"curies":[{"name":"wp","href":"https:\/\/api.w.org\/{rel}","templated":true}]}}