{"id":78,"date":"2025-08-27T12:13:47","date_gmt":"2025-08-27T15:13:47","guid":{"rendered":"https:\/\/cabalgatasbariloche.com.ar\/producto\/pack-de-reserva-modificable-viaja-con-tranquilidad-y-sin-preocupaciones\/"},"modified":"2025-08-27T12:13:52","modified_gmt":"2025-08-27T15:13:52","slug":"pack-de-reserva-modificable-viaja-con-tranquilidad-y-sin-preocupaciones","status":"publish","type":"product","link":"https:\/\/cabalgatasbariloche.com.ar\/pt\/experiencias-turisticas\/pacote-de-reserva-mutavel-viaje-com-tranquilidade-e-sem-preocupacoes\/","title":{"rendered":"Pacote de reserva modific\u00e1vel - Viaje com tranquilidade e sem preocupa\u00e7\u00f5es"},"content":{"rendered":"<h3 data-start=\"232\" data-end=\"273\">Modifique seus planos quando for necess\u00e1rio<\/h3>\n<p data-start=\"275\" data-end=\"620\">O Pacote de Reserva Flex\u00edvel permite que voc\u00ea organize suas atividades em Bariloche sabendo que, em caso de qualquer imprevisto, voc\u00ea pode facilmente modificar ou cancelar sua reserva. Essa op\u00e7\u00e3o inclui os benef\u00edcios do Seguro de Reagendamento e do Seguro de Cancelamento, para que voc\u00ea possa desfrutar da m\u00e1xima flexibilidade em um \u00fanico contrato.<\/p>\n<h3 data-start=\"627\" data-end=\"652\">O que o pacote inclui?<\/h3>\n<ul data-start=\"654\" data-end=\"1014\">\n<li data-start=\"654\" data-end=\"726\">\n<p data-start=\"656\" data-end=\"726\">Altera\u00e7\u00e3o de data gratuita at\u00e9 o dia anterior \u00e0 partida.<\/p>\n<\/li>\n<li data-start=\"727\" data-end=\"797\">\n<p data-start=\"729\" data-end=\"797\">Cancelamento com reembolso parcial at\u00e9 as 19h do dia anterior.<\/p>\n<\/li>\n<li data-start=\"798\" data-end=\"870\">\n<p data-start=\"800\" data-end=\"870\">Contrata\u00e7\u00e3o habilitada em at\u00e9 30 minutos ap\u00f3s a emiss\u00e3o do seu voucher.<\/p>\n<\/li>\n<li data-start=\"871\" data-end=\"930\">\n<p data-start=\"873\" data-end=\"930\">O pacote \u00e9 solicitado <strong data-start=\"893\" data-end=\"929\">por pessoa, por excurs\u00e3o<\/strong>.<\/p>\n<\/li>\n<li data-start=\"931\" data-end=\"1014\">\n<p data-start=\"933\" data-end=\"1014\">Perfeito para uma viagem mais tranquila, mesmo que voc\u00ea tenha que ajustar seus planos na hora.<\/p>\n<\/li>\n<\/ul>\n<h3 data-start=\"1021\" data-end=\"1048\">Condi\u00e7\u00f5es importantes<\/h3>\n<ul data-start=\"1050\" data-end=\"1393\">\n<li data-start=\"1050\" data-end=\"1134\">\n<p data-start=\"1052\" data-end=\"1134\">O pacote \u00e9 individual: ele se aplica a cada passageiro e a cada excurs\u00e3o espec\u00edfica.<\/p>\n<\/li>\n<li data-start=\"1135\" data-end=\"1236\">\n<p data-start=\"1137\" data-end=\"1236\">Deve ser reservado no momento da reserva ou at\u00e9 30 minutos ap\u00f3s a emiss\u00e3o do voucher.<\/p>\n<\/li>\n<li data-start=\"1237\" data-end=\"1317\">\n<p data-start=\"1239\" data-end=\"1317\">Dispon\u00edvel para a maioria das excurs\u00f5es (verifique as exce\u00e7\u00f5es).<\/p>\n<\/li>\n<li data-start=\"1318\" data-end=\"1393\">\n<p data-start=\"1320\" data-end=\"1393\">Os reembolsos parciais por cancelamento s\u00e3o concedidos de acordo com as pol\u00edticas atuais.<\/p>\n<\/li>\n<\/ul>\n<h3 data-start=\"1400\" data-end=\"1424\">Perguntas frequentes<\/h3>\n<p data-start=\"1426\" data-end=\"1565\"><strong data-start=\"1426\" data-end=\"1475\">Posso comprar o pacote ap\u00f3s a reserva?<\/strong><br data-start=\"1475\" data-end=\"1478\" \/>Sim, voc\u00ea tem at\u00e9 30 minutos ap\u00f3s a emiss\u00e3o do voucher para adicion\u00e1-lo \u00e0 sua reserva.<\/p>\n<p data-start=\"1567\" data-end=\"1731\"><strong data-start=\"1567\" data-end=\"1610\">Posso cancelar sem dar um motivo?<\/strong><br data-start=\"1610\" data-end=\"1613\" \/>Sim, \u00e9 poss\u00edvel cancelar at\u00e9 as 19 horas do dia anterior e obter um reembolso parcial sem apresentar justificativas.<\/p>\n<p data-start=\"1733\" data-end=\"1866\"><strong data-start=\"1733\" data-end=\"1781\">O pacote permite altera\u00e7\u00f5es de data sem custo?<\/strong><br data-start=\"1781\" data-end=\"1784\" \/>Sim, voc\u00ea tem a op\u00e7\u00e3o de remarcar o passeio at\u00e9 o dia anterior, sujeito \u00e0 disponibilidade.<\/p>\n<p data-start=\"1868\" data-end=\"2032\"><strong data-start=\"1868\" data-end=\"1910\">Ele \u00e9 v\u00e1lido para todas as excurs\u00f5es?<\/strong><br data-start=\"1910\" data-end=\"1913\" \/>Aplic\u00e1vel na maioria das excurs\u00f5es oferecidas, sujeito a exce\u00e7\u00f5es notificadas no momento da reserva.<\/p>","protected":false},"excerpt":{"rendered":"<p data-start=\"2230\" data-end=\"2441\">Reserva flex\u00edvel: altere ou cancele seu passeio individual e por experi\u00eancia, com reembolso parcial at\u00e9 o dia anterior. Mais tranquilidade ao viajar para Bariloche.<\/p>","protected":false},"featured_media":79,"comment_status":"open","ping_status":"closed","template":"","meta":[],"product_brand":[],"product_cat":[15],"product_tag":[],"class_list":{"0":"post-78","1":"product","2":"type-product","3":"status-publish","4":"has-post-thumbnail","6":"product_cat-otros","8":"first","9":"instock","10":"sale","11":"purchasable","12":"product-type-simple"},"booking_location":null,"booking_location_type":null,"booking_duration":null,"booking_duration_unit":null,"booking_buffer":null,"booking_cost":null,"booking_resources":null,"exclude_global_add_ons":[],"addons":[],"yoast_head":"<!-- This site is optimized with the Yoast SEO Premium plugin v25.2 (Yoast SEO v25.2) - https:\/\/yoast.com\/wordpress\/plugins\/seo\/ -->\n<title>Pack de Reserva Modificable \u2013 Viaj\u00e1 con tranquilidad y sin preocupaciones - Cabalgatas Bariloche<\/title>\n<meta name=\"robots\" content=\"index, follow, max-snippet:-1, max-image-preview:large, max-video-preview:-1\" \/>\n<link rel=\"canonical\" href=\"https:\/\/cabalgatasbariloche.com.ar\/pt\/experiencias-turisticas\/pacote-de-reserva-mutavel-viaje-com-tranquilidade-e-sem-preocupacoes\/\" \/>\n<meta property=\"og:locale\" content=\"pt_BR\" \/>\n<meta property=\"og:type\" content=\"article\" \/>\n<meta property=\"og:title\" content=\"Pack de Reserva Modificable \u2013 Viaj\u00e1 con tranquilidad y sin preocupaciones\" \/>\n<meta property=\"og:description\" content=\"Reserva Flexible: cambi\u00e1 o anul\u00e1 tu tour individual y por experiencia, con reembolso parcial hasta el d\u00eda previo. M\u00e1s tranquilidad al viajar a Bariloche.\" \/>\n<meta property=\"og:url\" content=\"https:\/\/cabalgatasbariloche.com.ar\/pt\/experiencias-turisticas\/pacote-de-reserva-mutavel-viaje-com-tranquilidade-e-sem-preocupacoes\/\" \/>\n<meta property=\"og:site_name\" content=\"Cabalgatas Bariloche\" \/>\n<meta property=\"article:modified_time\" content=\"2025-08-27T15:13:52+00:00\" \/>\n<meta property=\"og:image\" content=\"https:\/\/cabalgatasbariloche.com.ar\/wp-content\/uploads\/sites\/10\/2025\/08\/1-DSC_0103-scaled-1.jpg\" \/>\n\t<meta property=\"og:image:width\" content=\"1856\" \/>\n\t<meta property=\"og:image:height\" content=\"2560\" \/>\n\t<meta property=\"og:image:type\" content=\"image\/jpeg\" \/>\n<meta name=\"twitter:card\" content=\"summary_large_image\" \/>\n<meta name=\"twitter:label1\" content=\"Pre\u00e7o\" \/>\n\t<meta name=\"twitter:data1\" content=\"&#036;25,000.00\" \/>\n\t<meta name=\"twitter:label2\" content=\"Disponibilidade\" \/>\n\t<meta name=\"twitter:data2\" content=\"Em Estoque\" \/>\n<script type=\"application\/ld+json\" class=\"yoast-schema-graph\">{\"@context\":\"https:\/\/schema.org\",\"@graph\":[{\"@type\":[\"WebPage\",\"ItemPage\"],\"@id\":\"https:\/\/cabalgatasbariloche.com.ar\/experiencias-turisticas\/pack-de-reserva-modificable-viaja-con-tranquilidad-y-sin-preocupaciones\/\",\"url\":\"https:\/\/cabalgatasbariloche.com.ar\/experiencias-turisticas\/pack-de-reserva-modificable-viaja-con-tranquilidad-y-sin-preocupaciones\/\",\"name\":\"Pack de Reserva Modificable \u2013 Viaj\u00e1 con tranquilidad y sin preocupaciones - Cabalgatas Bariloche\",\"isPartOf\":{\"@id\":\"https:\/\/cabalgatasbariloche.com.ar\/#website\"},\"primaryImageOfPage\":{\"@id\":\"https:\/\/cabalgatasbariloche.com.ar\/experiencias-turisticas\/pack-de-reserva-modificable-viaja-con-tranquilidad-y-sin-preocupaciones\/#primaryimage\"},\"image\":{\"@id\":\"https:\/\/cabalgatasbariloche.com.ar\/experiencias-turisticas\/pack-de-reserva-modificable-viaja-con-tranquilidad-y-sin-preocupaciones\/#primaryimage\"},\"thumbnailUrl\":\"https:\/\/cabalgatasbariloche.com.ar\/wp-content\/uploads\/sites\/10\/2025\/08\/1-DSC_0103-scaled-1.jpg\",\"datePublished\":\"2025-08-27T15:13:47+00:00\",\"dateModified\":\"2025-08-27T15:13:52+00:00\",\"breadcrumb\":{\"@id\":\"https:\/\/cabalgatasbariloche.com.ar\/experiencias-turisticas\/pack-de-reserva-modificable-viaja-con-tranquilidad-y-sin-preocupaciones\/#breadcrumb\"},\"inLanguage\":\"pt-BR\",\"potentialAction\":[{\"@type\":\"ReadAction\",\"target\":[\"https:\/\/cabalgatasbariloche.com.ar\/experiencias-turisticas\/pack-de-reserva-modificable-viaja-con-tranquilidad-y-sin-preocupaciones\/\"]}]},{\"@type\":\"ImageObject\",\"inLanguage\":\"pt-BR\",\"@id\":\"https:\/\/cabalgatasbariloche.com.ar\/experiencias-turisticas\/pack-de-reserva-modificable-viaja-con-tranquilidad-y-sin-preocupaciones\/#primaryimage\",\"url\":\"https:\/\/cabalgatasbariloche.com.ar\/wp-content\/uploads\/sites\/10\/2025\/08\/1-DSC_0103-scaled-1.jpg\",\"contentUrl\":\"https:\/\/cabalgatasbariloche.com.ar\/wp-content\/uploads\/sites\/10\/2025\/08\/1-DSC_0103-scaled-1.jpg\",\"width\":1856,\"height\":2560},{\"@type\":\"BreadcrumbList\",\"@id\":\"https:\/\/cabalgatasbariloche.com.ar\/experiencias-turisticas\/pack-de-reserva-modificable-viaja-con-tranquilidad-y-sin-preocupaciones\/#breadcrumb\",\"itemListElement\":[{\"@type\":\"ListItem\",\"position\":1,\"name\":\"Portada\",\"item\":\"https:\/\/cabalgatasbariloche.com.ar\/\"},{\"@type\":\"ListItem\",\"position\":2,\"name\":\"Tienda\",\"item\":\"https:\/\/cabalgatasbariloche.com.ar\/tienda\/\"},{\"@type\":\"ListItem\",\"position\":3,\"name\":\"Pack de Reserva Modificable \u2013 Viaj\u00e1 con tranquilidad y sin preocupaciones\"}]},{\"@type\":\"WebSite\",\"@id\":\"https:\/\/cabalgatasbariloche.com.ar\/#website\",\"url\":\"https:\/\/cabalgatasbariloche.com.ar\/\",\"name\":\"Cabalgatas Bariloche\",\"description\":\"Conocer la estepa y cerros patagonicos\",\"potentialAction\":[{\"@type\":\"SearchAction\",\"target\":{\"@type\":\"EntryPoint\",\"urlTemplate\":\"https:\/\/cabalgatasbariloche.com.ar\/?s={search_term_string}\"},\"query-input\":{\"@type\":\"PropertyValueSpecification\",\"valueRequired\":true,\"valueName\":\"search_term_string\"}}],\"inLanguage\":\"pt-BR\"}]}<\/script>\n<meta property=\"product:price:amount\" content=\"25000.00\" \/>\n<meta property=\"product:price:currency\" content=\"ARS\" \/>\n<meta property=\"og:availability\" content=\"instock\" \/>\n<meta property=\"product:availability\" content=\"instock\" \/>\n<meta property=\"product:condition\" content=\"new\" \/>\n<!-- \/ Yoast SEO Premium plugin. -->","yoast_head_json":{"title":"Pacote de reservas modific\u00e1veis - Viaje com tranquilidade e sem preocupa\u00e7\u00f5es - Cabalgatas Bariloche","robots":{"index":"index","follow":"follow","max-snippet":"max-snippet:-1","max-image-preview":"max-image-preview:large","max-video-preview":"max-video-preview:-1"},"canonical":"https:\/\/cabalgatasbariloche.com.ar\/pt\/experiencias-turisticas\/pacote-de-reserva-mutavel-viaje-com-tranquilidade-e-sem-preocupacoes\/","og_locale":"pt_BR","og_type":"article","og_title":"Pack de Reserva Modificable \u2013 Viaj\u00e1 con tranquilidad y sin preocupaciones","og_description":"Reserva Flexible: cambi\u00e1 o anul\u00e1 tu tour individual y por experiencia, con reembolso parcial hasta el d\u00eda previo. M\u00e1s tranquilidad al viajar a Bariloche.","og_url":"https:\/\/cabalgatasbariloche.com.ar\/pt\/experiencias-turisticas\/pacote-de-reserva-mutavel-viaje-com-tranquilidade-e-sem-preocupacoes\/","og_site_name":"Cabalgatas Bariloche","article_modified_time":"2025-08-27T15:13:52+00:00","og_image":[{"width":1856,"height":2560,"url":"https:\/\/cabalgatasbariloche.com.ar\/wp-content\/uploads\/sites\/10\/2025\/08\/1-DSC_0103-scaled-1.jpg","type":"image\/jpeg"}],"twitter_card":"summary_large_image","twitter_misc":{"Pre\u00e7o":"&#36;25,000.00","Disponibilidade":"Em Estoque"},"schema":{"@context":"https:\/\/schema.org","@graph":[{"@type":["WebPage","ItemPage"],"@id":"https:\/\/cabalgatasbariloche.com.ar\/experiencias-turisticas\/pack-de-reserva-modificable-viaja-con-tranquilidad-y-sin-preocupaciones\/","url":"https:\/\/cabalgatasbariloche.com.ar\/experiencias-turisticas\/pack-de-reserva-modificable-viaja-con-tranquilidad-y-sin-preocupaciones\/","name":"Pacote de reservas modific\u00e1veis - Viaje com tranquilidade e sem preocupa\u00e7\u00f5es - Cabalgatas Bariloche","isPartOf":{"@id":"https:\/\/cabalgatasbariloche.com.ar\/#website"},"primaryImageOfPage":{"@id":"https:\/\/cabalgatasbariloche.com.ar\/experiencias-turisticas\/pack-de-reserva-modificable-viaja-con-tranquilidad-y-sin-preocupaciones\/#primaryimage"},"image":{"@id":"https:\/\/cabalgatasbariloche.com.ar\/experiencias-turisticas\/pack-de-reserva-modificable-viaja-con-tranquilidad-y-sin-preocupaciones\/#primaryimage"},"thumbnailUrl":"https:\/\/cabalgatasbariloche.com.ar\/wp-content\/uploads\/sites\/10\/2025\/08\/1-DSC_0103-scaled-1.jpg","datePublished":"2025-08-27T15:13:47+00:00","dateModified":"2025-08-27T15:13:52+00:00","breadcrumb":{"@id":"https:\/\/cabalgatasbariloche.com.ar\/experiencias-turisticas\/pack-de-reserva-modificable-viaja-con-tranquilidad-y-sin-preocupaciones\/#breadcrumb"},"inLanguage":"pt-BR","potentialAction":[{"@type":"ReadAction","target":["https:\/\/cabalgatasbariloche.com.ar\/experiencias-turisticas\/pack-de-reserva-modificable-viaja-con-tranquilidad-y-sin-preocupaciones\/"]}]},{"@type":"ImageObject","inLanguage":"pt-BR","@id":"https:\/\/cabalgatasbariloche.com.ar\/experiencias-turisticas\/pack-de-reserva-modificable-viaja-con-tranquilidad-y-sin-preocupaciones\/#primaryimage","url":"https:\/\/cabalgatasbariloche.com.ar\/wp-content\/uploads\/sites\/10\/2025\/08\/1-DSC_0103-scaled-1.jpg","contentUrl":"https:\/\/cabalgatasbariloche.com.ar\/wp-content\/uploads\/sites\/10\/2025\/08\/1-DSC_0103-scaled-1.jpg","width":1856,"height":2560},{"@type":"BreadcrumbList","@id":"https:\/\/cabalgatasbariloche.com.ar\/experiencias-turisticas\/pack-de-reserva-modificable-viaja-con-tranquilidad-y-sin-preocupaciones\/#breadcrumb","itemListElement":[{"@type":"ListItem","position":1,"name":"Portada","item":"https:\/\/cabalgatasbariloche.com.ar\/"},{"@type":"ListItem","position":2,"name":"Tienda","item":"https:\/\/cabalgatasbariloche.com.ar\/tienda\/"},{"@type":"ListItem","position":3,"name":"Pack de Reserva Modificable \u2013 Viaj\u00e1 con tranquilidad y sin preocupaciones"}]},{"@type":"WebSite","@id":"https:\/\/cabalgatasbariloche.com.ar\/#website","url":"https:\/\/cabalgatasbariloche.com.ar\/","name":"Cavalgadas em Bariloche","description":"Conhecendo a estepe e as montanhas da Patag\u00f4nia","potentialAction":[{"@type":"SearchAction","target":{"@type":"EntryPoint","urlTemplate":"https:\/\/cabalgatasbariloche.com.ar\/?s={search_term_string}"},"query-input":{"@type":"PropertyValueSpecification","valueRequired":true,"valueName":"search_term_string"}}],"inLanguage":"pt-BR"}]},"product_price_amount":"25000.00","product_price_currency":"ARS","og_availability":"instock","product_availability":"instock","product_condition":"new"},"_links":{"self":[{"href":"https:\/\/cabalgatasbariloche.com.ar\/pt\/wp-json\/wp\/v2\/product\/78","targetHints":{"allow":["GET"]}}],"collection":[{"href":"https:\/\/cabalgatasbariloche.com.ar\/pt\/wp-json\/wp\/v2\/product"}],"about":[{"href":"https:\/\/cabalgatasbariloche.com.ar\/pt\/wp-json\/wp\/v2\/types\/product"}],"replies":[{"embeddable":true,"href":"https:\/\/cabalgatasbariloche.com.ar\/pt\/wp-json\/wp\/v2\/comments?post=78"}],"wp:featuredmedia":[{"embeddable":true,"href":"https:\/\/cabalgatasbariloche.com.ar\/pt\/wp-json\/wp\/v2\/media\/79"}],"wp:attachment":[{"href":"https:\/\/cabalgatasbariloche.com.ar\/pt\/wp-json\/wp\/v2\/media?parent=78"}],"wp:term":[{"taxonomy":"product_brand","embeddable":true,"href":"https:\/\/cabalgatasbariloche.com.ar\/pt\/wp-json\/wp\/v2\/product_brand?post=78"},{"taxonomy":"product_cat","embeddable":true,"href":"https:\/\/cabalgatasbariloche.com.ar\/pt\/wp-json\/wp\/v2\/product_cat?post=78"},{"taxonomy":"product_tag","embeddable":true,"href":"https:\/\/cabalgatasbariloche.com.ar\/pt\/wp-json\/wp\/v2\/product_tag?post=78"}],"curies":[{"name":"wp","href":"https:\/\/api.w.org\/{rel}","templated":true}]}}