{"id":77,"date":"2025-08-27T12:13:11","date_gmt":"2025-08-27T15:13:11","guid":{"rendered":"https:\/\/cabalgatasbariloche.com.ar\/producto\/rafting-en-rio-limay-desde-bariloche-paisaje-emocion-y-cultura-patagonica\/"},"modified":"2026-04-28T12:43:59","modified_gmt":"2026-04-28T15:43:59","slug":"rafting-rio-limay-desde-bariloche","status":"publish","type":"product","link":"https:\/\/cabalgatasbariloche.com.ar\/pt\/experiencias-turisticas\/rafting-no-rio-limay-saindo-de-bariloche\/","title":{"rendered":"Rafting no rio Limay saindo de Bariloche: paisagem, emo\u00e7\u00e3o e cultura patag\u00f4nica"},"content":{"rendered":"<h2 class=\"ai-optimize-23\">Viva uma experi\u00eancia inesquec\u00edvel na Patag\u00f4nia<\/h2>\n<p class=\"ai-optimize-24 ai-optimize-introduction\">Explore o incr\u00edvel ambiente natural do Rio Limay com uma viagem de rafting de baixa dificuldade. Essa proposta foi criada para aqueles que querem combinar aventura, conforto e a emo\u00e7\u00e3o de descobrir paisagens patag\u00f4nicas \u00fanicas. Perfeito para fam\u00edlias, grupos e iniciantes em rafting em um enclave seguro e atraente.<\/p>\n<h3 class=\"ai-optimize-25\">Recursos excepcionais<\/h3>\n<ul>\n<li class=\"ai-optimize-26\"><strong>Atividade segura e acess\u00edvel:<\/strong> Corredeiras de classe I\/II, recomendadas a partir dos 3 anos de idade.<\/li>\n<li class=\"ai-optimize-27\"><strong>Equipamento completo e transfer\u00eancia:<\/strong> Colete salva-vidas, remos, traslado e ponto de encontro definido s\u00e3o fornecidos.<\/li>\n<li class=\"ai-optimize-28\"><strong>Hora de in\u00edcio precisa:<\/strong> A partida come\u00e7a \u00e0s 13:00, permitindo um dia cheio de divers\u00e3o e relaxamento.<\/li>\n<li class=\"ai-optimize-29\"><strong>Ele recuperar\u00e1 as energias:<\/strong> Inclui caf\u00e9 da manh\u00e3 ou um lanche, ideal para continuar a aventura com energia renovada.<\/li>\n<\/ul>\n<h3 class=\"ai-optimize-30\">Uma experi\u00eancia diferente em conforto e natureza<\/h3>\n<p class=\"ai-optimize-31\">Experimente uma excurs\u00e3o que combina a tranquilidade das \u00e1guas calmas com a adrenalina das suaves corredeiras do Rio Limay. Cada momento foi pensado para que voc\u00ea desfrute de uma lembran\u00e7a inesquec\u00edvel, combinando a beleza da Patag\u00f4nia e a exclusividade de uma proposta focada em sua seguran\u00e7a e bem-estar.<\/p>\n<h3 class=\"ai-optimize-32\">Perguntas frequentes (FAQ)<\/h3>\n<ul>\n<li class=\"ai-optimize-33\"><strong>O que est\u00e1 inclu\u00eddo no passeio?<\/strong>A proposta inclui o traslado at\u00e9 o ponto de encontro, equipamento completo (colete salva-vidas e remos) e um caf\u00e9 da manh\u00e3 ou lanche, criando assim uma experi\u00eancia completa.<\/li>\n<li class=\"ai-optimize-34\"><strong>\u00c9 adequado para fam\u00edlias e crian\u00e7as?<\/strong>Sim, essa aventura foi planejada para ser desfrutada por pessoas de todas as idades, sendo adequada para crian\u00e7as a partir de 3 anos de idade, o que a torna perfeita para atividades em fam\u00edlia.<\/li>\n<li class=\"ai-optimize-35\"><strong>Qual \u00e9 o grau de dificuldade da rota?<\/strong>A viagem abrange corredeiras de classe I\/II, o que a torna uma aventura segura e f\u00e1cil para iniciantes no rafting.<\/li>\n<li class=\"ai-optimize-36\"><strong>\u00c9 necess\u00e1rio ter experi\u00eancia pr\u00e9via em rafting?<\/strong>N\u00e3o, voc\u00ea n\u00e3o precisa ter experi\u00eancia anterior. A excurs\u00e3o foi projetada para aqueles que desejam desfrutar do rafting em um ambiente controlado e emocionante.<\/li>\n<\/ul>\n<p class=\"ai-optimize-23\"><strong>Aviso importante<\/strong>Este passeio j\u00e1 est\u00e1 dispon\u00edvel para pr\u00e9-reserva. As sa\u00eddas operam de 30 de abril a 30 de setembro, sujeitas ao calend\u00e1rio sazonal.<\/p>","protected":false},"excerpt":{"rendered":"<p class=\"ai-optimize-22\">Explore o rio Limay com uma aventura tranquila de rafting, projetada para proporcionar confian\u00e7a e distin\u00e7\u00e3o em uma paisagem natural \u00fanica. Perfeito para grupos familiares e iniciantes curiosos.<\/p>","protected":false},"featured_media":278,"comment_status":"open","ping_status":"closed","template":"","meta":[],"product_brand":[],"product_cat":[50,52,54,55,58,61,65,70],"product_tag":[],"class_list":{"0":"post-77","1":"product","2":"type-product","3":"status-publish","4":"has-post-thumbnail","6":"product_cat-adultos","7":"product_cat-aventura","8":"product_cat-con-traslado","9":"product_cat-familia","10":"product_cat-jubilados","11":"product_cat-ninos","12":"product_cat-sin-comida","13":"product_cat-todo-el-ano","15":"first","16":"instock","17":"virtual","18":"sold-individually","19":"purchasable","20":"product-type-booking"},"booking_location":"","booking_location_type":"","booking_duration":1,"booking_duration_unit":"hour","booking_buffer":0,"booking_cost":0,"booking_resources":[],"exclude_global_add_ons":false,"addons":[{"name":"ADU: Adulto","type":"input_multiplier","position":0,"required":false,"title_format":"label","default":"","description_enable":false,"description":"","placeholder_enable":false,"placeholder":"","display":"select","restrictions_type":"any_text","adjust_price":true,"price":"99500","price_type":"quantity_based","restrictions":false,"min":"0","max":"0","options":[],"id":1777380230}],"yoast_head":"<!-- This site is optimized with the Yoast SEO Premium plugin v25.2 (Yoast SEO v25.2) - https:\/\/yoast.com\/wordpress\/plugins\/seo\/ -->\n<title>Rafting en R\u00edo Limay desde Bariloche - Cabalgatas Bariloche<\/title>\n<meta name=\"description\" content=\"Viv\u00ed una experiencia segura de rafting en el R\u00edo Limay. Naturaleza, diversi\u00f3n y relax en paisajes patag\u00f3nicos \u00fanicos, ideal para toda la familia.\" \/>\n<meta name=\"robots\" content=\"index, follow, max-snippet:-1, max-image-preview:large, max-video-preview:-1\" \/>\n<link rel=\"canonical\" href=\"https:\/\/cabalgatasbariloche.com.ar\/pt\/experiencias-turisticas\/rafting-no-rio-limay-saindo-de-bariloche\/\" \/>\n<meta property=\"og:locale\" content=\"pt_BR\" \/>\n<meta property=\"og:type\" content=\"article\" \/>\n<meta property=\"og:title\" content=\"Rafting en R\u00edo Limay desde Bariloche: Paisaje, Emoci\u00f3n y Cultura Patag\u00f3nica\" \/>\n<meta property=\"og:description\" content=\"Viv\u00ed una experiencia segura de rafting en el R\u00edo Limay. Naturaleza, diversi\u00f3n y relax en paisajes patag\u00f3nicos \u00fanicos, ideal para toda la familia.\" \/>\n<meta property=\"og:url\" content=\"https:\/\/cabalgatasbariloche.com.ar\/pt\/experiencias-turisticas\/rafting-no-rio-limay-saindo-de-bariloche\/\" \/>\n<meta property=\"og:site_name\" content=\"Cabalgatas Bariloche\" \/>\n<meta property=\"article:modified_time\" content=\"2026-04-28T15:43:59+00:00\" \/>\n<meta property=\"og:image\" content=\"https:\/\/cabalgatasbariloche.com.ar\/wp-content\/uploads\/sites\/10\/2025\/08\/9-A-311318487_447663984016097_4734724252112077618_n-1.jpg\" \/>\n\t<meta property=\"og:image:width\" content=\"850\" \/>\n\t<meta property=\"og:image:height\" content=\"1133\" \/>\n\t<meta property=\"og:image:type\" content=\"image\/jpeg\" \/>\n<meta name=\"twitter:card\" content=\"summary_large_image\" \/>\n<meta name=\"twitter:label1\" content=\"Pre\u00e7o\" \/>\n\t<meta name=\"twitter:data1\" content=\"&#036;99,500.00\" \/>\n\t<meta name=\"twitter:label2\" content=\"Disponibilidade\" \/>\n\t<meta name=\"twitter:data2\" content=\"Em Estoque\" \/>\n<script type=\"application\/ld+json\" class=\"yoast-schema-graph\">{\"@context\":\"https:\/\/schema.org\",\"@graph\":[{\"@type\":[\"WebPage\",\"ItemPage\"],\"@id\":\"https:\/\/cabalgatasbariloche.com.ar\/experiencias-turisticas\/rafting-rio-limay-desde-bariloche\/\",\"url\":\"https:\/\/cabalgatasbariloche.com.ar\/experiencias-turisticas\/rafting-rio-limay-desde-bariloche\/\",\"name\":\"Rafting en R\u00edo Limay desde Bariloche - Cabalgatas Bariloche\",\"isPartOf\":{\"@id\":\"https:\/\/cabalgatasbariloche.com.ar\/#website\"},\"primaryImageOfPage\":{\"@id\":\"https:\/\/cabalgatasbariloche.com.ar\/experiencias-turisticas\/rafting-rio-limay-desde-bariloche\/#primaryimage\"},\"image\":{\"@id\":\"https:\/\/cabalgatasbariloche.com.ar\/experiencias-turisticas\/rafting-rio-limay-desde-bariloche\/#primaryimage\"},\"thumbnailUrl\":\"https:\/\/cabalgatasbariloche.com.ar\/wp-content\/uploads\/sites\/10\/2025\/08\/9-A-311318487_447663984016097_4734724252112077618_n-1.jpg\",\"datePublished\":\"2025-08-27T15:13:11+00:00\",\"dateModified\":\"2026-04-28T15:43:59+00:00\",\"description\":\"Viv\u00ed una experiencia segura de rafting en el R\u00edo Limay. Naturaleza, diversi\u00f3n y relax en paisajes patag\u00f3nicos \u00fanicos, ideal para toda la familia.\",\"breadcrumb\":{\"@id\":\"https:\/\/cabalgatasbariloche.com.ar\/experiencias-turisticas\/rafting-rio-limay-desde-bariloche\/#breadcrumb\"},\"inLanguage\":\"pt-BR\",\"potentialAction\":[{\"@type\":\"ReadAction\",\"target\":[\"https:\/\/cabalgatasbariloche.com.ar\/experiencias-turisticas\/rafting-rio-limay-desde-bariloche\/\"]}]},{\"@type\":\"ImageObject\",\"inLanguage\":\"pt-BR\",\"@id\":\"https:\/\/cabalgatasbariloche.com.ar\/experiencias-turisticas\/rafting-rio-limay-desde-bariloche\/#primaryimage\",\"url\":\"https:\/\/cabalgatasbariloche.com.ar\/wp-content\/uploads\/sites\/10\/2025\/08\/9-A-311318487_447663984016097_4734724252112077618_n-1.jpg\",\"contentUrl\":\"https:\/\/cabalgatasbariloche.com.ar\/wp-content\/uploads\/sites\/10\/2025\/08\/9-A-311318487_447663984016097_4734724252112077618_n-1.jpg\",\"width\":850,\"height\":1133},{\"@type\":\"BreadcrumbList\",\"@id\":\"https:\/\/cabalgatasbariloche.com.ar\/experiencias-turisticas\/rafting-rio-limay-desde-bariloche\/#breadcrumb\",\"itemListElement\":[{\"@type\":\"ListItem\",\"position\":1,\"name\":\"Portada\",\"item\":\"https:\/\/cabalgatasbariloche.com.ar\/\"},{\"@type\":\"ListItem\",\"position\":2,\"name\":\"Tienda\",\"item\":\"https:\/\/cabalgatasbariloche.com.ar\/tienda\/\"},{\"@type\":\"ListItem\",\"position\":3,\"name\":\"Rafting en R\u00edo Limay desde Bariloche: Paisaje, Emoci\u00f3n y Cultura Patag\u00f3nica\"}]},{\"@type\":\"WebSite\",\"@id\":\"https:\/\/cabalgatasbariloche.com.ar\/#website\",\"url\":\"https:\/\/cabalgatasbariloche.com.ar\/\",\"name\":\"Cabalgatas Bariloche\",\"description\":\"Conocer la estepa y cerros patagonicos\",\"potentialAction\":[{\"@type\":\"SearchAction\",\"target\":{\"@type\":\"EntryPoint\",\"urlTemplate\":\"https:\/\/cabalgatasbariloche.com.ar\/?s={search_term_string}\"},\"query-input\":{\"@type\":\"PropertyValueSpecification\",\"valueRequired\":true,\"valueName\":\"search_term_string\"}}],\"inLanguage\":\"pt-BR\"}]}<\/script>\n<meta property=\"product:price:amount\" content=\"99500.00\" \/>\n<meta property=\"product:price:currency\" content=\"ARS\" \/>\n<meta property=\"og:availability\" content=\"instock\" \/>\n<meta property=\"product:availability\" content=\"instock\" \/>\n<meta property=\"product:retailer_item_id\" content=\"ADV2025RALIPO7XQ4\" \/>\n<meta property=\"product:condition\" content=\"new\" \/>\n<!-- \/ Yoast SEO Premium plugin. -->","yoast_head_json":{"title":"Rafting no rio Limay desde Bariloche - Cavalgadas em Bariloche","description":"Viva uma experi\u00eancia segura de rafting no Rio Limay. Natureza, divers\u00e3o e relaxamento em paisagens patag\u00f4nicas \u00fanicas, ideais para toda a fam\u00edlia.","robots":{"index":"index","follow":"follow","max-snippet":"max-snippet:-1","max-image-preview":"max-image-preview:large","max-video-preview":"max-video-preview:-1"},"canonical":"https:\/\/cabalgatasbariloche.com.ar\/pt\/experiencias-turisticas\/rafting-no-rio-limay-saindo-de-bariloche\/","og_locale":"pt_BR","og_type":"article","og_title":"Rafting en R\u00edo Limay desde Bariloche: Paisaje, Emoci\u00f3n y Cultura Patag\u00f3nica","og_description":"Viv\u00ed una experiencia segura de rafting en el R\u00edo Limay. Naturaleza, diversi\u00f3n y relax en paisajes patag\u00f3nicos \u00fanicos, ideal para toda la familia.","og_url":"https:\/\/cabalgatasbariloche.com.ar\/pt\/experiencias-turisticas\/rafting-no-rio-limay-saindo-de-bariloche\/","og_site_name":"Cabalgatas Bariloche","article_modified_time":"2026-04-28T15:43:59+00:00","og_image":[{"width":850,"height":1133,"url":"https:\/\/cabalgatasbariloche.com.ar\/wp-content\/uploads\/sites\/10\/2025\/08\/9-A-311318487_447663984016097_4734724252112077618_n-1.jpg","type":"image\/jpeg"}],"twitter_card":"summary_large_image","twitter_misc":{"Pre\u00e7o":"&#36;99,500.00","Disponibilidade":"Em Estoque"},"schema":{"@context":"https:\/\/schema.org","@graph":[{"@type":["WebPage","ItemPage"],"@id":"https:\/\/cabalgatasbariloche.com.ar\/experiencias-turisticas\/rafting-rio-limay-desde-bariloche\/","url":"https:\/\/cabalgatasbariloche.com.ar\/experiencias-turisticas\/rafting-rio-limay-desde-bariloche\/","name":"Rafting no rio Limay desde Bariloche - Cavalgadas em Bariloche","isPartOf":{"@id":"https:\/\/cabalgatasbariloche.com.ar\/#website"},"primaryImageOfPage":{"@id":"https:\/\/cabalgatasbariloche.com.ar\/experiencias-turisticas\/rafting-rio-limay-desde-bariloche\/#primaryimage"},"image":{"@id":"https:\/\/cabalgatasbariloche.com.ar\/experiencias-turisticas\/rafting-rio-limay-desde-bariloche\/#primaryimage"},"thumbnailUrl":"https:\/\/cabalgatasbariloche.com.ar\/wp-content\/uploads\/sites\/10\/2025\/08\/9-A-311318487_447663984016097_4734724252112077618_n-1.jpg","datePublished":"2025-08-27T15:13:11+00:00","dateModified":"2026-04-28T15:43:59+00:00","description":"Viva uma experi\u00eancia segura de rafting no Rio Limay. Natureza, divers\u00e3o e relaxamento em paisagens patag\u00f4nicas \u00fanicas, ideais para toda a fam\u00edlia.","breadcrumb":{"@id":"https:\/\/cabalgatasbariloche.com.ar\/experiencias-turisticas\/rafting-rio-limay-desde-bariloche\/#breadcrumb"},"inLanguage":"pt-BR","potentialAction":[{"@type":"ReadAction","target":["https:\/\/cabalgatasbariloche.com.ar\/experiencias-turisticas\/rafting-rio-limay-desde-bariloche\/"]}]},{"@type":"ImageObject","inLanguage":"pt-BR","@id":"https:\/\/cabalgatasbariloche.com.ar\/experiencias-turisticas\/rafting-rio-limay-desde-bariloche\/#primaryimage","url":"https:\/\/cabalgatasbariloche.com.ar\/wp-content\/uploads\/sites\/10\/2025\/08\/9-A-311318487_447663984016097_4734724252112077618_n-1.jpg","contentUrl":"https:\/\/cabalgatasbariloche.com.ar\/wp-content\/uploads\/sites\/10\/2025\/08\/9-A-311318487_447663984016097_4734724252112077618_n-1.jpg","width":850,"height":1133},{"@type":"BreadcrumbList","@id":"https:\/\/cabalgatasbariloche.com.ar\/experiencias-turisticas\/rafting-rio-limay-desde-bariloche\/#breadcrumb","itemListElement":[{"@type":"ListItem","position":1,"name":"Portada","item":"https:\/\/cabalgatasbariloche.com.ar\/"},{"@type":"ListItem","position":2,"name":"Tienda","item":"https:\/\/cabalgatasbariloche.com.ar\/tienda\/"},{"@type":"ListItem","position":3,"name":"Rafting en R\u00edo Limay desde Bariloche: Paisaje, Emoci\u00f3n y Cultura Patag\u00f3nica"}]},{"@type":"WebSite","@id":"https:\/\/cabalgatasbariloche.com.ar\/#website","url":"https:\/\/cabalgatasbariloche.com.ar\/","name":"Cavalgadas em Bariloche","description":"Conhecendo a estepe e as montanhas da Patag\u00f4nia","potentialAction":[{"@type":"SearchAction","target":{"@type":"EntryPoint","urlTemplate":"https:\/\/cabalgatasbariloche.com.ar\/?s={search_term_string}"},"query-input":{"@type":"PropertyValueSpecification","valueRequired":true,"valueName":"search_term_string"}}],"inLanguage":"pt-BR"}]},"product_price_amount":"99500.00","product_price_currency":"ARS","og_availability":"instock","product_availability":"instock","product_retailer_item_id":"ADV2025RALIPO7XQ4","product_condition":"new"},"_links":{"self":[{"href":"https:\/\/cabalgatasbariloche.com.ar\/pt\/wp-json\/wp\/v2\/product\/77","targetHints":{"allow":["GET"]}}],"collection":[{"href":"https:\/\/cabalgatasbariloche.com.ar\/pt\/wp-json\/wp\/v2\/product"}],"about":[{"href":"https:\/\/cabalgatasbariloche.com.ar\/pt\/wp-json\/wp\/v2\/types\/product"}],"replies":[{"embeddable":true,"href":"https:\/\/cabalgatasbariloche.com.ar\/pt\/wp-json\/wp\/v2\/comments?post=77"}],"wp:featuredmedia":[{"embeddable":true,"href":"https:\/\/cabalgatasbariloche.com.ar\/pt\/wp-json\/wp\/v2\/media\/278"}],"wp:attachment":[{"href":"https:\/\/cabalgatasbariloche.com.ar\/pt\/wp-json\/wp\/v2\/media?parent=77"}],"wp:term":[{"taxonomy":"product_brand","embeddable":true,"href":"https:\/\/cabalgatasbariloche.com.ar\/pt\/wp-json\/wp\/v2\/product_brand?post=77"},{"taxonomy":"product_cat","embeddable":true,"href":"https:\/\/cabalgatasbariloche.com.ar\/pt\/wp-json\/wp\/v2\/product_cat?post=77"},{"taxonomy":"product_tag","embeddable":true,"href":"https:\/\/cabalgatasbariloche.com.ar\/pt\/wp-json\/wp\/v2\/product_tag?post=77"}],"curies":[{"name":"wp","href":"https:\/\/api.w.org\/{rel}","templated":true}]}}