{"id":474,"date":"2026-03-10T14:52:31","date_gmt":"2026-03-10T17:52:31","guid":{"rendered":"https:\/\/cabalgatasbariloche.com.ar\/?post_type=product&#038;p=474"},"modified":"2026-03-10T15:15:36","modified_gmt":"2026-03-10T18:15:36","slug":"cabalgata-dia-completo-experiencia-prolongada-a-caballo","status":"publish","type":"product","link":"https:\/\/cabalgatasbariloche.com.ar\/pt\/experiencias-turisticas\/experiencia-de-cavalgada-de-dia-inteiro-a-cavalo\/","title":{"rendered":"Passeio a cavalo de dia inteiro - Experi\u00eancia estendida a cavalo"},"content":{"rendered":"<h2 class=\"ai-optimize-53 ai-optimize-introduction\"><strong>Passeio a cavalo de dia inteiro<\/strong><\/h2>\n<p class=\"ai-optimize-23 ai-optimize-introduction\"><span style=\"font-weight: 400;\">A reuni\u00e3o ocorre \u00e0s 10h00 no ponto de coordena\u00e7\u00e3o. Ap\u00f3s a designa\u00e7\u00e3o dos cavalos e uma breve palestra introdut\u00f3ria, come\u00e7a o dia a cavalo.<\/span><\/p>\n<p class=\"ai-optimize-24\"><span style=\"font-weight: 400;\">A primeira parte da rota segue em dire\u00e7\u00e3o ao setor Cerro Campanario, passando por trilhas cercadas por florestas de coihue. \u00c0 medida que subimos a encosta, h\u00e1 mirantes naturais com vista para o Lago Nahuel Huapi, a pen\u00ednsula de San Pedro, a lagoa El Tr\u00e9bol e as colinas que cercam o Circuito Chico.<\/span><\/p>\n<p class=\"ai-optimize-25\"><span style=\"font-weight: 400;\">Depois disso, a experi\u00eancia continua em dire\u00e7\u00e3o \u00e0 \u00e1rea do Lago Moreno. Por estradas locais e \u00e1reas pouco povoadas, chegamos \u00e0 margem leste do lago, onde pedalamos ao longo da margem at\u00e9 a foz do Rio Casa de Piedra antes de retornar.<\/span><\/p>\n<p class=\"ai-optimize-26\"><span style=\"font-weight: 400;\">A dura\u00e7\u00e3o total \u00e9 de aproximadamente 5 horas, combinando diferentes paisagens em um dia projetado para aqueles que est\u00e3o procurando uma viagem mais longa com mais tempo efetivo a cavalo.<\/span><\/p>\n<p class=\"ai-optimize-27\"><span style=\"font-weight: 400;\">O almo\u00e7o n\u00e3o est\u00e1 inclu\u00eddo, embora haja a op\u00e7\u00e3o de comprar o almo\u00e7o no local.<\/span><span style=\"font-weight: 400;\"><br \/>\n<\/span><span style=\"font-weight: 400;\">Importante: Atividade sujeita a disponibilidade, experi\u00eancia e condi\u00e7\u00f5es clim\u00e1ticas.<\/span><\/p>\n<p class=\"ai-optimize-28\"><b>Informa\u00e7\u00f5es pr\u00e1ticas<\/b><\/p>\n<p class=\"ai-optimize-29\"><b>Sair:<\/b><span style=\"font-weight: 400;\"> 10:00 a.m.<\/span><span style=\"font-weight: 400;\"><br \/>\n<\/span> <b>Dura\u00e7\u00e3o:<\/b><span style=\"font-weight: 400;\"> Aproximadamente 5 horas.<\/span><span style=\"font-weight: 400;\"><br \/>\n<\/span> <b>Idade m\u00ednima:<\/b><span style=\"font-weight: 400;\"> Consultar.<\/span><span style=\"font-weight: 400;\"><br \/>\n<\/span> <b>N\u00edvel de dificuldade:<\/b><span style=\"font-weight: 400;\"> Baixo a moderado.<\/span><span style=\"font-weight: 400;\"><br \/>\n<\/span> <b>Ponto de encontro:<\/b><span style=\"font-weight: 400;\"> A ser confirmado no momento da reserva.<\/span><\/p>\n<p class=\"ai-optimize-30\"><b>Inclui<\/b><\/p>\n<ul>\n<li class=\"ai-optimize-31\" style=\"font-weight: 400;\" aria-level=\"1\"><span style=\"font-weight: 400;\">Passeio combinado.<\/span><\/li>\n<li class=\"ai-optimize-32\" style=\"font-weight: 400;\" aria-level=\"1\"><span style=\"font-weight: 400;\">Guias Baqueano.<\/span><\/li>\n<\/ul>\n<p class=\"ai-optimize-33\"><b>N\u00e3o inclui<\/b><\/p>\n<ul>\n<li class=\"ai-optimize-34\" style=\"font-weight: 400;\" aria-level=\"1\"><span style=\"font-weight: 400;\">Almo\u00e7o.<\/span><\/li>\n<li class=\"ai-optimize-35\" style=\"font-weight: 400;\" aria-level=\"1\"><span style=\"font-weight: 400;\">Traslados (verificar disponibilidade).<\/span><\/li>\n<\/ul>\n<p class=\"ai-optimize-36\"><b>Perguntas frequentes<\/b><\/p>\n<p class=\"ai-optimize-37\"><b>Preciso de experi\u00eancia anterior?<\/b><b><br \/>\n<\/b><span style=\"font-weight: 400;\"> \u00c9 necess\u00e1rio ter experi\u00eancia m\u00ednima e recomenda-se uma boa condi\u00e7\u00e3o f\u00edsica devido \u00e0 dura\u00e7\u00e3o.<\/span><\/p>\n<p class=\"ai-optimize-38\"><b>Isso inclui alimentos?<\/b><b><br \/>\n<\/b><span style=\"font-weight: 400;\"> N\u00e3o. O almo\u00e7o \u00e9 opcional e pode ser contratado no restaurante do local.<\/span><\/p>\n<p class=\"ai-optimize-23 ai-optimize-introduction\"><b>\u00c9 mais exigente do que outros passeios?<\/b><b><br \/>\n<\/b><span style=\"font-weight: 400;\"> Ele tem uma dura\u00e7\u00e3o mais longa e uma demanda f\u00edsica um pouco mais intensa.<\/span><\/p>","protected":false},"excerpt":{"rendered":"<p class=\"ai-optimize-22\">Passeio a cavalo de dia inteiro em Bariloche combinando Cerro Campanario e Lago Moreno. 5 horas a cavalo entre florestas, mirantes e praias.<\/p>","protected":false},"featured_media":509,"comment_status":"open","ping_status":"closed","template":"","meta":[],"product_brand":[],"product_cat":[50,52,54,55,61,65,70],"product_tag":[],"class_list":{"0":"post-474","1":"product","2":"type-product","3":"status-publish","4":"has-post-thumbnail","6":"product_cat-adultos","7":"product_cat-aventura","8":"product_cat-con-traslado","9":"product_cat-familia","10":"product_cat-ninos","11":"product_cat-sin-comida","12":"product_cat-todo-el-ano","14":"first","15":"instock","16":"virtual","17":"sold-individually","18":"purchasable","19":"product-type-booking"},"booking_location":"","booking_location_type":"","booking_duration":1,"booking_duration_unit":"hour","booking_buffer":0,"booking_cost":180000,"booking_resources":[],"exclude_global_add_ons":[],"addons":[],"yoast_head":"<!-- This site is optimized with the Yoast SEO Premium plugin v25.2 (Yoast SEO v25.2) - https:\/\/yoast.com\/wordpress\/plugins\/seo\/ -->\n<title>Cabalgata D\u00eda Completo \u2013 Experiencia Prolongada a Caballo - Cabalgatas Bariloche<\/title>\n<meta name=\"description\" content=\"Cabalgata d\u00eda completo en Bariloche combinando Cerro Campanario y Lago Moreno. 5 horas a caballo entre bosque, miradores y playa.\" \/>\n<meta name=\"robots\" content=\"index, follow, max-snippet:-1, max-image-preview:large, max-video-preview:-1\" \/>\n<link rel=\"canonical\" href=\"https:\/\/cabalgatasbariloche.com.ar\/pt\/experiencias-turisticas\/experiencia-de-cavalgada-de-dia-inteiro-a-cavalo\/\" \/>\n<meta property=\"og:locale\" content=\"pt_BR\" \/>\n<meta property=\"og:type\" content=\"article\" \/>\n<meta property=\"og:title\" content=\"Cabalgata D\u00eda Completo \u2013 Experiencia Prolongada a Caballo\" \/>\n<meta property=\"og:description\" content=\"Cabalgata d\u00eda completo en Bariloche combinando Cerro Campanario y Lago Moreno. 5 horas a caballo entre bosque, miradores y playa.\" \/>\n<meta property=\"og:url\" content=\"https:\/\/cabalgatasbariloche.com.ar\/pt\/experiencias-turisticas\/experiencia-de-cavalgada-de-dia-inteiro-a-cavalo\/\" \/>\n<meta property=\"og:site_name\" content=\"Cabalgatas Bariloche\" \/>\n<meta property=\"article:modified_time\" content=\"2026-03-10T18:15:36+00:00\" \/>\n<meta property=\"og:image\" content=\"https:\/\/cabalgatasbariloche.com.ar\/wp-content\/uploads\/sites\/10\/2026\/03\/Foto-Cabalgata-CB-10-2.jpg\" \/>\n\t<meta property=\"og:image:width\" content=\"850\" \/>\n\t<meta property=\"og:image:height\" content=\"1133\" \/>\n\t<meta property=\"og:image:type\" content=\"image\/jpeg\" \/>\n<meta name=\"twitter:card\" content=\"summary_large_image\" \/>\n<meta name=\"twitter:label1\" content=\"Pre\u00e7o\" \/>\n\t<meta name=\"twitter:data1\" content=\"&#036;180,000.00\" \/>\n\t<meta name=\"twitter:label2\" content=\"Disponibilidade\" \/>\n\t<meta name=\"twitter:data2\" content=\"Em Estoque\" \/>\n<script type=\"application\/ld+json\" class=\"yoast-schema-graph\">{\"@context\":\"https:\/\/schema.org\",\"@graph\":[{\"@type\":[\"WebPage\",\"ItemPage\"],\"@id\":\"https:\/\/cabalgatasbariloche.com.ar\/experiencias-turisticas\/cabalgata-dia-completo-experiencia-prolongada-a-caballo\/\",\"url\":\"https:\/\/cabalgatasbariloche.com.ar\/experiencias-turisticas\/cabalgata-dia-completo-experiencia-prolongada-a-caballo\/\",\"name\":\"Cabalgata D\u00eda Completo \u2013 Experiencia Prolongada a Caballo - Cabalgatas Bariloche\",\"isPartOf\":{\"@id\":\"https:\/\/cabalgatasbariloche.com.ar\/#website\"},\"primaryImageOfPage\":{\"@id\":\"https:\/\/cabalgatasbariloche.com.ar\/experiencias-turisticas\/cabalgata-dia-completo-experiencia-prolongada-a-caballo\/#primaryimage\"},\"image\":{\"@id\":\"https:\/\/cabalgatasbariloche.com.ar\/experiencias-turisticas\/cabalgata-dia-completo-experiencia-prolongada-a-caballo\/#primaryimage\"},\"thumbnailUrl\":\"https:\/\/cabalgatasbariloche.com.ar\/wp-content\/uploads\/sites\/10\/2026\/03\/Foto-Cabalgata-CB-10-2.jpg\",\"datePublished\":\"2026-03-10T17:52:31+00:00\",\"dateModified\":\"2026-03-10T18:15:36+00:00\",\"description\":\"Cabalgata d\u00eda completo en Bariloche combinando Cerro Campanario y Lago Moreno. 5 horas a caballo entre bosque, miradores y playa.\",\"breadcrumb\":{\"@id\":\"https:\/\/cabalgatasbariloche.com.ar\/experiencias-turisticas\/cabalgata-dia-completo-experiencia-prolongada-a-caballo\/#breadcrumb\"},\"inLanguage\":\"pt-BR\",\"potentialAction\":[{\"@type\":\"ReadAction\",\"target\":[\"https:\/\/cabalgatasbariloche.com.ar\/experiencias-turisticas\/cabalgata-dia-completo-experiencia-prolongada-a-caballo\/\"]}]},{\"@type\":\"ImageObject\",\"inLanguage\":\"pt-BR\",\"@id\":\"https:\/\/cabalgatasbariloche.com.ar\/experiencias-turisticas\/cabalgata-dia-completo-experiencia-prolongada-a-caballo\/#primaryimage\",\"url\":\"https:\/\/cabalgatasbariloche.com.ar\/wp-content\/uploads\/sites\/10\/2026\/03\/Foto-Cabalgata-CB-10-2.jpg\",\"contentUrl\":\"https:\/\/cabalgatasbariloche.com.ar\/wp-content\/uploads\/sites\/10\/2026\/03\/Foto-Cabalgata-CB-10-2.jpg\",\"width\":850,\"height\":1133},{\"@type\":\"BreadcrumbList\",\"@id\":\"https:\/\/cabalgatasbariloche.com.ar\/experiencias-turisticas\/cabalgata-dia-completo-experiencia-prolongada-a-caballo\/#breadcrumb\",\"itemListElement\":[{\"@type\":\"ListItem\",\"position\":1,\"name\":\"Portada\",\"item\":\"https:\/\/cabalgatasbariloche.com.ar\/\"},{\"@type\":\"ListItem\",\"position\":2,\"name\":\"Tienda\",\"item\":\"https:\/\/cabalgatasbariloche.com.ar\/tienda\/\"},{\"@type\":\"ListItem\",\"position\":3,\"name\":\"Cabalgata D\u00eda Completo \u2013 Experiencia Prolongada a Caballo\"}]},{\"@type\":\"WebSite\",\"@id\":\"https:\/\/cabalgatasbariloche.com.ar\/#website\",\"url\":\"https:\/\/cabalgatasbariloche.com.ar\/\",\"name\":\"Cabalgatas Bariloche\",\"description\":\"Conocer la estepa y cerros patagonicos\",\"potentialAction\":[{\"@type\":\"SearchAction\",\"target\":{\"@type\":\"EntryPoint\",\"urlTemplate\":\"https:\/\/cabalgatasbariloche.com.ar\/?s={search_term_string}\"},\"query-input\":{\"@type\":\"PropertyValueSpecification\",\"valueRequired\":true,\"valueName\":\"search_term_string\"}}],\"inLanguage\":\"pt-BR\"}]}<\/script>\n<meta property=\"product:price:amount\" content=\"180000.00\" \/>\n<meta property=\"product:price:currency\" content=\"ARS\" \/>\n<meta property=\"og:availability\" content=\"instock\" \/>\n<meta property=\"product:availability\" content=\"instock\" \/>\n<meta property=\"product:retailer_item_id\" content=\"ADV2026CADICOM7Q4\" \/>\n<meta property=\"product:condition\" content=\"new\" \/>\n<!-- \/ Yoast SEO Premium plugin. -->","yoast_head_json":{"title":"Cavalgada de dia inteiro - Experi\u00eancia prolongada de cavalgada - Cavalgadas em Bariloche","description":"Passeio a cavalo de dia inteiro em Bariloche combinando Cerro Campanario e Lago Moreno. 5 horas a cavalo entre florestas, mirantes e praias.","robots":{"index":"index","follow":"follow","max-snippet":"max-snippet:-1","max-image-preview":"max-image-preview:large","max-video-preview":"max-video-preview:-1"},"canonical":"https:\/\/cabalgatasbariloche.com.ar\/pt\/experiencias-turisticas\/experiencia-de-cavalgada-de-dia-inteiro-a-cavalo\/","og_locale":"pt_BR","og_type":"article","og_title":"Cabalgata D\u00eda Completo \u2013 Experiencia Prolongada a Caballo","og_description":"Cabalgata d\u00eda completo en Bariloche combinando Cerro Campanario y Lago Moreno. 5 horas a caballo entre bosque, miradores y playa.","og_url":"https:\/\/cabalgatasbariloche.com.ar\/pt\/experiencias-turisticas\/experiencia-de-cavalgada-de-dia-inteiro-a-cavalo\/","og_site_name":"Cabalgatas Bariloche","article_modified_time":"2026-03-10T18:15:36+00:00","og_image":[{"width":850,"height":1133,"url":"https:\/\/cabalgatasbariloche.com.ar\/wp-content\/uploads\/sites\/10\/2026\/03\/Foto-Cabalgata-CB-10-2.jpg","type":"image\/jpeg"}],"twitter_card":"summary_large_image","twitter_misc":{"Pre\u00e7o":"&#36;180,000.00","Disponibilidade":"Em Estoque"},"schema":{"@context":"https:\/\/schema.org","@graph":[{"@type":["WebPage","ItemPage"],"@id":"https:\/\/cabalgatasbariloche.com.ar\/experiencias-turisticas\/cabalgata-dia-completo-experiencia-prolongada-a-caballo\/","url":"https:\/\/cabalgatasbariloche.com.ar\/experiencias-turisticas\/cabalgata-dia-completo-experiencia-prolongada-a-caballo\/","name":"Cavalgada de dia inteiro - Experi\u00eancia prolongada de cavalgada - Cavalgadas em Bariloche","isPartOf":{"@id":"https:\/\/cabalgatasbariloche.com.ar\/#website"},"primaryImageOfPage":{"@id":"https:\/\/cabalgatasbariloche.com.ar\/experiencias-turisticas\/cabalgata-dia-completo-experiencia-prolongada-a-caballo\/#primaryimage"},"image":{"@id":"https:\/\/cabalgatasbariloche.com.ar\/experiencias-turisticas\/cabalgata-dia-completo-experiencia-prolongada-a-caballo\/#primaryimage"},"thumbnailUrl":"https:\/\/cabalgatasbariloche.com.ar\/wp-content\/uploads\/sites\/10\/2026\/03\/Foto-Cabalgata-CB-10-2.jpg","datePublished":"2026-03-10T17:52:31+00:00","dateModified":"2026-03-10T18:15:36+00:00","description":"Passeio a cavalo de dia inteiro em Bariloche combinando Cerro Campanario e Lago Moreno. 5 horas a cavalo entre florestas, mirantes e praias.","breadcrumb":{"@id":"https:\/\/cabalgatasbariloche.com.ar\/experiencias-turisticas\/cabalgata-dia-completo-experiencia-prolongada-a-caballo\/#breadcrumb"},"inLanguage":"pt-BR","potentialAction":[{"@type":"ReadAction","target":["https:\/\/cabalgatasbariloche.com.ar\/experiencias-turisticas\/cabalgata-dia-completo-experiencia-prolongada-a-caballo\/"]}]},{"@type":"ImageObject","inLanguage":"pt-BR","@id":"https:\/\/cabalgatasbariloche.com.ar\/experiencias-turisticas\/cabalgata-dia-completo-experiencia-prolongada-a-caballo\/#primaryimage","url":"https:\/\/cabalgatasbariloche.com.ar\/wp-content\/uploads\/sites\/10\/2026\/03\/Foto-Cabalgata-CB-10-2.jpg","contentUrl":"https:\/\/cabalgatasbariloche.com.ar\/wp-content\/uploads\/sites\/10\/2026\/03\/Foto-Cabalgata-CB-10-2.jpg","width":850,"height":1133},{"@type":"BreadcrumbList","@id":"https:\/\/cabalgatasbariloche.com.ar\/experiencias-turisticas\/cabalgata-dia-completo-experiencia-prolongada-a-caballo\/#breadcrumb","itemListElement":[{"@type":"ListItem","position":1,"name":"Portada","item":"https:\/\/cabalgatasbariloche.com.ar\/"},{"@type":"ListItem","position":2,"name":"Tienda","item":"https:\/\/cabalgatasbariloche.com.ar\/tienda\/"},{"@type":"ListItem","position":3,"name":"Cabalgata D\u00eda Completo \u2013 Experiencia Prolongada a Caballo"}]},{"@type":"WebSite","@id":"https:\/\/cabalgatasbariloche.com.ar\/#website","url":"https:\/\/cabalgatasbariloche.com.ar\/","name":"Cavalgadas em Bariloche","description":"Conhecendo a estepe e as montanhas da Patag\u00f4nia","potentialAction":[{"@type":"SearchAction","target":{"@type":"EntryPoint","urlTemplate":"https:\/\/cabalgatasbariloche.com.ar\/?s={search_term_string}"},"query-input":{"@type":"PropertyValueSpecification","valueRequired":true,"valueName":"search_term_string"}}],"inLanguage":"pt-BR"}]},"product_price_amount":"180000.00","product_price_currency":"ARS","og_availability":"instock","product_availability":"instock","product_retailer_item_id":"ADV2026CADICOM7Q4","product_condition":"new"},"_links":{"self":[{"href":"https:\/\/cabalgatasbariloche.com.ar\/pt\/wp-json\/wp\/v2\/product\/474","targetHints":{"allow":["GET"]}}],"collection":[{"href":"https:\/\/cabalgatasbariloche.com.ar\/pt\/wp-json\/wp\/v2\/product"}],"about":[{"href":"https:\/\/cabalgatasbariloche.com.ar\/pt\/wp-json\/wp\/v2\/types\/product"}],"replies":[{"embeddable":true,"href":"https:\/\/cabalgatasbariloche.com.ar\/pt\/wp-json\/wp\/v2\/comments?post=474"}],"wp:featuredmedia":[{"embeddable":true,"href":"https:\/\/cabalgatasbariloche.com.ar\/pt\/wp-json\/wp\/v2\/media\/509"}],"wp:attachment":[{"href":"https:\/\/cabalgatasbariloche.com.ar\/pt\/wp-json\/wp\/v2\/media?parent=474"}],"wp:term":[{"taxonomy":"product_brand","embeddable":true,"href":"https:\/\/cabalgatasbariloche.com.ar\/pt\/wp-json\/wp\/v2\/product_brand?post=474"},{"taxonomy":"product_cat","embeddable":true,"href":"https:\/\/cabalgatasbariloche.com.ar\/pt\/wp-json\/wp\/v2\/product_cat?post=474"},{"taxonomy":"product_tag","embeddable":true,"href":"https:\/\/cabalgatasbariloche.com.ar\/pt\/wp-json\/wp\/v2\/product_tag?post=474"}],"curies":[{"name":"wp","href":"https:\/\/api.w.org\/{rel}","templated":true}]}}