{"id":473,"date":"2026-03-10T14:53:33","date_gmt":"2026-03-10T17:53:33","guid":{"rendered":"https:\/\/cabalgatasbariloche.com.ar\/?post_type=product&#038;p=473"},"modified":"2026-03-10T14:53:33","modified_gmt":"2026-03-10T17:53:33","slug":"cabalgata-senderos-patagonicos-recorrido-natural-de-3-horas","status":"publish","type":"product","link":"https:\/\/cabalgatasbariloche.com.ar\/pt\/experiencias-turisticas\/cavalgada-em-trilhas-patagonicas-3-horas-rota-natural\/","title":{"rendered":"Cavalgadas nas trilhas da Patag\u00f4nia - Passeio de 3 horas na natureza"},"content":{"rendered":"<h2 class=\"ai-optimize-22 ai-optimize-introduction\"><b>Uma experi\u00eancia c\u00eanica \u00e0 beira do lago e da cadeia de montanhas<\/b><\/h2>\n<p class=\"ai-optimize-23 ai-optimize-introduction\"><span style=\"font-weight: 400;\">Descubra a tranquilidade da margem oriental do Lago Moreno em uma cavalgada ideal para quem busca paisagens abertas, contato com a \u00e1gua e vistas panor\u00e2micas das colinas da Patag\u00f4nia. Um passeio de 3 horas projetado para desfrutar do ambiente natural de forma descontra\u00edda.<\/span><\/p>\n<p class=\"ai-optimize-25\"><span style=\"font-weight: 400;\">A atividade come\u00e7a em nosso campo, onde \u00e9 feita uma breve introdu\u00e7\u00e3o e os cavalos s\u00e3o designados de acordo com a experi\u00eancia.<\/span><\/p>\n<p class=\"ai-optimize-26\"><span style=\"font-weight: 400;\">A partir da\u00ed, come\u00e7amos a cruzar caminhos e uma \u00e1rea pouco povoada que nos permite apreciar a transi\u00e7\u00e3o entre a floresta e os espa\u00e7os abertos. A rota nos leva \u00e0 margem leste do Lago Moreno, um dos maiores e mais naturais setores da \u00e1rea.<\/span><\/p>\n<p class=\"ai-optimize-27\"><span style=\"font-weight: 400;\">Percorremos a costa at\u00e9 a foz do rio, que subimos suavemente antes de retornar. Da longa praia, h\u00e1 vistas privilegiadas das colinas, oferecendo um cen\u00e1rio ideal para fotografias e momentos de contempla\u00e7\u00e3o.<\/span><\/p>\n<p class=\"ai-optimize-28\"><b>Informa\u00e7\u00f5es pr\u00e1ticas<\/b><\/p>\n<p class=\"ai-optimize-29\"><b>Sair:<\/b><span style=\"font-weight: 400;\"> 10:00 a.m.<\/span><span style=\"font-weight: 400;\"><br \/>\n<\/span> <b>Dura\u00e7\u00e3o:<\/b><span style=\"font-weight: 400;\"> Aproximadamente 3 horas.<\/span><span style=\"font-weight: 400;\"><br \/>\n<\/span> <b>N\u00edvel de dificuldade:<\/b><span style=\"font-weight: 400;\"> Baixo.<\/span><span style=\"font-weight: 400;\"><br \/>\n<\/span> <b>Ponto de encontro:<\/b><span style=\"font-weight: 400;\"> A ser confirmado no momento do processamento do voucher.<\/span><span style=\"font-weight: 400;\"><br \/>\n<\/span><span style=\"font-weight: 400;\"><br \/>\n<\/span><b>Inclui<\/b><\/p>\n<ul>\n<li class=\"ai-optimize-30\" style=\"font-weight: 400;\" aria-level=\"1\"><span style=\"font-weight: 400;\">Passeios guiados a cavalo.<\/span><\/li>\n<li class=\"ai-optimize-31\" style=\"font-weight: 400;\" aria-level=\"1\"><span style=\"font-weight: 400;\">Guias Baqueano.<\/span><\/li>\n<\/ul>\n<p class=\"ai-optimize-32\"><b>N\u00e3o inclui<\/b><\/p>\n<ul>\n<li class=\"ai-optimize-33\" style=\"font-weight: 400;\" aria-level=\"1\"><span style=\"font-weight: 400;\">Transfer\u00eancias.<\/span><\/li>\n<li class=\"ai-optimize-34\" style=\"font-weight: 400;\" aria-level=\"1\"><span style=\"font-weight: 400;\">Servi\u00e7os de alimenta\u00e7\u00e3o.<\/span><\/li>\n<\/ul>\n<p class=\"ai-optimize-35\"><b>Perguntas frequentes<\/b><\/p>\n<p class=\"ai-optimize-36\"><b>Preciso de experi\u00eancia anterior?<\/b><b><br \/>\n<\/b><span style=\"font-weight: 400;\"> N\u00e3o. \u00c9 uma atividade adequada para todos os p\u00fablicos.<\/span><\/p>\n<p class=\"ai-optimize-37\"><b>Que tipo de turn\u00ea voc\u00ea faz?<\/b><b><br \/>\n<\/b><span style=\"font-weight: 400;\"> Trilhas rurais e praia do lago, com terreno est\u00e1vel em sua maior parte.<\/span><\/p>\n<p class=\"ai-optimize-38\"><b>\u00c9 adequado para crian\u00e7as?<\/b><b><br \/>\n<\/b><span style=\"font-weight: 400;\"> Idade m\u00ednima de 6 anos.<\/span><\/p>","protected":false},"excerpt":{"rendered":"<p class=\"ai-optimize-27\">Passeio a cavalo de 3 horas at\u00e9 o Lago Moreno em Bariloche. O passeio inclui a praia, o rio Casa de Piedra e vistas panor\u00e2micas das colinas da Patag\u00f4nia.<\/p>","protected":false},"featured_media":486,"comment_status":"open","ping_status":"closed","template":"","meta":[],"product_brand":[],"product_cat":[50,52,54,55,61,65,70],"product_tag":[],"class_list":{"0":"post-473","1":"product","2":"type-product","3":"status-publish","4":"has-post-thumbnail","6":"product_cat-adultos","7":"product_cat-aventura","8":"product_cat-con-traslado","9":"product_cat-familia","10":"product_cat-ninos","11":"product_cat-sin-comida","12":"product_cat-todo-el-ano","14":"first","15":"instock","16":"virtual","17":"sold-individually","18":"purchasable","19":"product-type-booking"},"booking_location":"","booking_location_type":"","booking_duration":1,"booking_duration_unit":"hour","booking_buffer":0,"booking_cost":115000,"booking_resources":[],"exclude_global_add_ons":[],"addons":[],"yoast_head":"<!-- This site is optimized with the Yoast SEO Premium plugin v25.2 (Yoast SEO v25.2) - https:\/\/yoast.com\/wordpress\/plugins\/seo\/ -->\n<title>Cabalgata Senderos Patag\u00f3nicos \u2013 Recorrido Natural de 3 Horas - Cabalgatas Bariloche<\/title>\n<meta name=\"description\" content=\"Cabalgata de 3 horas al Lago Moreno en Bariloche. Recorrido por playa, r\u00edo Casa de Piedra y vistas panor\u00e1micas a los cerros patag\u00f3nicos.\" \/>\n<meta name=\"robots\" content=\"index, follow, max-snippet:-1, max-image-preview:large, max-video-preview:-1\" \/>\n<link rel=\"canonical\" href=\"https:\/\/cabalgatasbariloche.com.ar\/pt\/experiencias-turisticas\/cavalgada-em-trilhas-patagonicas-3-horas-rota-natural\/\" \/>\n<meta property=\"og:locale\" content=\"pt_BR\" \/>\n<meta property=\"og:type\" content=\"article\" \/>\n<meta property=\"og:title\" content=\"Cabalgata Senderos Patag\u00f3nicos \u2013 Recorrido Natural de 3 Horas\" \/>\n<meta property=\"og:description\" content=\"Cabalgata de 3 horas al Lago Moreno en Bariloche. Recorrido por playa, r\u00edo Casa de Piedra y vistas panor\u00e1micas a los cerros patag\u00f3nicos.\" \/>\n<meta property=\"og:url\" content=\"https:\/\/cabalgatasbariloche.com.ar\/pt\/experiencias-turisticas\/cavalgada-em-trilhas-patagonicas-3-horas-rota-natural\/\" \/>\n<meta property=\"og:site_name\" content=\"Cabalgatas Bariloche\" \/>\n<meta property=\"og:image\" content=\"https:\/\/cabalgatasbariloche.com.ar\/wp-content\/uploads\/sites\/10\/2026\/03\/Foto-Cabalgata-CB-5-1.jpg\" \/>\n\t<meta property=\"og:image:width\" content=\"850\" \/>\n\t<meta property=\"og:image:height\" content=\"1133\" \/>\n\t<meta property=\"og:image:type\" content=\"image\/jpeg\" \/>\n<meta name=\"twitter:card\" content=\"summary_large_image\" \/>\n<meta name=\"twitter:label1\" content=\"Pre\u00e7o\" \/>\n\t<meta name=\"twitter:data1\" content=\"&#036;115,000.00\" \/>\n\t<meta name=\"twitter:label2\" content=\"Disponibilidade\" \/>\n\t<meta name=\"twitter:data2\" content=\"Em Estoque\" \/>\n<script type=\"application\/ld+json\" class=\"yoast-schema-graph\">{\"@context\":\"https:\/\/schema.org\",\"@graph\":[{\"@type\":[\"WebPage\",\"ItemPage\"],\"@id\":\"https:\/\/cabalgatasbariloche.com.ar\/experiencias-turisticas\/cabalgata-senderos-patagonicos-recorrido-natural-de-3-horas\/\",\"url\":\"https:\/\/cabalgatasbariloche.com.ar\/experiencias-turisticas\/cabalgata-senderos-patagonicos-recorrido-natural-de-3-horas\/\",\"name\":\"Cabalgata Senderos Patag\u00f3nicos \u2013 Recorrido Natural de 3 Horas - Cabalgatas Bariloche\",\"isPartOf\":{\"@id\":\"https:\/\/cabalgatasbariloche.com.ar\/#website\"},\"primaryImageOfPage\":{\"@id\":\"https:\/\/cabalgatasbariloche.com.ar\/experiencias-turisticas\/cabalgata-senderos-patagonicos-recorrido-natural-de-3-horas\/#primaryimage\"},\"image\":{\"@id\":\"https:\/\/cabalgatasbariloche.com.ar\/experiencias-turisticas\/cabalgata-senderos-patagonicos-recorrido-natural-de-3-horas\/#primaryimage\"},\"thumbnailUrl\":\"https:\/\/cabalgatasbariloche.com.ar\/wp-content\/uploads\/sites\/10\/2026\/03\/Foto-Cabalgata-CB-5-1.jpg\",\"datePublished\":\"2026-03-10T17:53:33+00:00\",\"description\":\"Cabalgata de 3 horas al Lago Moreno en Bariloche. Recorrido por playa, r\u00edo Casa de Piedra y vistas panor\u00e1micas a los cerros patag\u00f3nicos.\",\"breadcrumb\":{\"@id\":\"https:\/\/cabalgatasbariloche.com.ar\/experiencias-turisticas\/cabalgata-senderos-patagonicos-recorrido-natural-de-3-horas\/#breadcrumb\"},\"inLanguage\":\"pt-BR\",\"potentialAction\":[{\"@type\":\"ReadAction\",\"target\":[\"https:\/\/cabalgatasbariloche.com.ar\/experiencias-turisticas\/cabalgata-senderos-patagonicos-recorrido-natural-de-3-horas\/\"]}]},{\"@type\":\"ImageObject\",\"inLanguage\":\"pt-BR\",\"@id\":\"https:\/\/cabalgatasbariloche.com.ar\/experiencias-turisticas\/cabalgata-senderos-patagonicos-recorrido-natural-de-3-horas\/#primaryimage\",\"url\":\"https:\/\/cabalgatasbariloche.com.ar\/wp-content\/uploads\/sites\/10\/2026\/03\/Foto-Cabalgata-CB-5-1.jpg\",\"contentUrl\":\"https:\/\/cabalgatasbariloche.com.ar\/wp-content\/uploads\/sites\/10\/2026\/03\/Foto-Cabalgata-CB-5-1.jpg\",\"width\":850,\"height\":1133},{\"@type\":\"BreadcrumbList\",\"@id\":\"https:\/\/cabalgatasbariloche.com.ar\/experiencias-turisticas\/cabalgata-senderos-patagonicos-recorrido-natural-de-3-horas\/#breadcrumb\",\"itemListElement\":[{\"@type\":\"ListItem\",\"position\":1,\"name\":\"Portada\",\"item\":\"https:\/\/cabalgatasbariloche.com.ar\/\"},{\"@type\":\"ListItem\",\"position\":2,\"name\":\"Tienda\",\"item\":\"https:\/\/cabalgatasbariloche.com.ar\/tienda\/\"},{\"@type\":\"ListItem\",\"position\":3,\"name\":\"Cabalgata Senderos Patag\u00f3nicos \u2013 Recorrido Natural de 3 Horas\"}]},{\"@type\":\"WebSite\",\"@id\":\"https:\/\/cabalgatasbariloche.com.ar\/#website\",\"url\":\"https:\/\/cabalgatasbariloche.com.ar\/\",\"name\":\"Cabalgatas Bariloche\",\"description\":\"Conocer la estepa y cerros patagonicos\",\"potentialAction\":[{\"@type\":\"SearchAction\",\"target\":{\"@type\":\"EntryPoint\",\"urlTemplate\":\"https:\/\/cabalgatasbariloche.com.ar\/?s={search_term_string}\"},\"query-input\":{\"@type\":\"PropertyValueSpecification\",\"valueRequired\":true,\"valueName\":\"search_term_string\"}}],\"inLanguage\":\"pt-BR\"}]}<\/script>\n<meta property=\"product:price:amount\" content=\"115000.00\" \/>\n<meta property=\"product:price:currency\" content=\"ARS\" \/>\n<meta property=\"og:availability\" content=\"instock\" \/>\n<meta property=\"product:availability\" content=\"instock\" \/>\n<meta property=\"product:retailer_item_id\" content=\"ADV2026CALAMOR8K2\" \/>\n<meta property=\"product:condition\" content=\"new\" \/>\n<!-- \/ Yoast SEO Premium plugin. -->","yoast_head_json":{"title":"Cavalgadas pelas trilhas da Patag\u00f4nia - 3 horas de passeio pela natureza - Cavalgadas Bariloche","description":"Passeio a cavalo de 3 horas at\u00e9 o Lago Moreno em Bariloche. O passeio inclui a praia, o rio Casa de Piedra e vistas panor\u00e2micas das colinas da Patag\u00f4nia.","robots":{"index":"index","follow":"follow","max-snippet":"max-snippet:-1","max-image-preview":"max-image-preview:large","max-video-preview":"max-video-preview:-1"},"canonical":"https:\/\/cabalgatasbariloche.com.ar\/pt\/experiencias-turisticas\/cavalgada-em-trilhas-patagonicas-3-horas-rota-natural\/","og_locale":"pt_BR","og_type":"article","og_title":"Cabalgata Senderos Patag\u00f3nicos \u2013 Recorrido Natural de 3 Horas","og_description":"Cabalgata de 3 horas al Lago Moreno en Bariloche. Recorrido por playa, r\u00edo Casa de Piedra y vistas panor\u00e1micas a los cerros patag\u00f3nicos.","og_url":"https:\/\/cabalgatasbariloche.com.ar\/pt\/experiencias-turisticas\/cavalgada-em-trilhas-patagonicas-3-horas-rota-natural\/","og_site_name":"Cabalgatas Bariloche","og_image":[{"width":850,"height":1133,"url":"https:\/\/cabalgatasbariloche.com.ar\/wp-content\/uploads\/sites\/10\/2026\/03\/Foto-Cabalgata-CB-5-1.jpg","type":"image\/jpeg"}],"twitter_card":"summary_large_image","twitter_misc":{"Pre\u00e7o":"&#36;115,000.00","Disponibilidade":"Em Estoque"},"schema":{"@context":"https:\/\/schema.org","@graph":[{"@type":["WebPage","ItemPage"],"@id":"https:\/\/cabalgatasbariloche.com.ar\/experiencias-turisticas\/cabalgata-senderos-patagonicos-recorrido-natural-de-3-horas\/","url":"https:\/\/cabalgatasbariloche.com.ar\/experiencias-turisticas\/cabalgata-senderos-patagonicos-recorrido-natural-de-3-horas\/","name":"Cavalgadas pelas trilhas da Patag\u00f4nia - 3 horas de passeio pela natureza - Cavalgadas Bariloche","isPartOf":{"@id":"https:\/\/cabalgatasbariloche.com.ar\/#website"},"primaryImageOfPage":{"@id":"https:\/\/cabalgatasbariloche.com.ar\/experiencias-turisticas\/cabalgata-senderos-patagonicos-recorrido-natural-de-3-horas\/#primaryimage"},"image":{"@id":"https:\/\/cabalgatasbariloche.com.ar\/experiencias-turisticas\/cabalgata-senderos-patagonicos-recorrido-natural-de-3-horas\/#primaryimage"},"thumbnailUrl":"https:\/\/cabalgatasbariloche.com.ar\/wp-content\/uploads\/sites\/10\/2026\/03\/Foto-Cabalgata-CB-5-1.jpg","datePublished":"2026-03-10T17:53:33+00:00","description":"Passeio a cavalo de 3 horas at\u00e9 o Lago Moreno em Bariloche. O passeio inclui a praia, o rio Casa de Piedra e vistas panor\u00e2micas das colinas da Patag\u00f4nia.","breadcrumb":{"@id":"https:\/\/cabalgatasbariloche.com.ar\/experiencias-turisticas\/cabalgata-senderos-patagonicos-recorrido-natural-de-3-horas\/#breadcrumb"},"inLanguage":"pt-BR","potentialAction":[{"@type":"ReadAction","target":["https:\/\/cabalgatasbariloche.com.ar\/experiencias-turisticas\/cabalgata-senderos-patagonicos-recorrido-natural-de-3-horas\/"]}]},{"@type":"ImageObject","inLanguage":"pt-BR","@id":"https:\/\/cabalgatasbariloche.com.ar\/experiencias-turisticas\/cabalgata-senderos-patagonicos-recorrido-natural-de-3-horas\/#primaryimage","url":"https:\/\/cabalgatasbariloche.com.ar\/wp-content\/uploads\/sites\/10\/2026\/03\/Foto-Cabalgata-CB-5-1.jpg","contentUrl":"https:\/\/cabalgatasbariloche.com.ar\/wp-content\/uploads\/sites\/10\/2026\/03\/Foto-Cabalgata-CB-5-1.jpg","width":850,"height":1133},{"@type":"BreadcrumbList","@id":"https:\/\/cabalgatasbariloche.com.ar\/experiencias-turisticas\/cabalgata-senderos-patagonicos-recorrido-natural-de-3-horas\/#breadcrumb","itemListElement":[{"@type":"ListItem","position":1,"name":"Portada","item":"https:\/\/cabalgatasbariloche.com.ar\/"},{"@type":"ListItem","position":2,"name":"Tienda","item":"https:\/\/cabalgatasbariloche.com.ar\/tienda\/"},{"@type":"ListItem","position":3,"name":"Cabalgata Senderos Patag\u00f3nicos \u2013 Recorrido Natural de 3 Horas"}]},{"@type":"WebSite","@id":"https:\/\/cabalgatasbariloche.com.ar\/#website","url":"https:\/\/cabalgatasbariloche.com.ar\/","name":"Cavalgadas em Bariloche","description":"Conhecendo a estepe e as montanhas da Patag\u00f4nia","potentialAction":[{"@type":"SearchAction","target":{"@type":"EntryPoint","urlTemplate":"https:\/\/cabalgatasbariloche.com.ar\/?s={search_term_string}"},"query-input":{"@type":"PropertyValueSpecification","valueRequired":true,"valueName":"search_term_string"}}],"inLanguage":"pt-BR"}]},"product_price_amount":"115000.00","product_price_currency":"ARS","og_availability":"instock","product_availability":"instock","product_retailer_item_id":"ADV2026CALAMOR8K2","product_condition":"new"},"_links":{"self":[{"href":"https:\/\/cabalgatasbariloche.com.ar\/pt\/wp-json\/wp\/v2\/product\/473","targetHints":{"allow":["GET"]}}],"collection":[{"href":"https:\/\/cabalgatasbariloche.com.ar\/pt\/wp-json\/wp\/v2\/product"}],"about":[{"href":"https:\/\/cabalgatasbariloche.com.ar\/pt\/wp-json\/wp\/v2\/types\/product"}],"replies":[{"embeddable":true,"href":"https:\/\/cabalgatasbariloche.com.ar\/pt\/wp-json\/wp\/v2\/comments?post=473"}],"wp:featuredmedia":[{"embeddable":true,"href":"https:\/\/cabalgatasbariloche.com.ar\/pt\/wp-json\/wp\/v2\/media\/486"}],"wp:attachment":[{"href":"https:\/\/cabalgatasbariloche.com.ar\/pt\/wp-json\/wp\/v2\/media?parent=473"}],"wp:term":[{"taxonomy":"product_brand","embeddable":true,"href":"https:\/\/cabalgatasbariloche.com.ar\/pt\/wp-json\/wp\/v2\/product_brand?post=473"},{"taxonomy":"product_cat","embeddable":true,"href":"https:\/\/cabalgatasbariloche.com.ar\/pt\/wp-json\/wp\/v2\/product_cat?post=473"},{"taxonomy":"product_tag","embeddable":true,"href":"https:\/\/cabalgatasbariloche.com.ar\/pt\/wp-json\/wp\/v2\/product_tag?post=473"}],"curies":[{"name":"wp","href":"https:\/\/api.w.org\/{rel}","templated":true}]}}