{"id":301,"date":"2026-01-28T14:30:51","date_gmt":"2026-01-28T17:30:51","guid":{"rendered":"https:\/\/cabalgatasbariloche.com.ar\/?post_type=product&#038;p=301"},"modified":"2026-04-07T12:13:59","modified_gmt":"2026-04-07T15:13:59","slug":"buceo-bautismo-en-bariloche","status":"publish","type":"product","link":"https:\/\/cabalgatasbariloche.com.ar\/pt\/experiencias-turisticas\/batismo-de-mergulho-em-bariloche\/","title":{"rendered":"Descubra o mergulho em Bariloche"},"content":{"rendered":"<h2 class=\"ai-optimize-22\">Descubra a serenidade do Lago Moreno e viva sua primeira experi\u00eancia subaqu\u00e1tica.<\/h2>\n<p class=\"ai-optimize-24 ai-optimize-introduction\" data-start=\"951\" data-end=\"1220\">O <em data-start=\"954\" data-end=\"983\">Descubra o mergulho em Bariloche<\/em> convida voc\u00ea a explorar um novo mundo no cora\u00e7\u00e3o da natureza selvagem da Patag\u00f4nia.<br data-start=\"1051\" data-end=\"1054\" \/>Guiado por instrutores certificados, voc\u00ea far\u00e1 seu primeiro mergulho no Lago Moreno, cercado por montanhas, mata nativa e o incompar\u00e1vel sil\u00eancio da \u00e1gua.<\/p>\n<p class=\"ai-optimize-25\" data-start=\"1222\" data-end=\"1535\">Durante cerca de duas horas - com 20 a 30 minutos de mergulho real - voc\u00ea viver\u00e1 uma experi\u00eancia tranquila e diferente, perfeita para quem gosta de se conectar com a natureza e descobrir novas paisagens.<br data-start=\"1438\" data-end=\"1441\" \/>Uma atividade ideal para complementar sua viagem e acrescentar uma lembran\u00e7a inesquec\u00edvel de Bariloche.<\/p>\n<h3 class=\"ai-optimize-26\" data-start=\"1542\" data-end=\"1584\"><strong data-start=\"1549\" data-end=\"1584\">Por que escolher essa experi\u00eancia<\/strong><\/h3>\n<ul data-start=\"1586\" data-end=\"1952\">\n<li class=\"ai-optimize-27\" data-start=\"1586\" data-end=\"1651\">\n<p class=\"ai-optimize-28\" data-start=\"1588\" data-end=\"1651\">Uma experi\u00eancia diferente, em contato direto com a natureza.<\/p>\n<\/li>\n<li class=\"ai-optimize-29\" data-start=\"1652\" data-end=\"1734\">\n<p class=\"ai-optimize-30\" data-start=\"1654\" data-end=\"1734\">Atividade para iniciantes, com equipamento completo e instrutores certificados.<\/p>\n<\/li>\n<li class=\"ai-optimize-31\" data-start=\"1735\" data-end=\"1817\">\n<p class=\"ai-optimize-32\" data-start=\"1737\" data-end=\"1817\">Cen\u00e1rio natural incompar\u00e1vel: Lago Moreno, no cora\u00e7\u00e3o da Patag\u00f4nia.<\/p>\n<\/li>\n<li class=\"ai-optimize-33\" data-start=\"1818\" data-end=\"1880\">\n<p class=\"ai-optimize-34\" data-start=\"1820\" data-end=\"1880\">Ideal para combinar com passeios a cavalo ou caminhadas ao ar livre.<\/p>\n<\/li>\n<li class=\"ai-optimize-35\" data-start=\"1881\" data-end=\"1952\">\n<p class=\"ai-optimize-36\" data-start=\"1883\" data-end=\"1952\">Dispon\u00edvel durante todo o ano, com sa\u00eddas coordenadas de acordo com a esta\u00e7\u00e3o.<\/p>\n<\/li>\n<\/ul>\n<h3 class=\"ai-optimize-37\" data-start=\"1959\" data-end=\"1986\"><strong data-start=\"1966\" data-end=\"1986\">Como ser\u00e1 seu dia<\/strong><\/h3>\n<p class=\"ai-optimize-38\" data-start=\"1988\" data-end=\"2285\">A reuni\u00e3o ocorrer\u00e1 no ponto acordado, do centro de Bariloche at\u00e9 o km 8 da Avenida Bustillo.<br data-start=\"2094\" data-end=\"2097\" \/>L\u00e1, a equipe de <em data-start=\"2125\" data-end=\"2147\">Cavalgadas em Bariloche<\/em> juntamente com os instrutores especializados, que lhe dar\u00e3o uma breve introdu\u00e7\u00e3o ao equipamento e as etapas b\u00e1sicas para voc\u00ea come\u00e7ar.<\/p>\n<p class=\"ai-optimize-39\" data-start=\"2287\" data-end=\"2534\">Depois de alguma pr\u00e1tica inicial na superf\u00edcie, \u00e9 hora de mergulhar nas \u00e1guas claras do Lago Moreno.<br data-start=\"2401\" data-end=\"2404\" \/>Durante 20 a 30 minutos, voc\u00ea flutuar\u00e1 debaixo d'\u00e1gua, acompanhado por um instrutor que o guiar\u00e1 com calma e aten\u00e7\u00e3o pessoal.<\/p>\n<p class=\"ai-optimize-40\" data-start=\"2536\" data-end=\"2659\">A atividade total dura aproximadamente duas horas e inclui transporte, equipamento completo e acompanhamento profissional.<\/p>\n<h3 class=\"ai-optimize-41\" data-start=\"2666\" data-end=\"2697\"><strong data-start=\"2673\" data-end=\"2697\">Informa\u00e7\u00f5es pr\u00e1ticas<\/strong><\/h3>\n<ul data-start=\"2699\" data-end=\"3246\">\n<li class=\"ai-optimize-42\" data-start=\"2699\" data-end=\"2775\">\n<p class=\"ai-optimize-43\" data-start=\"2701\" data-end=\"2775\"><strong data-start=\"2701\" data-end=\"2714\">Hor\u00e1rios:<\/strong> 11:00 \u00e0s 15:00 \/ 13:00 \u00e0s 17:00 (segunda, quarta e domingo).<\/p>\n<\/li>\n<li class=\"ai-optimize-44\" data-start=\"2776\" data-end=\"2833\">\n<p class=\"ai-optimize-45\" data-start=\"2778\" data-end=\"2833\"><strong data-start=\"2778\" data-end=\"2791\">Dura\u00e7\u00e3o:<\/strong> Aproximadamente 2 horas (20 a 30 minutos de imers\u00e3o).<\/p>\n<\/li>\n<li class=\"ai-optimize-46\" data-start=\"2834\" data-end=\"2861\">\n<p class=\"ai-optimize-47\" data-start=\"2836\" data-end=\"2861\"><strong data-start=\"2836\" data-end=\"2852\">Idade m\u00ednima:<\/strong> 8 anos.<\/p>\n<\/li>\n<li class=\"ai-optimize-48\" data-start=\"2862\" data-end=\"2949\">\n<p class=\"ai-optimize-49\" data-start=\"2864\" data-end=\"2949\"><strong data-start=\"2864\" data-end=\"2887\">Ponto de encontro:<\/strong> do centro de Bariloche at\u00e9 o km 8 da Av. Bustillo.<\/p>\n<\/li>\n<li class=\"ai-optimize-50\" data-start=\"2950\" data-end=\"3034\">\n<p class=\"ai-optimize-51\" data-start=\"2952\" data-end=\"3034\"><strong data-start=\"2952\" data-end=\"2964\">Ele inclui:<\/strong> instrutores certificados, equipamento t\u00e9cnico completo e transporte.<\/p>\n<\/li>\n<li class=\"ai-optimize-52\" data-start=\"3035\" data-end=\"3073\">\n<p class=\"ai-optimize-53\" data-start=\"3037\" data-end=\"3073\"><strong data-start=\"3037\" data-end=\"3052\">N\u00e3o inclu\u00eddo:<\/strong> alimentos e bebidas.<\/p>\n<\/li>\n<li class=\"ai-optimize-54\" data-start=\"3074\" data-end=\"3161\">\n<p class=\"ai-optimize-55\" data-start=\"3076\" data-end=\"3161\"><strong data-start=\"3076\" data-end=\"3094\">Recomenda\u00e7\u00e3o:<\/strong> realizar a atividade pelo menos 12 horas antes do voo.<\/p>\n<\/li>\n<\/ul>\n<h3 class=\"ai-optimize-58\" data-start=\"3253\" data-end=\"3283\"><strong data-start=\"3259\" data-end=\"3283\">Perguntas frequentes<\/strong><\/h3>\n<p class=\"ai-optimize-59\" data-start=\"3285\" data-end=\"3397\"><strong data-start=\"3285\" data-end=\"3327\">Posso fazer isso sem experi\u00eancia anterior?<\/strong><br data-start=\"3327\" data-end=\"3330\" \/>Sim, \u00e9 uma atividade projetada para mergulhadores de primeira viagem.<\/p>\n<p class=\"ai-optimize-60\" data-start=\"3399\" data-end=\"3486\"><strong data-start=\"3399\" data-end=\"3425\">O que eu preciso levar?<\/strong><br data-start=\"3425\" data-end=\"3428\" \/>Roupa de banho, toalha, protetor solar e casaco leve.<\/p>\n<p class=\"ai-optimize-61\" data-start=\"3488\" data-end=\"3574\"><strong data-start=\"3488\" data-end=\"3510\">Onde isso ocorre?<\/strong><br data-start=\"3510\" data-end=\"3513\" \/>No Lago Moreno, a poucos minutos do centro de Bariloche.<\/p>\n<p class=\"ai-optimize-62\" data-start=\"3576\" data-end=\"3661\"><strong data-start=\"3576\" data-end=\"3611\">Isso \u00e9 feito em um grupo ou individualmente?<\/strong><br data-start=\"3611\" data-end=\"3614\" \/>Em pequenos grupos ou individualmente.<\/p>\n<p class=\"ai-optimize-63\" data-start=\"3663\" data-end=\"3767\">","protected":false},"excerpt":{"rendered":"<p class=\"ai-optimize-64\">Descubra a magia do Lago Moreno com esta experi\u00eancia de mergulho para iniciantes. Atividade tranquila, com equipamento completo e instrutores inclu\u00eddos.<\/p>","protected":false},"featured_media":308,"comment_status":"open","ping_status":"closed","template":"","meta":[],"product_brand":[],"product_cat":[50,52,54,55,61,65,71],"product_tag":[],"class_list":{"0":"post-301","1":"product","2":"type-product","3":"status-publish","4":"has-post-thumbnail","6":"product_cat-adultos","7":"product_cat-aventura","8":"product_cat-con-traslado","9":"product_cat-familia","10":"product_cat-ninos","11":"product_cat-sin-comida","12":"product_cat-verano","14":"first","15":"instock","16":"virtual","17":"sold-individually","18":"purchasable","19":"product-type-booking"},"booking_location":"","booking_location_type":"","booking_duration":1,"booking_duration_unit":"hour","booking_buffer":0,"booking_cost":0,"booking_resources":[],"exclude_global_add_ons":false,"addons":[{"name":"STD: Passageiros","type":"input_multiplier","position":0,"required":false,"title_format":"label","default":"","description_enable":false,"description":"","placeholder_enable":false,"placeholder":"","display":"select","restrictions_type":"any_text","adjust_price":true,"price":"132000","price_type":"quantity_based","restrictions":false,"min":"0","max":"0","options":[],"id":1773231509}],"yoast_head":"<!-- This site is optimized with the Yoast SEO Premium plugin v25.2 (Yoast SEO v25.2) - https:\/\/yoast.com\/wordpress\/plugins\/seo\/ -->\n<title>Buceo Bautismo en Bariloche - Cabalgatas Bariloche<\/title>\n<meta name=\"description\" content=\"Viv\u00ed tu primera experiencia de buceo en el Lago Moreno. Actividad tranquila, con equipo completo e instructores certificados. Naturaleza y calma.\" \/>\n<meta name=\"robots\" content=\"index, follow, max-snippet:-1, max-image-preview:large, max-video-preview:-1\" \/>\n<link rel=\"canonical\" href=\"https:\/\/cabalgatasbariloche.com.ar\/pt\/experiencias-turisticas\/batismo-de-mergulho-em-bariloche\/\" \/>\n<meta property=\"og:locale\" content=\"pt_BR\" \/>\n<meta property=\"og:type\" content=\"article\" \/>\n<meta property=\"og:title\" content=\"Buceo Bautismo en Bariloche\" \/>\n<meta property=\"og:description\" content=\"Viv\u00ed tu primera experiencia de buceo en el Lago Moreno. Actividad tranquila, con equipo completo e instructores certificados. Naturaleza y calma.\" \/>\n<meta property=\"og:url\" content=\"https:\/\/cabalgatasbariloche.com.ar\/pt\/experiencias-turisticas\/batismo-de-mergulho-em-bariloche\/\" \/>\n<meta property=\"og:site_name\" content=\"Cabalgatas Bariloche\" \/>\n<meta property=\"article:modified_time\" content=\"2026-04-07T15:13:59+00:00\" \/>\n<meta property=\"og:image\" content=\"https:\/\/cabalgatasbariloche.com.ar\/wp-content\/uploads\/sites\/10\/2026\/01\/tikiprincipal.jpeg\" \/>\n\t<meta property=\"og:image:width\" content=\"1120\" \/>\n\t<meta property=\"og:image:height\" content=\"1280\" \/>\n\t<meta property=\"og:image:type\" content=\"image\/jpeg\" \/>\n<meta name=\"twitter:card\" content=\"summary_large_image\" \/>\n<meta name=\"twitter:label1\" content=\"Pre\u00e7o\" \/>\n\t<meta name=\"twitter:data1\" content=\"&#036;132,000.00\" \/>\n\t<meta name=\"twitter:label2\" content=\"Disponibilidade\" \/>\n\t<meta name=\"twitter:data2\" content=\"Em Estoque\" \/>\n<script type=\"application\/ld+json\" class=\"yoast-schema-graph\">{\"@context\":\"https:\/\/schema.org\",\"@graph\":[{\"@type\":[\"WebPage\",\"ItemPage\"],\"@id\":\"https:\/\/cabalgatasbariloche.com.ar\/experiencias-turisticas\/buceo-bautismo-en-bariloche\/\",\"url\":\"https:\/\/cabalgatasbariloche.com.ar\/experiencias-turisticas\/buceo-bautismo-en-bariloche\/\",\"name\":\"Buceo Bautismo en Bariloche - Cabalgatas Bariloche\",\"isPartOf\":{\"@id\":\"https:\/\/cabalgatasbariloche.com.ar\/#website\"},\"primaryImageOfPage\":{\"@id\":\"https:\/\/cabalgatasbariloche.com.ar\/experiencias-turisticas\/buceo-bautismo-en-bariloche\/#primaryimage\"},\"image\":{\"@id\":\"https:\/\/cabalgatasbariloche.com.ar\/experiencias-turisticas\/buceo-bautismo-en-bariloche\/#primaryimage\"},\"thumbnailUrl\":\"https:\/\/cabalgatasbariloche.com.ar\/wp-content\/uploads\/sites\/10\/2026\/01\/tikiprincipal.jpeg\",\"datePublished\":\"2026-01-28T17:30:51+00:00\",\"dateModified\":\"2026-04-07T15:13:59+00:00\",\"description\":\"Viv\u00ed tu primera experiencia de buceo en el Lago Moreno. Actividad tranquila, con equipo completo e instructores certificados. Naturaleza y calma.\",\"breadcrumb\":{\"@id\":\"https:\/\/cabalgatasbariloche.com.ar\/experiencias-turisticas\/buceo-bautismo-en-bariloche\/#breadcrumb\"},\"inLanguage\":\"pt-BR\",\"potentialAction\":[{\"@type\":\"ReadAction\",\"target\":[\"https:\/\/cabalgatasbariloche.com.ar\/experiencias-turisticas\/buceo-bautismo-en-bariloche\/\"]}]},{\"@type\":\"ImageObject\",\"inLanguage\":\"pt-BR\",\"@id\":\"https:\/\/cabalgatasbariloche.com.ar\/experiencias-turisticas\/buceo-bautismo-en-bariloche\/#primaryimage\",\"url\":\"https:\/\/cabalgatasbariloche.com.ar\/wp-content\/uploads\/sites\/10\/2026\/01\/tikiprincipal.jpeg\",\"contentUrl\":\"https:\/\/cabalgatasbariloche.com.ar\/wp-content\/uploads\/sites\/10\/2026\/01\/tikiprincipal.jpeg\",\"width\":1120,\"height\":1280},{\"@type\":\"BreadcrumbList\",\"@id\":\"https:\/\/cabalgatasbariloche.com.ar\/experiencias-turisticas\/buceo-bautismo-en-bariloche\/#breadcrumb\",\"itemListElement\":[{\"@type\":\"ListItem\",\"position\":1,\"name\":\"Portada\",\"item\":\"https:\/\/cabalgatasbariloche.com.ar\/\"},{\"@type\":\"ListItem\",\"position\":2,\"name\":\"Tienda\",\"item\":\"https:\/\/cabalgatasbariloche.com.ar\/tienda\/\"},{\"@type\":\"ListItem\",\"position\":3,\"name\":\"Buceo Bautismo en Bariloche\"}]},{\"@type\":\"WebSite\",\"@id\":\"https:\/\/cabalgatasbariloche.com.ar\/#website\",\"url\":\"https:\/\/cabalgatasbariloche.com.ar\/\",\"name\":\"Cabalgatas Bariloche\",\"description\":\"Conocer la estepa y cerros patagonicos\",\"potentialAction\":[{\"@type\":\"SearchAction\",\"target\":{\"@type\":\"EntryPoint\",\"urlTemplate\":\"https:\/\/cabalgatasbariloche.com.ar\/?s={search_term_string}\"},\"query-input\":{\"@type\":\"PropertyValueSpecification\",\"valueRequired\":true,\"valueName\":\"search_term_string\"}}],\"inLanguage\":\"pt-BR\"}]}<\/script>\n<meta property=\"product:price:amount\" content=\"132000.00\" \/>\n<meta property=\"product:price:currency\" content=\"ARS\" \/>\n<meta property=\"og:availability\" content=\"instock\" \/>\n<meta property=\"product:availability\" content=\"instock\" \/>\n<meta property=\"product:retailer_item_id\" content=\"ADV2026BABU9T4K\" \/>\n<meta property=\"product:condition\" content=\"new\" \/>\n<!-- \/ Yoast SEO Premium plugin. -->","yoast_head_json":{"title":"Mergulho em Bariloche - Cavalgadas em Bariloche","description":"Viva sua primeira experi\u00eancia de mergulho em Moreno Lake. Atividade tranquila, com equipamento completo e instrutores certificados. Natureza e tranquilidade.","robots":{"index":"index","follow":"follow","max-snippet":"max-snippet:-1","max-image-preview":"max-image-preview:large","max-video-preview":"max-video-preview:-1"},"canonical":"https:\/\/cabalgatasbariloche.com.ar\/pt\/experiencias-turisticas\/batismo-de-mergulho-em-bariloche\/","og_locale":"pt_BR","og_type":"article","og_title":"Buceo Bautismo en Bariloche","og_description":"Viv\u00ed tu primera experiencia de buceo en el Lago Moreno. Actividad tranquila, con equipo completo e instructores certificados. Naturaleza y calma.","og_url":"https:\/\/cabalgatasbariloche.com.ar\/pt\/experiencias-turisticas\/batismo-de-mergulho-em-bariloche\/","og_site_name":"Cabalgatas Bariloche","article_modified_time":"2026-04-07T15:13:59+00:00","og_image":[{"width":1120,"height":1280,"url":"https:\/\/cabalgatasbariloche.com.ar\/wp-content\/uploads\/sites\/10\/2026\/01\/tikiprincipal.jpeg","type":"image\/jpeg"}],"twitter_card":"summary_large_image","twitter_misc":{"Pre\u00e7o":"&#36;132,000.00","Disponibilidade":"Em Estoque"},"schema":{"@context":"https:\/\/schema.org","@graph":[{"@type":["WebPage","ItemPage"],"@id":"https:\/\/cabalgatasbariloche.com.ar\/experiencias-turisticas\/buceo-bautismo-en-bariloche\/","url":"https:\/\/cabalgatasbariloche.com.ar\/experiencias-turisticas\/buceo-bautismo-en-bariloche\/","name":"Mergulho em Bariloche - Cavalgadas em Bariloche","isPartOf":{"@id":"https:\/\/cabalgatasbariloche.com.ar\/#website"},"primaryImageOfPage":{"@id":"https:\/\/cabalgatasbariloche.com.ar\/experiencias-turisticas\/buceo-bautismo-en-bariloche\/#primaryimage"},"image":{"@id":"https:\/\/cabalgatasbariloche.com.ar\/experiencias-turisticas\/buceo-bautismo-en-bariloche\/#primaryimage"},"thumbnailUrl":"https:\/\/cabalgatasbariloche.com.ar\/wp-content\/uploads\/sites\/10\/2026\/01\/tikiprincipal.jpeg","datePublished":"2026-01-28T17:30:51+00:00","dateModified":"2026-04-07T15:13:59+00:00","description":"Viva sua primeira experi\u00eancia de mergulho em Moreno Lake. Atividade tranquila, com equipamento completo e instrutores certificados. Natureza e tranquilidade.","breadcrumb":{"@id":"https:\/\/cabalgatasbariloche.com.ar\/experiencias-turisticas\/buceo-bautismo-en-bariloche\/#breadcrumb"},"inLanguage":"pt-BR","potentialAction":[{"@type":"ReadAction","target":["https:\/\/cabalgatasbariloche.com.ar\/experiencias-turisticas\/buceo-bautismo-en-bariloche\/"]}]},{"@type":"ImageObject","inLanguage":"pt-BR","@id":"https:\/\/cabalgatasbariloche.com.ar\/experiencias-turisticas\/buceo-bautismo-en-bariloche\/#primaryimage","url":"https:\/\/cabalgatasbariloche.com.ar\/wp-content\/uploads\/sites\/10\/2026\/01\/tikiprincipal.jpeg","contentUrl":"https:\/\/cabalgatasbariloche.com.ar\/wp-content\/uploads\/sites\/10\/2026\/01\/tikiprincipal.jpeg","width":1120,"height":1280},{"@type":"BreadcrumbList","@id":"https:\/\/cabalgatasbariloche.com.ar\/experiencias-turisticas\/buceo-bautismo-en-bariloche\/#breadcrumb","itemListElement":[{"@type":"ListItem","position":1,"name":"Portada","item":"https:\/\/cabalgatasbariloche.com.ar\/"},{"@type":"ListItem","position":2,"name":"Tienda","item":"https:\/\/cabalgatasbariloche.com.ar\/tienda\/"},{"@type":"ListItem","position":3,"name":"Buceo Bautismo en Bariloche"}]},{"@type":"WebSite","@id":"https:\/\/cabalgatasbariloche.com.ar\/#website","url":"https:\/\/cabalgatasbariloche.com.ar\/","name":"Cavalgadas em Bariloche","description":"Conhecendo a estepe e as montanhas da Patag\u00f4nia","potentialAction":[{"@type":"SearchAction","target":{"@type":"EntryPoint","urlTemplate":"https:\/\/cabalgatasbariloche.com.ar\/?s={search_term_string}"},"query-input":{"@type":"PropertyValueSpecification","valueRequired":true,"valueName":"search_term_string"}}],"inLanguage":"pt-BR"}]},"product_price_amount":"132000.00","product_price_currency":"ARS","og_availability":"instock","product_availability":"instock","product_retailer_item_id":"ADV2026BABU9T4K","product_condition":"new"},"_links":{"self":[{"href":"https:\/\/cabalgatasbariloche.com.ar\/pt\/wp-json\/wp\/v2\/product\/301","targetHints":{"allow":["GET"]}}],"collection":[{"href":"https:\/\/cabalgatasbariloche.com.ar\/pt\/wp-json\/wp\/v2\/product"}],"about":[{"href":"https:\/\/cabalgatasbariloche.com.ar\/pt\/wp-json\/wp\/v2\/types\/product"}],"replies":[{"embeddable":true,"href":"https:\/\/cabalgatasbariloche.com.ar\/pt\/wp-json\/wp\/v2\/comments?post=301"}],"wp:featuredmedia":[{"embeddable":true,"href":"https:\/\/cabalgatasbariloche.com.ar\/pt\/wp-json\/wp\/v2\/media\/308"}],"wp:attachment":[{"href":"https:\/\/cabalgatasbariloche.com.ar\/pt\/wp-json\/wp\/v2\/media?parent=301"}],"wp:term":[{"taxonomy":"product_brand","embeddable":true,"href":"https:\/\/cabalgatasbariloche.com.ar\/pt\/wp-json\/wp\/v2\/product_brand?post=301"},{"taxonomy":"product_cat","embeddable":true,"href":"https:\/\/cabalgatasbariloche.com.ar\/pt\/wp-json\/wp\/v2\/product_cat?post=301"},{"taxonomy":"product_tag","embeddable":true,"href":"https:\/\/cabalgatasbariloche.com.ar\/pt\/wp-json\/wp\/v2\/product_tag?post=301"}],"curies":[{"name":"wp","href":"https:\/\/api.w.org\/{rel}","templated":true}]}}