{"id":106,"date":"2025-08-27T12:28:04","date_gmt":"2025-08-27T15:28:04","guid":{"rendered":"https:\/\/cabalgatasbariloche.com.ar\/producto\/puerto-blest-con-cascada-los-cantaros-lago-frias-sin-traslado\/"},"modified":"2026-04-04T10:47:40","modified_gmt":"2026-04-04T13:47:40","slug":"puerto-blest-con-cascada-los-cantaros-lago-frias-sin-traslado","status":"publish","type":"product","link":"https:\/\/cabalgatasbariloche.com.ar\/pt\/experiencias-turisticas\/puerto-blest-com-cachoeira-los-cantaros-lago-frias-sem-traslado\/","title":{"rendered":"Puerto Blest com a cachoeira \u201cLos Cantaros\u201d + Lago Frias sem traslado"},"content":{"rendered":"<h2 class=\"ai-optimize-26\">Descubra a tranquilidade de Puerto Blest e a Cascada de los C\u00e1ntaros (Cachoeira dos C\u00e2ntaros)<\/h2>\n<p class=\"ai-optimize-27 ai-optimize-introduction\">Sa\u00ed de <strong>Puerto Pa\u00f1uelo<\/strong>, localizado a apenas 25 km de <strong>San Carlos de Bariloche<\/strong>, e desfrute de um passeio \u00fanico pelas \u00e1guas do <strong>Lago Nahuel Huapi<\/strong>. No caminho, contemple o <strong>Ilhota Sentinela<\/strong>, Os restos do renomado <strong>Perito Moreno<\/strong>, e caminhe por passarelas encantadoras que o levar\u00e3o ao magn\u00edfico <strong>Cachoeira Los C\u00e1ntaros<\/strong>, cercado por altos muros de granito.<\/p>\n<h3 class=\"ai-optimize-28\">Um encontro com a natureza<\/h3>\n<p class=\"ai-optimize-29\">Durante a navega\u00e7\u00e3o, voc\u00ea desfrutar\u00e1 de vistas panor\u00e2micas de tirar o f\u00f4lego do <strong>Cordilheira dos Andes<\/strong> e as ilhas que embelezam essa \u00e1rea espetacular. Em <strong>Puerto Blest<\/strong>, Descobri a calma do <strong>Ba\u00eda<\/strong> e observe a cor do <strong>Lago Frias<\/strong>, cujos tons de esmeralda prov\u00eam da a\u00e7\u00e3o das geleiras do <strong>Serra do Tronador<\/strong>.<\/p>\n<h3 class=\"ai-optimize-30\">Aventuras para todos os exploradores<\/h3>\n<ul>\n<li class=\"ai-optimize-31\"><strong>Caminhadas guiadas<\/strong> pela floresta tropical de Valdivian, lar de uma variedade de esp\u00e9cies \u00fanicas.<\/li>\n<li class=\"ai-optimize-32\"><strong>Trilhas<\/strong> projetados para diferentes n\u00edveis, permitindo que voc\u00ea descubra em seu pr\u00f3prio ritmo.<\/li>\n<\/ul>\n<h2 class=\"ai-optimize-33\">Op\u00e7\u00f5es e servi\u00e7os de navega\u00e7\u00e3o<\/h2>\n<p class=\"ai-optimize-34\">A viagem termina com um retorno a <strong>Puerto Pa\u00f1uelo<\/strong> pelo <strong>Bra\u00e7o aben\u00e7oado<\/strong>, onde o <strong>Serra do Tronador<\/strong> d\u00e1 um incr\u00edvel cart\u00e3o postal ao p\u00f4r do sol. A visita ao <strong>Lago Frias<\/strong> soma a uma curta viagem de \u00f4nibus de 3 km at\u00e9 <strong>Porto Alegre<\/strong>, De l\u00e1, voc\u00ea embarca para esse lago encantador.<\/p>\n<h3 class=\"ai-optimize-35\">Informa\u00e7\u00f5es pr\u00e1ticas<\/h3>\n<ul>\n<li class=\"ai-optimize-36\"><strong>Dura\u00e7\u00e3o:<\/strong> Das 9:00 \u00e0s 17:00 horas, aproximadamente.<\/li>\n<li class=\"ai-optimize-37\"><strong>Ele inclui:<\/strong> Passeio de barco guiado, caminhadas entre \u00e1rvores nativas, navega\u00e7\u00e3o no Lago Frias.<\/li>\n<li class=\"ai-optimize-38\"><strong>N\u00e3o inclu\u00eddo:<\/strong> Chegada em <strong>Puerto Pa\u00f1uelo<\/strong>, refei\u00e7\u00f5es (h\u00e1 paradores no local) e acesso aos Parques Nacionais.<\/li>\n<\/ul>\n<h2 class=\"ai-optimize-39\">Perguntas comuns<\/h2>\n<ul>\n<li class=\"ai-optimize-40\"><strong>Onde posso pagar a taxa de entrada e de embarque no Parque Nacional?<\/strong><br \/>\nEsses pagamentos s\u00e3o feitos em <strong>Puerto Pa\u00f1uelo<\/strong>, O pre\u00e7o deve ser pago em dinheiro e em pesos argentinos no dia da excurs\u00e3o. Residentes de <strong>San Carlos de Bariloche<\/strong>, pessoas com defici\u00eancia, crian\u00e7as com menos de cinco anos de idade e aposentados s\u00e3o gratuitos.<\/li>\n<li class=\"ai-optimize-41\"><strong>O desconto para aposentados \u00e9 exclusivo para argentinos?<\/strong><br \/>\nIsso mesmo, o benef\u00edcio se aplica apenas aos aposentados argentinos, que devem apresentar uma carteira de identidade v\u00e1lida no momento do embarque.<\/li>\n<li class=\"ai-optimize-42\"><strong>Qual \u00e9 a dura\u00e7\u00e3o das caminhadas?<\/strong><br \/>\nAs rotas em <strong>Puerto Blest<\/strong> t\u00eam requisitos diferentes. A jornada at\u00e9 o <strong>Cachoeira Los C\u00e1ntaros<\/strong> O percurso abrange cerca de 700 degraus, com \u00e1reas panor\u00e2micas e \u00e1reas de descanso.<\/li>\n<\/ul>","protected":false},"excerpt":{"rendered":"<h2 class=\"ai-optimize-22\">Passeio por Puerto Blest e Cachoeira \u00abLos C\u00e1ntaros\u00bb<\/h2>\n<p class=\"ai-optimize-23 ai-optimize-introduction\">Partida de <strong>Puerto Pa\u00f1uelo<\/strong> em uma aventura \u00fanica rumo ao <strong>Cachoeira Los C\u00e1ntaros<\/strong>, cruzando as \u00e1guas calmas do <strong>Lago Nahuel Huapi<\/strong>. Saiba mais sobre o misterioso <strong>Lago Frias<\/strong> e percorrer as estradas do <strong>Floresta Valdiviana<\/strong> ao lado da imponente grandeza do <strong>Cordilheira dos Andes<\/strong>.<\/p>","protected":false},"featured_media":166,"comment_status":"open","ping_status":"closed","template":"","meta":[],"product_brand":[],"product_cat":[50,55,58,59,61,65,66,70],"product_tag":[],"class_list":{"0":"post-106","1":"product","2":"type-product","3":"status-publish","4":"has-post-thumbnail","6":"product_cat-adultos","7":"product_cat-familia","8":"product_cat-jubilados","9":"product_cat-lacustre","10":"product_cat-ninos","11":"product_cat-sin-comida","12":"product_cat-sin-traslado","13":"product_cat-todo-el-ano","15":"first","16":"instock","17":"virtual","18":"sold-individually","19":"purchasable","20":"product-type-booking"},"booking_location":"","booking_location_type":"","booking_duration":60,"booking_duration_unit":"minute","booking_buffer":0,"booking_cost":0,"booking_resources":[],"exclude_global_add_ons":false,"addons":[{"name":"ADU: Adulto","type":"input_multiplier","position":0,"required":false,"title_format":"label","default":"","description_enable":false,"description":"","placeholder_enable":false,"placeholder":"","display":"select","restrictions_type":"any_text","adjust_price":true,"price":"190000","price_type":"quantity_based","restrictions":false,"min":"0","max":"0","options":[],"id":1773233364},{"name":"MEN512 | 5 a 12","type":"input_multiplier","position":1,"required":false,"title_format":"label","default":"","description_enable":false,"description":"","placeholder_enable":false,"placeholder":"","display":"select","restrictions_type":"any_text","adjust_price":true,"price":"97000","price_type":"quantity_based","restrictions":false,"min":"0","max":"0","options":[],"id":1773233365},{"name":"ADUJ : Aposentado","type":"input_multiplier","position":2,"required":false,"title_format":"label","default":"","description_enable":false,"description":"","placeholder_enable":false,"placeholder":"","display":"select","restrictions_type":"any_text","adjust_price":true,"price":"97000","price_type":"quantity_based","restrictions":false,"min":"0","max":"0","options":[],"id":1773233366}],"yoast_head":"<!-- This site is optimized with the Yoast SEO Premium plugin v25.2 (Yoast SEO v25.2) - https:\/\/yoast.com\/wordpress\/plugins\/seo\/ -->\n<title>Puerto Blest con Cascada \u201cLos Cantaros\u201d + Lago Frias sin Traslado - Cabalgatas Bariloche<\/title>\n<meta name=\"description\" content=\"Descubr\u00ed los rincones m\u00e1s bellos del Nahuel Huapi en una navegaci\u00f3n a Puerto Blest y Lago Fr\u00edas sin traslado.\" \/>\n<meta name=\"robots\" content=\"index, follow, max-snippet:-1, max-image-preview:large, max-video-preview:-1\" \/>\n<link rel=\"canonical\" href=\"https:\/\/cabalgatasbariloche.com.ar\/pt\/experiencias-turisticas\/puerto-blest-com-cachoeira-los-cantaros-lago-frias-sem-traslado\/\" \/>\n<meta property=\"og:locale\" content=\"pt_BR\" \/>\n<meta property=\"og:type\" content=\"article\" \/>\n<meta property=\"og:title\" content=\"Puerto Blest con Cascada \u201cLos Cantaros\u201d + Lago Frias sin Traslado\" \/>\n<meta property=\"og:description\" content=\"Descubr\u00ed los rincones m\u00e1s bellos del Nahuel Huapi en una navegaci\u00f3n a Puerto Blest y Lago Fr\u00edas sin traslado.\" \/>\n<meta property=\"og:url\" content=\"https:\/\/cabalgatasbariloche.com.ar\/pt\/experiencias-turisticas\/puerto-blest-com-cachoeira-los-cantaros-lago-frias-sem-traslado\/\" \/>\n<meta property=\"og:site_name\" content=\"Cabalgatas Bariloche\" \/>\n<meta property=\"article:modified_time\" content=\"2026-04-04T13:47:40+00:00\" \/>\n<meta property=\"og:image\" content=\"https:\/\/cabalgatasbariloche.com.ar\/wp-content\/uploads\/sites\/10\/2025\/08\/1-D-20211209_105925-3-1-scaled.jpg\" \/>\n\t<meta property=\"og:image:width\" content=\"1920\" \/>\n\t<meta property=\"og:image:height\" content=\"2560\" \/>\n\t<meta property=\"og:image:type\" content=\"image\/jpeg\" \/>\n<meta name=\"twitter:card\" content=\"summary_large_image\" \/>\n<meta name=\"twitter:label1\" content=\"Pre\u00e7o\" \/>\n\t<meta name=\"twitter:data1\" content=\"&#036;190,000.00\" \/>\n\t<meta name=\"twitter:label2\" content=\"Disponibilidade\" \/>\n\t<meta name=\"twitter:data2\" content=\"Em Estoque\" \/>\n<script type=\"application\/ld+json\" class=\"yoast-schema-graph\">{\"@context\":\"https:\/\/schema.org\",\"@graph\":[{\"@type\":[\"WebPage\",\"ItemPage\"],\"@id\":\"https:\/\/cabalgatasbariloche.com.ar\/experiencias-turisticas\/puerto-blest-con-cascada-los-cantaros-lago-frias-sin-traslado\/\",\"url\":\"https:\/\/cabalgatasbariloche.com.ar\/experiencias-turisticas\/puerto-blest-con-cascada-los-cantaros-lago-frias-sin-traslado\/\",\"name\":\"Puerto Blest con Cascada \u201cLos Cantaros\u201d + Lago Frias sin Traslado - Cabalgatas Bariloche\",\"isPartOf\":{\"@id\":\"https:\/\/cabalgatasbariloche.com.ar\/#website\"},\"primaryImageOfPage\":{\"@id\":\"https:\/\/cabalgatasbariloche.com.ar\/experiencias-turisticas\/puerto-blest-con-cascada-los-cantaros-lago-frias-sin-traslado\/#primaryimage\"},\"image\":{\"@id\":\"https:\/\/cabalgatasbariloche.com.ar\/experiencias-turisticas\/puerto-blest-con-cascada-los-cantaros-lago-frias-sin-traslado\/#primaryimage\"},\"thumbnailUrl\":\"https:\/\/cabalgatasbariloche.com.ar\/wp-content\/uploads\/sites\/10\/2025\/08\/1-D-20211209_105925-3-1-scaled.jpg\",\"datePublished\":\"2025-08-27T15:28:04+00:00\",\"dateModified\":\"2026-04-04T13:47:40+00:00\",\"description\":\"Descubr\u00ed los rincones m\u00e1s bellos del Nahuel Huapi en una navegaci\u00f3n a Puerto Blest y Lago Fr\u00edas sin traslado.\",\"breadcrumb\":{\"@id\":\"https:\/\/cabalgatasbariloche.com.ar\/experiencias-turisticas\/puerto-blest-con-cascada-los-cantaros-lago-frias-sin-traslado\/#breadcrumb\"},\"inLanguage\":\"pt-BR\",\"potentialAction\":[{\"@type\":\"ReadAction\",\"target\":[\"https:\/\/cabalgatasbariloche.com.ar\/experiencias-turisticas\/puerto-blest-con-cascada-los-cantaros-lago-frias-sin-traslado\/\"]}]},{\"@type\":\"ImageObject\",\"inLanguage\":\"pt-BR\",\"@id\":\"https:\/\/cabalgatasbariloche.com.ar\/experiencias-turisticas\/puerto-blest-con-cascada-los-cantaros-lago-frias-sin-traslado\/#primaryimage\",\"url\":\"https:\/\/cabalgatasbariloche.com.ar\/wp-content\/uploads\/sites\/10\/2025\/08\/1-D-20211209_105925-3-1-scaled.jpg\",\"contentUrl\":\"https:\/\/cabalgatasbariloche.com.ar\/wp-content\/uploads\/sites\/10\/2025\/08\/1-D-20211209_105925-3-1-scaled.jpg\",\"width\":1920,\"height\":2560},{\"@type\":\"BreadcrumbList\",\"@id\":\"https:\/\/cabalgatasbariloche.com.ar\/experiencias-turisticas\/puerto-blest-con-cascada-los-cantaros-lago-frias-sin-traslado\/#breadcrumb\",\"itemListElement\":[{\"@type\":\"ListItem\",\"position\":1,\"name\":\"Portada\",\"item\":\"https:\/\/cabalgatasbariloche.com.ar\/\"},{\"@type\":\"ListItem\",\"position\":2,\"name\":\"Tienda\",\"item\":\"https:\/\/cabalgatasbariloche.com.ar\/tienda\/\"},{\"@type\":\"ListItem\",\"position\":3,\"name\":\"Puerto Blest con Cascada \u201cLos Cantaros\u201d + Lago Frias sin Traslado\"}]},{\"@type\":\"WebSite\",\"@id\":\"https:\/\/cabalgatasbariloche.com.ar\/#website\",\"url\":\"https:\/\/cabalgatasbariloche.com.ar\/\",\"name\":\"Cabalgatas Bariloche\",\"description\":\"Conocer la estepa y cerros patagonicos\",\"potentialAction\":[{\"@type\":\"SearchAction\",\"target\":{\"@type\":\"EntryPoint\",\"urlTemplate\":\"https:\/\/cabalgatasbariloche.com.ar\/?s={search_term_string}\"},\"query-input\":{\"@type\":\"PropertyValueSpecification\",\"valueRequired\":true,\"valueName\":\"search_term_string\"}}],\"inLanguage\":\"pt-BR\"}]}<\/script>\n<meta property=\"product:price:amount\" content=\"190000.00\" \/>\n<meta property=\"product:price:currency\" content=\"ARS\" \/>\n<meta property=\"og:availability\" content=\"instock\" \/>\n<meta property=\"product:availability\" content=\"instock\" \/>\n<meta property=\"product:retailer_item_id\" content=\"ADV2025PUBLYC33V7\" \/>\n<meta property=\"product:condition\" content=\"new\" \/>\n<!-- \/ Yoast SEO Premium plugin. -->","yoast_head_json":{"title":"Puerto Blest com a cachoeira \u201cLos Cantaros\u201d + Lago Frias sem traslado - Cavalgadas Bariloche","description":"Descubra os mais belos cantos do Nahuel Huapi em uma viagem de barco para Puerto Blest e Lago Frias sem traslado.","robots":{"index":"index","follow":"follow","max-snippet":"max-snippet:-1","max-image-preview":"max-image-preview:large","max-video-preview":"max-video-preview:-1"},"canonical":"https:\/\/cabalgatasbariloche.com.ar\/pt\/experiencias-turisticas\/puerto-blest-com-cachoeira-los-cantaros-lago-frias-sem-traslado\/","og_locale":"pt_BR","og_type":"article","og_title":"Puerto Blest con Cascada \u201cLos Cantaros\u201d + Lago Frias sin Traslado","og_description":"Descubr\u00ed los rincones m\u00e1s bellos del Nahuel Huapi en una navegaci\u00f3n a Puerto Blest y Lago Fr\u00edas sin traslado.","og_url":"https:\/\/cabalgatasbariloche.com.ar\/pt\/experiencias-turisticas\/puerto-blest-com-cachoeira-los-cantaros-lago-frias-sem-traslado\/","og_site_name":"Cabalgatas Bariloche","article_modified_time":"2026-04-04T13:47:40+00:00","og_image":[{"width":1920,"height":2560,"url":"https:\/\/cabalgatasbariloche.com.ar\/wp-content\/uploads\/sites\/10\/2025\/08\/1-D-20211209_105925-3-1-scaled.jpg","type":"image\/jpeg"}],"twitter_card":"summary_large_image","twitter_misc":{"Pre\u00e7o":"&#36;190,000.00","Disponibilidade":"Em Estoque"},"schema":{"@context":"https:\/\/schema.org","@graph":[{"@type":["WebPage","ItemPage"],"@id":"https:\/\/cabalgatasbariloche.com.ar\/experiencias-turisticas\/puerto-blest-con-cascada-los-cantaros-lago-frias-sin-traslado\/","url":"https:\/\/cabalgatasbariloche.com.ar\/experiencias-turisticas\/puerto-blest-con-cascada-los-cantaros-lago-frias-sin-traslado\/","name":"Puerto Blest com a cachoeira \u201cLos Cantaros\u201d + Lago Frias sem traslado - Cavalgadas Bariloche","isPartOf":{"@id":"https:\/\/cabalgatasbariloche.com.ar\/#website"},"primaryImageOfPage":{"@id":"https:\/\/cabalgatasbariloche.com.ar\/experiencias-turisticas\/puerto-blest-con-cascada-los-cantaros-lago-frias-sin-traslado\/#primaryimage"},"image":{"@id":"https:\/\/cabalgatasbariloche.com.ar\/experiencias-turisticas\/puerto-blest-con-cascada-los-cantaros-lago-frias-sin-traslado\/#primaryimage"},"thumbnailUrl":"https:\/\/cabalgatasbariloche.com.ar\/wp-content\/uploads\/sites\/10\/2025\/08\/1-D-20211209_105925-3-1-scaled.jpg","datePublished":"2025-08-27T15:28:04+00:00","dateModified":"2026-04-04T13:47:40+00:00","description":"Descubra os mais belos cantos do Nahuel Huapi em uma viagem de barco para Puerto Blest e Lago Frias sem traslado.","breadcrumb":{"@id":"https:\/\/cabalgatasbariloche.com.ar\/experiencias-turisticas\/puerto-blest-con-cascada-los-cantaros-lago-frias-sin-traslado\/#breadcrumb"},"inLanguage":"pt-BR","potentialAction":[{"@type":"ReadAction","target":["https:\/\/cabalgatasbariloche.com.ar\/experiencias-turisticas\/puerto-blest-con-cascada-los-cantaros-lago-frias-sin-traslado\/"]}]},{"@type":"ImageObject","inLanguage":"pt-BR","@id":"https:\/\/cabalgatasbariloche.com.ar\/experiencias-turisticas\/puerto-blest-con-cascada-los-cantaros-lago-frias-sin-traslado\/#primaryimage","url":"https:\/\/cabalgatasbariloche.com.ar\/wp-content\/uploads\/sites\/10\/2025\/08\/1-D-20211209_105925-3-1-scaled.jpg","contentUrl":"https:\/\/cabalgatasbariloche.com.ar\/wp-content\/uploads\/sites\/10\/2025\/08\/1-D-20211209_105925-3-1-scaled.jpg","width":1920,"height":2560},{"@type":"BreadcrumbList","@id":"https:\/\/cabalgatasbariloche.com.ar\/experiencias-turisticas\/puerto-blest-con-cascada-los-cantaros-lago-frias-sin-traslado\/#breadcrumb","itemListElement":[{"@type":"ListItem","position":1,"name":"Portada","item":"https:\/\/cabalgatasbariloche.com.ar\/"},{"@type":"ListItem","position":2,"name":"Tienda","item":"https:\/\/cabalgatasbariloche.com.ar\/tienda\/"},{"@type":"ListItem","position":3,"name":"Puerto Blest con Cascada \u201cLos Cantaros\u201d + Lago Frias sin Traslado"}]},{"@type":"WebSite","@id":"https:\/\/cabalgatasbariloche.com.ar\/#website","url":"https:\/\/cabalgatasbariloche.com.ar\/","name":"Cavalgadas em Bariloche","description":"Conhecendo a estepe e as montanhas da Patag\u00f4nia","potentialAction":[{"@type":"SearchAction","target":{"@type":"EntryPoint","urlTemplate":"https:\/\/cabalgatasbariloche.com.ar\/?s={search_term_string}"},"query-input":{"@type":"PropertyValueSpecification","valueRequired":true,"valueName":"search_term_string"}}],"inLanguage":"pt-BR"}]},"product_price_amount":"190000.00","product_price_currency":"ARS","og_availability":"instock","product_availability":"instock","product_retailer_item_id":"ADV2025PUBLYC33V7","product_condition":"new"},"_links":{"self":[{"href":"https:\/\/cabalgatasbariloche.com.ar\/pt\/wp-json\/wp\/v2\/product\/106","targetHints":{"allow":["GET"]}}],"collection":[{"href":"https:\/\/cabalgatasbariloche.com.ar\/pt\/wp-json\/wp\/v2\/product"}],"about":[{"href":"https:\/\/cabalgatasbariloche.com.ar\/pt\/wp-json\/wp\/v2\/types\/product"}],"replies":[{"embeddable":true,"href":"https:\/\/cabalgatasbariloche.com.ar\/pt\/wp-json\/wp\/v2\/comments?post=106"}],"wp:featuredmedia":[{"embeddable":true,"href":"https:\/\/cabalgatasbariloche.com.ar\/pt\/wp-json\/wp\/v2\/media\/166"}],"wp:attachment":[{"href":"https:\/\/cabalgatasbariloche.com.ar\/pt\/wp-json\/wp\/v2\/media?parent=106"}],"wp:term":[{"taxonomy":"product_brand","embeddable":true,"href":"https:\/\/cabalgatasbariloche.com.ar\/pt\/wp-json\/wp\/v2\/product_brand?post=106"},{"taxonomy":"product_cat","embeddable":true,"href":"https:\/\/cabalgatasbariloche.com.ar\/pt\/wp-json\/wp\/v2\/product_cat?post=106"},{"taxonomy":"product_tag","embeddable":true,"href":"https:\/\/cabalgatasbariloche.com.ar\/pt\/wp-json\/wp\/v2\/product_tag?post=106"}],"curies":[{"name":"wp","href":"https:\/\/api.w.org\/{rel}","templated":true}]}}