{"id":105,"date":"2025-08-27T12:27:20","date_gmt":"2025-08-27T15:27:20","guid":{"rendered":"https:\/\/cabalgatasbariloche.com.ar\/producto\/puerto-blest-con-cascada-los-cantaros-sin-transporte\/"},"modified":"2026-04-07T12:12:47","modified_gmt":"2026-04-07T15:12:47","slug":"puerto-blest-cantaros-sin-traslado","status":"publish","type":"product","link":"https:\/\/cabalgatasbariloche.com.ar\/pt\/experiencias-turisticas\/puerto-blest-cantaros-without-relocation\/","title":{"rendered":"Puerto Blest com a cachoeira \u201cLos Cantaros\u201d Sem transporte"},"content":{"rendered":"<h2 class=\"ai-optimize-25\">Conhe\u00e7a a beleza intocada de Puerto Blest<\/h2>\n<p class=\"ai-optimize-26 ai-optimize-introduction\">Mergulhe em uma experi\u00eancia \u00fanica viajando por <strong>Puerto Blest<\/strong> e o impressionante <strong>Cachoeira Los C\u00e1ntaros<\/strong>, Uma paisagem onde voc\u00ea pode sentir a verdadeira natureza. Esta excurs\u00e3o, sem traslado inclu\u00eddo, \u00e9 perfeita para aqueles que optam por ir por conta pr\u00f3pria para <strong>Puerto Pa\u00f1uelo<\/strong>, localizado em <strong>Avenida Bustillo, Quil\u00f4metro 25, San Carlos de Bariloche<\/strong>.<\/p>\n<h3 class=\"ai-optimize-27\">A travessia<\/h3>\n<ul>\n<li class=\"ai-optimize-28\"><strong>Navega\u00e7\u00e3o em catamar\u00e3:<\/strong> Navegue pelo pac\u00edfico <strong>Lago Nahuel Huapi<\/strong>, cercado por ilhas majestosas e vistas panor\u00e2micas, protegido pela grandiosa <strong>Cordilheira dos Andes<\/strong>.<\/li>\n<li class=\"ai-optimize-29\"><strong>Visita \u00e0 Cascada de Los C\u00e1ntaros:<\/strong> O acesso a essa magn\u00edfica cachoeira permite que voc\u00ea contemple sua queda d'\u00e1gua, emoldurada por paredes de granito esculpidas por geleiras antigas.<\/li>\n<li class=\"ai-optimize-30\"><strong>Caminhadas guiadas:<\/strong> Descobri as trilhas que mostram a vida abundante do <strong>Floresta Valdiviana<\/strong> nos ambientes de <strong>Puerto Blest<\/strong>.<\/li>\n<\/ul>\n<h3 class=\"ai-optimize-31\">Detalhes e hor\u00e1rios<\/h3>\n<p class=\"ai-optimize-32\">A caminhada vai de <strong>9:00 a.m. at\u00e9 aproximadamente 5:30 p.m.<\/strong>, oferecendo um dia inteiro para se conectar com o ambiente natural.<\/p>\n<ul>\n<li class=\"ai-optimize-33\"><strong>Ele inclui:<\/strong> Caminhada guiada ao redor do lago e caminhadas explicativas na floresta.<\/li>\n<li class=\"ai-optimize-34\"><strong>N\u00e3o inclu\u00eddo:<\/strong> Traslados para Puerto Pa\u00f1uelo, refei\u00e7\u00f5es e acesso aos parques nacionais.<\/li>\n<\/ul>\n<h3 class=\"ai-optimize-35\">Encena\u00e7\u00e3o espetacular<\/h3>\n<p class=\"ai-optimize-36\">O dia termina com uma incr\u00edvel viagem pelo <strong>Bra\u00e7o aben\u00e7oado<\/strong>, com o majestoso pano de fundo do majestoso <strong>Serra do Tronador<\/strong>, A paisagem \u00e9 \u00fanica quando o sol se p\u00f5e.<\/p>\n<h3 class=\"ai-optimize-37\">Perguntas frequentes<\/h3>\n<ul>\n<li class=\"ai-optimize-38\"><strong>Como fa\u00e7o para chegar a Puerto Pa\u00f1uelo?<\/strong><br \/>\nVoc\u00ea deve ir diretamente para a Avenida Bustillo, km 25. Recomenda-se usar seu pr\u00f3prio ve\u00edculo ou servi\u00e7os de t\u00e1xi.<\/li>\n<li class=\"ai-optimize-39\"><strong>Que roupa \u00e9 recomend\u00e1vel usar?<\/strong><br \/>\nO ideal \u00e9 vestir-se em camadas, usar cal\u00e7ados adequados e roupas quentes, considerando o clima da Patag\u00f4nia.<\/li>\n<li class=\"ai-optimize-40\"><strong>\u00c9 poss\u00edvel levar comida?<\/strong><br \/>\nObviamente, voc\u00ea pode trazer sua pr\u00f3pria comida, embora haja algumas op\u00e7\u00f5es de compras na \u00e1rea.<\/li>\n<\/ul>","protected":false},"excerpt":{"rendered":"<p class=\"ai-optimize-21\">Viva uma aventura diferente explorando Puerto Blest e a impressionante Cachoeira Los C\u00e1ntaros. Relaxe em um passeio de catamar\u00e3 e fa\u00e7a trilhas pela floresta tropical valdiviana, criando mem\u00f3rias \u00fanicas no cora\u00e7\u00e3o da Patag\u00f4nia argentina.<\/p>","protected":false},"featured_media":179,"comment_status":"open","ping_status":"closed","template":"","meta":[],"product_brand":[],"product_cat":[50,55,58,59,61,65,66,70],"product_tag":[],"class_list":{"0":"post-105","1":"product","2":"type-product","3":"status-publish","4":"has-post-thumbnail","6":"product_cat-adultos","7":"product_cat-familia","8":"product_cat-jubilados","9":"product_cat-lacustre","10":"product_cat-ninos","11":"product_cat-sin-comida","12":"product_cat-sin-traslado","13":"product_cat-todo-el-ano","15":"first","16":"instock","17":"virtual","18":"sold-individually","19":"purchasable","20":"product-type-booking"},"booking_location":"","booking_location_type":"","booking_duration":60,"booking_duration_unit":"minute","booking_buffer":0,"booking_cost":0,"booking_resources":[],"exclude_global_add_ons":false,"addons":[{"name":"ADU: Adulto","type":"input_multiplier","position":0,"required":false,"title_format":"label","default":"","description_enable":false,"description":"","placeholder_enable":false,"placeholder":"","display":"select","restrictions_type":"any_text","adjust_price":true,"price":"136000","price_type":"quantity_based","restrictions":false,"min":"0","max":"0","options":[],"id":1773233626},{"name":"MEN512 | 5 a 12","type":"input_multiplier","position":1,"required":false,"title_format":"label","default":"","description_enable":false,"description":"","placeholder_enable":false,"placeholder":"","display":"select","restrictions_type":"any_text","adjust_price":true,"price":"70000","price_type":"quantity_based","restrictions":false,"min":"0","max":"0","options":[],"id":1773233627},{"name":"ADUJ : Aposentado","type":"input_multiplier","position":2,"required":false,"title_format":"label","default":"","description_enable":false,"description":"","placeholder_enable":false,"placeholder":"","display":"select","restrictions_type":"any_text","adjust_price":true,"price":"70000","price_type":"quantity_based","restrictions":false,"min":"0","max":"0","options":[],"id":1773233628}],"yoast_head":"<!-- This site is optimized with the Yoast SEO Premium plugin v25.2 (Yoast SEO v25.2) - https:\/\/yoast.com\/wordpress\/plugins\/seo\/ -->\n<title>Puerto Blest y Los C\u00e1ntaros sin traslado | Cabalgatas Bariloche<\/title>\n<meta name=\"description\" content=\"Ideal para viajeros independientes: naveg\u00e1 hasta Puerto Blest y Los C\u00e1ntaros sin traslado desde el centro de Bariloche.\" \/>\n<meta name=\"robots\" content=\"index, follow, max-snippet:-1, max-image-preview:large, max-video-preview:-1\" \/>\n<link rel=\"canonical\" href=\"https:\/\/cabalgatasbariloche.com.ar\/pt\/experiencias-turisticas\/puerto-blest-cantaros-without-relocation\/\" \/>\n<meta property=\"og:locale\" content=\"pt_BR\" \/>\n<meta property=\"og:type\" content=\"article\" \/>\n<meta property=\"og:title\" content=\"Puerto Blest con Cascada \u201cLos Cantaros\u201d Sin Transporte\" \/>\n<meta property=\"og:description\" content=\"Ideal para viajeros independientes: naveg\u00e1 hasta Puerto Blest y Los C\u00e1ntaros sin traslado desde el centro de Bariloche.\" \/>\n<meta property=\"og:url\" content=\"https:\/\/cabalgatasbariloche.com.ar\/pt\/experiencias-turisticas\/puerto-blest-cantaros-without-relocation\/\" \/>\n<meta property=\"og:site_name\" content=\"Cabalgatas Bariloche\" \/>\n<meta property=\"article:modified_time\" content=\"2026-04-07T15:12:47+00:00\" \/>\n<meta property=\"og:image\" content=\"https:\/\/cabalgatasbariloche.com.ar\/wp-content\/uploads\/sites\/10\/2025\/08\/2-D-IMG_3183-1-scaled.jpg\" \/>\n\t<meta property=\"og:image:width\" content=\"1920\" \/>\n\t<meta property=\"og:image:height\" content=\"2560\" \/>\n\t<meta property=\"og:image:type\" content=\"image\/jpeg\" \/>\n<meta name=\"twitter:card\" content=\"summary_large_image\" \/>\n<meta name=\"twitter:label1\" content=\"Pre\u00e7o\" \/>\n\t<meta name=\"twitter:data1\" content=\"&#036;136,000.00\" \/>\n\t<meta name=\"twitter:label2\" content=\"Disponibilidade\" \/>\n\t<meta name=\"twitter:data2\" content=\"Em Estoque\" \/>\n<script type=\"application\/ld+json\" class=\"yoast-schema-graph\">{\"@context\":\"https:\/\/schema.org\",\"@graph\":[{\"@type\":[\"WebPage\",\"ItemPage\"],\"@id\":\"https:\/\/cabalgatasbariloche.com.ar\/experiencias-turisticas\/puerto-blest-cantaros-sin-traslado\/\",\"url\":\"https:\/\/cabalgatasbariloche.com.ar\/experiencias-turisticas\/puerto-blest-cantaros-sin-traslado\/\",\"name\":\"Puerto Blest y Los C\u00e1ntaros sin traslado | Cabalgatas Bariloche\",\"isPartOf\":{\"@id\":\"https:\/\/cabalgatasbariloche.com.ar\/#website\"},\"primaryImageOfPage\":{\"@id\":\"https:\/\/cabalgatasbariloche.com.ar\/experiencias-turisticas\/puerto-blest-cantaros-sin-traslado\/#primaryimage\"},\"image\":{\"@id\":\"https:\/\/cabalgatasbariloche.com.ar\/experiencias-turisticas\/puerto-blest-cantaros-sin-traslado\/#primaryimage\"},\"thumbnailUrl\":\"https:\/\/cabalgatasbariloche.com.ar\/wp-content\/uploads\/sites\/10\/2025\/08\/2-D-IMG_3183-1-scaled.jpg\",\"datePublished\":\"2025-08-27T15:27:20+00:00\",\"dateModified\":\"2026-04-07T15:12:47+00:00\",\"description\":\"Ideal para viajeros independientes: naveg\u00e1 hasta Puerto Blest y Los C\u00e1ntaros sin traslado desde el centro de Bariloche.\",\"breadcrumb\":{\"@id\":\"https:\/\/cabalgatasbariloche.com.ar\/experiencias-turisticas\/puerto-blest-cantaros-sin-traslado\/#breadcrumb\"},\"inLanguage\":\"pt-BR\",\"potentialAction\":[{\"@type\":\"ReadAction\",\"target\":[\"https:\/\/cabalgatasbariloche.com.ar\/experiencias-turisticas\/puerto-blest-cantaros-sin-traslado\/\"]}]},{\"@type\":\"ImageObject\",\"inLanguage\":\"pt-BR\",\"@id\":\"https:\/\/cabalgatasbariloche.com.ar\/experiencias-turisticas\/puerto-blest-cantaros-sin-traslado\/#primaryimage\",\"url\":\"https:\/\/cabalgatasbariloche.com.ar\/wp-content\/uploads\/sites\/10\/2025\/08\/2-D-IMG_3183-1-scaled.jpg\",\"contentUrl\":\"https:\/\/cabalgatasbariloche.com.ar\/wp-content\/uploads\/sites\/10\/2025\/08\/2-D-IMG_3183-1-scaled.jpg\",\"width\":1920,\"height\":2560},{\"@type\":\"BreadcrumbList\",\"@id\":\"https:\/\/cabalgatasbariloche.com.ar\/experiencias-turisticas\/puerto-blest-cantaros-sin-traslado\/#breadcrumb\",\"itemListElement\":[{\"@type\":\"ListItem\",\"position\":1,\"name\":\"Portada\",\"item\":\"https:\/\/cabalgatasbariloche.com.ar\/\"},{\"@type\":\"ListItem\",\"position\":2,\"name\":\"Tienda\",\"item\":\"https:\/\/cabalgatasbariloche.com.ar\/tienda\/\"},{\"@type\":\"ListItem\",\"position\":3,\"name\":\"Puerto Blest con Cascada \u201cLos Cantaros\u201d Sin Transporte\"}]},{\"@type\":\"WebSite\",\"@id\":\"https:\/\/cabalgatasbariloche.com.ar\/#website\",\"url\":\"https:\/\/cabalgatasbariloche.com.ar\/\",\"name\":\"Cabalgatas Bariloche\",\"description\":\"Conocer la estepa y cerros patagonicos\",\"potentialAction\":[{\"@type\":\"SearchAction\",\"target\":{\"@type\":\"EntryPoint\",\"urlTemplate\":\"https:\/\/cabalgatasbariloche.com.ar\/?s={search_term_string}\"},\"query-input\":{\"@type\":\"PropertyValueSpecification\",\"valueRequired\":true,\"valueName\":\"search_term_string\"}}],\"inLanguage\":\"pt-BR\"}]}<\/script>\n<meta property=\"product:price:amount\" content=\"136000.00\" \/>\n<meta property=\"product:price:currency\" content=\"ARS\" \/>\n<meta property=\"og:availability\" content=\"instock\" \/>\n<meta property=\"product:availability\" content=\"instock\" \/>\n<meta property=\"product:retailer_item_id\" content=\"ADV2025PUBLYC297O\" \/>\n<meta property=\"product:condition\" content=\"new\" \/>\n<!-- \/ Yoast SEO Premium plugin. -->","yoast_head_json":{"title":"Puerto Blest e Los C\u00e1ntaros sem traslado | Passeios a cavalo em Bariloche","description":"Ideal para viajantes independentes: navegue at\u00e9 Puerto Blest e Los C\u00e1ntaros sem traslado do centro de Bariloche.","robots":{"index":"index","follow":"follow","max-snippet":"max-snippet:-1","max-image-preview":"max-image-preview:large","max-video-preview":"max-video-preview:-1"},"canonical":"https:\/\/cabalgatasbariloche.com.ar\/pt\/experiencias-turisticas\/puerto-blest-cantaros-without-relocation\/","og_locale":"pt_BR","og_type":"article","og_title":"Puerto Blest con Cascada \u201cLos Cantaros\u201d Sin Transporte","og_description":"Ideal para viajeros independientes: naveg\u00e1 hasta Puerto Blest y Los C\u00e1ntaros sin traslado desde el centro de Bariloche.","og_url":"https:\/\/cabalgatasbariloche.com.ar\/pt\/experiencias-turisticas\/puerto-blest-cantaros-without-relocation\/","og_site_name":"Cabalgatas Bariloche","article_modified_time":"2026-04-07T15:12:47+00:00","og_image":[{"width":1920,"height":2560,"url":"https:\/\/cabalgatasbariloche.com.ar\/wp-content\/uploads\/sites\/10\/2025\/08\/2-D-IMG_3183-1-scaled.jpg","type":"image\/jpeg"}],"twitter_card":"summary_large_image","twitter_misc":{"Pre\u00e7o":"&#36;136,000.00","Disponibilidade":"Em Estoque"},"schema":{"@context":"https:\/\/schema.org","@graph":[{"@type":["WebPage","ItemPage"],"@id":"https:\/\/cabalgatasbariloche.com.ar\/experiencias-turisticas\/puerto-blest-cantaros-sin-traslado\/","url":"https:\/\/cabalgatasbariloche.com.ar\/experiencias-turisticas\/puerto-blest-cantaros-sin-traslado\/","name":"Puerto Blest e Los C\u00e1ntaros sem traslado | Passeios a cavalo em Bariloche","isPartOf":{"@id":"https:\/\/cabalgatasbariloche.com.ar\/#website"},"primaryImageOfPage":{"@id":"https:\/\/cabalgatasbariloche.com.ar\/experiencias-turisticas\/puerto-blest-cantaros-sin-traslado\/#primaryimage"},"image":{"@id":"https:\/\/cabalgatasbariloche.com.ar\/experiencias-turisticas\/puerto-blest-cantaros-sin-traslado\/#primaryimage"},"thumbnailUrl":"https:\/\/cabalgatasbariloche.com.ar\/wp-content\/uploads\/sites\/10\/2025\/08\/2-D-IMG_3183-1-scaled.jpg","datePublished":"2025-08-27T15:27:20+00:00","dateModified":"2026-04-07T15:12:47+00:00","description":"Ideal para viajantes independentes: navegue at\u00e9 Puerto Blest e Los C\u00e1ntaros sem traslado do centro de Bariloche.","breadcrumb":{"@id":"https:\/\/cabalgatasbariloche.com.ar\/experiencias-turisticas\/puerto-blest-cantaros-sin-traslado\/#breadcrumb"},"inLanguage":"pt-BR","potentialAction":[{"@type":"ReadAction","target":["https:\/\/cabalgatasbariloche.com.ar\/experiencias-turisticas\/puerto-blest-cantaros-sin-traslado\/"]}]},{"@type":"ImageObject","inLanguage":"pt-BR","@id":"https:\/\/cabalgatasbariloche.com.ar\/experiencias-turisticas\/puerto-blest-cantaros-sin-traslado\/#primaryimage","url":"https:\/\/cabalgatasbariloche.com.ar\/wp-content\/uploads\/sites\/10\/2025\/08\/2-D-IMG_3183-1-scaled.jpg","contentUrl":"https:\/\/cabalgatasbariloche.com.ar\/wp-content\/uploads\/sites\/10\/2025\/08\/2-D-IMG_3183-1-scaled.jpg","width":1920,"height":2560},{"@type":"BreadcrumbList","@id":"https:\/\/cabalgatasbariloche.com.ar\/experiencias-turisticas\/puerto-blest-cantaros-sin-traslado\/#breadcrumb","itemListElement":[{"@type":"ListItem","position":1,"name":"Portada","item":"https:\/\/cabalgatasbariloche.com.ar\/"},{"@type":"ListItem","position":2,"name":"Tienda","item":"https:\/\/cabalgatasbariloche.com.ar\/tienda\/"},{"@type":"ListItem","position":3,"name":"Puerto Blest con Cascada \u201cLos Cantaros\u201d Sin Transporte"}]},{"@type":"WebSite","@id":"https:\/\/cabalgatasbariloche.com.ar\/#website","url":"https:\/\/cabalgatasbariloche.com.ar\/","name":"Cavalgadas em Bariloche","description":"Conhecendo a estepe e as montanhas da Patag\u00f4nia","potentialAction":[{"@type":"SearchAction","target":{"@type":"EntryPoint","urlTemplate":"https:\/\/cabalgatasbariloche.com.ar\/?s={search_term_string}"},"query-input":{"@type":"PropertyValueSpecification","valueRequired":true,"valueName":"search_term_string"}}],"inLanguage":"pt-BR"}]},"product_price_amount":"136000.00","product_price_currency":"ARS","og_availability":"instock","product_availability":"instock","product_retailer_item_id":"ADV2025PUBLYC297O","product_condition":"new"},"_links":{"self":[{"href":"https:\/\/cabalgatasbariloche.com.ar\/pt\/wp-json\/wp\/v2\/product\/105","targetHints":{"allow":["GET"]}}],"collection":[{"href":"https:\/\/cabalgatasbariloche.com.ar\/pt\/wp-json\/wp\/v2\/product"}],"about":[{"href":"https:\/\/cabalgatasbariloche.com.ar\/pt\/wp-json\/wp\/v2\/types\/product"}],"replies":[{"embeddable":true,"href":"https:\/\/cabalgatasbariloche.com.ar\/pt\/wp-json\/wp\/v2\/comments?post=105"}],"wp:featuredmedia":[{"embeddable":true,"href":"https:\/\/cabalgatasbariloche.com.ar\/pt\/wp-json\/wp\/v2\/media\/179"}],"wp:attachment":[{"href":"https:\/\/cabalgatasbariloche.com.ar\/pt\/wp-json\/wp\/v2\/media?parent=105"}],"wp:term":[{"taxonomy":"product_brand","embeddable":true,"href":"https:\/\/cabalgatasbariloche.com.ar\/pt\/wp-json\/wp\/v2\/product_brand?post=105"},{"taxonomy":"product_cat","embeddable":true,"href":"https:\/\/cabalgatasbariloche.com.ar\/pt\/wp-json\/wp\/v2\/product_cat?post=105"},{"taxonomy":"product_tag","embeddable":true,"href":"https:\/\/cabalgatasbariloche.com.ar\/pt\/wp-json\/wp\/v2\/product_tag?post=105"}],"curies":[{"name":"wp","href":"https:\/\/api.w.org\/{rel}","templated":true}]}}