{"id":104,"date":"2025-08-27T12:26:51","date_gmt":"2025-08-27T15:26:51","guid":{"rendered":"https:\/\/cabalgatasbariloche.com.ar\/producto\/navegacion-por-nahuel-huapi-isla-victoria-y-bosque-de-arrayanes-sin-transporte\/"},"modified":"2026-04-07T12:13:25","modified_gmt":"2026-04-07T15:13:25","slug":"isla-victoria-arrayanes-sin-traslado","status":"publish","type":"product","link":"https:\/\/cabalgatasbariloche.com.ar\/pt\/experiencias-turisticas\/victoria-arrayanes-island-sem-realocacao\/","title":{"rendered":"Navega\u00e7\u00e3o em Nahuel Huapi: Isla Victoria e Bosque de Arrayanes sem transporte"},"content":{"rendered":"<h3 class=\"ai-optimize-23\" data-start=\"304\" data-end=\"381\">Um cl\u00e1ssico da Patag\u00f4nia, com o apoio da Bariloche Excursiones<\/h3>\n<p class=\"ai-optimize-24 ai-optimize-introduction\" data-start=\"383\" data-end=\"761\">Experimente uma travessia do Lago Nahuel Huapi e conhe\u00e7a duas das atra\u00e7\u00f5es ic\u00f4nicas da regi\u00e3o: a majestosa Ilha Victoria e o misterioso Bosque de Arrayanes. Esta proposta, pensada para aqueles que j\u00e1 est\u00e3o em Bariloche e optam por chegar a Puerto Pa\u00f1uelo por conta pr\u00f3pria, oferece total liberdade e a aten\u00e7\u00e3o diferenciada de nossa equipe especializada.<\/p>\n<h3 class=\"ai-optimize-25\" data-start=\"763\" data-end=\"808\">Itiner\u00e1rio e destaques da caminhada<\/h3>\n<p class=\"ai-optimize-26\" data-start=\"810\" data-end=\"1136\">O passeio come\u00e7a em <strong data-start=\"832\" data-end=\"850\">Puerto Pa\u00f1uelo<\/strong>, no km 25 da Avenida Bustillo. L\u00e1 voc\u00ea embarca em um catamar\u00e3 panor\u00e2mico para desfrutar de uma experi\u00eancia \u00fanica no Lago Nahuel Huapi. O primeiro ponto \u00e9 o <strong data-start=\"1006\" data-end=\"1032\">Pen\u00ednsula de Quetrihu\u00e9<\/strong>, onde voc\u00ea poder\u00e1 caminhar por trilhas bem cuidadas na exclusiva floresta de murtas.<\/p>\n<p class=\"ai-optimize-27\" data-start=\"1138\" data-end=\"1365\">A caminhada continua at\u00e9 <strong data-start=\"1166\" data-end=\"1183\">Ilha Victoria<\/strong>, um para\u00edso natural com trilhas que levam ao <strong data-start=\"1246\" data-end=\"1264\">Praia de El Toro<\/strong>, Um lugar m\u00e1gico de areias vulc\u00e2nicas e vest\u00edgios de culturas antigas, como arte rupestre.<\/p>\n<h3 class=\"ai-optimize-28\" data-start=\"1367\" data-end=\"1387\">Dados \u00fateis<\/h3>\n<ul data-start=\"1389\" data-end=\"1663\">\n<li class=\"ai-optimize-29\" data-start=\"1389\" data-end=\"1435\">\n<p class=\"ai-optimize-30\" data-start=\"1391\" data-end=\"1435\"><strong data-start=\"1391\" data-end=\"1412\">Dura\u00e7\u00e3o estimada<\/strong>: das 13:00 \u00e0s 18:30 hs<\/p>\n<\/li>\n<li class=\"ai-optimize-31\" data-start=\"1436\" data-end=\"1521\">\n<p class=\"ai-optimize-32\" data-start=\"1438\" data-end=\"1521\"><strong data-start=\"1438\" data-end=\"1449\">Inclui<\/strong>Passeio de catamar\u00e3 e acompanhamento de guia profissional durante toda a viagem.<\/p>\n<\/li>\n<li class=\"ai-optimize-33\" data-start=\"1522\" data-end=\"1663\">\n<p class=\"ai-optimize-34\" data-start=\"1524\" data-end=\"1663\"><strong data-start=\"1524\" data-end=\"1538\">N\u00e3o inclui<\/strong>Traslado para Puerto Pa\u00f1uelo, taxas portu\u00e1rias ou entrada no Parque Nacional, refei\u00e7\u00f5es (dispon\u00edveis no barco e na ilha).<\/p>\n<\/li>\n<\/ul>\n<h3 class=\"ai-optimize-35\" data-start=\"1665\" data-end=\"1694\">Como chegar l\u00e1 por conta pr\u00f3pria<\/h3>\n<p class=\"ai-optimize-36\" data-start=\"1696\" data-end=\"1943\">Puerto Pa\u00f1uelo est\u00e1 localizado a 30 minutos do centro de Bariloche, no km 25 da Avenida Bustillo. \u00c9 poss\u00edvel chegar l\u00e1 de carro, \u00f4nibus ou \u00f4nibus. Ao fazer a reserva, informaremos passo a passo como chegar l\u00e1 com facilidade e conforto.<\/p>\n<h3 class=\"ai-optimize-37\" data-start=\"1950\" data-end=\"1974\">Perguntas frequentes<\/h3>\n<p class=\"ai-optimize-38\" data-start=\"1976\" data-end=\"2212\"><strong data-start=\"1976\" data-end=\"2028\">Onde posso pagar as taxas do parque e de embarque?<\/strong><br data-start=\"2028\" data-end=\"2031\" \/>Devem ser pagos em dinheiro no mesmo dia, na chegada a Puerto Pa\u00f1uelo. Residentes de Bariloche, pessoas com defici\u00eancia, crian\u00e7as menores de 6 anos e aposentados argentinos est\u00e3o isentos.<\/p>\n<p class=\"ai-optimize-39\" data-start=\"2214\" data-end=\"2368\"><strong data-start=\"2214\" data-end=\"2260\">H\u00e1 algum benef\u00edcio para os turistas estrangeiros?<\/strong><br data-start=\"2260\" data-end=\"2263\" \/>N\u00e3o. Os descontos nas taxas s\u00e3o exclusivos para residentes na Argentina com o credenciamento correspondente.<\/p>\n<p class=\"ai-optimize-40\" data-start=\"2370\" data-end=\"2524\"><strong data-start=\"2370\" data-end=\"2402\">Qual vaso \u00e9 usado?<\/strong><br data-start=\"2402\" data-end=\"2405\" \/>Na maioria dos casos, o hist\u00f3rico \u00e9 usado. <strong data-start=\"2457\" data-end=\"2477\">Modesta Victoria<\/strong>, mas pode ser alterado de acordo com a disponibilidade.<\/p>\n<p class=\"ai-optimize-41\" data-start=\"2526\" data-end=\"2689\"><strong data-start=\"2526\" data-end=\"2587\">Posso levar comida comigo ou h\u00e1 op\u00e7\u00f5es durante o passeio?<\/strong><br data-start=\"2587\" data-end=\"2590\" \/>Voc\u00ea pode levar seu pr\u00f3prio almo\u00e7o ou comprar alimentos e bebidas a bordo do catamar\u00e3 ou na Ilha Victoria.<\/p>","protected":false},"excerpt":{"rendered":"<p class=\"ai-optimize-21\">Participe de um tour exclusivo pelo <strong>Ilha Victoria<\/strong> e o <strong>Floresta Myrtle<\/strong>, localizado na deslumbrante Patag\u00f4nia. Aproveite a grandiosidade da <strong>Lago Nahuel Huapi<\/strong> caminhando por trilhas cercadas pela natureza viva e descobrindo os vest\u00edgios de vilarejos hist\u00f3ricos. Viva uma experi\u00eancia irrepet\u00edvel em um ambiente m\u00e1gico.<\/p>","protected":false},"featured_media":186,"comment_status":"open","ping_status":"closed","template":"","meta":[],"product_brand":[],"product_cat":[50,55,58,59,61,65,66,70],"product_tag":[],"class_list":{"0":"post-104","1":"product","2":"type-product","3":"status-publish","4":"has-post-thumbnail","6":"product_cat-adultos","7":"product_cat-familia","8":"product_cat-jubilados","9":"product_cat-lacustre","10":"product_cat-ninos","11":"product_cat-sin-comida","12":"product_cat-sin-traslado","13":"product_cat-todo-el-ano","15":"first","16":"instock","17":"virtual","18":"sold-individually","19":"purchasable","20":"product-type-booking"},"booking_location":"","booking_location_type":"","booking_duration":60,"booking_duration_unit":"minute","booking_buffer":0,"booking_cost":0,"booking_resources":[],"exclude_global_add_ons":false,"addons":[{"name":"ADU: Adulto","type":"input_multiplier","position":0,"required":false,"title_format":"label","default":"","description_enable":false,"description":"","placeholder_enable":false,"placeholder":"","display":"select","restrictions_type":"any_text","adjust_price":true,"price":"136000","price_type":"quantity_based","restrictions":false,"min":"0","max":"0","options":[],"id":1773233738},{"name":"MEN512 | 5 a 12","type":"input_multiplier","position":1,"required":false,"title_format":"label","default":"","description_enable":false,"description":"","placeholder_enable":false,"placeholder":"","display":"select","restrictions_type":"any_text","adjust_price":true,"price":"70000","price_type":"quantity_based","restrictions":false,"min":"0","max":"0","options":[],"id":1773233739},{"name":"ADUJ : Aposentado","type":"input_multiplier","position":2,"required":false,"title_format":"label","default":"","description_enable":false,"description":"","placeholder_enable":false,"placeholder":"","display":"select","restrictions_type":"any_text","adjust_price":true,"price":"70000","price_type":"quantity_based","restrictions":false,"min":"0","max":"0","options":[],"id":1773233740}],"yoast_head":"<!-- This site is optimized with the Yoast SEO Premium plugin v25.2 (Yoast SEO v25.2) - https:\/\/yoast.com\/wordpress\/plugins\/seo\/ -->\n<title>Isla Victoria y Arrayanes sin traslado | Cabalgatas Bariloche<\/title>\n<meta name=\"description\" content=\"Lleg\u00e1 por tu cuenta a Puerto Pa\u00f1uelo y viv\u00ed la magia de Isla Victoria y el Bosque de Arrayanes.\" \/>\n<meta name=\"robots\" content=\"index, follow, max-snippet:-1, max-image-preview:large, max-video-preview:-1\" \/>\n<link rel=\"canonical\" href=\"https:\/\/cabalgatasbariloche.com.ar\/pt\/experiencias-turisticas\/victoria-arrayanes-island-sem-realocacao\/\" \/>\n<meta property=\"og:locale\" content=\"pt_BR\" \/>\n<meta property=\"og:type\" content=\"article\" \/>\n<meta property=\"og:title\" content=\"Navegaci\u00f3n por Nahuel Huapi: Isla Victoria y Bosque de Arrayanes sin transporte\" \/>\n<meta property=\"og:description\" content=\"Lleg\u00e1 por tu cuenta a Puerto Pa\u00f1uelo y viv\u00ed la magia de Isla Victoria y el Bosque de Arrayanes.\" \/>\n<meta property=\"og:url\" content=\"https:\/\/cabalgatasbariloche.com.ar\/pt\/experiencias-turisticas\/victoria-arrayanes-island-sem-realocacao\/\" \/>\n<meta property=\"og:site_name\" content=\"Cabalgatas Bariloche\" \/>\n<meta property=\"article:modified_time\" content=\"2026-04-07T15:13:25+00:00\" \/>\n<meta property=\"og:image\" content=\"https:\/\/cabalgatasbariloche.com.ar\/wp-content\/uploads\/sites\/10\/2025\/08\/11-A-501756366_1160097892814730_6765617704371636171_n-1.jpg\" \/>\n\t<meta property=\"og:image:width\" content=\"850\" \/>\n\t<meta property=\"og:image:height\" content=\"1133\" \/>\n\t<meta property=\"og:image:type\" content=\"image\/jpeg\" \/>\n<meta name=\"twitter:card\" content=\"summary_large_image\" \/>\n<meta name=\"twitter:label1\" content=\"Pre\u00e7o\" \/>\n\t<meta name=\"twitter:data1\" content=\"&#036;163,200.00\" \/>\n\t<meta name=\"twitter:label2\" content=\"Disponibilidade\" \/>\n\t<meta name=\"twitter:data2\" content=\"Em Estoque\" \/>\n<script type=\"application\/ld+json\" class=\"yoast-schema-graph\">{\"@context\":\"https:\/\/schema.org\",\"@graph\":[{\"@type\":[\"WebPage\",\"ItemPage\"],\"@id\":\"https:\/\/cabalgatasbariloche.com.ar\/experiencias-turisticas\/isla-victoria-arrayanes-sin-traslado\/\",\"url\":\"https:\/\/cabalgatasbariloche.com.ar\/experiencias-turisticas\/isla-victoria-arrayanes-sin-traslado\/\",\"name\":\"Isla Victoria y Arrayanes sin traslado | Cabalgatas Bariloche\",\"isPartOf\":{\"@id\":\"https:\/\/cabalgatasbariloche.com.ar\/#website\"},\"primaryImageOfPage\":{\"@id\":\"https:\/\/cabalgatasbariloche.com.ar\/experiencias-turisticas\/isla-victoria-arrayanes-sin-traslado\/#primaryimage\"},\"image\":{\"@id\":\"https:\/\/cabalgatasbariloche.com.ar\/experiencias-turisticas\/isla-victoria-arrayanes-sin-traslado\/#primaryimage\"},\"thumbnailUrl\":\"https:\/\/cabalgatasbariloche.com.ar\/wp-content\/uploads\/sites\/10\/2025\/08\/11-A-501756366_1160097892814730_6765617704371636171_n-1.jpg\",\"datePublished\":\"2025-08-27T15:26:51+00:00\",\"dateModified\":\"2026-04-07T15:13:25+00:00\",\"description\":\"Lleg\u00e1 por tu cuenta a Puerto Pa\u00f1uelo y viv\u00ed la magia de Isla Victoria y el Bosque de Arrayanes.\",\"breadcrumb\":{\"@id\":\"https:\/\/cabalgatasbariloche.com.ar\/experiencias-turisticas\/isla-victoria-arrayanes-sin-traslado\/#breadcrumb\"},\"inLanguage\":\"pt-BR\",\"potentialAction\":[{\"@type\":\"ReadAction\",\"target\":[\"https:\/\/cabalgatasbariloche.com.ar\/experiencias-turisticas\/isla-victoria-arrayanes-sin-traslado\/\"]}]},{\"@type\":\"ImageObject\",\"inLanguage\":\"pt-BR\",\"@id\":\"https:\/\/cabalgatasbariloche.com.ar\/experiencias-turisticas\/isla-victoria-arrayanes-sin-traslado\/#primaryimage\",\"url\":\"https:\/\/cabalgatasbariloche.com.ar\/wp-content\/uploads\/sites\/10\/2025\/08\/11-A-501756366_1160097892814730_6765617704371636171_n-1.jpg\",\"contentUrl\":\"https:\/\/cabalgatasbariloche.com.ar\/wp-content\/uploads\/sites\/10\/2025\/08\/11-A-501756366_1160097892814730_6765617704371636171_n-1.jpg\",\"width\":850,\"height\":1133},{\"@type\":\"BreadcrumbList\",\"@id\":\"https:\/\/cabalgatasbariloche.com.ar\/experiencias-turisticas\/isla-victoria-arrayanes-sin-traslado\/#breadcrumb\",\"itemListElement\":[{\"@type\":\"ListItem\",\"position\":1,\"name\":\"Portada\",\"item\":\"https:\/\/cabalgatasbariloche.com.ar\/\"},{\"@type\":\"ListItem\",\"position\":2,\"name\":\"Tienda\",\"item\":\"https:\/\/cabalgatasbariloche.com.ar\/tienda\/\"},{\"@type\":\"ListItem\",\"position\":3,\"name\":\"Navegaci\u00f3n por Nahuel Huapi: Isla Victoria y Bosque de Arrayanes sin transporte\"}]},{\"@type\":\"WebSite\",\"@id\":\"https:\/\/cabalgatasbariloche.com.ar\/#website\",\"url\":\"https:\/\/cabalgatasbariloche.com.ar\/\",\"name\":\"Cabalgatas Bariloche\",\"description\":\"Conocer la estepa y cerros patagonicos\",\"potentialAction\":[{\"@type\":\"SearchAction\",\"target\":{\"@type\":\"EntryPoint\",\"urlTemplate\":\"https:\/\/cabalgatasbariloche.com.ar\/?s={search_term_string}\"},\"query-input\":{\"@type\":\"PropertyValueSpecification\",\"valueRequired\":true,\"valueName\":\"search_term_string\"}}],\"inLanguage\":\"pt-BR\"}]}<\/script>\n<meta property=\"product:price:amount\" content=\"163200.00\" \/>\n<meta property=\"product:price:currency\" content=\"ARS\" \/>\n<meta property=\"og:availability\" content=\"instock\" \/>\n<meta property=\"product:availability\" content=\"instock\" \/>\n<meta property=\"product:retailer_item_id\" content=\"ADV2025ISVIYB4A10\" \/>\n<meta property=\"product:condition\" content=\"new\" \/>\n<!-- \/ Yoast SEO Premium plugin. -->","yoast_head_json":{"title":"Isla Victoria e Arrayanes sem traslado | Passeios a cavalo em Bariloche","description":"Venha por conta pr\u00f3pria a Puerto Pa\u00f1uelo e experimente a magia da Ilha Victoria e da Floresta de Arrayanes.","robots":{"index":"index","follow":"follow","max-snippet":"max-snippet:-1","max-image-preview":"max-image-preview:large","max-video-preview":"max-video-preview:-1"},"canonical":"https:\/\/cabalgatasbariloche.com.ar\/pt\/experiencias-turisticas\/victoria-arrayanes-island-sem-realocacao\/","og_locale":"pt_BR","og_type":"article","og_title":"Navegaci\u00f3n por Nahuel Huapi: Isla Victoria y Bosque de Arrayanes sin transporte","og_description":"Lleg\u00e1 por tu cuenta a Puerto Pa\u00f1uelo y viv\u00ed la magia de Isla Victoria y el Bosque de Arrayanes.","og_url":"https:\/\/cabalgatasbariloche.com.ar\/pt\/experiencias-turisticas\/victoria-arrayanes-island-sem-realocacao\/","og_site_name":"Cabalgatas Bariloche","article_modified_time":"2026-04-07T15:13:25+00:00","og_image":[{"width":850,"height":1133,"url":"https:\/\/cabalgatasbariloche.com.ar\/wp-content\/uploads\/sites\/10\/2025\/08\/11-A-501756366_1160097892814730_6765617704371636171_n-1.jpg","type":"image\/jpeg"}],"twitter_card":"summary_large_image","twitter_misc":{"Pre\u00e7o":"&#36;163,200.00","Disponibilidade":"Em Estoque"},"schema":{"@context":"https:\/\/schema.org","@graph":[{"@type":["WebPage","ItemPage"],"@id":"https:\/\/cabalgatasbariloche.com.ar\/experiencias-turisticas\/isla-victoria-arrayanes-sin-traslado\/","url":"https:\/\/cabalgatasbariloche.com.ar\/experiencias-turisticas\/isla-victoria-arrayanes-sin-traslado\/","name":"Isla Victoria e Arrayanes sem traslado | Passeios a cavalo em Bariloche","isPartOf":{"@id":"https:\/\/cabalgatasbariloche.com.ar\/#website"},"primaryImageOfPage":{"@id":"https:\/\/cabalgatasbariloche.com.ar\/experiencias-turisticas\/isla-victoria-arrayanes-sin-traslado\/#primaryimage"},"image":{"@id":"https:\/\/cabalgatasbariloche.com.ar\/experiencias-turisticas\/isla-victoria-arrayanes-sin-traslado\/#primaryimage"},"thumbnailUrl":"https:\/\/cabalgatasbariloche.com.ar\/wp-content\/uploads\/sites\/10\/2025\/08\/11-A-501756366_1160097892814730_6765617704371636171_n-1.jpg","datePublished":"2025-08-27T15:26:51+00:00","dateModified":"2026-04-07T15:13:25+00:00","description":"Venha por conta pr\u00f3pria a Puerto Pa\u00f1uelo e experimente a magia da Ilha Victoria e da Floresta de Arrayanes.","breadcrumb":{"@id":"https:\/\/cabalgatasbariloche.com.ar\/experiencias-turisticas\/isla-victoria-arrayanes-sin-traslado\/#breadcrumb"},"inLanguage":"pt-BR","potentialAction":[{"@type":"ReadAction","target":["https:\/\/cabalgatasbariloche.com.ar\/experiencias-turisticas\/isla-victoria-arrayanes-sin-traslado\/"]}]},{"@type":"ImageObject","inLanguage":"pt-BR","@id":"https:\/\/cabalgatasbariloche.com.ar\/experiencias-turisticas\/isla-victoria-arrayanes-sin-traslado\/#primaryimage","url":"https:\/\/cabalgatasbariloche.com.ar\/wp-content\/uploads\/sites\/10\/2025\/08\/11-A-501756366_1160097892814730_6765617704371636171_n-1.jpg","contentUrl":"https:\/\/cabalgatasbariloche.com.ar\/wp-content\/uploads\/sites\/10\/2025\/08\/11-A-501756366_1160097892814730_6765617704371636171_n-1.jpg","width":850,"height":1133},{"@type":"BreadcrumbList","@id":"https:\/\/cabalgatasbariloche.com.ar\/experiencias-turisticas\/isla-victoria-arrayanes-sin-traslado\/#breadcrumb","itemListElement":[{"@type":"ListItem","position":1,"name":"Portada","item":"https:\/\/cabalgatasbariloche.com.ar\/"},{"@type":"ListItem","position":2,"name":"Tienda","item":"https:\/\/cabalgatasbariloche.com.ar\/tienda\/"},{"@type":"ListItem","position":3,"name":"Navegaci\u00f3n por Nahuel Huapi: Isla Victoria y Bosque de Arrayanes sin transporte"}]},{"@type":"WebSite","@id":"https:\/\/cabalgatasbariloche.com.ar\/#website","url":"https:\/\/cabalgatasbariloche.com.ar\/","name":"Cavalgadas em Bariloche","description":"Conhecendo a estepe e as montanhas da Patag\u00f4nia","potentialAction":[{"@type":"SearchAction","target":{"@type":"EntryPoint","urlTemplate":"https:\/\/cabalgatasbariloche.com.ar\/?s={search_term_string}"},"query-input":{"@type":"PropertyValueSpecification","valueRequired":true,"valueName":"search_term_string"}}],"inLanguage":"pt-BR"}]},"product_price_amount":"163200.00","product_price_currency":"ARS","og_availability":"instock","product_availability":"instock","product_retailer_item_id":"ADV2025ISVIYB4A10","product_condition":"new"},"_links":{"self":[{"href":"https:\/\/cabalgatasbariloche.com.ar\/pt\/wp-json\/wp\/v2\/product\/104","targetHints":{"allow":["GET"]}}],"collection":[{"href":"https:\/\/cabalgatasbariloche.com.ar\/pt\/wp-json\/wp\/v2\/product"}],"about":[{"href":"https:\/\/cabalgatasbariloche.com.ar\/pt\/wp-json\/wp\/v2\/types\/product"}],"replies":[{"embeddable":true,"href":"https:\/\/cabalgatasbariloche.com.ar\/pt\/wp-json\/wp\/v2\/comments?post=104"}],"wp:featuredmedia":[{"embeddable":true,"href":"https:\/\/cabalgatasbariloche.com.ar\/pt\/wp-json\/wp\/v2\/media\/186"}],"wp:attachment":[{"href":"https:\/\/cabalgatasbariloche.com.ar\/pt\/wp-json\/wp\/v2\/media?parent=104"}],"wp:term":[{"taxonomy":"product_brand","embeddable":true,"href":"https:\/\/cabalgatasbariloche.com.ar\/pt\/wp-json\/wp\/v2\/product_brand?post=104"},{"taxonomy":"product_cat","embeddable":true,"href":"https:\/\/cabalgatasbariloche.com.ar\/pt\/wp-json\/wp\/v2\/product_cat?post=104"},{"taxonomy":"product_tag","embeddable":true,"href":"https:\/\/cabalgatasbariloche.com.ar\/pt\/wp-json\/wp\/v2\/product_tag?post=104"}],"curies":[{"name":"wp","href":"https:\/\/api.w.org\/{rel}","templated":true}]}}