{"id":103,"date":"2025-08-27T12:26:22","date_gmt":"2025-08-27T15:26:22","guid":{"rendered":"https:\/\/cabalgatasbariloche.com.ar\/producto\/salida-a-puerto-blest-y-lago-frias-con-traslado\/"},"modified":"2026-03-31T12:14:45","modified_gmt":"2026-03-31T15:14:45","slug":"salida-a-puerto-blest-y-lago-frias-con-traslado","status":"publish","type":"product","link":"https:\/\/cabalgatasbariloche.com.ar\/pt\/experiencias-turisticas\/saida-para-puerto-blest-e-lago-frias-com-traslado\/","title":{"rendered":"Partida para Puerto Blest e Lago Frias com traslado"},"content":{"rendered":"<h2 class=\"ai-optimize-23\">Conhe\u00e7a a grandeza de Puerto Blest e a cachoeira \u00abLos C\u00e1ntaros\u00bb.\u00bb<\/h2>\n<p class=\"ai-optimize-24 ai-optimize-introduction\">Comece sua aventura a partir do encantador <strong>Puerto Pa\u00f1uelo<\/strong>, localizado a poucos quil\u00f4metros do centro de San Carlos de Bariloche. Durante uma fascinante navega\u00e7\u00e3o de aproximadamente sessenta minutos, voc\u00ea poder\u00e1 se aproximar do emblem\u00e1tico <strong>Ilhota Sentinela<\/strong>, famoso por ser o local de descanso do pioneiro Perito Moreno.<\/p>\n<p class=\"ai-optimize-25\">Em seguida, acesse uma rede de passarelas que oferece uma vista panor\u00e2mica \u00fanica do impressionante <strong>Cachoeira Los C\u00e1ntaros<\/strong>. Essa maravilha natural \u00e9 cercada por enormes paredes de granito e protege um lar\u00edcio de longa vida, presente h\u00e1 mais de 1.500 anos.<\/p>\n<h3 class=\"ai-optimize-26\">Navega\u00e7\u00e3o panor\u00e2mica no lago<\/h3>\n<p class=\"ai-optimize-27\">A bordo de um moderno catamar\u00e3, voc\u00ea contemplar\u00e1 <strong>vistas privilegiadas do Lago Nahuel Huapi<\/strong> e as belas colinas da <strong>Cordilheira dos Andes<\/strong>. Conecte-se com as joias de suas ilhas e as paisagens emblem\u00e1ticas que distinguem essa \u00e1rea.<\/p>\n<h2 class=\"ai-optimize-28\">Conhe\u00e7a o Lago Frias: um lugar maravilhoso<\/h2>\n<p class=\"ai-optimize-29\">Quando voc\u00ea chega a Puerto Blest, um lugar que cativa turistas de todo o mundo, a magnific\u00eancia do local \u00e9 impressionante. <strong>Lago Frias<\/strong>. Sua cor verde intensa se deve aos sedimentos glaciais da montanha Tronador.<\/p>\n<p class=\"ai-optimize-30\">Voc\u00ea pode continuar acrescentando experi\u00eancias: uma curta viagem de \u00f4nibus de 3 km o leva a <strong>Porto Alegre<\/strong>, A partir daqui, voc\u00ea pode admirar suas incr\u00edveis \u00e1guas de perto.<\/p>\n<h3 class=\"ai-optimize-31\">Alternativas recreativas abrangentes<\/h3>\n<ul>\n<li class=\"ai-optimize-32\">Caminhadas guiadas pela floresta tropical de Vald\u00edvia, um habitat de not\u00e1vel biodiversidade.<\/li>\n<li class=\"ai-optimize-33\">Navegando no sereno Lago Frias, desfrutando de uma paisagem de tirar o f\u00f4lego.<\/li>\n<\/ul>\n<h2 class=\"ai-optimize-34\">Fatos importantes sobre a excurs\u00e3o<\/h2>\n<ul>\n<li class=\"ai-optimize-35\"><strong>Dura\u00e7\u00e3o:<\/strong> Das 9:00 \u00e0s 17:30 horas, aproximadamente.<\/li>\n<li class=\"ai-optimize-36\"><strong>Ele inclui:<\/strong> Traslados de ida e volta, navega\u00e7\u00e3o e guias de trekking.<\/li>\n<li class=\"ai-optimize-37\"><strong>N\u00e3o inclu\u00eddo:<\/strong> Refei\u00e7\u00f5es (dispon\u00edveis em Paradores) e entrada nos Parques Nacionais.<\/li>\n<\/ul>\n<h2 class=\"ai-optimize-38\">Perguntas frequentes<\/h2>\n<ul>\n<li class=\"ai-optimize-39\"><strong>Como fa\u00e7o para pagar os ingressos para os Parques Nacionais?<\/strong><br \/>\nOs ingressos devem ser pagos no dia, em Puerto Pa\u00f1uelo, somente em dinheiro e em pesos argentinos. H\u00e1 isen\u00e7\u00f5es para residentes e crian\u00e7as com menos de cinco anos de idade.<\/li>\n<li class=\"ai-optimize-40\"><strong>H\u00e1 algum desconto para aposentados estrangeiros?<\/strong><br \/>\nN\u00e3o, os descontos se aplicam apenas a aposentados argentinos, que devem apresentar um documento de identidade v\u00e1lido ao embarcar no navio.<\/li>\n<li class=\"ai-optimize-41\"><strong>Posso levar minha pr\u00f3pria comida?<\/strong><br \/>\nSim, voc\u00ea pode trazer sua pr\u00f3pria comida ou comprar op\u00e7\u00f5es no navio e em locais de passagem.<\/li>\n<li class=\"ai-optimize-42\"><strong>Qual embarca\u00e7\u00e3o opera as excurs\u00f5es?<\/strong><br \/>\nO hist\u00f3rico Modesta Victoria \u00e9 normalmente usado, embora possa ser modificado sem notifica\u00e7\u00e3o pr\u00e9via.<\/li>\n<li class=\"ai-optimize-43\"><strong>\u00c9 poss\u00edvel combinar essa excurs\u00e3o com outras atividades?<\/strong><br \/>\nSim, especialmente se voc\u00ea reservar \u00e0 tarde. Sugerimos que voc\u00ea o combine com o Circuito Chico para aproveitar ao m\u00e1ximo a experi\u00eancia.<\/li>\n<\/ul>","protected":false},"excerpt":{"rendered":"<p class=\"ai-optimize-21\">Desfrute de uma experi\u00eancia \u00fanica em Puerto Blest e na cachoeira \u00abLos C\u00e1ntaros\u00bb. Sinta a adrenalina de um passeio de barco e maravilhe-se com a incr\u00edvel natureza do Lago Frias. Adquira seu ingresso agora e conecte-se com um ambiente natural incr\u00edvel.<\/p>","protected":false},"featured_media":197,"comment_status":"open","ping_status":"closed","template":"","meta":[],"product_brand":[],"product_cat":[50,54,55,58,59,61,65,70],"product_tag":[],"class_list":{"0":"post-103","1":"product","2":"type-product","3":"status-publish","4":"has-post-thumbnail","6":"product_cat-adultos","7":"product_cat-con-traslado","8":"product_cat-familia","9":"product_cat-jubilados","10":"product_cat-lacustre","11":"product_cat-ninos","12":"product_cat-sin-comida","13":"product_cat-todo-el-ano","15":"first","16":"instock","17":"virtual","18":"sold-individually","19":"purchasable","20":"product-type-booking"},"booking_location":"","booking_location_type":"","booking_duration":60,"booking_duration_unit":"minute","booking_buffer":0,"booking_cost":0,"booking_resources":[],"exclude_global_add_ons":false,"addons":[{"name":"ADU: Adulto","type":"input_multiplier","position":0,"required":true,"title_format":"label","default":"","description_enable":false,"description":"","placeholder_enable":false,"placeholder":"","display":"select","restrictions_type":"any_text","adjust_price":true,"price":"212000","price_type":"quantity_based","restrictions":false,"min":"0","max":"0","options":[],"id":1773233993},{"name":"MEN512 | 5 a 12","type":"input_multiplier","position":1,"required":false,"title_format":"label","default":"","description_enable":false,"description":"","placeholder_enable":false,"placeholder":"","display":"select","restrictions_type":"any_text","adjust_price":true,"price":"119000","price_type":"quantity_based","restrictions":false,"min":"0","max":"0","options":[],"id":1773233994},{"name":"ADUJ : Aposentado","type":"input_multiplier","position":2,"required":false,"title_format":"label","default":"","description_enable":false,"description":"","placeholder_enable":false,"placeholder":"","display":"select","restrictions_type":"any_text","adjust_price":true,"price":"119000","price_type":"quantity_based","restrictions":false,"min":"0","max":"0","options":[],"id":1773233995}],"yoast_head":"<!-- This site is optimized with the Yoast SEO Premium plugin v25.2 (Yoast SEO v25.2) - https:\/\/yoast.com\/wordpress\/plugins\/seo\/ -->\n<title>Salida a Puerto Blest y Lago Fr\u00edas con traslado - Cabalgatas Bariloche<\/title>\n<meta name=\"description\" content=\"Conect\u00e1 con la tranquilidad del Nahuel Huapi en una navegaci\u00f3n por Puerto Blest y Lago Fr\u00edas. Traslado incluido desde Bariloche.\" \/>\n<meta name=\"robots\" content=\"index, follow, max-snippet:-1, max-image-preview:large, max-video-preview:-1\" \/>\n<link rel=\"canonical\" href=\"https:\/\/cabalgatasbariloche.com.ar\/pt\/experiencias-turisticas\/saida-para-puerto-blest-e-lago-frias-com-traslado\/\" \/>\n<meta property=\"og:locale\" content=\"pt_BR\" \/>\n<meta property=\"og:type\" content=\"article\" \/>\n<meta property=\"og:title\" content=\"Salida a Puerto Blest y Lago Fr\u00edas con traslado\" \/>\n<meta property=\"og:description\" content=\"Conect\u00e1 con la tranquilidad del Nahuel Huapi en una navegaci\u00f3n por Puerto Blest y Lago Fr\u00edas. Traslado incluido desde Bariloche.\" \/>\n<meta property=\"og:url\" content=\"https:\/\/cabalgatasbariloche.com.ar\/pt\/experiencias-turisticas\/saida-para-puerto-blest-e-lago-frias-com-traslado\/\" \/>\n<meta property=\"og:site_name\" content=\"Cabalgatas Bariloche\" \/>\n<meta property=\"article:modified_time\" content=\"2026-03-31T15:14:45+00:00\" \/>\n<meta property=\"og:image\" content=\"https:\/\/cabalgatasbariloche.com.ar\/wp-content\/uploads\/sites\/10\/2025\/08\/12-A-508488607_1177470201077499_7080271990211554734_n.jpg\" \/>\n\t<meta property=\"og:image:width\" content=\"850\" \/>\n\t<meta property=\"og:image:height\" content=\"1133\" \/>\n\t<meta property=\"og:image:type\" content=\"image\/jpeg\" \/>\n<meta name=\"twitter:card\" content=\"summary_large_image\" \/>\n<meta name=\"twitter:label1\" content=\"Pre\u00e7o\" \/>\n\t<meta name=\"twitter:data1\" content=\"&#036;212,000.00\" \/>\n\t<meta name=\"twitter:label2\" content=\"Disponibilidade\" \/>\n\t<meta name=\"twitter:data2\" content=\"Em Estoque\" \/>\n<script type=\"application\/ld+json\" class=\"yoast-schema-graph\">{\"@context\":\"https:\/\/schema.org\",\"@graph\":[{\"@type\":[\"WebPage\",\"ItemPage\"],\"@id\":\"https:\/\/cabalgatasbariloche.com.ar\/experiencias-turisticas\/salida-a-puerto-blest-y-lago-frias-con-traslado\/\",\"url\":\"https:\/\/cabalgatasbariloche.com.ar\/experiencias-turisticas\/salida-a-puerto-blest-y-lago-frias-con-traslado\/\",\"name\":\"Salida a Puerto Blest y Lago Fr\u00edas con traslado - Cabalgatas Bariloche\",\"isPartOf\":{\"@id\":\"https:\/\/cabalgatasbariloche.com.ar\/#website\"},\"primaryImageOfPage\":{\"@id\":\"https:\/\/cabalgatasbariloche.com.ar\/experiencias-turisticas\/salida-a-puerto-blest-y-lago-frias-con-traslado\/#primaryimage\"},\"image\":{\"@id\":\"https:\/\/cabalgatasbariloche.com.ar\/experiencias-turisticas\/salida-a-puerto-blest-y-lago-frias-con-traslado\/#primaryimage\"},\"thumbnailUrl\":\"https:\/\/cabalgatasbariloche.com.ar\/wp-content\/uploads\/sites\/10\/2025\/08\/12-A-508488607_1177470201077499_7080271990211554734_n.jpg\",\"datePublished\":\"2025-08-27T15:26:22+00:00\",\"dateModified\":\"2026-03-31T15:14:45+00:00\",\"description\":\"Conect\u00e1 con la tranquilidad del Nahuel Huapi en una navegaci\u00f3n por Puerto Blest y Lago Fr\u00edas. Traslado incluido desde Bariloche.\",\"breadcrumb\":{\"@id\":\"https:\/\/cabalgatasbariloche.com.ar\/experiencias-turisticas\/salida-a-puerto-blest-y-lago-frias-con-traslado\/#breadcrumb\"},\"inLanguage\":\"pt-BR\",\"potentialAction\":[{\"@type\":\"ReadAction\",\"target\":[\"https:\/\/cabalgatasbariloche.com.ar\/experiencias-turisticas\/salida-a-puerto-blest-y-lago-frias-con-traslado\/\"]}]},{\"@type\":\"ImageObject\",\"inLanguage\":\"pt-BR\",\"@id\":\"https:\/\/cabalgatasbariloche.com.ar\/experiencias-turisticas\/salida-a-puerto-blest-y-lago-frias-con-traslado\/#primaryimage\",\"url\":\"https:\/\/cabalgatasbariloche.com.ar\/wp-content\/uploads\/sites\/10\/2025\/08\/12-A-508488607_1177470201077499_7080271990211554734_n.jpg\",\"contentUrl\":\"https:\/\/cabalgatasbariloche.com.ar\/wp-content\/uploads\/sites\/10\/2025\/08\/12-A-508488607_1177470201077499_7080271990211554734_n.jpg\",\"width\":850,\"height\":1133},{\"@type\":\"BreadcrumbList\",\"@id\":\"https:\/\/cabalgatasbariloche.com.ar\/experiencias-turisticas\/salida-a-puerto-blest-y-lago-frias-con-traslado\/#breadcrumb\",\"itemListElement\":[{\"@type\":\"ListItem\",\"position\":1,\"name\":\"Portada\",\"item\":\"https:\/\/cabalgatasbariloche.com.ar\/\"},{\"@type\":\"ListItem\",\"position\":2,\"name\":\"Tienda\",\"item\":\"https:\/\/cabalgatasbariloche.com.ar\/tienda\/\"},{\"@type\":\"ListItem\",\"position\":3,\"name\":\"Salida a Puerto Blest y Lago Fr\u00edas con traslado\"}]},{\"@type\":\"WebSite\",\"@id\":\"https:\/\/cabalgatasbariloche.com.ar\/#website\",\"url\":\"https:\/\/cabalgatasbariloche.com.ar\/\",\"name\":\"Cabalgatas Bariloche\",\"description\":\"Conocer la estepa y cerros patagonicos\",\"potentialAction\":[{\"@type\":\"SearchAction\",\"target\":{\"@type\":\"EntryPoint\",\"urlTemplate\":\"https:\/\/cabalgatasbariloche.com.ar\/?s={search_term_string}\"},\"query-input\":{\"@type\":\"PropertyValueSpecification\",\"valueRequired\":true,\"valueName\":\"search_term_string\"}}],\"inLanguage\":\"pt-BR\"}]}<\/script>\n<meta property=\"product:price:amount\" content=\"212000.00\" \/>\n<meta property=\"product:price:currency\" content=\"ARS\" \/>\n<meta property=\"og:availability\" content=\"instock\" \/>\n<meta property=\"product:availability\" content=\"instock\" \/>\n<meta property=\"product:retailer_item_id\" content=\"ADV2025PUBLYC9CR1\" \/>\n<meta property=\"product:condition\" content=\"new\" \/>\n<!-- \/ Yoast SEO Premium plugin. -->","yoast_head_json":{"title":"Partida para Puerto Blest e Lago Frias com traslado - Cabalgatas Bariloche","description":"Conecte-se com a tranquilidade do Nahuel Huapi em uma navega\u00e7\u00e3o por Puerto Blest e Lago Frias. Traslado inclu\u00eddo de Bariloche.","robots":{"index":"index","follow":"follow","max-snippet":"max-snippet:-1","max-image-preview":"max-image-preview:large","max-video-preview":"max-video-preview:-1"},"canonical":"https:\/\/cabalgatasbariloche.com.ar\/pt\/experiencias-turisticas\/saida-para-puerto-blest-e-lago-frias-com-traslado\/","og_locale":"pt_BR","og_type":"article","og_title":"Salida a Puerto Blest y Lago Fr\u00edas con traslado","og_description":"Conect\u00e1 con la tranquilidad del Nahuel Huapi en una navegaci\u00f3n por Puerto Blest y Lago Fr\u00edas. Traslado incluido desde Bariloche.","og_url":"https:\/\/cabalgatasbariloche.com.ar\/pt\/experiencias-turisticas\/saida-para-puerto-blest-e-lago-frias-com-traslado\/","og_site_name":"Cabalgatas Bariloche","article_modified_time":"2026-03-31T15:14:45+00:00","og_image":[{"width":850,"height":1133,"url":"https:\/\/cabalgatasbariloche.com.ar\/wp-content\/uploads\/sites\/10\/2025\/08\/12-A-508488607_1177470201077499_7080271990211554734_n.jpg","type":"image\/jpeg"}],"twitter_card":"summary_large_image","twitter_misc":{"Pre\u00e7o":"&#36;212,000.00","Disponibilidade":"Em Estoque"},"schema":{"@context":"https:\/\/schema.org","@graph":[{"@type":["WebPage","ItemPage"],"@id":"https:\/\/cabalgatasbariloche.com.ar\/experiencias-turisticas\/salida-a-puerto-blest-y-lago-frias-con-traslado\/","url":"https:\/\/cabalgatasbariloche.com.ar\/experiencias-turisticas\/salida-a-puerto-blest-y-lago-frias-con-traslado\/","name":"Partida para Puerto Blest e Lago Frias com traslado - Cabalgatas Bariloche","isPartOf":{"@id":"https:\/\/cabalgatasbariloche.com.ar\/#website"},"primaryImageOfPage":{"@id":"https:\/\/cabalgatasbariloche.com.ar\/experiencias-turisticas\/salida-a-puerto-blest-y-lago-frias-con-traslado\/#primaryimage"},"image":{"@id":"https:\/\/cabalgatasbariloche.com.ar\/experiencias-turisticas\/salida-a-puerto-blest-y-lago-frias-con-traslado\/#primaryimage"},"thumbnailUrl":"https:\/\/cabalgatasbariloche.com.ar\/wp-content\/uploads\/sites\/10\/2025\/08\/12-A-508488607_1177470201077499_7080271990211554734_n.jpg","datePublished":"2025-08-27T15:26:22+00:00","dateModified":"2026-03-31T15:14:45+00:00","description":"Conecte-se com a tranquilidade do Nahuel Huapi em uma navega\u00e7\u00e3o por Puerto Blest e Lago Frias. Traslado inclu\u00eddo de Bariloche.","breadcrumb":{"@id":"https:\/\/cabalgatasbariloche.com.ar\/experiencias-turisticas\/salida-a-puerto-blest-y-lago-frias-con-traslado\/#breadcrumb"},"inLanguage":"pt-BR","potentialAction":[{"@type":"ReadAction","target":["https:\/\/cabalgatasbariloche.com.ar\/experiencias-turisticas\/salida-a-puerto-blest-y-lago-frias-con-traslado\/"]}]},{"@type":"ImageObject","inLanguage":"pt-BR","@id":"https:\/\/cabalgatasbariloche.com.ar\/experiencias-turisticas\/salida-a-puerto-blest-y-lago-frias-con-traslado\/#primaryimage","url":"https:\/\/cabalgatasbariloche.com.ar\/wp-content\/uploads\/sites\/10\/2025\/08\/12-A-508488607_1177470201077499_7080271990211554734_n.jpg","contentUrl":"https:\/\/cabalgatasbariloche.com.ar\/wp-content\/uploads\/sites\/10\/2025\/08\/12-A-508488607_1177470201077499_7080271990211554734_n.jpg","width":850,"height":1133},{"@type":"BreadcrumbList","@id":"https:\/\/cabalgatasbariloche.com.ar\/experiencias-turisticas\/salida-a-puerto-blest-y-lago-frias-con-traslado\/#breadcrumb","itemListElement":[{"@type":"ListItem","position":1,"name":"Portada","item":"https:\/\/cabalgatasbariloche.com.ar\/"},{"@type":"ListItem","position":2,"name":"Tienda","item":"https:\/\/cabalgatasbariloche.com.ar\/tienda\/"},{"@type":"ListItem","position":3,"name":"Salida a Puerto Blest y Lago Fr\u00edas con traslado"}]},{"@type":"WebSite","@id":"https:\/\/cabalgatasbariloche.com.ar\/#website","url":"https:\/\/cabalgatasbariloche.com.ar\/","name":"Cavalgadas em Bariloche","description":"Conhecendo a estepe e as montanhas da Patag\u00f4nia","potentialAction":[{"@type":"SearchAction","target":{"@type":"EntryPoint","urlTemplate":"https:\/\/cabalgatasbariloche.com.ar\/?s={search_term_string}"},"query-input":{"@type":"PropertyValueSpecification","valueRequired":true,"valueName":"search_term_string"}}],"inLanguage":"pt-BR"}]},"product_price_amount":"212000.00","product_price_currency":"ARS","og_availability":"instock","product_availability":"instock","product_retailer_item_id":"ADV2025PUBLYC9CR1","product_condition":"new"},"_links":{"self":[{"href":"https:\/\/cabalgatasbariloche.com.ar\/pt\/wp-json\/wp\/v2\/product\/103","targetHints":{"allow":["GET"]}}],"collection":[{"href":"https:\/\/cabalgatasbariloche.com.ar\/pt\/wp-json\/wp\/v2\/product"}],"about":[{"href":"https:\/\/cabalgatasbariloche.com.ar\/pt\/wp-json\/wp\/v2\/types\/product"}],"replies":[{"embeddable":true,"href":"https:\/\/cabalgatasbariloche.com.ar\/pt\/wp-json\/wp\/v2\/comments?post=103"}],"wp:featuredmedia":[{"embeddable":true,"href":"https:\/\/cabalgatasbariloche.com.ar\/pt\/wp-json\/wp\/v2\/media\/197"}],"wp:attachment":[{"href":"https:\/\/cabalgatasbariloche.com.ar\/pt\/wp-json\/wp\/v2\/media?parent=103"}],"wp:term":[{"taxonomy":"product_brand","embeddable":true,"href":"https:\/\/cabalgatasbariloche.com.ar\/pt\/wp-json\/wp\/v2\/product_brand?post=103"},{"taxonomy":"product_cat","embeddable":true,"href":"https:\/\/cabalgatasbariloche.com.ar\/pt\/wp-json\/wp\/v2\/product_cat?post=103"},{"taxonomy":"product_tag","embeddable":true,"href":"https:\/\/cabalgatasbariloche.com.ar\/pt\/wp-json\/wp\/v2\/product_tag?post=103"}],"curies":[{"name":"wp","href":"https:\/\/api.w.org\/{rel}","templated":true}]}}