{"id":100,"date":"2025-08-27T12:24:41","date_gmt":"2025-08-27T15:24:41","guid":{"rendered":"https:\/\/cabalgatasbariloche.com.ar\/producto\/paquete-promocional-de-3-dias-de-aventura\/"},"modified":"2026-03-31T12:14:45","modified_gmt":"2026-03-31T15:14:45","slug":"paquete-promocional-de-3-dias-de-aventura","status":"publish","type":"product","link":"https:\/\/cabalgatasbariloche.com.ar\/pt\/experiencias-turisticas\/pacote-promocional-de-aventura-de-3-dias\/","title":{"rendered":"Pacote promocional de aventura de 3 dias"},"content":{"rendered":"<h2 class=\"ai-optimize-23\">Conhe\u00e7a a Patag\u00f4nia desconhecida em tr\u00eas dias inesquec\u00edveis<\/h2>\n<p class=\"ai-optimize-24 ai-optimize-introduction\">Desfrute de um <strong>experi\u00eancia \u00fanica<\/strong> com nosso exclusivo <strong>pacote de excurs\u00e3o de tr\u00eas dias<\/strong>. Cuidadosamente projetado, esse passeio o convida a descobrir as mais belas paisagens naturais do mundo. <strong>Paisagens impressionantes da Patag\u00f4nia argentina<\/strong>, combinando aventura e conforto superior.<\/p>\n<h3 class=\"ai-optimize-25\">O que esse pacote inclui?<\/h3>\n<ul>\n<li class=\"ai-optimize-26\"><strong>Itiner\u00e1rio personalizado:<\/strong><\/li>\n<li class=\"ai-optimize-27\">Visite a <strong>San Mart\u00edn de los Andes<\/strong> e o pitoresco <strong>Rota dos 7 lagos\u00a0<\/strong>Partida \u00e0s 08:00 hs<\/li>\n<li class=\"ai-optimize-28\">Passeio pelo majestoso <strong>Serra do Tronador<\/strong> e o fascinante <strong>Glaciar Ventisquero Negro <\/strong>com partida \u00e0s 09:00 hs.<\/li>\n<li class=\"ai-optimize-29\">Tour no <strong>Circuito pequeno<\/strong> com vistas panor\u00e2micas \u00fanicas, com sa\u00edda \u00e0s 08:30 hs.<\/li>\n<\/ul>\n<p class=\"ai-optimize-30\">Voc\u00ea pode ajustar sua programa\u00e7\u00e3o di\u00e1ria, e esse pacote tur\u00edstico lhe d\u00e1 a oportunidade de <strong>liberdade<\/strong> viver cada atividade de sua pr\u00f3pria maneira.<\/p>\n<h3 class=\"ai-optimize-31\">Informa\u00e7\u00f5es detalhadas sobre o circuito<\/h3>\n<ul>\n<li class=\"ai-optimize-32\"><strong>Rota:<\/strong> Inclui San Mart\u00edn de los Andes, Circuito Chico e Cerro Tronador.<\/li>\n<li class=\"ai-optimize-33\"><strong>Hor\u00e1rios:<\/strong> Consulte nosso hor\u00e1rio alternativo para cada excurs\u00e3o.<\/li>\n<\/ul>\n<h3 class=\"ai-optimize-34\">Servi\u00e7os que oferecemos<\/h3>\n<ul>\n<li class=\"ai-optimize-35\"><strong>Transporte terrestre:<\/strong> Traslados em ve\u00edculos confort\u00e1veis e seguros.<\/li>\n<li class=\"ai-optimize-36\"><strong>Guia profissional:<\/strong> Especialista em espanhol, com op\u00e7\u00e3o bil\u00edngue a um custo adicional.<\/li>\n<\/ul>\n<p class=\"ai-optimize-37\"><strong>Importante:<\/strong> As refei\u00e7\u00f5es n\u00e3o est\u00e3o inclu\u00eddas. Voc\u00ea tamb\u00e9m encontrar\u00e1 <strong>propostas gastron\u00f4micas locais<\/strong> durante a turn\u00ea.<\/p>\n<h3 class=\"ai-optimize-38\">Comece sua aventura agora!<\/h3>\n<p class=\"ai-optimize-39\">Isso <strong>pacote de excel\u00eancia<\/strong> est\u00e1 dispon\u00edvel apenas nas esta\u00e7\u00f5es mais quentes, n\u00e3o perca a chance de explorar a Patag\u00f4nia como nunca antes!<\/p>\n<h3 class=\"ai-optimize-40\">Perguntas frequentes<\/h3>\n<ul>\n<li class=\"ai-optimize-41\"><strong>As excurs\u00f5es inclu\u00eddas podem ser adaptadas?<\/strong><br \/>\nSim, voc\u00ea tem a possibilidade de alterar a ordem das excurs\u00f5es, de acordo com suas prefer\u00eancias.<\/li>\n<li class=\"ai-optimize-42\"><strong>\u00c9 poss\u00edvel solicitar alternativas para vegetarianos ou veganos?<\/strong><br \/>\nO passeio gastron\u00f4mico em nossas rotas geralmente inclui alternativas para diferentes dietas.<\/li>\n<li class=\"ai-optimize-43\"><strong>H\u00e1 algum requisito de vestu\u00e1rio para as excurs\u00f5es?<\/strong><br \/>\nSugerimos que voc\u00ea opte por roupas confort\u00e1veis e adequadas para atividades ao ar livre, com a adi\u00e7\u00e3o de prote\u00e7\u00e3o solar.<\/li>\n<\/ul>","protected":false},"excerpt":{"rendered":"<p class=\"ai-optimize-21\">Viva uma experi\u00eancia \u00fanica na Patag\u00f4nia com este <strong>Pacote de 3 dias<\/strong> viagens. Explore a beleza de <strong>San Mart\u00edn de los Andes<\/strong>, o <strong>Rota dos 7 lagos<\/strong>, o majestoso <strong>Serra do Tronador<\/strong> e o <strong>Circuito pequeno<\/strong>. Desfrute de uma rota adapt\u00e1vel em uma \u00e1rea de verdadeira exclusividade.<\/p>","protected":false},"featured_media":213,"comment_status":"open","ping_status":"closed","template":"","meta":[],"product_brand":[],"product_cat":[50,54,55,58,61,64,65,70],"product_tag":[],"class_list":{"0":"post-100","1":"product","2":"type-product","3":"status-publish","4":"has-post-thumbnail","6":"product_cat-adultos","7":"product_cat-con-traslado","8":"product_cat-familia","9":"product_cat-jubilados","10":"product_cat-ninos","11":"product_cat-promos","12":"product_cat-sin-comida","13":"product_cat-todo-el-ano","15":"first","16":"instock","17":"virtual","18":"sold-individually","19":"purchasable","20":"product-type-booking"},"booking_location":"","booking_location_type":"","booking_duration":1,"booking_duration_unit":"hour","booking_buffer":0,"booking_cost":0,"booking_resources":[],"exclude_global_add_ons":false,"addons":[{"name":"STD: Passageiros","type":"input_multiplier","position":0,"required":false,"title_format":"label","default":"","description_enable":false,"description":"","placeholder_enable":false,"placeholder":"","display":"select","restrictions_type":"any_text","adjust_price":true,"price":"156000","price_type":"quantity_based","restrictions":false,"min":"0","max":"0","options":[],"id":1773234688}],"yoast_head":"<!-- This site is optimized with the Yoast SEO Premium plugin v25.2 (Yoast SEO v25.2) - https:\/\/yoast.com\/wordpress\/plugins\/seo\/ -->\n<title>Paquete promocional de 3 d\u00edas de aventura - Cabalgatas Bariloche<\/title>\n<meta name=\"robots\" content=\"index, follow, max-snippet:-1, max-image-preview:large, max-video-preview:-1\" \/>\n<link rel=\"canonical\" href=\"https:\/\/cabalgatasbariloche.com.ar\/pt\/experiencias-turisticas\/pacote-promocional-de-aventura-de-3-dias\/\" \/>\n<meta property=\"og:locale\" content=\"pt_BR\" \/>\n<meta property=\"og:type\" content=\"article\" \/>\n<meta property=\"og:title\" content=\"Paquete promocional de 3 d\u00edas de aventura\" \/>\n<meta property=\"og:description\" content=\"Viva una experiencia \u00fanica por la Patagonia con este paquete de 3 d\u00edas de viajes. Explore la belleza de San Mart\u00edn de los Andes, la Ruta de los 7 Lagos, el majestuoso Cerro Tronador y el Circuito Chico. Goce un recorrido adaptable en un \u00e1mbito de genuina exclusividad.\" \/>\n<meta property=\"og:url\" content=\"https:\/\/cabalgatasbariloche.com.ar\/pt\/experiencias-turisticas\/pacote-promocional-de-aventura-de-3-dias\/\" \/>\n<meta property=\"og:site_name\" content=\"Cabalgatas Bariloche\" \/>\n<meta property=\"article:modified_time\" content=\"2026-03-31T15:14:45+00:00\" \/>\n<meta property=\"og:image\" content=\"https:\/\/cabalgatasbariloche.com.ar\/wp-content\/uploads\/sites\/10\/2025\/08\/4-D-DSC_0435-copia-1.jpg\" \/>\n\t<meta property=\"og:image:width\" content=\"992\" \/>\n\t<meta property=\"og:image:height\" content=\"1323\" \/>\n\t<meta property=\"og:image:type\" content=\"image\/jpeg\" \/>\n<meta name=\"twitter:card\" content=\"summary_large_image\" \/>\n<meta name=\"twitter:label1\" content=\"Pre\u00e7o\" \/>\n\t<meta name=\"twitter:data1\" content=\"&#036;156,000.00\" \/>\n\t<meta name=\"twitter:label2\" content=\"Disponibilidade\" \/>\n\t<meta name=\"twitter:data2\" content=\"Em Estoque\" \/>\n<script type=\"application\/ld+json\" class=\"yoast-schema-graph\">{\"@context\":\"https:\/\/schema.org\",\"@graph\":[{\"@type\":[\"WebPage\",\"ItemPage\"],\"@id\":\"https:\/\/cabalgatasbariloche.com.ar\/experiencias-turisticas\/paquete-promocional-de-3-dias-de-aventura\/\",\"url\":\"https:\/\/cabalgatasbariloche.com.ar\/experiencias-turisticas\/paquete-promocional-de-3-dias-de-aventura\/\",\"name\":\"Paquete promocional de 3 d\u00edas de aventura - Cabalgatas Bariloche\",\"isPartOf\":{\"@id\":\"https:\/\/cabalgatasbariloche.com.ar\/#website\"},\"primaryImageOfPage\":{\"@id\":\"https:\/\/cabalgatasbariloche.com.ar\/experiencias-turisticas\/paquete-promocional-de-3-dias-de-aventura\/#primaryimage\"},\"image\":{\"@id\":\"https:\/\/cabalgatasbariloche.com.ar\/experiencias-turisticas\/paquete-promocional-de-3-dias-de-aventura\/#primaryimage\"},\"thumbnailUrl\":\"https:\/\/cabalgatasbariloche.com.ar\/wp-content\/uploads\/sites\/10\/2025\/08\/4-D-DSC_0435-copia-1.jpg\",\"datePublished\":\"2025-08-27T15:24:41+00:00\",\"dateModified\":\"2026-03-31T15:14:45+00:00\",\"breadcrumb\":{\"@id\":\"https:\/\/cabalgatasbariloche.com.ar\/experiencias-turisticas\/paquete-promocional-de-3-dias-de-aventura\/#breadcrumb\"},\"inLanguage\":\"pt-BR\",\"potentialAction\":[{\"@type\":\"ReadAction\",\"target\":[\"https:\/\/cabalgatasbariloche.com.ar\/experiencias-turisticas\/paquete-promocional-de-3-dias-de-aventura\/\"]}]},{\"@type\":\"ImageObject\",\"inLanguage\":\"pt-BR\",\"@id\":\"https:\/\/cabalgatasbariloche.com.ar\/experiencias-turisticas\/paquete-promocional-de-3-dias-de-aventura\/#primaryimage\",\"url\":\"https:\/\/cabalgatasbariloche.com.ar\/wp-content\/uploads\/sites\/10\/2025\/08\/4-D-DSC_0435-copia-1.jpg\",\"contentUrl\":\"https:\/\/cabalgatasbariloche.com.ar\/wp-content\/uploads\/sites\/10\/2025\/08\/4-D-DSC_0435-copia-1.jpg\",\"width\":992,\"height\":1323},{\"@type\":\"BreadcrumbList\",\"@id\":\"https:\/\/cabalgatasbariloche.com.ar\/experiencias-turisticas\/paquete-promocional-de-3-dias-de-aventura\/#breadcrumb\",\"itemListElement\":[{\"@type\":\"ListItem\",\"position\":1,\"name\":\"Portada\",\"item\":\"https:\/\/cabalgatasbariloche.com.ar\/\"},{\"@type\":\"ListItem\",\"position\":2,\"name\":\"Tienda\",\"item\":\"https:\/\/cabalgatasbariloche.com.ar\/tienda\/\"},{\"@type\":\"ListItem\",\"position\":3,\"name\":\"Paquete promocional de 3 d\u00edas de aventura\"}]},{\"@type\":\"WebSite\",\"@id\":\"https:\/\/cabalgatasbariloche.com.ar\/#website\",\"url\":\"https:\/\/cabalgatasbariloche.com.ar\/\",\"name\":\"Cabalgatas Bariloche\",\"description\":\"Conocer la estepa y cerros patagonicos\",\"potentialAction\":[{\"@type\":\"SearchAction\",\"target\":{\"@type\":\"EntryPoint\",\"urlTemplate\":\"https:\/\/cabalgatasbariloche.com.ar\/?s={search_term_string}\"},\"query-input\":{\"@type\":\"PropertyValueSpecification\",\"valueRequired\":true,\"valueName\":\"search_term_string\"}}],\"inLanguage\":\"pt-BR\"}]}<\/script>\n<meta property=\"product:price:amount\" content=\"156000.00\" \/>\n<meta property=\"product:price:currency\" content=\"ARS\" \/>\n<meta property=\"og:availability\" content=\"instock\" \/>\n<meta property=\"product:availability\" content=\"instock\" \/>\n<meta property=\"product:retailer_item_id\" content=\"ADV2025PAPRDE20W5\" \/>\n<meta property=\"product:condition\" content=\"new\" \/>\n<!-- \/ Yoast SEO Premium plugin. -->","yoast_head_json":{"title":"Pacote promocional de 3 dias de aventura - Passeios a cavalo em Bariloche","robots":{"index":"index","follow":"follow","max-snippet":"max-snippet:-1","max-image-preview":"max-image-preview:large","max-video-preview":"max-video-preview:-1"},"canonical":"https:\/\/cabalgatasbariloche.com.ar\/pt\/experiencias-turisticas\/pacote-promocional-de-aventura-de-3-dias\/","og_locale":"pt_BR","og_type":"article","og_title":"Paquete promocional de 3 d\u00edas de aventura","og_description":"Viva una experiencia \u00fanica por la Patagonia con este paquete de 3 d\u00edas de viajes. Explore la belleza de San Mart\u00edn de los Andes, la Ruta de los 7 Lagos, el majestuoso Cerro Tronador y el Circuito Chico. Goce un recorrido adaptable en un \u00e1mbito de genuina exclusividad.","og_url":"https:\/\/cabalgatasbariloche.com.ar\/pt\/experiencias-turisticas\/pacote-promocional-de-aventura-de-3-dias\/","og_site_name":"Cabalgatas Bariloche","article_modified_time":"2026-03-31T15:14:45+00:00","og_image":[{"width":992,"height":1323,"url":"https:\/\/cabalgatasbariloche.com.ar\/wp-content\/uploads\/sites\/10\/2025\/08\/4-D-DSC_0435-copia-1.jpg","type":"image\/jpeg"}],"twitter_card":"summary_large_image","twitter_misc":{"Pre\u00e7o":"&#36;156,000.00","Disponibilidade":"Em Estoque"},"schema":{"@context":"https:\/\/schema.org","@graph":[{"@type":["WebPage","ItemPage"],"@id":"https:\/\/cabalgatasbariloche.com.ar\/experiencias-turisticas\/paquete-promocional-de-3-dias-de-aventura\/","url":"https:\/\/cabalgatasbariloche.com.ar\/experiencias-turisticas\/paquete-promocional-de-3-dias-de-aventura\/","name":"Pacote promocional de 3 dias de aventura - Passeios a cavalo em Bariloche","isPartOf":{"@id":"https:\/\/cabalgatasbariloche.com.ar\/#website"},"primaryImageOfPage":{"@id":"https:\/\/cabalgatasbariloche.com.ar\/experiencias-turisticas\/paquete-promocional-de-3-dias-de-aventura\/#primaryimage"},"image":{"@id":"https:\/\/cabalgatasbariloche.com.ar\/experiencias-turisticas\/paquete-promocional-de-3-dias-de-aventura\/#primaryimage"},"thumbnailUrl":"https:\/\/cabalgatasbariloche.com.ar\/wp-content\/uploads\/sites\/10\/2025\/08\/4-D-DSC_0435-copia-1.jpg","datePublished":"2025-08-27T15:24:41+00:00","dateModified":"2026-03-31T15:14:45+00:00","breadcrumb":{"@id":"https:\/\/cabalgatasbariloche.com.ar\/experiencias-turisticas\/paquete-promocional-de-3-dias-de-aventura\/#breadcrumb"},"inLanguage":"pt-BR","potentialAction":[{"@type":"ReadAction","target":["https:\/\/cabalgatasbariloche.com.ar\/experiencias-turisticas\/paquete-promocional-de-3-dias-de-aventura\/"]}]},{"@type":"ImageObject","inLanguage":"pt-BR","@id":"https:\/\/cabalgatasbariloche.com.ar\/experiencias-turisticas\/paquete-promocional-de-3-dias-de-aventura\/#primaryimage","url":"https:\/\/cabalgatasbariloche.com.ar\/wp-content\/uploads\/sites\/10\/2025\/08\/4-D-DSC_0435-copia-1.jpg","contentUrl":"https:\/\/cabalgatasbariloche.com.ar\/wp-content\/uploads\/sites\/10\/2025\/08\/4-D-DSC_0435-copia-1.jpg","width":992,"height":1323},{"@type":"BreadcrumbList","@id":"https:\/\/cabalgatasbariloche.com.ar\/experiencias-turisticas\/paquete-promocional-de-3-dias-de-aventura\/#breadcrumb","itemListElement":[{"@type":"ListItem","position":1,"name":"Portada","item":"https:\/\/cabalgatasbariloche.com.ar\/"},{"@type":"ListItem","position":2,"name":"Tienda","item":"https:\/\/cabalgatasbariloche.com.ar\/tienda\/"},{"@type":"ListItem","position":3,"name":"Paquete promocional de 3 d\u00edas de aventura"}]},{"@type":"WebSite","@id":"https:\/\/cabalgatasbariloche.com.ar\/#website","url":"https:\/\/cabalgatasbariloche.com.ar\/","name":"Cavalgadas em Bariloche","description":"Conhecendo a estepe e as montanhas da Patag\u00f4nia","potentialAction":[{"@type":"SearchAction","target":{"@type":"EntryPoint","urlTemplate":"https:\/\/cabalgatasbariloche.com.ar\/?s={search_term_string}"},"query-input":{"@type":"PropertyValueSpecification","valueRequired":true,"valueName":"search_term_string"}}],"inLanguage":"pt-BR"}]},"product_price_amount":"156000.00","product_price_currency":"ARS","og_availability":"instock","product_availability":"instock","product_retailer_item_id":"ADV2025PAPRDE20W5","product_condition":"new"},"_links":{"self":[{"href":"https:\/\/cabalgatasbariloche.com.ar\/pt\/wp-json\/wp\/v2\/product\/100","targetHints":{"allow":["GET"]}}],"collection":[{"href":"https:\/\/cabalgatasbariloche.com.ar\/pt\/wp-json\/wp\/v2\/product"}],"about":[{"href":"https:\/\/cabalgatasbariloche.com.ar\/pt\/wp-json\/wp\/v2\/types\/product"}],"replies":[{"embeddable":true,"href":"https:\/\/cabalgatasbariloche.com.ar\/pt\/wp-json\/wp\/v2\/comments?post=100"}],"wp:featuredmedia":[{"embeddable":true,"href":"https:\/\/cabalgatasbariloche.com.ar\/pt\/wp-json\/wp\/v2\/media\/213"}],"wp:attachment":[{"href":"https:\/\/cabalgatasbariloche.com.ar\/pt\/wp-json\/wp\/v2\/media?parent=100"}],"wp:term":[{"taxonomy":"product_brand","embeddable":true,"href":"https:\/\/cabalgatasbariloche.com.ar\/pt\/wp-json\/wp\/v2\/product_brand?post=100"},{"taxonomy":"product_cat","embeddable":true,"href":"https:\/\/cabalgatasbariloche.com.ar\/pt\/wp-json\/wp\/v2\/product_cat?post=100"},{"taxonomy":"product_tag","embeddable":true,"href":"https:\/\/cabalgatasbariloche.com.ar\/pt\/wp-json\/wp\/v2\/product_tag?post=100"}],"curies":[{"name":"wp","href":"https:\/\/api.w.org\/{rel}","templated":true}]}}