{"id":95,"date":"2025-08-27T12:22:05","date_gmt":"2025-08-27T15:22:05","guid":{"rendered":"https:\/\/cabalgatasbariloche.com.ar\/producto\/descenso-al-extremo-con-chile-sin-traslado\/"},"modified":"2026-04-28T12:44:26","modified_gmt":"2026-04-28T15:44:26","slug":"descenso-al-extremo-con-chile-sin-traslado","status":"publish","type":"product","link":"https:\/\/cabalgatasbariloche.com.ar\/en\/experiencias-turisticas\/descent-to-the-extreme-with-chile-without-transfer\/","title":{"rendered":"Descent to the extreme with Chile No transfer"},"content":{"rendered":"<h2 class=\"ai-optimize-7\">Explore the River on the Border with Chile<\/h2>\n<p class=\"ai-optimize-8 ai-optimize-introduction\">Join us for a <strong>incredible rafting experience<\/strong> that will open the door to the Patagonian nature. In this journey, you will enjoy the splendor of the Manso River, where the rapids of difficulty <strong>3 y 4<\/strong> invite you to overflow with adrenaline until you reach the border with Chile.<\/p>\n<h3 class=\"ai-optimize-9\">Start of the Adventure<\/h3>\n<p class=\"ai-optimize-10\">The day starts at the indicated meeting point. Before starting, our specialized guides will give you the necessary equipment: neoprene, helmet and life jacket, always prioritizing your care.<\/p>\n<h3 class=\"ai-optimize-11\">Navigation on the Manso<\/h3>\n<ul>\n<li class=\"ai-optimize-12\"><strong>Route:<\/strong> An aquatic experience of <strong>10 km<\/strong> in the Manso River, for approximately <strong>2 hours<\/strong>.<\/li>\n<li class=\"ai-optimize-13\"><strong>Excitement:<\/strong> I lived the descent through intense rapids of class <strong>III\/IV<\/strong>.<\/li>\n<li class=\"ai-optimize-14\">Upon arrival at the border with Chile, we coordinate the return to the starting point.<\/li>\n<\/ul>\n<h3 class=\"ai-optimize-15\">Gastronomic Proposals<\/h3>\n<p class=\"ai-optimize-16\">At the end of the rafting, you have the possibility to have lunch at the rafting lodge. Lunch is not included in the rate, but we have a lunch menu of <strong>barbecue<\/strong>, <strong>pasta<\/strong> or salad, each at a separate cost.<\/p>\n<h3 class=\"ai-optimize-17\">Tips for those who participate<\/h3>\n<ul>\n<li class=\"ai-optimize-18\">Activity designed for <strong>youth and adults<\/strong> from the <strong>14 years<\/strong>.<\/li>\n<li class=\"ai-optimize-19\">We suggest you bring a <strong>towel<\/strong> and spare clothing for comfort after the adventure.<\/li>\n<\/ul>\n<h3 class=\"ai-optimize-20\">Details for Modality without Transfer<\/h3>\n<p class=\"ai-optimize-21\">If you select the modality without transfer, the meeting point is the parador, at the <strong data-start=\"372\" data-end=\"389\">Villegas Base<\/strong>, on the <strong data-start=\"400\" data-end=\"417\">Route 83, Km 1, San Carlos de Bariloche, R\u00edo Negro.\u00a0<\/strong>.<br data-start=\"418\" data-end=\"421\" \/>\ud83d\udccdFind it on Google Maps: <a class=\"\" href=\"https:\/\/maps.app.goo.gl\/NqbsUN6VB5Fnt7hVA\" target=\"_new\" rel=\"noopener\" data-start=\"449\" data-end=\"535\">https:\/\/maps.app.goo.gl\/NqbsUN6VB5Fnt7hVA<\/a><\/p>\n<h3 class=\"ai-optimize-22\">Key Information<\/h3>\n<ul>\n<li class=\"ai-optimize-23\"><strong>Duration:<\/strong> From <strong>9:00 to 18:00 hs.<\/strong> approximately.<\/li>\n<li class=\"ai-optimize-24\"><strong>Includes:<\/strong> Rafting outing and equipment (neoprene, vest, waterproof jacket, neoprene boots, paddle and helmet).<\/li>\n<li class=\"ai-optimize-25\"><strong>Does not include:<\/strong> Transfers, lodging search, breakfast and lunch.<\/li>\n<\/ul>\n<h2 class=\"ai-optimize-26\">Frequently Asked Questions<\/h2>\n<ul>\n<li class=\"ai-optimize-27\"><strong>What is the minimum age to participate?<\/strong><br \/>\nThe proposal is reserved for those over 14 years of age.<\/li>\n<li class=\"ai-optimize-28\"><strong>What type of equipment is provided?<\/strong><br \/>\nWe give you neoprene, life jacket, helmet, boots and paddle.<\/li>\n<li class=\"ai-optimize-29\"><strong>Is lunch included in the price?<\/strong><br \/>\nNo, lunch is paid separately; although you can request several options at additional cost.<\/li>\n<li class=\"ai-optimize-30\"><strong>Where is the meeting point?<\/strong><br \/>\nIf you go without a transfer, the appointment is in the <strong data-start=\"372\" data-end=\"389\">Villegas Base<\/strong>, located on the <strong data-start=\"400\" data-end=\"417\">Route 83, Km 1, San Carlos de Bariloche, R\u00edo Negro.<br \/>\nYou can find it on Google Maps: <a class=\"\" href=\"https:\/\/maps.app.goo.gl\/NqbsUN6VB5Fnt7hVA\" target=\"_new\" rel=\"noopener\" data-start=\"449\" data-end=\"535\">https:\/\/maps.app.goo.gl\/NqbsUN6VB5Fnt7hVA<\/a><br \/>\n<\/strong><\/li>\n<\/ul>\n<p class=\"ai-optimize-23\"><strong>Important Notice<\/strong>This tour is currently available and has departures until April 30, according to the operating calendar.<\/p>","protected":false},"excerpt":{"rendered":"<p class=\"ai-optimize-6\">Enjoy the adventure of paddling the Manso River without worrying about transfers. Plunge into class III\/IV rapids and savor a varied breakfast. Perfect for ages 14 and up, this experience offers thrills and breathtaking scenery.<\/p>","protected":false},"featured_media":237,"comment_status":"open","ping_status":"closed","template":"","meta":[],"product_brand":[],"product_cat":[50,52,55,62,63,65,66,71],"product_tag":[],"class_list":{"0":"post-95","1":"product","2":"type-product","3":"status-publish","4":"has-post-thumbnail","6":"product_cat-adultos","7":"product_cat-aventura","8":"product_cat-familia","9":"product_cat-otono","10":"product_cat-primavera","11":"product_cat-sin-comida","12":"product_cat-sin-traslado","13":"product_cat-verano","15":"first","16":"instock","17":"virtual","18":"sold-individually","19":"purchasable","20":"product-type-booking"},"booking_location":"","booking_location_type":"","booking_duration":1,"booking_duration_unit":"hour","booking_buffer":0,"booking_cost":0,"booking_resources":[],"exclude_global_add_ons":false,"addons":[{"name":"ADU | Adult","type":"input_multiplier","position":0,"required":false,"title_format":"label","default":"","description_enable":false,"description":"","placeholder_enable":false,"placeholder":"","display":"select","restrictions_type":"any_text","adjust_price":true,"price":"140400","price_type":"quantity_based","restrictions":false,"min":"0","max":"0","options":[],"id":1773236380},{"name":"EXTRA | Companion","type":"input_multiplier","position":1,"required":false,"title_format":"label","default":"","description_enable":false,"description":"","placeholder_enable":false,"placeholder":"","display":"select","restrictions_type":"any_text","adjust_price":true,"price":"70200","price_type":"quantity_based","restrictions":false,"min":"0","max":"0","options":[],"id":1773236381},{"name":"MEN1418 | from 14 to 18","type":"input_multiplier","position":2,"required":false,"title_format":"label","default":"","description_enable":false,"description":"","placeholder_enable":false,"placeholder":"","display":"select","restrictions_type":"any_text","adjust_price":true,"price":"140400","price_type":"quantity_based","restrictions":false,"min":"0","max":"0","options":[],"id":1773236382}],"yoast_head":"<!-- This site is optimized with the Yoast SEO Premium plugin v25.2 (Yoast SEO v25.2) - https:\/\/yoast.com\/wordpress\/plugins\/seo\/ -->\n<title>Descenso al extremo con Chile Sin traslado - Cabalgatas Bariloche<\/title>\n<meta name=\"description\" content=\"Viv\u00ed la experiencia de rafting en Bariloche hasta la frontera con Chile. R\u00e1pidos grado III y IV, gu\u00edas expertos y pura adrenalina en la Patagonia.\" \/>\n<meta name=\"robots\" content=\"index, follow, max-snippet:-1, max-image-preview:large, max-video-preview:-1\" \/>\n<link rel=\"canonical\" href=\"https:\/\/cabalgatasbariloche.com.ar\/en\/experiencias-turisticas\/descent-to-the-extreme-with-chile-without-transfer\/\" \/>\n<meta property=\"og:locale\" content=\"en_US\" \/>\n<meta property=\"og:type\" content=\"article\" \/>\n<meta property=\"og:title\" content=\"Descenso al extremo con Chile Sin traslado\" \/>\n<meta property=\"og:description\" content=\"Viv\u00ed la experiencia de rafting en Bariloche hasta la frontera con Chile. R\u00e1pidos grado III y IV, gu\u00edas expertos y pura adrenalina en la Patagonia.\" \/>\n<meta property=\"og:url\" content=\"https:\/\/cabalgatasbariloche.com.ar\/en\/experiencias-turisticas\/descent-to-the-extreme-with-chile-without-transfer\/\" \/>\n<meta property=\"og:site_name\" content=\"Cabalgatas Bariloche\" \/>\n<meta property=\"article:modified_time\" content=\"2026-04-28T15:44:26+00:00\" \/>\n<meta property=\"og:image\" content=\"https:\/\/cabalgatasbariloche.com.ar\/wp-content\/uploads\/sites\/10\/2025\/08\/4-D-RaftingAlLimiteconChile_image7_1140_1601674682-copia.jpg\" \/>\n\t<meta property=\"og:image:width\" content=\"992\" \/>\n\t<meta property=\"og:image:height\" content=\"1323\" \/>\n\t<meta property=\"og:image:type\" content=\"image\/jpeg\" \/>\n<meta name=\"twitter:card\" content=\"summary_large_image\" \/>\n<meta name=\"twitter:label1\" content=\"Price\" \/>\n\t<meta name=\"twitter:data1\" content=\"&#036;140,400.00\" \/>\n\t<meta name=\"twitter:label2\" content=\"Availability\" \/>\n\t<meta name=\"twitter:data2\" content=\"In stock\" \/>\n<script type=\"application\/ld+json\" class=\"yoast-schema-graph\">{\"@context\":\"https:\/\/schema.org\",\"@graph\":[{\"@type\":[\"WebPage\",\"ItemPage\"],\"@id\":\"https:\/\/cabalgatasbariloche.com.ar\/experiencias-turisticas\/descenso-al-extremo-con-chile-sin-traslado\/\",\"url\":\"https:\/\/cabalgatasbariloche.com.ar\/experiencias-turisticas\/descenso-al-extremo-con-chile-sin-traslado\/\",\"name\":\"Descenso al extremo con Chile Sin traslado - Cabalgatas Bariloche\",\"isPartOf\":{\"@id\":\"https:\/\/cabalgatasbariloche.com.ar\/#website\"},\"primaryImageOfPage\":{\"@id\":\"https:\/\/cabalgatasbariloche.com.ar\/experiencias-turisticas\/descenso-al-extremo-con-chile-sin-traslado\/#primaryimage\"},\"image\":{\"@id\":\"https:\/\/cabalgatasbariloche.com.ar\/experiencias-turisticas\/descenso-al-extremo-con-chile-sin-traslado\/#primaryimage\"},\"thumbnailUrl\":\"https:\/\/cabalgatasbariloche.com.ar\/wp-content\/uploads\/sites\/10\/2025\/08\/4-D-RaftingAlLimiteconChile_image7_1140_1601674682-copia.jpg\",\"datePublished\":\"2025-08-27T15:22:05+00:00\",\"dateModified\":\"2026-04-28T15:44:26+00:00\",\"description\":\"Viv\u00ed la experiencia de rafting en Bariloche hasta la frontera con Chile. R\u00e1pidos grado III y IV, gu\u00edas expertos y pura adrenalina en la Patagonia.\",\"breadcrumb\":{\"@id\":\"https:\/\/cabalgatasbariloche.com.ar\/experiencias-turisticas\/descenso-al-extremo-con-chile-sin-traslado\/#breadcrumb\"},\"inLanguage\":\"en-US\",\"potentialAction\":[{\"@type\":\"ReadAction\",\"target\":[\"https:\/\/cabalgatasbariloche.com.ar\/experiencias-turisticas\/descenso-al-extremo-con-chile-sin-traslado\/\"]}]},{\"@type\":\"ImageObject\",\"inLanguage\":\"en-US\",\"@id\":\"https:\/\/cabalgatasbariloche.com.ar\/experiencias-turisticas\/descenso-al-extremo-con-chile-sin-traslado\/#primaryimage\",\"url\":\"https:\/\/cabalgatasbariloche.com.ar\/wp-content\/uploads\/sites\/10\/2025\/08\/4-D-RaftingAlLimiteconChile_image7_1140_1601674682-copia.jpg\",\"contentUrl\":\"https:\/\/cabalgatasbariloche.com.ar\/wp-content\/uploads\/sites\/10\/2025\/08\/4-D-RaftingAlLimiteconChile_image7_1140_1601674682-copia.jpg\",\"width\":992,\"height\":1323},{\"@type\":\"BreadcrumbList\",\"@id\":\"https:\/\/cabalgatasbariloche.com.ar\/experiencias-turisticas\/descenso-al-extremo-con-chile-sin-traslado\/#breadcrumb\",\"itemListElement\":[{\"@type\":\"ListItem\",\"position\":1,\"name\":\"Portada\",\"item\":\"https:\/\/cabalgatasbariloche.com.ar\/\"},{\"@type\":\"ListItem\",\"position\":2,\"name\":\"Tienda\",\"item\":\"https:\/\/cabalgatasbariloche.com.ar\/tienda\/\"},{\"@type\":\"ListItem\",\"position\":3,\"name\":\"Descenso al extremo con Chile Sin traslado\"}]},{\"@type\":\"WebSite\",\"@id\":\"https:\/\/cabalgatasbariloche.com.ar\/#website\",\"url\":\"https:\/\/cabalgatasbariloche.com.ar\/\",\"name\":\"Cabalgatas Bariloche\",\"description\":\"Conocer la estepa y cerros patagonicos\",\"potentialAction\":[{\"@type\":\"SearchAction\",\"target\":{\"@type\":\"EntryPoint\",\"urlTemplate\":\"https:\/\/cabalgatasbariloche.com.ar\/?s={search_term_string}\"},\"query-input\":{\"@type\":\"PropertyValueSpecification\",\"valueRequired\":true,\"valueName\":\"search_term_string\"}}],\"inLanguage\":\"en-US\"}]}<\/script>\n<meta property=\"product:price:amount\" content=\"140400.00\" \/>\n<meta property=\"product:price:currency\" content=\"ARS\" \/>\n<meta property=\"og:availability\" content=\"instock\" \/>\n<meta property=\"product:availability\" content=\"instock\" \/>\n<meta property=\"product:retailer_item_id\" content=\"ADV2025RAALL\u00cd530P\" \/>\n<meta property=\"product:condition\" content=\"new\" \/>\n<!-- \/ Yoast SEO Premium plugin. -->","yoast_head_json":{"title":"Descent to the extreme with Chile Without transfer - Horseback Riding Bariloche","description":"Live the experience of rafting in Bariloche to the border with Chile. Grade III and IV rapids, expert guides and pure adrenaline in Patagonia.","robots":{"index":"index","follow":"follow","max-snippet":"max-snippet:-1","max-image-preview":"max-image-preview:large","max-video-preview":"max-video-preview:-1"},"canonical":"https:\/\/cabalgatasbariloche.com.ar\/en\/experiencias-turisticas\/descent-to-the-extreme-with-chile-without-transfer\/","og_locale":"en_US","og_type":"article","og_title":"Descenso al extremo con Chile Sin traslado","og_description":"Viv\u00ed la experiencia de rafting en Bariloche hasta la frontera con Chile. R\u00e1pidos grado III y IV, gu\u00edas expertos y pura adrenalina en la Patagonia.","og_url":"https:\/\/cabalgatasbariloche.com.ar\/en\/experiencias-turisticas\/descent-to-the-extreme-with-chile-without-transfer\/","og_site_name":"Cabalgatas Bariloche","article_modified_time":"2026-04-28T15:44:26+00:00","og_image":[{"width":992,"height":1323,"url":"https:\/\/cabalgatasbariloche.com.ar\/wp-content\/uploads\/sites\/10\/2025\/08\/4-D-RaftingAlLimiteconChile_image7_1140_1601674682-copia.jpg","type":"image\/jpeg"}],"twitter_card":"summary_large_image","twitter_misc":{"Price":"&#36;140,400.00","Availability":"In stock"},"schema":{"@context":"https:\/\/schema.org","@graph":[{"@type":["WebPage","ItemPage"],"@id":"https:\/\/cabalgatasbariloche.com.ar\/experiencias-turisticas\/descenso-al-extremo-con-chile-sin-traslado\/","url":"https:\/\/cabalgatasbariloche.com.ar\/experiencias-turisticas\/descenso-al-extremo-con-chile-sin-traslado\/","name":"Descent to the extreme with Chile Without transfer - Horseback Riding Bariloche","isPartOf":{"@id":"https:\/\/cabalgatasbariloche.com.ar\/#website"},"primaryImageOfPage":{"@id":"https:\/\/cabalgatasbariloche.com.ar\/experiencias-turisticas\/descenso-al-extremo-con-chile-sin-traslado\/#primaryimage"},"image":{"@id":"https:\/\/cabalgatasbariloche.com.ar\/experiencias-turisticas\/descenso-al-extremo-con-chile-sin-traslado\/#primaryimage"},"thumbnailUrl":"https:\/\/cabalgatasbariloche.com.ar\/wp-content\/uploads\/sites\/10\/2025\/08\/4-D-RaftingAlLimiteconChile_image7_1140_1601674682-copia.jpg","datePublished":"2025-08-27T15:22:05+00:00","dateModified":"2026-04-28T15:44:26+00:00","description":"Live the experience of rafting in Bariloche to the border with Chile. Grade III and IV rapids, expert guides and pure adrenaline in Patagonia.","breadcrumb":{"@id":"https:\/\/cabalgatasbariloche.com.ar\/experiencias-turisticas\/descenso-al-extremo-con-chile-sin-traslado\/#breadcrumb"},"inLanguage":"en-US","potentialAction":[{"@type":"ReadAction","target":["https:\/\/cabalgatasbariloche.com.ar\/experiencias-turisticas\/descenso-al-extremo-con-chile-sin-traslado\/"]}]},{"@type":"ImageObject","inLanguage":"en-US","@id":"https:\/\/cabalgatasbariloche.com.ar\/experiencias-turisticas\/descenso-al-extremo-con-chile-sin-traslado\/#primaryimage","url":"https:\/\/cabalgatasbariloche.com.ar\/wp-content\/uploads\/sites\/10\/2025\/08\/4-D-RaftingAlLimiteconChile_image7_1140_1601674682-copia.jpg","contentUrl":"https:\/\/cabalgatasbariloche.com.ar\/wp-content\/uploads\/sites\/10\/2025\/08\/4-D-RaftingAlLimiteconChile_image7_1140_1601674682-copia.jpg","width":992,"height":1323},{"@type":"BreadcrumbList","@id":"https:\/\/cabalgatasbariloche.com.ar\/experiencias-turisticas\/descenso-al-extremo-con-chile-sin-traslado\/#breadcrumb","itemListElement":[{"@type":"ListItem","position":1,"name":"Portada","item":"https:\/\/cabalgatasbariloche.com.ar\/"},{"@type":"ListItem","position":2,"name":"Tienda","item":"https:\/\/cabalgatasbariloche.com.ar\/tienda\/"},{"@type":"ListItem","position":3,"name":"Descenso al extremo con Chile Sin traslado"}]},{"@type":"WebSite","@id":"https:\/\/cabalgatasbariloche.com.ar\/#website","url":"https:\/\/cabalgatasbariloche.com.ar\/","name":"Horseback Riding Bariloche","description":"To know the steppe and the Patagonian hills.","potentialAction":[{"@type":"SearchAction","target":{"@type":"EntryPoint","urlTemplate":"https:\/\/cabalgatasbariloche.com.ar\/?s={search_term_string}"},"query-input":{"@type":"PropertyValueSpecification","valueRequired":true,"valueName":"search_term_string"}}],"inLanguage":"en-US"}]},"product_price_amount":"140400.00","product_price_currency":"ARS","og_availability":"instock","product_availability":"instock","product_retailer_item_id":"ADV2025RAALL\u00cd530P","product_condition":"new"},"_links":{"self":[{"href":"https:\/\/cabalgatasbariloche.com.ar\/en\/wp-json\/wp\/v2\/product\/95","targetHints":{"allow":["GET"]}}],"collection":[{"href":"https:\/\/cabalgatasbariloche.com.ar\/en\/wp-json\/wp\/v2\/product"}],"about":[{"href":"https:\/\/cabalgatasbariloche.com.ar\/en\/wp-json\/wp\/v2\/types\/product"}],"replies":[{"embeddable":true,"href":"https:\/\/cabalgatasbariloche.com.ar\/en\/wp-json\/wp\/v2\/comments?post=95"}],"wp:featuredmedia":[{"embeddable":true,"href":"https:\/\/cabalgatasbariloche.com.ar\/en\/wp-json\/wp\/v2\/media\/237"}],"wp:attachment":[{"href":"https:\/\/cabalgatasbariloche.com.ar\/en\/wp-json\/wp\/v2\/media?parent=95"}],"wp:term":[{"taxonomy":"product_brand","embeddable":true,"href":"https:\/\/cabalgatasbariloche.com.ar\/en\/wp-json\/wp\/v2\/product_brand?post=95"},{"taxonomy":"product_cat","embeddable":true,"href":"https:\/\/cabalgatasbariloche.com.ar\/en\/wp-json\/wp\/v2\/product_cat?post=95"},{"taxonomy":"product_tag","embeddable":true,"href":"https:\/\/cabalgatasbariloche.com.ar\/en\/wp-json\/wp\/v2\/product_tag?post=95"}],"curies":[{"name":"wp","href":"https:\/\/api.w.org\/{rel}","templated":true}]}}