{"id":93,"date":"2025-08-27T12:20:58","date_gmt":"2025-08-27T15:20:58","guid":{"rendered":"https:\/\/cabalgatasbariloche.com.ar\/producto\/descenso-suave-en-el-rio-manso-sin-traslado\/"},"modified":"2026-04-28T12:45:54","modified_gmt":"2026-04-28T15:45:54","slug":"descenso-suave-en-el-rio-manso-sin-traslado","status":"publish","type":"product","link":"https:\/\/cabalgatasbariloche.com.ar\/en\/experiencias-turisticas\/gentle-descent-on-the-manso-river-without-transfer\/","title":{"rendered":"Gentle Descent on the Manso River without Transfer"},"content":{"rendered":"<h2 class=\"ai-optimize-8\">Family Adventure on the Manso River<\/h2>\n<p class=\"ai-optimize-9 ai-optimize-introduction\">Live a different experience with our proposal of <strong>light rafting on the Manso River<\/strong>, specially prepared to share with the family. This water activity is designed to be safe and accessible, ideal for children from 5 years old and up. The calm rapids of level 1 and 2 offer fun in a well-kept environment, perfect for those who are trying rafting for the first time or wish to connect with nature in a calm environment.<\/p>\n<h3 class=\"ai-optimize-10\">Activity Information<\/h3>\n<ul>\n<li class=\"ai-optimize-11\"><strong>Duration:<\/strong> Approximately 90 minutes full of adventure and entertainment.<\/li>\n<li class=\"ai-optimize-12\"><strong>Route:<\/strong> Enjoy 40 km between unique landscapes and gentle rapids that guarantee memorable memories.<\/li>\n<li class=\"ai-optimize-13\"><strong>Equipment provided:<\/strong> Includes all safety equipment: wetsuit, helmet and life jacket.<\/li>\n<\/ul>\n<h3 class=\"ai-optimize-14\">Beginning of the Tour<\/h3>\n<p class=\"ai-optimize-15\">Upon arrival at the meeting point, the specialized staff will receive you with a warm welcome, offering a brief and clear introduction about the handling of the raft. The proposal is designed for you to live the experience regardless of your previous experience.<\/p>\n<h3 class=\"ai-optimize-16\">Suggestions<\/h3>\n<p class=\"ai-optimize-17\">Don't forget to bring:<\/p>\n<ul>\n<li class=\"ai-optimize-18\">Individual towel.<\/li>\n<li class=\"ai-optimize-19\">Dry clothes to change after the activity.<\/li>\n<li class=\"ai-optimize-20\">Comfortable shoes that you can get wet without any problem.<\/li>\n<\/ul>\n<h3 class=\"ai-optimize-21\">Independent Access<\/h3>\n<p class=\"ai-optimize-22\">For those who choose to go without transportation included, the first meeting is at the <strong>Villegas Base <\/strong>in the<strong> Route 83 Km 1.<\/strong> <a class=\"theme markdown__link\" href=\"https:\/\/maps.app.goo.gl\/NqbsUN6VB5Fnt7hVA\" target=\"_blank\" rel=\"noopener noreferrer\">https:\/\/maps.app.goo.gl\/NqbsUN6VB5Fnt7hVA<\/a> this is the link to the location of the parador.<\/p>\n<h3 class=\"ai-optimize-23\">What's Included and What's Not<\/h3>\n<ul>\n<li class=\"ai-optimize-24\"><strong>Includes:<\/strong> Rafting activity and all the necessary equipment: wetsuit, life jacket, dry jacket, neoprene boots, paddles and protective helmet.<\/li>\n<li class=\"ai-optimize-25\"><strong>Does not include:<\/strong> Transportation and meals (lunch, snack or breakfast).<\/li>\n<\/ul>\n<h3 class=\"ai-optimize-26\">Activity Schedule<\/h3>\n<p class=\"ai-optimize-27\">The rafting excursion takes place from <strong>13:00 to 19:00 hs<\/strong>.<\/p>\n<h2 class=\"ai-optimize-28\">Frequently Asked Questions<\/h2>\n<h3 class=\"ai-optimize-29\">How is it organized if I choose the option without transfer?<\/h3>\n<p class=\"ai-optimize-30\" data-pm-slice=\"1 1 []\">In case you choose the modality without transfer, you have to show up at our stop where the rafting trip starts, in the <strong>Villegas Base Route 83 Km 1.<\/strong><\/p>\n<h3 class=\"ai-optimize-31\">Is it possible to include someone who will not participate in the rafting?<\/h3>\n<p class=\"ai-optimize-32\">Of course, you can be accompanied; the accompanying person will only have to pay the <strong>50% of cost<\/strong> of the experience.<\/p>\n<p class=\"ai-optimize-23\"><strong>Important Notice<\/strong>This tour is currently available and has departures until April 30, according to the operating calendar.<\/p>","protected":false},"excerpt":{"rendered":"<h2 class=\"ai-optimize-6\">Live the Rafting Experience in the Manso River<\/h2>\n<p class=\"ai-optimize-7\">Enjoy a memorable day with our light rafting proposal on the Manso River, perfect for family groups and children from 5 years old. Experience the calm and the natural charm while you navigate class 1 and 2 rapids. Also, if you arrive in your vehicle, we will meet you at the YPF-ACA station. Get ready for adventure!<\/p>","protected":false},"featured_media":252,"comment_status":"open","ping_status":"closed","template":"","meta":[],"product_brand":[],"product_cat":[50,52,55,58,61,65,66,70],"product_tag":[],"class_list":{"0":"post-93","1":"product","2":"type-product","3":"status-publish","4":"has-post-thumbnail","6":"product_cat-adultos","7":"product_cat-aventura","8":"product_cat-familia","9":"product_cat-jubilados","10":"product_cat-ninos","11":"product_cat-sin-comida","12":"product_cat-sin-traslado","13":"product_cat-todo-el-ano","15":"first","16":"instock","17":"virtual","18":"sold-individually","19":"purchasable","20":"product-type-booking"},"booking_location":"","booking_location_type":"","booking_duration":1,"booking_duration_unit":"hour","booking_buffer":0,"booking_cost":0,"booking_resources":[],"exclude_global_add_ons":false,"addons":[{"name":"ADU | Adult","type":"input_multiplier","position":0,"required":false,"title_format":"label","default":"","description_enable":false,"description":"","placeholder_enable":false,"placeholder":"","display":"select","restrictions_type":"any_text","adjust_price":true,"price":"75000","price_type":"quantity_based","restrictions":false,"min":"0","max":"0","options":[],"id":1773079069},{"name":"EXTRA | Companion","type":"input_multiplier","position":1,"required":false,"title_format":"label","default":"","description_enable":false,"description":"","placeholder_enable":false,"placeholder":"","display":"select","restrictions_type":"any_text","adjust_price":true,"price":"37500","price_type":"quantity_based","restrictions":false,"min":"0","max":"0","options":[],"id":1773079070},{"name":"MEN512 | from 5 to 12","type":"input_multiplier","position":2,"required":false,"title_format":"label","default":"","description_enable":false,"description":"","placeholder_enable":false,"placeholder":"","display":"select","restrictions_type":"any_text","adjust_price":true,"price":"75000","price_type":"quantity_based","restrictions":false,"min":"0","max":"0","options":[],"id":1773079071}],"yoast_head":"<!-- This site is optimized with the Yoast SEO Premium plugin v25.2 (Yoast SEO v25.2) - https:\/\/yoast.com\/wordpress\/plugins\/seo\/ -->\n<title>Descenso Suave en el R\u00edo Manso sin Traslado - Cabalgatas Bariloche<\/title>\n<meta name=\"description\" content=\"Viv\u00ed la experiencia de rafting en el R\u00edo Manso sin traslado desde Bariloche. Una aventura tranquila entre paisajes naturales \u00fanicos, ideal para familias.\" \/>\n<meta name=\"robots\" content=\"index, follow, max-snippet:-1, max-image-preview:large, max-video-preview:-1\" \/>\n<link rel=\"canonical\" href=\"https:\/\/cabalgatasbariloche.com.ar\/en\/experiencias-turisticas\/gentle-descent-on-the-manso-river-without-transfer\/\" \/>\n<meta property=\"og:locale\" content=\"en_US\" \/>\n<meta property=\"og:type\" content=\"article\" \/>\n<meta property=\"og:title\" content=\"Descenso Suave en el R\u00edo Manso sin Traslado\" \/>\n<meta property=\"og:description\" content=\"Viv\u00ed la experiencia de rafting en el R\u00edo Manso sin traslado desde Bariloche. Una aventura tranquila entre paisajes naturales \u00fanicos, ideal para familias.\" \/>\n<meta property=\"og:url\" content=\"https:\/\/cabalgatasbariloche.com.ar\/en\/experiencias-turisticas\/gentle-descent-on-the-manso-river-without-transfer\/\" \/>\n<meta property=\"og:site_name\" content=\"Cabalgatas Bariloche\" \/>\n<meta property=\"article:modified_time\" content=\"2026-04-28T15:45:54+00:00\" \/>\n<meta property=\"og:image\" content=\"https:\/\/cabalgatasbariloche.com.ar\/wp-content\/uploads\/sites\/10\/2025\/08\/2-A-rafting-light-1-2-1-scaled.jpg\" \/>\n\t<meta property=\"og:image:width\" content=\"1920\" \/>\n\t<meta property=\"og:image:height\" content=\"2560\" \/>\n\t<meta property=\"og:image:type\" content=\"image\/jpeg\" \/>\n<meta name=\"twitter:card\" content=\"summary_large_image\" \/>\n<meta name=\"twitter:label1\" content=\"Price\" \/>\n\t<meta name=\"twitter:data1\" content=\"&#036;75,000.00\" \/>\n\t<meta name=\"twitter:label2\" content=\"Availability\" \/>\n\t<meta name=\"twitter:data2\" content=\"In stock\" \/>\n<script type=\"application\/ld+json\" class=\"yoast-schema-graph\">{\"@context\":\"https:\/\/schema.org\",\"@graph\":[{\"@type\":[\"WebPage\",\"ItemPage\"],\"@id\":\"https:\/\/cabalgatasbariloche.com.ar\/experiencias-turisticas\/descenso-suave-en-el-rio-manso-sin-traslado\/\",\"url\":\"https:\/\/cabalgatasbariloche.com.ar\/experiencias-turisticas\/descenso-suave-en-el-rio-manso-sin-traslado\/\",\"name\":\"Descenso Suave en el R\u00edo Manso sin Traslado - Cabalgatas Bariloche\",\"isPartOf\":{\"@id\":\"https:\/\/cabalgatasbariloche.com.ar\/#website\"},\"primaryImageOfPage\":{\"@id\":\"https:\/\/cabalgatasbariloche.com.ar\/experiencias-turisticas\/descenso-suave-en-el-rio-manso-sin-traslado\/#primaryimage\"},\"image\":{\"@id\":\"https:\/\/cabalgatasbariloche.com.ar\/experiencias-turisticas\/descenso-suave-en-el-rio-manso-sin-traslado\/#primaryimage\"},\"thumbnailUrl\":\"https:\/\/cabalgatasbariloche.com.ar\/wp-content\/uploads\/sites\/10\/2025\/08\/2-A-rafting-light-1-2-1-scaled.jpg\",\"datePublished\":\"2025-08-27T15:20:58+00:00\",\"dateModified\":\"2026-04-28T15:45:54+00:00\",\"description\":\"Viv\u00ed la experiencia de rafting en el R\u00edo Manso sin traslado desde Bariloche. Una aventura tranquila entre paisajes naturales \u00fanicos, ideal para familias.\",\"breadcrumb\":{\"@id\":\"https:\/\/cabalgatasbariloche.com.ar\/experiencias-turisticas\/descenso-suave-en-el-rio-manso-sin-traslado\/#breadcrumb\"},\"inLanguage\":\"en-US\",\"potentialAction\":[{\"@type\":\"ReadAction\",\"target\":[\"https:\/\/cabalgatasbariloche.com.ar\/experiencias-turisticas\/descenso-suave-en-el-rio-manso-sin-traslado\/\"]}]},{\"@type\":\"ImageObject\",\"inLanguage\":\"en-US\",\"@id\":\"https:\/\/cabalgatasbariloche.com.ar\/experiencias-turisticas\/descenso-suave-en-el-rio-manso-sin-traslado\/#primaryimage\",\"url\":\"https:\/\/cabalgatasbariloche.com.ar\/wp-content\/uploads\/sites\/10\/2025\/08\/2-A-rafting-light-1-2-1-scaled.jpg\",\"contentUrl\":\"https:\/\/cabalgatasbariloche.com.ar\/wp-content\/uploads\/sites\/10\/2025\/08\/2-A-rafting-light-1-2-1-scaled.jpg\",\"width\":1920,\"height\":2560},{\"@type\":\"BreadcrumbList\",\"@id\":\"https:\/\/cabalgatasbariloche.com.ar\/experiencias-turisticas\/descenso-suave-en-el-rio-manso-sin-traslado\/#breadcrumb\",\"itemListElement\":[{\"@type\":\"ListItem\",\"position\":1,\"name\":\"Portada\",\"item\":\"https:\/\/cabalgatasbariloche.com.ar\/\"},{\"@type\":\"ListItem\",\"position\":2,\"name\":\"Tienda\",\"item\":\"https:\/\/cabalgatasbariloche.com.ar\/tienda\/\"},{\"@type\":\"ListItem\",\"position\":3,\"name\":\"Descenso Suave en el R\u00edo Manso sin Traslado\"}]},{\"@type\":\"WebSite\",\"@id\":\"https:\/\/cabalgatasbariloche.com.ar\/#website\",\"url\":\"https:\/\/cabalgatasbariloche.com.ar\/\",\"name\":\"Cabalgatas Bariloche\",\"description\":\"Conocer la estepa y cerros patagonicos\",\"potentialAction\":[{\"@type\":\"SearchAction\",\"target\":{\"@type\":\"EntryPoint\",\"urlTemplate\":\"https:\/\/cabalgatasbariloche.com.ar\/?s={search_term_string}\"},\"query-input\":{\"@type\":\"PropertyValueSpecification\",\"valueRequired\":true,\"valueName\":\"search_term_string\"}}],\"inLanguage\":\"en-US\"}]}<\/script>\n<meta property=\"product:price:amount\" content=\"75000.00\" \/>\n<meta property=\"product:price:currency\" content=\"ARS\" \/>\n<meta property=\"og:availability\" content=\"instock\" \/>\n<meta property=\"product:availability\" content=\"instock\" \/>\n<meta property=\"product:retailer_item_id\" content=\"ADV2025RALIENTUFA\" \/>\n<meta property=\"product:condition\" content=\"new\" \/>\n<!-- \/ Yoast SEO Premium plugin. -->","yoast_head_json":{"title":"Gentle Descent on the Manso River without Transfer - Horseback Riding Bariloche","description":"Live the experience of rafting on the Manso River without transfer from Bariloche. A quiet adventure among unique natural landscapes, ideal for families.","robots":{"index":"index","follow":"follow","max-snippet":"max-snippet:-1","max-image-preview":"max-image-preview:large","max-video-preview":"max-video-preview:-1"},"canonical":"https:\/\/cabalgatasbariloche.com.ar\/en\/experiencias-turisticas\/gentle-descent-on-the-manso-river-without-transfer\/","og_locale":"en_US","og_type":"article","og_title":"Descenso Suave en el R\u00edo Manso sin Traslado","og_description":"Viv\u00ed la experiencia de rafting en el R\u00edo Manso sin traslado desde Bariloche. Una aventura tranquila entre paisajes naturales \u00fanicos, ideal para familias.","og_url":"https:\/\/cabalgatasbariloche.com.ar\/en\/experiencias-turisticas\/gentle-descent-on-the-manso-river-without-transfer\/","og_site_name":"Cabalgatas Bariloche","article_modified_time":"2026-04-28T15:45:54+00:00","og_image":[{"width":1920,"height":2560,"url":"https:\/\/cabalgatasbariloche.com.ar\/wp-content\/uploads\/sites\/10\/2025\/08\/2-A-rafting-light-1-2-1-scaled.jpg","type":"image\/jpeg"}],"twitter_card":"summary_large_image","twitter_misc":{"Price":"&#36;75,000.00","Availability":"In stock"},"schema":{"@context":"https:\/\/schema.org","@graph":[{"@type":["WebPage","ItemPage"],"@id":"https:\/\/cabalgatasbariloche.com.ar\/experiencias-turisticas\/descenso-suave-en-el-rio-manso-sin-traslado\/","url":"https:\/\/cabalgatasbariloche.com.ar\/experiencias-turisticas\/descenso-suave-en-el-rio-manso-sin-traslado\/","name":"Gentle Descent on the Manso River without Transfer - Horseback Riding Bariloche","isPartOf":{"@id":"https:\/\/cabalgatasbariloche.com.ar\/#website"},"primaryImageOfPage":{"@id":"https:\/\/cabalgatasbariloche.com.ar\/experiencias-turisticas\/descenso-suave-en-el-rio-manso-sin-traslado\/#primaryimage"},"image":{"@id":"https:\/\/cabalgatasbariloche.com.ar\/experiencias-turisticas\/descenso-suave-en-el-rio-manso-sin-traslado\/#primaryimage"},"thumbnailUrl":"https:\/\/cabalgatasbariloche.com.ar\/wp-content\/uploads\/sites\/10\/2025\/08\/2-A-rafting-light-1-2-1-scaled.jpg","datePublished":"2025-08-27T15:20:58+00:00","dateModified":"2026-04-28T15:45:54+00:00","description":"Live the experience of rafting on the Manso River without transfer from Bariloche. A quiet adventure among unique natural landscapes, ideal for families.","breadcrumb":{"@id":"https:\/\/cabalgatasbariloche.com.ar\/experiencias-turisticas\/descenso-suave-en-el-rio-manso-sin-traslado\/#breadcrumb"},"inLanguage":"en-US","potentialAction":[{"@type":"ReadAction","target":["https:\/\/cabalgatasbariloche.com.ar\/experiencias-turisticas\/descenso-suave-en-el-rio-manso-sin-traslado\/"]}]},{"@type":"ImageObject","inLanguage":"en-US","@id":"https:\/\/cabalgatasbariloche.com.ar\/experiencias-turisticas\/descenso-suave-en-el-rio-manso-sin-traslado\/#primaryimage","url":"https:\/\/cabalgatasbariloche.com.ar\/wp-content\/uploads\/sites\/10\/2025\/08\/2-A-rafting-light-1-2-1-scaled.jpg","contentUrl":"https:\/\/cabalgatasbariloche.com.ar\/wp-content\/uploads\/sites\/10\/2025\/08\/2-A-rafting-light-1-2-1-scaled.jpg","width":1920,"height":2560},{"@type":"BreadcrumbList","@id":"https:\/\/cabalgatasbariloche.com.ar\/experiencias-turisticas\/descenso-suave-en-el-rio-manso-sin-traslado\/#breadcrumb","itemListElement":[{"@type":"ListItem","position":1,"name":"Portada","item":"https:\/\/cabalgatasbariloche.com.ar\/"},{"@type":"ListItem","position":2,"name":"Tienda","item":"https:\/\/cabalgatasbariloche.com.ar\/tienda\/"},{"@type":"ListItem","position":3,"name":"Descenso Suave en el R\u00edo Manso sin Traslado"}]},{"@type":"WebSite","@id":"https:\/\/cabalgatasbariloche.com.ar\/#website","url":"https:\/\/cabalgatasbariloche.com.ar\/","name":"Horseback Riding Bariloche","description":"To know the steppe and the Patagonian hills.","potentialAction":[{"@type":"SearchAction","target":{"@type":"EntryPoint","urlTemplate":"https:\/\/cabalgatasbariloche.com.ar\/?s={search_term_string}"},"query-input":{"@type":"PropertyValueSpecification","valueRequired":true,"valueName":"search_term_string"}}],"inLanguage":"en-US"}]},"product_price_amount":"75000.00","product_price_currency":"ARS","og_availability":"instock","product_availability":"instock","product_retailer_item_id":"ADV2025RALIENTUFA","product_condition":"new"},"_links":{"self":[{"href":"https:\/\/cabalgatasbariloche.com.ar\/en\/wp-json\/wp\/v2\/product\/93","targetHints":{"allow":["GET"]}}],"collection":[{"href":"https:\/\/cabalgatasbariloche.com.ar\/en\/wp-json\/wp\/v2\/product"}],"about":[{"href":"https:\/\/cabalgatasbariloche.com.ar\/en\/wp-json\/wp\/v2\/types\/product"}],"replies":[{"embeddable":true,"href":"https:\/\/cabalgatasbariloche.com.ar\/en\/wp-json\/wp\/v2\/comments?post=93"}],"wp:featuredmedia":[{"embeddable":true,"href":"https:\/\/cabalgatasbariloche.com.ar\/en\/wp-json\/wp\/v2\/media\/252"}],"wp:attachment":[{"href":"https:\/\/cabalgatasbariloche.com.ar\/en\/wp-json\/wp\/v2\/media?parent=93"}],"wp:term":[{"taxonomy":"product_brand","embeddable":true,"href":"https:\/\/cabalgatasbariloche.com.ar\/en\/wp-json\/wp\/v2\/product_brand?post=93"},{"taxonomy":"product_cat","embeddable":true,"href":"https:\/\/cabalgatasbariloche.com.ar\/en\/wp-json\/wp\/v2\/product_cat?post=93"},{"taxonomy":"product_tag","embeddable":true,"href":"https:\/\/cabalgatasbariloche.com.ar\/en\/wp-json\/wp\/v2\/product_tag?post=93"}],"curies":[{"name":"wp","href":"https:\/\/api.w.org\/{rel}","templated":true}]}}