{"id":91,"date":"2025-08-27T12:19:58","date_gmt":"2025-08-27T15:19:58","guid":{"rendered":"https:\/\/cabalgatasbariloche.com.ar\/producto\/circuito-chico-y-cerro-campanario-descubri-bariloche-como-nunca-antes\/"},"modified":"2026-04-07T12:13:59","modified_gmt":"2026-04-07T15:13:59","slug":"circuito-chico-y-cerro-campanario-descubri-bariloche-como-nunca-antes","status":"publish","type":"product","link":"https:\/\/cabalgatasbariloche.com.ar\/en\/experiencias-turisticas\/small-circuit-and-cerro-campanario-discover-bariloche-like-never-before\/","title":{"rendered":"Circuito Chico and Cerro Campanario: I discovered Bariloche like never before."},"content":{"rendered":"<h3 class=\"ai-optimize-25\" data-start=\"417\" data-end=\"500\"><strong data-start=\"421\" data-end=\"500\">Surprising scenery, emblematic routes and landscapes that will thrill you.<\/strong><\/h3>\n<p class=\"ai-optimize-26 ai-optimize-introduction\" data-start=\"502\" data-end=\"756\">Travel in half a day through the most outstanding sites of Bariloche with this tour, ideal for those who want to enjoy nature, history and fascinating panoramic views. The <strong data-start=\"677\" data-end=\"695\">Small Circuit<\/strong> is the perfect option to start your experience in the city.<\/p>\n<p class=\"ai-optimize-27\" data-start=\"758\" data-end=\"1088\">The tour starts from meeting points located between downtown and km 8 of Bustillo Av. or Pioneros Av. Along the way, you will border the <strong data-start=\"910\" data-end=\"931\">Nahuel Huapi Lake<\/strong>, admire the majestic <strong data-start=\"957\" data-end=\"976\">Hotel Llao Llao<\/strong>, the classic <strong data-start=\"993\" data-end=\"1016\">St. Edward's Chapel<\/strong> and the <strong data-start=\"1022\" data-end=\"1040\">Puerto Pa\u00f1uelo<\/strong>, The beginning of the lake crossings.<\/p>\n<p class=\"ai-optimize-28\" data-start=\"1090\" data-end=\"1241\">You will also visit sites such as <strong data-start=\"1125\" data-end=\"1140\">Villa Tacul<\/strong>, the <strong data-start=\"1145\" data-end=\"1163\">Hidden Lake<\/strong> and the <strong data-start=\"1169\" data-end=\"1184\">Cerro Lopez<\/strong>, with breaks to take pictures and connect with the landscape.<\/p>\n<p class=\"ai-optimize-29\" data-start=\"1243\" data-end=\"1484\">The tour ends at the <strong data-start=\"1272\" data-end=\"1292\">Cerro Campanario<\/strong>, where you can take a chairlift up to one of the most outstanding viewpoints on the planet. From the top, the panoramic view of lakes, mountains and valleys is simply amazing.<\/p>\n<p class=\"ai-optimize-30\" data-start=\"1486\" data-end=\"1665\">Departures are from 8:30 am to 12:30 pm or from 3:00 pm to 7:00 pm. Includes transfer and professional guide in Spanish (possibility of bilingual). It does not include the chairlift pass or meals.<\/p>\n<h3 class=\"ai-optimize-31\" data-start=\"1672\" data-end=\"1700\"><strong data-start=\"1676\" data-end=\"1700\">Frequently asked questions<\/strong><\/h3>\n<p class=\"ai-optimize-32\" data-start=\"1702\" data-end=\"1844\"><strong data-start=\"1702\" data-end=\"1746\">Can I combine this tour with another tour?<\/strong><br data-start=\"1746\" data-end=\"1749\" \/>Of course, it is ideal for adding a visit to the <strong data-start=\"1787\" data-end=\"1805\">Cerro Catedral<\/strong> or to the <strong data-start=\"1813\" data-end=\"1830\">Victoria Island<\/strong> in the afternoon.<\/p>\n<p class=\"ai-optimize-33\" data-start=\"1846\" data-end=\"1951\"><strong data-start=\"1846\" data-end=\"1878\">Is the chairlift included?<\/strong><br data-start=\"1878\" data-end=\"1881\" \/>No, the ascent to Cerro Campanario is voluntary and is paid on site.<\/p>\n<p class=\"ai-optimize-34\" data-start=\"1953\" data-end=\"2056\"><strong data-start=\"1953\" data-end=\"1986\">Can I enter the Llao Llao Llao Hotel?<\/strong><br data-start=\"1986\" data-end=\"1989\" \/>No. The excursion contemplates only the external view and its scenic surroundings.<\/p>\n<p class=\"ai-optimize-35\" data-start=\"2058\" data-end=\"2192\"><strong data-start=\"2058\" data-end=\"2082\">Is it a physical walk?<\/strong><br data-start=\"2082\" data-end=\"2085\" \/>It is not physically demanding. It is accessible and recommended for first time visitors to Bariloche.<\/p>","protected":false},"excerpt":{"rendered":"<p class=\"ai-optimize-21\">Experience Bariloche with the Circuito Chico and the climb to Cerro Campanario. Stroll the picturesque <strong>Bustillo Avenue<\/strong>, contemplate the majestic <strong>Hotel Llao Llao<\/strong> and ascend to the <strong>Cerro Campanario<\/strong> to contemplate a unique panoramic view. An unforgettable experience of nature, pleasure and adventure.<\/p>","protected":false},"featured_media":258,"comment_status":"open","ping_status":"closed","template":"","meta":[],"product_brand":[],"product_cat":[50,54,55,58,61,65,68,70],"product_tag":[],"class_list":{"0":"post-91","1":"product","2":"type-product","3":"status-publish","4":"has-post-thumbnail","6":"product_cat-adultos","7":"product_cat-con-traslado","8":"product_cat-familia","9":"product_cat-jubilados","10":"product_cat-ninos","11":"product_cat-sin-comida","12":"product_cat-terrestre","13":"product_cat-todo-el-ano","15":"first","16":"instock","17":"virtual","18":"sold-individually","19":"purchasable","20":"product-type-booking"},"booking_location":"","booking_location_type":"","booking_duration":1,"booking_duration_unit":"hour","booking_buffer":0,"booking_cost":0,"booking_resources":[],"exclude_global_add_ons":false,"addons":[{"name":"STD | Passengers","type":"input_multiplier","position":0,"required":false,"title_format":"label","default":"","description_enable":false,"description":"","placeholder_enable":false,"placeholder":"","display":"select","restrictions_type":"any_text","adjust_price":true,"price":"23400","price_type":"flat_fee","restrictions":false,"min":"0","max":"0","options":[],"id":1773236982}],"yoast_head":"<!-- This site is optimized with the Yoast SEO Premium plugin v25.2 (Yoast SEO v25.2) - https:\/\/yoast.com\/wordpress\/plugins\/seo\/ -->\n<title>Circuito Chico y Cerro Campanario - Cabalgatas Bariloche<\/title>\n<meta name=\"description\" content=\"Descubr\u00ed el Circuito Chico y Cerro Campanario en Bariloche. Miradores incre\u00edbles, lago Nahuel Huapi y paisajes \u00fanicos en una excursi\u00f3n imperdible.\" \/>\n<meta name=\"robots\" content=\"index, follow, max-snippet:-1, max-image-preview:large, max-video-preview:-1\" \/>\n<link rel=\"canonical\" href=\"https:\/\/cabalgatasbariloche.com.ar\/en\/experiencias-turisticas\/small-circuit-and-cerro-campanario-discover-bariloche-like-never-before\/\" \/>\n<meta property=\"og:locale\" content=\"en_US\" \/>\n<meta property=\"og:type\" content=\"article\" \/>\n<meta property=\"og:title\" content=\"Circuito Chico y Cerro Campanario: descubr\u00ed Bariloche como nunca antes\" \/>\n<meta property=\"og:description\" content=\"Descubr\u00ed el Circuito Chico y Cerro Campanario en Bariloche. Miradores incre\u00edbles, lago Nahuel Huapi y paisajes \u00fanicos en una excursi\u00f3n imperdible.\" \/>\n<meta property=\"og:url\" content=\"https:\/\/cabalgatasbariloche.com.ar\/en\/experiencias-turisticas\/small-circuit-and-cerro-campanario-discover-bariloche-like-never-before\/\" \/>\n<meta property=\"og:site_name\" content=\"Cabalgatas Bariloche\" \/>\n<meta property=\"article:modified_time\" content=\"2026-04-07T15:13:59+00:00\" \/>\n<meta property=\"og:image\" content=\"https:\/\/cabalgatasbariloche.com.ar\/wp-content\/uploads\/sites\/10\/2025\/08\/7-C-DSC_0197-copia.jpg\" \/>\n\t<meta property=\"og:image:width\" content=\"992\" \/>\n\t<meta property=\"og:image:height\" content=\"1323\" \/>\n\t<meta property=\"og:image:type\" content=\"image\/jpeg\" \/>\n<meta name=\"twitter:card\" content=\"summary_large_image\" \/>\n<meta name=\"twitter:image\" content=\"https:\/\/cabalgatasbariloche.com.ar\/wp-content\/uploads\/sites\/10\/2025\/08\/7-C-DSC_0197-copia.jpg\" \/>\n<meta name=\"twitter:label1\" content=\"Price\" \/>\n\t<meta name=\"twitter:data1\" content=\"&#036;23,400.00\" \/>\n\t<meta name=\"twitter:label2\" content=\"Availability\" \/>\n\t<meta name=\"twitter:data2\" content=\"In stock\" \/>\n<script type=\"application\/ld+json\" class=\"yoast-schema-graph\">{\"@context\":\"https:\/\/schema.org\",\"@graph\":[{\"@type\":[\"WebPage\",\"ItemPage\"],\"@id\":\"https:\/\/cabalgatasbariloche.com.ar\/experiencias-turisticas\/circuito-chico-y-cerro-campanario-descubri-bariloche-como-nunca-antes\/\",\"url\":\"https:\/\/cabalgatasbariloche.com.ar\/experiencias-turisticas\/circuito-chico-y-cerro-campanario-descubri-bariloche-como-nunca-antes\/\",\"name\":\"Circuito Chico y Cerro Campanario - Cabalgatas Bariloche\",\"isPartOf\":{\"@id\":\"https:\/\/cabalgatasbariloche.com.ar\/#website\"},\"primaryImageOfPage\":{\"@id\":\"https:\/\/cabalgatasbariloche.com.ar\/experiencias-turisticas\/circuito-chico-y-cerro-campanario-descubri-bariloche-como-nunca-antes\/#primaryimage\"},\"image\":{\"@id\":\"https:\/\/cabalgatasbariloche.com.ar\/experiencias-turisticas\/circuito-chico-y-cerro-campanario-descubri-bariloche-como-nunca-antes\/#primaryimage\"},\"thumbnailUrl\":\"https:\/\/cabalgatasbariloche.com.ar\/wp-content\/uploads\/sites\/10\/2025\/08\/7-C-DSC_0197-copia.jpg\",\"datePublished\":\"2025-08-27T15:19:58+00:00\",\"dateModified\":\"2026-04-07T15:13:59+00:00\",\"description\":\"Descubr\u00ed el Circuito Chico y Cerro Campanario en Bariloche. Miradores incre\u00edbles, lago Nahuel Huapi y paisajes \u00fanicos en una excursi\u00f3n imperdible.\",\"breadcrumb\":{\"@id\":\"https:\/\/cabalgatasbariloche.com.ar\/experiencias-turisticas\/circuito-chico-y-cerro-campanario-descubri-bariloche-como-nunca-antes\/#breadcrumb\"},\"inLanguage\":\"en-US\",\"potentialAction\":[{\"@type\":\"ReadAction\",\"target\":[\"https:\/\/cabalgatasbariloche.com.ar\/experiencias-turisticas\/circuito-chico-y-cerro-campanario-descubri-bariloche-como-nunca-antes\/\"]}]},{\"@type\":\"ImageObject\",\"inLanguage\":\"en-US\",\"@id\":\"https:\/\/cabalgatasbariloche.com.ar\/experiencias-turisticas\/circuito-chico-y-cerro-campanario-descubri-bariloche-como-nunca-antes\/#primaryimage\",\"url\":\"https:\/\/cabalgatasbariloche.com.ar\/wp-content\/uploads\/sites\/10\/2025\/08\/7-C-DSC_0197-copia.jpg\",\"contentUrl\":\"https:\/\/cabalgatasbariloche.com.ar\/wp-content\/uploads\/sites\/10\/2025\/08\/7-C-DSC_0197-copia.jpg\",\"width\":992,\"height\":1323},{\"@type\":\"BreadcrumbList\",\"@id\":\"https:\/\/cabalgatasbariloche.com.ar\/experiencias-turisticas\/circuito-chico-y-cerro-campanario-descubri-bariloche-como-nunca-antes\/#breadcrumb\",\"itemListElement\":[{\"@type\":\"ListItem\",\"position\":1,\"name\":\"Portada\",\"item\":\"https:\/\/cabalgatasbariloche.com.ar\/\"},{\"@type\":\"ListItem\",\"position\":2,\"name\":\"Tienda\",\"item\":\"https:\/\/cabalgatasbariloche.com.ar\/tienda\/\"},{\"@type\":\"ListItem\",\"position\":3,\"name\":\"Circuito Chico y Cerro Campanario: descubr\u00ed Bariloche como nunca antes\"}]},{\"@type\":\"WebSite\",\"@id\":\"https:\/\/cabalgatasbariloche.com.ar\/#website\",\"url\":\"https:\/\/cabalgatasbariloche.com.ar\/\",\"name\":\"Cabalgatas Bariloche\",\"description\":\"Conocer la estepa y cerros patagonicos\",\"potentialAction\":[{\"@type\":\"SearchAction\",\"target\":{\"@type\":\"EntryPoint\",\"urlTemplate\":\"https:\/\/cabalgatasbariloche.com.ar\/?s={search_term_string}\"},\"query-input\":{\"@type\":\"PropertyValueSpecification\",\"valueRequired\":true,\"valueName\":\"search_term_string\"}}],\"inLanguage\":\"en-US\"}]}<\/script>\n<meta property=\"product:price:amount\" content=\"23400.00\" \/>\n<meta property=\"product:price:currency\" content=\"ARS\" \/>\n<meta property=\"og:availability\" content=\"instock\" \/>\n<meta property=\"product:availability\" content=\"instock\" \/>\n<meta property=\"product:retailer_item_id\" content=\"ADV2025CICHYC1KOR\" \/>\n<meta property=\"product:condition\" content=\"new\" \/>\n<!-- \/ Yoast SEO Premium plugin. -->","yoast_head_json":{"title":"Circuito Chico and Cerro Campanario - Bariloche Horseback Rides","description":"Discover the Circuito Chico and Cerro Campanario in Bariloche. Incredible viewpoints, Nahuel Huapi Lake and unique landscapes in an excursion not to be missed.","robots":{"index":"index","follow":"follow","max-snippet":"max-snippet:-1","max-image-preview":"max-image-preview:large","max-video-preview":"max-video-preview:-1"},"canonical":"https:\/\/cabalgatasbariloche.com.ar\/en\/experiencias-turisticas\/small-circuit-and-cerro-campanario-discover-bariloche-like-never-before\/","og_locale":"en_US","og_type":"article","og_title":"Circuito Chico y Cerro Campanario: descubr\u00ed Bariloche como nunca antes","og_description":"Descubr\u00ed el Circuito Chico y Cerro Campanario en Bariloche. Miradores incre\u00edbles, lago Nahuel Huapi y paisajes \u00fanicos en una excursi\u00f3n imperdible.","og_url":"https:\/\/cabalgatasbariloche.com.ar\/en\/experiencias-turisticas\/small-circuit-and-cerro-campanario-discover-bariloche-like-never-before\/","og_site_name":"Cabalgatas Bariloche","article_modified_time":"2026-04-07T15:13:59+00:00","og_image":[{"width":992,"height":1323,"url":"https:\/\/cabalgatasbariloche.com.ar\/wp-content\/uploads\/sites\/10\/2025\/08\/7-C-DSC_0197-copia.jpg","type":"image\/jpeg"}],"twitter_card":"summary_large_image","twitter_image":"https:\/\/cabalgatasbariloche.com.ar\/wp-content\/uploads\/sites\/10\/2025\/08\/7-C-DSC_0197-copia.jpg","twitter_misc":{"Price":"&#36;23,400.00","Availability":"In stock"},"schema":{"@context":"https:\/\/schema.org","@graph":[{"@type":["WebPage","ItemPage"],"@id":"https:\/\/cabalgatasbariloche.com.ar\/experiencias-turisticas\/circuito-chico-y-cerro-campanario-descubri-bariloche-como-nunca-antes\/","url":"https:\/\/cabalgatasbariloche.com.ar\/experiencias-turisticas\/circuito-chico-y-cerro-campanario-descubri-bariloche-como-nunca-antes\/","name":"Circuito Chico and Cerro Campanario - Bariloche Horseback Rides","isPartOf":{"@id":"https:\/\/cabalgatasbariloche.com.ar\/#website"},"primaryImageOfPage":{"@id":"https:\/\/cabalgatasbariloche.com.ar\/experiencias-turisticas\/circuito-chico-y-cerro-campanario-descubri-bariloche-como-nunca-antes\/#primaryimage"},"image":{"@id":"https:\/\/cabalgatasbariloche.com.ar\/experiencias-turisticas\/circuito-chico-y-cerro-campanario-descubri-bariloche-como-nunca-antes\/#primaryimage"},"thumbnailUrl":"https:\/\/cabalgatasbariloche.com.ar\/wp-content\/uploads\/sites\/10\/2025\/08\/7-C-DSC_0197-copia.jpg","datePublished":"2025-08-27T15:19:58+00:00","dateModified":"2026-04-07T15:13:59+00:00","description":"Discover the Circuito Chico and Cerro Campanario in Bariloche. Incredible viewpoints, Nahuel Huapi Lake and unique landscapes in an excursion not to be missed.","breadcrumb":{"@id":"https:\/\/cabalgatasbariloche.com.ar\/experiencias-turisticas\/circuito-chico-y-cerro-campanario-descubri-bariloche-como-nunca-antes\/#breadcrumb"},"inLanguage":"en-US","potentialAction":[{"@type":"ReadAction","target":["https:\/\/cabalgatasbariloche.com.ar\/experiencias-turisticas\/circuito-chico-y-cerro-campanario-descubri-bariloche-como-nunca-antes\/"]}]},{"@type":"ImageObject","inLanguage":"en-US","@id":"https:\/\/cabalgatasbariloche.com.ar\/experiencias-turisticas\/circuito-chico-y-cerro-campanario-descubri-bariloche-como-nunca-antes\/#primaryimage","url":"https:\/\/cabalgatasbariloche.com.ar\/wp-content\/uploads\/sites\/10\/2025\/08\/7-C-DSC_0197-copia.jpg","contentUrl":"https:\/\/cabalgatasbariloche.com.ar\/wp-content\/uploads\/sites\/10\/2025\/08\/7-C-DSC_0197-copia.jpg","width":992,"height":1323},{"@type":"BreadcrumbList","@id":"https:\/\/cabalgatasbariloche.com.ar\/experiencias-turisticas\/circuito-chico-y-cerro-campanario-descubri-bariloche-como-nunca-antes\/#breadcrumb","itemListElement":[{"@type":"ListItem","position":1,"name":"Portada","item":"https:\/\/cabalgatasbariloche.com.ar\/"},{"@type":"ListItem","position":2,"name":"Tienda","item":"https:\/\/cabalgatasbariloche.com.ar\/tienda\/"},{"@type":"ListItem","position":3,"name":"Circuito Chico y Cerro Campanario: descubr\u00ed Bariloche como nunca antes"}]},{"@type":"WebSite","@id":"https:\/\/cabalgatasbariloche.com.ar\/#website","url":"https:\/\/cabalgatasbariloche.com.ar\/","name":"Horseback Riding Bariloche","description":"To know the steppe and the Patagonian hills.","potentialAction":[{"@type":"SearchAction","target":{"@type":"EntryPoint","urlTemplate":"https:\/\/cabalgatasbariloche.com.ar\/?s={search_term_string}"},"query-input":{"@type":"PropertyValueSpecification","valueRequired":true,"valueName":"search_term_string"}}],"inLanguage":"en-US"}]},"product_price_amount":"23400.00","product_price_currency":"ARS","og_availability":"instock","product_availability":"instock","product_retailer_item_id":"ADV2025CICHYC1KOR","product_condition":"new"},"_links":{"self":[{"href":"https:\/\/cabalgatasbariloche.com.ar\/en\/wp-json\/wp\/v2\/product\/91","targetHints":{"allow":["GET"]}}],"collection":[{"href":"https:\/\/cabalgatasbariloche.com.ar\/en\/wp-json\/wp\/v2\/product"}],"about":[{"href":"https:\/\/cabalgatasbariloche.com.ar\/en\/wp-json\/wp\/v2\/types\/product"}],"replies":[{"embeddable":true,"href":"https:\/\/cabalgatasbariloche.com.ar\/en\/wp-json\/wp\/v2\/comments?post=91"}],"wp:featuredmedia":[{"embeddable":true,"href":"https:\/\/cabalgatasbariloche.com.ar\/en\/wp-json\/wp\/v2\/media\/258"}],"wp:attachment":[{"href":"https:\/\/cabalgatasbariloche.com.ar\/en\/wp-json\/wp\/v2\/media?parent=91"}],"wp:term":[{"taxonomy":"product_brand","embeddable":true,"href":"https:\/\/cabalgatasbariloche.com.ar\/en\/wp-json\/wp\/v2\/product_brand?post=91"},{"taxonomy":"product_cat","embeddable":true,"href":"https:\/\/cabalgatasbariloche.com.ar\/en\/wp-json\/wp\/v2\/product_cat?post=91"},{"taxonomy":"product_tag","embeddable":true,"href":"https:\/\/cabalgatasbariloche.com.ar\/en\/wp-json\/wp\/v2\/product_tag?post=91"}],"curies":[{"name":"wp","href":"https:\/\/api.w.org\/{rel}","templated":true}]}}