{"id":90,"date":"2025-08-27T12:19:11","date_gmt":"2025-08-27T15:19:11","guid":{"rendered":"https:\/\/cabalgatasbariloche.com.ar\/producto\/san-martin-de-los-andes-por-los-7-lagos-paisajes-miradores-y-escenas-unicas-de-la-patagonia\/"},"modified":"2026-03-31T12:14:44","modified_gmt":"2026-03-31T15:14:44","slug":"san-martin-de-los-andes-por-los-7-lagos-paisajes-miradores-y-escenas-unicas-de-la-patagonia","status":"publish","type":"product","link":"https:\/\/cabalgatasbariloche.com.ar\/en\/experiencias-turisticas\/san-martin-de-los-andes-by-the-7-lakes-landscapes-viewpoints-and-unique-scenes-of-patagonia\/","title":{"rendered":"San Mart\u00edn de los Andes through the 7 Lakes: Landscapes, Viewpoints and Unique Scenes of Patagonia"},"content":{"rendered":"<h2>Discover the incredible route leading to San Mart\u00edn de los Andes<\/h2>\n<p>Experience a different journey departing from Bariloche, getting on the road to the beautiful San Mart\u00edn de los Andes. This trip through the <strong>National Route 40<\/strong> connects you with incomparable scenery, passing through the picturesque <strong>Dina Huapi<\/strong>, across the river <strong>Limay<\/strong>, and immersing yourself in the imposing <strong>Nahuel Huapi National Park<\/strong>.<\/p>\n<h3>An incomparable natural environment<\/h3>\n<p>Along the way, you will discover the hypnotic landscapes of the <strong>lakes Espejo, Correntoso, Escondido, Villarino, Falkner, Mach\u00f3nico<\/strong>, next to the majestic <strong>Lake L\u00e1car<\/strong> which is located in the heart of the <strong>Lan\u00edn National Park<\/strong>. Each pause invites you to feel the purity of the environment and to take away memorable experiences.<\/p>\n<h3>The magic of San Mart\u00edn de los Andes<\/h3>\n<p>After arriving in San Martin de los Andes, a charming town surrounded by spectacular mountains and clear waters awaits you. Stroll through its beautiful streets, explore the artisan shops or relax in a coffee shop with a <strong>incredible panoramic view<\/strong> on Lake L\u00e1car.<\/p>\n<h3>Tour details<\/h3>\n<ul>\n<li><strong>Route:<\/strong> Guided overland trip, including Villa La Angostura and the 7 Lakes Route.<\/li>\n<li><strong>Schedule:<\/strong> From 8:00 a.m. to 6:30 p.m. approximately.<\/li>\n<li><strong>Service Included:<\/strong> Transfer and guide in Spanish (bilingual guide available at additional cost).<\/li>\n<li><strong>Not included:<\/strong> Meals (there are rest areas during the excursion).<\/li>\n<\/ul>\n<p>Take advantage of this wonderful alternative to discover the real Patagonia.<\/p>\n<h2>Frequently Asked Questions<\/h2>\n<ul>\n<li><strong>What happens if there is rain or snow on the excursion?<\/strong><br \/>\nThe experience is normally carried out even if it rains or snows, as they are frequent in the Patagonian area.<\/li>\n<li><strong>Is lake navigation included?<\/strong><br \/>\nNo, the excursion is by land in a minibus, with spaces for photos and visits in San Mart\u00edn de los Andes and Villa La Angostura.<\/li>\n<li><strong>Will there be stops along the way?<\/strong><br \/>\nYes, there are scheduled stops and a main stop in San Martin de los Andes for lunch and a tour of the destination.<\/li>\n<li><strong>Is there an option to finish elsewhere?<\/strong><br \/>\nYes, you may choose to end up in Villa La Angostura or San Mart\u00edn de los Andes, carrying your luggage along with you.<\/li>\n<li><strong>Is it possible to return the next day?<\/strong><br \/>\nThe trip ends the same day. If you wish to stay longer, you need to plan and pay for a new return.<\/li>\n<\/ul>","protected":false},"excerpt":{"rendered":"<h2 class=\"ai-optimize-21\">A unique adventure is waiting for you<\/h2>\n<p class=\"ai-optimize-22\">Let the surroundings dazzle you as you walk through the <strong>route of the 7 lakes<\/strong> heading to San Mart\u00edn de los Andes. Discover spectacular views and get to know a magical city surrounded by nature. Reserve your place and enjoy this unique journey!<\/p>","protected":false},"featured_media":261,"comment_status":"open","ping_status":"closed","template":"","meta":[],"product_brand":[],"product_cat":[50,54,55,58,61,65,68,70],"product_tag":[],"class_list":{"0":"post-90","1":"product","2":"type-product","3":"status-publish","4":"has-post-thumbnail","6":"product_cat-adultos","7":"product_cat-con-traslado","8":"product_cat-familia","9":"product_cat-jubilados","10":"product_cat-ninos","11":"product_cat-sin-comida","12":"product_cat-terrestre","13":"product_cat-todo-el-ano","15":"first","16":"instock","17":"virtual","18":"sold-individually","19":"purchasable","20":"product-type-booking"},"booking_location":"","booking_location_type":"","booking_duration":1,"booking_duration_unit":"hour","booking_buffer":0,"booking_cost":0,"booking_resources":[],"exclude_global_add_ons":false,"addons":[{"name":"STD | Passengers","type":"input_multiplier","position":0,"required":false,"title_format":"label","default":"","description_enable":false,"description":"","placeholder_enable":false,"placeholder":"","display":"select","restrictions_type":"any_text","adjust_price":true,"price":"71400","price_type":"flat_fee","restrictions":false,"min":"0","max":"0","options":[],"id":1773237111}],"yoast_head":"<!-- This site is optimized with the Yoast SEO Premium plugin v25.2 (Yoast SEO v25.2) - https:\/\/yoast.com\/wordpress\/plugins\/seo\/ -->\n<title>San Mart\u00edn de los Andes por los 7 Lagos: Paisajes, Miradores y Escenas \u00danicas de la Patagonia - Cabalgatas Bariloche<\/title>\n<meta name=\"robots\" content=\"index, follow, max-snippet:-1, max-image-preview:large, max-video-preview:-1\" \/>\n<link rel=\"canonical\" href=\"https:\/\/cabalgatasbariloche.com.ar\/en\/experiencias-turisticas\/san-martin-de-los-andes-by-the-7-lakes-landscapes-viewpoints-and-unique-scenes-of-patagonia\/\" \/>\n<meta property=\"og:locale\" content=\"en_US\" \/>\n<meta property=\"og:type\" content=\"article\" \/>\n<meta property=\"og:title\" content=\"San Mart\u00edn de los Andes por los 7 Lagos: Paisajes, Miradores y Escenas \u00danicas de la Patagonia\" \/>\n<meta property=\"og:description\" content=\"Una aventura \u00fanica te est\u00e1 esperando Dej\u00e1 que el entorno te deslumbre mientras atraves\u00e1s la ruta de los 7 lagos rumbo a San Mart\u00edn de los Andes. Descubr\u00ed vistas espectaculares y conoc\u00e9 una ciudad m\u00e1gica rodeada de naturaleza. \u00a1Reserv\u00e1 tu cupo y disfrut\u00e1 esta traves\u00eda inigualable!\" \/>\n<meta property=\"og:url\" content=\"https:\/\/cabalgatasbariloche.com.ar\/en\/experiencias-turisticas\/san-martin-de-los-andes-by-the-7-lakes-landscapes-viewpoints-and-unique-scenes-of-patagonia\/\" \/>\n<meta property=\"og:site_name\" content=\"Cabalgatas Bariloche\" \/>\n<meta property=\"article:modified_time\" content=\"2026-03-31T15:14:44+00:00\" \/>\n<meta property=\"og:image\" content=\"https:\/\/cabalgatasbariloche.com.ar\/wp-content\/uploads\/sites\/10\/2025\/08\/9-D-IMG_2727.jpg\" \/>\n\t<meta property=\"og:image:width\" content=\"850\" \/>\n\t<meta property=\"og:image:height\" content=\"1133\" \/>\n\t<meta property=\"og:image:type\" content=\"image\/jpeg\" \/>\n<meta name=\"twitter:card\" content=\"summary_large_image\" \/>\n<meta name=\"twitter:label1\" content=\"Price\" \/>\n\t<meta name=\"twitter:data1\" content=\"&#036;71,400.00\" \/>\n\t<meta name=\"twitter:label2\" content=\"Availability\" \/>\n\t<meta name=\"twitter:data2\" content=\"In stock\" \/>\n<script type=\"application\/ld+json\" class=\"yoast-schema-graph\">{\"@context\":\"https:\/\/schema.org\",\"@graph\":[{\"@type\":[\"WebPage\",\"ItemPage\"],\"@id\":\"https:\/\/cabalgatasbariloche.com.ar\/experiencias-turisticas\/san-martin-de-los-andes-por-los-7-lagos-paisajes-miradores-y-escenas-unicas-de-la-patagonia\/\",\"url\":\"https:\/\/cabalgatasbariloche.com.ar\/experiencias-turisticas\/san-martin-de-los-andes-por-los-7-lagos-paisajes-miradores-y-escenas-unicas-de-la-patagonia\/\",\"name\":\"San Mart\u00edn de los Andes por los 7 Lagos: Paisajes, Miradores y Escenas \u00danicas de la Patagonia - Cabalgatas Bariloche\",\"isPartOf\":{\"@id\":\"https:\/\/cabalgatasbariloche.com.ar\/#website\"},\"primaryImageOfPage\":{\"@id\":\"https:\/\/cabalgatasbariloche.com.ar\/experiencias-turisticas\/san-martin-de-los-andes-por-los-7-lagos-paisajes-miradores-y-escenas-unicas-de-la-patagonia\/#primaryimage\"},\"image\":{\"@id\":\"https:\/\/cabalgatasbariloche.com.ar\/experiencias-turisticas\/san-martin-de-los-andes-por-los-7-lagos-paisajes-miradores-y-escenas-unicas-de-la-patagonia\/#primaryimage\"},\"thumbnailUrl\":\"https:\/\/cabalgatasbariloche.com.ar\/wp-content\/uploads\/sites\/10\/2025\/08\/9-D-IMG_2727.jpg\",\"datePublished\":\"2025-08-27T15:19:11+00:00\",\"dateModified\":\"2026-03-31T15:14:44+00:00\",\"breadcrumb\":{\"@id\":\"https:\/\/cabalgatasbariloche.com.ar\/experiencias-turisticas\/san-martin-de-los-andes-por-los-7-lagos-paisajes-miradores-y-escenas-unicas-de-la-patagonia\/#breadcrumb\"},\"inLanguage\":\"en-US\",\"potentialAction\":[{\"@type\":\"ReadAction\",\"target\":[\"https:\/\/cabalgatasbariloche.com.ar\/experiencias-turisticas\/san-martin-de-los-andes-por-los-7-lagos-paisajes-miradores-y-escenas-unicas-de-la-patagonia\/\"]}]},{\"@type\":\"ImageObject\",\"inLanguage\":\"en-US\",\"@id\":\"https:\/\/cabalgatasbariloche.com.ar\/experiencias-turisticas\/san-martin-de-los-andes-por-los-7-lagos-paisajes-miradores-y-escenas-unicas-de-la-patagonia\/#primaryimage\",\"url\":\"https:\/\/cabalgatasbariloche.com.ar\/wp-content\/uploads\/sites\/10\/2025\/08\/9-D-IMG_2727.jpg\",\"contentUrl\":\"https:\/\/cabalgatasbariloche.com.ar\/wp-content\/uploads\/sites\/10\/2025\/08\/9-D-IMG_2727.jpg\",\"width\":850,\"height\":1133},{\"@type\":\"BreadcrumbList\",\"@id\":\"https:\/\/cabalgatasbariloche.com.ar\/experiencias-turisticas\/san-martin-de-los-andes-por-los-7-lagos-paisajes-miradores-y-escenas-unicas-de-la-patagonia\/#breadcrumb\",\"itemListElement\":[{\"@type\":\"ListItem\",\"position\":1,\"name\":\"Portada\",\"item\":\"https:\/\/cabalgatasbariloche.com.ar\/\"},{\"@type\":\"ListItem\",\"position\":2,\"name\":\"Tienda\",\"item\":\"https:\/\/cabalgatasbariloche.com.ar\/tienda\/\"},{\"@type\":\"ListItem\",\"position\":3,\"name\":\"San Mart\u00edn de los Andes por los 7 Lagos: Paisajes, Miradores y Escenas \u00danicas de la Patagonia\"}]},{\"@type\":\"WebSite\",\"@id\":\"https:\/\/cabalgatasbariloche.com.ar\/#website\",\"url\":\"https:\/\/cabalgatasbariloche.com.ar\/\",\"name\":\"Cabalgatas Bariloche\",\"description\":\"Conocer la estepa y cerros patagonicos\",\"potentialAction\":[{\"@type\":\"SearchAction\",\"target\":{\"@type\":\"EntryPoint\",\"urlTemplate\":\"https:\/\/cabalgatasbariloche.com.ar\/?s={search_term_string}\"},\"query-input\":{\"@type\":\"PropertyValueSpecification\",\"valueRequired\":true,\"valueName\":\"search_term_string\"}}],\"inLanguage\":\"en-US\"}]}<\/script>\n<meta property=\"product:price:amount\" content=\"71400.00\" \/>\n<meta property=\"product:price:currency\" content=\"ARS\" \/>\n<meta property=\"og:availability\" content=\"instock\" \/>\n<meta property=\"product:availability\" content=\"instock\" \/>\n<meta property=\"product:retailer_item_id\" content=\"ADV2025SAMADEQ219\" \/>\n<meta property=\"product:condition\" content=\"new\" \/>\n<!-- \/ Yoast SEO Premium plugin. -->","yoast_head_json":{"title":"San Mart\u00edn de los Andes by the 7 Lakes: Landscapes, Viewpoints and Unique Scenes of Patagonia - Cabalgatas Bariloche","robots":{"index":"index","follow":"follow","max-snippet":"max-snippet:-1","max-image-preview":"max-image-preview:large","max-video-preview":"max-video-preview:-1"},"canonical":"https:\/\/cabalgatasbariloche.com.ar\/en\/experiencias-turisticas\/san-martin-de-los-andes-by-the-7-lakes-landscapes-viewpoints-and-unique-scenes-of-patagonia\/","og_locale":"en_US","og_type":"article","og_title":"San Mart\u00edn de los Andes por los 7 Lagos: Paisajes, Miradores y Escenas \u00danicas de la Patagonia","og_description":"Una aventura \u00fanica te est\u00e1 esperando Dej\u00e1 que el entorno te deslumbre mientras atraves\u00e1s la ruta de los 7 lagos rumbo a San Mart\u00edn de los Andes. Descubr\u00ed vistas espectaculares y conoc\u00e9 una ciudad m\u00e1gica rodeada de naturaleza. \u00a1Reserv\u00e1 tu cupo y disfrut\u00e1 esta traves\u00eda inigualable!","og_url":"https:\/\/cabalgatasbariloche.com.ar\/en\/experiencias-turisticas\/san-martin-de-los-andes-by-the-7-lakes-landscapes-viewpoints-and-unique-scenes-of-patagonia\/","og_site_name":"Cabalgatas Bariloche","article_modified_time":"2026-03-31T15:14:44+00:00","og_image":[{"width":850,"height":1133,"url":"https:\/\/cabalgatasbariloche.com.ar\/wp-content\/uploads\/sites\/10\/2025\/08\/9-D-IMG_2727.jpg","type":"image\/jpeg"}],"twitter_card":"summary_large_image","twitter_misc":{"Price":"&#36;71,400.00","Availability":"In stock"},"schema":{"@context":"https:\/\/schema.org","@graph":[{"@type":["WebPage","ItemPage"],"@id":"https:\/\/cabalgatasbariloche.com.ar\/experiencias-turisticas\/san-martin-de-los-andes-por-los-7-lagos-paisajes-miradores-y-escenas-unicas-de-la-patagonia\/","url":"https:\/\/cabalgatasbariloche.com.ar\/experiencias-turisticas\/san-martin-de-los-andes-por-los-7-lagos-paisajes-miradores-y-escenas-unicas-de-la-patagonia\/","name":"San Mart\u00edn de los Andes by the 7 Lakes: Landscapes, Viewpoints and Unique Scenes of Patagonia - Cabalgatas Bariloche","isPartOf":{"@id":"https:\/\/cabalgatasbariloche.com.ar\/#website"},"primaryImageOfPage":{"@id":"https:\/\/cabalgatasbariloche.com.ar\/experiencias-turisticas\/san-martin-de-los-andes-por-los-7-lagos-paisajes-miradores-y-escenas-unicas-de-la-patagonia\/#primaryimage"},"image":{"@id":"https:\/\/cabalgatasbariloche.com.ar\/experiencias-turisticas\/san-martin-de-los-andes-por-los-7-lagos-paisajes-miradores-y-escenas-unicas-de-la-patagonia\/#primaryimage"},"thumbnailUrl":"https:\/\/cabalgatasbariloche.com.ar\/wp-content\/uploads\/sites\/10\/2025\/08\/9-D-IMG_2727.jpg","datePublished":"2025-08-27T15:19:11+00:00","dateModified":"2026-03-31T15:14:44+00:00","breadcrumb":{"@id":"https:\/\/cabalgatasbariloche.com.ar\/experiencias-turisticas\/san-martin-de-los-andes-por-los-7-lagos-paisajes-miradores-y-escenas-unicas-de-la-patagonia\/#breadcrumb"},"inLanguage":"en-US","potentialAction":[{"@type":"ReadAction","target":["https:\/\/cabalgatasbariloche.com.ar\/experiencias-turisticas\/san-martin-de-los-andes-por-los-7-lagos-paisajes-miradores-y-escenas-unicas-de-la-patagonia\/"]}]},{"@type":"ImageObject","inLanguage":"en-US","@id":"https:\/\/cabalgatasbariloche.com.ar\/experiencias-turisticas\/san-martin-de-los-andes-por-los-7-lagos-paisajes-miradores-y-escenas-unicas-de-la-patagonia\/#primaryimage","url":"https:\/\/cabalgatasbariloche.com.ar\/wp-content\/uploads\/sites\/10\/2025\/08\/9-D-IMG_2727.jpg","contentUrl":"https:\/\/cabalgatasbariloche.com.ar\/wp-content\/uploads\/sites\/10\/2025\/08\/9-D-IMG_2727.jpg","width":850,"height":1133},{"@type":"BreadcrumbList","@id":"https:\/\/cabalgatasbariloche.com.ar\/experiencias-turisticas\/san-martin-de-los-andes-por-los-7-lagos-paisajes-miradores-y-escenas-unicas-de-la-patagonia\/#breadcrumb","itemListElement":[{"@type":"ListItem","position":1,"name":"Portada","item":"https:\/\/cabalgatasbariloche.com.ar\/"},{"@type":"ListItem","position":2,"name":"Tienda","item":"https:\/\/cabalgatasbariloche.com.ar\/tienda\/"},{"@type":"ListItem","position":3,"name":"San Mart\u00edn de los Andes por los 7 Lagos: Paisajes, Miradores y Escenas \u00danicas de la Patagonia"}]},{"@type":"WebSite","@id":"https:\/\/cabalgatasbariloche.com.ar\/#website","url":"https:\/\/cabalgatasbariloche.com.ar\/","name":"Horseback Riding Bariloche","description":"To know the steppe and the Patagonian hills.","potentialAction":[{"@type":"SearchAction","target":{"@type":"EntryPoint","urlTemplate":"https:\/\/cabalgatasbariloche.com.ar\/?s={search_term_string}"},"query-input":{"@type":"PropertyValueSpecification","valueRequired":true,"valueName":"search_term_string"}}],"inLanguage":"en-US"}]},"product_price_amount":"71400.00","product_price_currency":"ARS","og_availability":"instock","product_availability":"instock","product_retailer_item_id":"ADV2025SAMADEQ219","product_condition":"new"},"_links":{"self":[{"href":"https:\/\/cabalgatasbariloche.com.ar\/en\/wp-json\/wp\/v2\/product\/90","targetHints":{"allow":["GET"]}}],"collection":[{"href":"https:\/\/cabalgatasbariloche.com.ar\/en\/wp-json\/wp\/v2\/product"}],"about":[{"href":"https:\/\/cabalgatasbariloche.com.ar\/en\/wp-json\/wp\/v2\/types\/product"}],"replies":[{"embeddable":true,"href":"https:\/\/cabalgatasbariloche.com.ar\/en\/wp-json\/wp\/v2\/comments?post=90"}],"wp:featuredmedia":[{"embeddable":true,"href":"https:\/\/cabalgatasbariloche.com.ar\/en\/wp-json\/wp\/v2\/media\/261"}],"wp:attachment":[{"href":"https:\/\/cabalgatasbariloche.com.ar\/en\/wp-json\/wp\/v2\/media?parent=90"}],"wp:term":[{"taxonomy":"product_brand","embeddable":true,"href":"https:\/\/cabalgatasbariloche.com.ar\/en\/wp-json\/wp\/v2\/product_brand?post=90"},{"taxonomy":"product_cat","embeddable":true,"href":"https:\/\/cabalgatasbariloche.com.ar\/en\/wp-json\/wp\/v2\/product_cat?post=90"},{"taxonomy":"product_tag","embeddable":true,"href":"https:\/\/cabalgatasbariloche.com.ar\/en\/wp-json\/wp\/v2\/product_tag?post=90"}],"curies":[{"name":"wp","href":"https:\/\/api.w.org\/{rel}","templated":true}]}}