{"id":88,"date":"2025-08-27T12:18:03","date_gmt":"2025-08-27T15:18:03","guid":{"rendered":"https:\/\/cabalgatasbariloche.com.ar\/producto\/el-bolson-y-lago-puelo-trayecto-panoramico-tradicion-artesanal-y-entorno-natural\/"},"modified":"2026-04-07T12:12:47","modified_gmt":"2026-04-07T15:12:47","slug":"el-bolson-y-lago-puelo-trayecto-panoramico-tradicion-artesanal-y-entorno-natural","status":"publish","type":"product","link":"https:\/\/cabalgatasbariloche.com.ar\/en\/experiencias-turisticas\/el-bolson-and-lago-puelo-panoramic-route-craft-tradition-and-natural-environment\/","title":{"rendered":"El Bols\u00f3n and Lago Puelo: scenic route, handicraft tradition and natural environment"},"content":{"rendered":"<h2 class=\"ai-optimize-23\">Exploring the Beauty of Bols\u00f3n and Lago Puelo<\/h2>\n<p class=\"ai-optimize-24 ai-optimize-introduction\">Join a unique journey that starts in the picturesque San Carlos de Bariloche, one of the most impressive destinations in Patagonia. Exploring the emblematic National Route 40, the tour will surprise you with incredible scenery such as the Gutierrez, Mascardi and Guillelmo lakes. Each stretch is a visual spectacle to get into the Patagonian nature.<\/p>\n<h3 class=\"ai-optimize-25\">El Bols\u00f3n: Culture and Nature<\/h3>\n<p class=\"ai-optimize-26\"><strong>El Bolson<\/strong> is distinguished by its particular climate, ideal for the development of fine fruits and hops. There, the renowned <strong>Artisans Fair<\/strong>, where creativity and local art stand out. You can watch artisans creating unique works in metal, ceramics and regional fabrics.<\/p>\n<h3 class=\"ai-optimize-27\">Discovery in Lago Puelo National Park<\/h3>\n<p class=\"ai-optimize-28\">The <strong>Lago Puelo National Park<\/strong> is the next destination, famous for its emerald waters and breathtaking panoramic views. Located only 26 kilometers from El Bols\u00f3n, this natural environment divides R\u00edo Negro and Chubut. The tour concludes with an ideal return to contemplate the sunset over hills and lakes, an unforgettable postcard.<\/p>\n<h2 class=\"ai-optimize-29\">Excursion Information<\/h2>\n<ul>\n<li class=\"ai-optimize-30\"><strong>Route:<\/strong> Overland tour through Nahuel Huapi National Park, with stops in El Bols\u00f3n and Lago Puelo.<\/li>\n<li class=\"ai-optimize-31\"><strong>Duration:<\/strong> From 8:30 am to approximately 6:30 pm.<\/li>\n<li class=\"ai-optimize-32\"><strong>Includes:<\/strong> Transfers, tour guide accompaniment (option of Spanish or bilingual guide with additional charge).<\/li>\n<li class=\"ai-optimize-33\"><strong>Does not include:<\/strong> Meals during the excursion and the entrance fee to the national parks.<\/li>\n<\/ul>\n<h2 class=\"ai-optimize-34\">Frequently Asked Questions (FAQ)<\/h2>\n<h3 class=\"ai-optimize-35\">Does the excursion take place if it rains or snows?<\/h3>\n<p class=\"ai-optimize-36\">Yes, the trip takes place in all weather conditions. Keep in mind that the weather in Patagonia can be very variable and changeable.<\/p>\n<h3 class=\"ai-optimize-37\">What is the entrance fee to the national park?<\/h3>\n<p class=\"ai-optimize-38\">The entrance fee to Lago Puelo National Park is not included in the price of the excursion and is paid at the park entrance.<\/p>","protected":false},"excerpt":{"rendered":"<p class=\"ai-optimize-21\">Live an unforgettable journey from Bariloche to the fascinating Bols\u00f3n and Lago Puelo. Discover incredible panoramas, artisanal products and the authentic Patagonian spirit in this exclusive experience.<\/p>","protected":false},"featured_media":272,"comment_status":"open","ping_status":"closed","template":"","meta":[],"product_brand":[],"product_cat":[50,54,55,58,61,65,68,70],"product_tag":[],"class_list":{"0":"post-88","1":"product","2":"type-product","3":"status-publish","4":"has-post-thumbnail","6":"product_cat-adultos","7":"product_cat-con-traslado","8":"product_cat-familia","9":"product_cat-jubilados","10":"product_cat-ninos","11":"product_cat-sin-comida","12":"product_cat-terrestre","13":"product_cat-todo-el-ano","15":"first","16":"instock","17":"virtual","18":"sold-individually","19":"purchasable","20":"product-type-booking"},"booking_location":"","booking_location_type":"","booking_duration":1,"booking_duration_unit":"hour","booking_buffer":0,"booking_cost":0,"booking_resources":[],"exclude_global_add_ons":false,"addons":[{"name":"STD | Passengers","type":"input_multiplier","position":0,"required":false,"title_format":"label","default":"","description_enable":false,"description":"","placeholder_enable":false,"placeholder":"","display":"select","restrictions_type":"any_text","adjust_price":true,"price":"59400","price_type":"flat_fee","restrictions":false,"min":"0","max":"0","options":[],"id":1773237174}],"yoast_head":"<!-- This site is optimized with the Yoast SEO Premium plugin v25.2 (Yoast SEO v25.2) - https:\/\/yoast.com\/wordpress\/plugins\/seo\/ -->\n<title>El Bols\u00f3n y Lago Puelo: trayecto panor\u00e1mico, tradici\u00f3n artesanal y entorno natural - Cabalgatas Bariloche<\/title>\n<meta name=\"robots\" content=\"index, follow, max-snippet:-1, max-image-preview:large, max-video-preview:-1\" \/>\n<link rel=\"canonical\" href=\"https:\/\/cabalgatasbariloche.com.ar\/en\/experiencias-turisticas\/el-bolson-and-lago-puelo-panoramic-route-craft-tradition-and-natural-environment\/\" \/>\n<meta property=\"og:locale\" content=\"en_US\" \/>\n<meta property=\"og:type\" content=\"article\" \/>\n<meta property=\"og:title\" content=\"El Bols\u00f3n y Lago Puelo: trayecto panor\u00e1mico, tradici\u00f3n artesanal y entorno natural\" \/>\n<meta property=\"og:description\" content=\"Viv\u00ed una traves\u00eda inolvidable desde Bariloche hacia el fascinante Bols\u00f3n y Lago Puelo. Descubr\u00ed panoramas incre\u00edbles, productos artesanales y el aut\u00e9ntico esp\u00edritu patag\u00f3nico en esta experiencia exclusiva.\" \/>\n<meta property=\"og:url\" content=\"https:\/\/cabalgatasbariloche.com.ar\/en\/experiencias-turisticas\/el-bolson-and-lago-puelo-panoramic-route-craft-tradition-and-natural-environment\/\" \/>\n<meta property=\"og:site_name\" content=\"Cabalgatas Bariloche\" \/>\n<meta property=\"article:modified_time\" content=\"2026-04-07T15:12:47+00:00\" \/>\n<meta property=\"og:image\" content=\"https:\/\/cabalgatasbariloche.com.ar\/wp-content\/uploads\/sites\/10\/2025\/08\/9-A-El-Bolson-Guia-.com_.ar_-copia-1-1.jpg\" \/>\n\t<meta property=\"og:image:width\" content=\"850\" \/>\n\t<meta property=\"og:image:height\" content=\"1133\" \/>\n\t<meta property=\"og:image:type\" content=\"image\/jpeg\" \/>\n<meta name=\"twitter:card\" content=\"summary_large_image\" \/>\n<meta name=\"twitter:label1\" content=\"Price\" \/>\n\t<meta name=\"twitter:data1\" content=\"&#036;59,400.00\" \/>\n\t<meta name=\"twitter:label2\" content=\"Availability\" \/>\n\t<meta name=\"twitter:data2\" content=\"In stock\" \/>\n<script type=\"application\/ld+json\" class=\"yoast-schema-graph\">{\"@context\":\"https:\/\/schema.org\",\"@graph\":[{\"@type\":[\"WebPage\",\"ItemPage\"],\"@id\":\"https:\/\/cabalgatasbariloche.com.ar\/experiencias-turisticas\/el-bolson-y-lago-puelo-trayecto-panoramico-tradicion-artesanal-y-entorno-natural\/\",\"url\":\"https:\/\/cabalgatasbariloche.com.ar\/experiencias-turisticas\/el-bolson-y-lago-puelo-trayecto-panoramico-tradicion-artesanal-y-entorno-natural\/\",\"name\":\"El Bols\u00f3n y Lago Puelo: trayecto panor\u00e1mico, tradici\u00f3n artesanal y entorno natural - Cabalgatas Bariloche\",\"isPartOf\":{\"@id\":\"https:\/\/cabalgatasbariloche.com.ar\/#website\"},\"primaryImageOfPage\":{\"@id\":\"https:\/\/cabalgatasbariloche.com.ar\/experiencias-turisticas\/el-bolson-y-lago-puelo-trayecto-panoramico-tradicion-artesanal-y-entorno-natural\/#primaryimage\"},\"image\":{\"@id\":\"https:\/\/cabalgatasbariloche.com.ar\/experiencias-turisticas\/el-bolson-y-lago-puelo-trayecto-panoramico-tradicion-artesanal-y-entorno-natural\/#primaryimage\"},\"thumbnailUrl\":\"https:\/\/cabalgatasbariloche.com.ar\/wp-content\/uploads\/sites\/10\/2025\/08\/9-A-El-Bolson-Guia-.com_.ar_-copia-1-1.jpg\",\"datePublished\":\"2025-08-27T15:18:03+00:00\",\"dateModified\":\"2026-04-07T15:12:47+00:00\",\"breadcrumb\":{\"@id\":\"https:\/\/cabalgatasbariloche.com.ar\/experiencias-turisticas\/el-bolson-y-lago-puelo-trayecto-panoramico-tradicion-artesanal-y-entorno-natural\/#breadcrumb\"},\"inLanguage\":\"en-US\",\"potentialAction\":[{\"@type\":\"ReadAction\",\"target\":[\"https:\/\/cabalgatasbariloche.com.ar\/experiencias-turisticas\/el-bolson-y-lago-puelo-trayecto-panoramico-tradicion-artesanal-y-entorno-natural\/\"]}]},{\"@type\":\"ImageObject\",\"inLanguage\":\"en-US\",\"@id\":\"https:\/\/cabalgatasbariloche.com.ar\/experiencias-turisticas\/el-bolson-y-lago-puelo-trayecto-panoramico-tradicion-artesanal-y-entorno-natural\/#primaryimage\",\"url\":\"https:\/\/cabalgatasbariloche.com.ar\/wp-content\/uploads\/sites\/10\/2025\/08\/9-A-El-Bolson-Guia-.com_.ar_-copia-1-1.jpg\",\"contentUrl\":\"https:\/\/cabalgatasbariloche.com.ar\/wp-content\/uploads\/sites\/10\/2025\/08\/9-A-El-Bolson-Guia-.com_.ar_-copia-1-1.jpg\",\"width\":850,\"height\":1133},{\"@type\":\"BreadcrumbList\",\"@id\":\"https:\/\/cabalgatasbariloche.com.ar\/experiencias-turisticas\/el-bolson-y-lago-puelo-trayecto-panoramico-tradicion-artesanal-y-entorno-natural\/#breadcrumb\",\"itemListElement\":[{\"@type\":\"ListItem\",\"position\":1,\"name\":\"Portada\",\"item\":\"https:\/\/cabalgatasbariloche.com.ar\/\"},{\"@type\":\"ListItem\",\"position\":2,\"name\":\"Tienda\",\"item\":\"https:\/\/cabalgatasbariloche.com.ar\/tienda\/\"},{\"@type\":\"ListItem\",\"position\":3,\"name\":\"El Bols\u00f3n y Lago Puelo: trayecto panor\u00e1mico, tradici\u00f3n artesanal y entorno natural\"}]},{\"@type\":\"WebSite\",\"@id\":\"https:\/\/cabalgatasbariloche.com.ar\/#website\",\"url\":\"https:\/\/cabalgatasbariloche.com.ar\/\",\"name\":\"Cabalgatas Bariloche\",\"description\":\"Conocer la estepa y cerros patagonicos\",\"potentialAction\":[{\"@type\":\"SearchAction\",\"target\":{\"@type\":\"EntryPoint\",\"urlTemplate\":\"https:\/\/cabalgatasbariloche.com.ar\/?s={search_term_string}\"},\"query-input\":{\"@type\":\"PropertyValueSpecification\",\"valueRequired\":true,\"valueName\":\"search_term_string\"}}],\"inLanguage\":\"en-US\"}]}<\/script>\n<meta property=\"product:price:amount\" content=\"59400.00\" \/>\n<meta property=\"product:price:currency\" content=\"ARS\" \/>\n<meta property=\"og:availability\" content=\"instock\" \/>\n<meta property=\"product:availability\" content=\"instock\" \/>\n<meta property=\"product:retailer_item_id\" content=\"ADV2025BOYLAPYFHS\" \/>\n<meta property=\"product:condition\" content=\"new\" \/>\n<!-- \/ Yoast SEO Premium plugin. -->","yoast_head_json":{"title":"El Bols\u00f3n and Lago Puelo: scenic route, craft tradition and natural environment - Cabalgatas Bariloche","robots":{"index":"index","follow":"follow","max-snippet":"max-snippet:-1","max-image-preview":"max-image-preview:large","max-video-preview":"max-video-preview:-1"},"canonical":"https:\/\/cabalgatasbariloche.com.ar\/en\/experiencias-turisticas\/el-bolson-and-lago-puelo-panoramic-route-craft-tradition-and-natural-environment\/","og_locale":"en_US","og_type":"article","og_title":"El Bols\u00f3n y Lago Puelo: trayecto panor\u00e1mico, tradici\u00f3n artesanal y entorno natural","og_description":"Viv\u00ed una traves\u00eda inolvidable desde Bariloche hacia el fascinante Bols\u00f3n y Lago Puelo. Descubr\u00ed panoramas incre\u00edbles, productos artesanales y el aut\u00e9ntico esp\u00edritu patag\u00f3nico en esta experiencia exclusiva.","og_url":"https:\/\/cabalgatasbariloche.com.ar\/en\/experiencias-turisticas\/el-bolson-and-lago-puelo-panoramic-route-craft-tradition-and-natural-environment\/","og_site_name":"Cabalgatas Bariloche","article_modified_time":"2026-04-07T15:12:47+00:00","og_image":[{"width":850,"height":1133,"url":"https:\/\/cabalgatasbariloche.com.ar\/wp-content\/uploads\/sites\/10\/2025\/08\/9-A-El-Bolson-Guia-.com_.ar_-copia-1-1.jpg","type":"image\/jpeg"}],"twitter_card":"summary_large_image","twitter_misc":{"Price":"&#36;59,400.00","Availability":"In stock"},"schema":{"@context":"https:\/\/schema.org","@graph":[{"@type":["WebPage","ItemPage"],"@id":"https:\/\/cabalgatasbariloche.com.ar\/experiencias-turisticas\/el-bolson-y-lago-puelo-trayecto-panoramico-tradicion-artesanal-y-entorno-natural\/","url":"https:\/\/cabalgatasbariloche.com.ar\/experiencias-turisticas\/el-bolson-y-lago-puelo-trayecto-panoramico-tradicion-artesanal-y-entorno-natural\/","name":"El Bols\u00f3n and Lago Puelo: scenic route, craft tradition and natural environment - Cabalgatas Bariloche","isPartOf":{"@id":"https:\/\/cabalgatasbariloche.com.ar\/#website"},"primaryImageOfPage":{"@id":"https:\/\/cabalgatasbariloche.com.ar\/experiencias-turisticas\/el-bolson-y-lago-puelo-trayecto-panoramico-tradicion-artesanal-y-entorno-natural\/#primaryimage"},"image":{"@id":"https:\/\/cabalgatasbariloche.com.ar\/experiencias-turisticas\/el-bolson-y-lago-puelo-trayecto-panoramico-tradicion-artesanal-y-entorno-natural\/#primaryimage"},"thumbnailUrl":"https:\/\/cabalgatasbariloche.com.ar\/wp-content\/uploads\/sites\/10\/2025\/08\/9-A-El-Bolson-Guia-.com_.ar_-copia-1-1.jpg","datePublished":"2025-08-27T15:18:03+00:00","dateModified":"2026-04-07T15:12:47+00:00","breadcrumb":{"@id":"https:\/\/cabalgatasbariloche.com.ar\/experiencias-turisticas\/el-bolson-y-lago-puelo-trayecto-panoramico-tradicion-artesanal-y-entorno-natural\/#breadcrumb"},"inLanguage":"en-US","potentialAction":[{"@type":"ReadAction","target":["https:\/\/cabalgatasbariloche.com.ar\/experiencias-turisticas\/el-bolson-y-lago-puelo-trayecto-panoramico-tradicion-artesanal-y-entorno-natural\/"]}]},{"@type":"ImageObject","inLanguage":"en-US","@id":"https:\/\/cabalgatasbariloche.com.ar\/experiencias-turisticas\/el-bolson-y-lago-puelo-trayecto-panoramico-tradicion-artesanal-y-entorno-natural\/#primaryimage","url":"https:\/\/cabalgatasbariloche.com.ar\/wp-content\/uploads\/sites\/10\/2025\/08\/9-A-El-Bolson-Guia-.com_.ar_-copia-1-1.jpg","contentUrl":"https:\/\/cabalgatasbariloche.com.ar\/wp-content\/uploads\/sites\/10\/2025\/08\/9-A-El-Bolson-Guia-.com_.ar_-copia-1-1.jpg","width":850,"height":1133},{"@type":"BreadcrumbList","@id":"https:\/\/cabalgatasbariloche.com.ar\/experiencias-turisticas\/el-bolson-y-lago-puelo-trayecto-panoramico-tradicion-artesanal-y-entorno-natural\/#breadcrumb","itemListElement":[{"@type":"ListItem","position":1,"name":"Portada","item":"https:\/\/cabalgatasbariloche.com.ar\/"},{"@type":"ListItem","position":2,"name":"Tienda","item":"https:\/\/cabalgatasbariloche.com.ar\/tienda\/"},{"@type":"ListItem","position":3,"name":"El Bols\u00f3n y Lago Puelo: trayecto panor\u00e1mico, tradici\u00f3n artesanal y entorno natural"}]},{"@type":"WebSite","@id":"https:\/\/cabalgatasbariloche.com.ar\/#website","url":"https:\/\/cabalgatasbariloche.com.ar\/","name":"Horseback Riding Bariloche","description":"To know the steppe and the Patagonian hills.","potentialAction":[{"@type":"SearchAction","target":{"@type":"EntryPoint","urlTemplate":"https:\/\/cabalgatasbariloche.com.ar\/?s={search_term_string}"},"query-input":{"@type":"PropertyValueSpecification","valueRequired":true,"valueName":"search_term_string"}}],"inLanguage":"en-US"}]},"product_price_amount":"59400.00","product_price_currency":"ARS","og_availability":"instock","product_availability":"instock","product_retailer_item_id":"ADV2025BOYLAPYFHS","product_condition":"new"},"_links":{"self":[{"href":"https:\/\/cabalgatasbariloche.com.ar\/en\/wp-json\/wp\/v2\/product\/88","targetHints":{"allow":["GET"]}}],"collection":[{"href":"https:\/\/cabalgatasbariloche.com.ar\/en\/wp-json\/wp\/v2\/product"}],"about":[{"href":"https:\/\/cabalgatasbariloche.com.ar\/en\/wp-json\/wp\/v2\/types\/product"}],"replies":[{"embeddable":true,"href":"https:\/\/cabalgatasbariloche.com.ar\/en\/wp-json\/wp\/v2\/comments?post=88"}],"wp:featuredmedia":[{"embeddable":true,"href":"https:\/\/cabalgatasbariloche.com.ar\/en\/wp-json\/wp\/v2\/media\/272"}],"wp:attachment":[{"href":"https:\/\/cabalgatasbariloche.com.ar\/en\/wp-json\/wp\/v2\/media?parent=88"}],"wp:term":[{"taxonomy":"product_brand","embeddable":true,"href":"https:\/\/cabalgatasbariloche.com.ar\/en\/wp-json\/wp\/v2\/product_brand?post=88"},{"taxonomy":"product_cat","embeddable":true,"href":"https:\/\/cabalgatasbariloche.com.ar\/en\/wp-json\/wp\/v2\/product_cat?post=88"},{"taxonomy":"product_tag","embeddable":true,"href":"https:\/\/cabalgatasbariloche.com.ar\/en\/wp-json\/wp\/v2\/product_tag?post=88"}],"curies":[{"name":"wp","href":"https:\/\/api.w.org\/{rel}","templated":true}]}}