{"id":82,"date":"2025-08-27T12:14:51","date_gmt":"2025-08-27T15:14:51","guid":{"rendered":"https:\/\/cabalgatasbariloche.com.ar\/producto\/cobertura-de-reprogramacion-cambia-la-fecha-de-tu-excursion-sin-penalidades\/"},"modified":"2026-02-03T11:09:02","modified_gmt":"2026-02-03T14:09:02","slug":"cobertura-de-reprogramacion-cambia-la-fecha-de-tu-excursion-sin-penalidades","status":"publish","type":"product","link":"https:\/\/cabalgatasbariloche.com.ar\/en\/experiencias-turisticas\/rescheduling-coverage-change-your-tour-date-without-penalty\/","title":{"rendered":"Rescheduling Coverage - Change the date of your excursion without penalty"},"content":{"rendered":"<h3 class=\"ai-optimize-22\" data-start=\"245\" data-end=\"300\">Adapt your trip without stress in case of unforeseen events<\/h3>\n<p class=\"ai-optimize-23\" data-start=\"302\" data-end=\"521\">The Rescheduling Insurance allows you to change the date of your excursion with no fees or penalties until the day before. It is a flexible alternative ideal for those who are looking for peace of mind when organizing their visit to Bariloche.<\/p>\n<h3 class=\"ai-optimize-24\" data-start=\"528\" data-end=\"555\">What does the insurance cover?<\/h3>\n<ul data-start=\"557\" data-end=\"846\">\n<li class=\"ai-optimize-25\" data-start=\"557\" data-end=\"628\">\n<p class=\"ai-optimize-26\" data-start=\"559\" data-end=\"628\">You can change the date free of charge until the day before the excursion.<\/p>\n<\/li>\n<li class=\"ai-optimize-27\" data-start=\"629\" data-end=\"678\">\n<p class=\"ai-optimize-28\" data-start=\"631\" data-end=\"678\">Easily reprogrammed, subject to availability.<\/p>\n<\/li>\n<li class=\"ai-optimize-29\" data-start=\"679\" data-end=\"738\">\n<p class=\"ai-optimize-30\" data-start=\"681\" data-end=\"738\">Fast management, no reasons for change are requested.<\/p>\n<\/li>\n<li class=\"ai-optimize-31\" data-start=\"739\" data-end=\"786\">\n<p class=\"ai-optimize-32\" data-start=\"741\" data-end=\"786\">Insurance is purchased per person and per activity.<\/p>\n<\/li>\n<li class=\"ai-optimize-33\" data-start=\"787\" data-end=\"846\">\n<p class=\"ai-optimize-34\" data-start=\"789\" data-end=\"846\">You have up to 30 minutes after issuing the voucher to contract it.<\/p>\n<\/li>\n<\/ul>\n<h3 class=\"ai-optimize-35\" data-start=\"853\" data-end=\"880\">Key conditions<\/h3>\n<ul data-start=\"882\" data-end=\"1214\">\n<li class=\"ai-optimize-36\" data-start=\"882\" data-end=\"957\">\n<p class=\"ai-optimize-37\" data-start=\"884\" data-end=\"957\">This insurance is personal: it applies to each traveler and excursion purchased.<\/p>\n<\/li>\n<li class=\"ai-optimize-38\" data-start=\"958\" data-end=\"1050\">\n<p class=\"ai-optimize-39\" data-start=\"960\" data-end=\"1050\">New dates depend on the instant availability of your order.<\/p>\n<\/li>\n<li class=\"ai-optimize-40\" data-start=\"1051\" data-end=\"1119\">\n<p class=\"ai-optimize-41\" data-start=\"1053\" data-end=\"1119\">It is not possible to make changes on the same day of the excursion.<\/p>\n<\/li>\n<li class=\"ai-optimize-42\" data-start=\"1120\" data-end=\"1214\">\n<p class=\"ai-optimize-43\" data-start=\"1122\" data-end=\"1214\">It must be requested together with the reservation or up to 30 minutes after the voucher is issued.<\/p>\n<\/li>\n<\/ul>\n<h3 class=\"ai-optimize-44\" data-start=\"1221\" data-end=\"1245\">Frequently Asked Questions<\/h3>\n<p class=\"ai-optimize-45\" data-start=\"1247\" data-end=\"1380\"><strong data-start=\"1247\" data-end=\"1303\">At what point do I take out Rescheduling Insurance?<\/strong><br data-start=\"1303\" data-end=\"1306\" \/>When making the reservation or within 30 minutes after issuing the voucher.<\/p>\n<p class=\"ai-optimize-46\" data-start=\"1382\" data-end=\"1501\"><strong data-start=\"1382\" data-end=\"1441\">Do I need to justify if I change the excursion?<\/strong><br data-start=\"1441\" data-end=\"1444\" \/>Yes, no reason is required to change the date.<\/p>\n<p class=\"ai-optimize-47\" data-start=\"1503\" data-end=\"1654\"><strong data-start=\"1503\" data-end=\"1563\">Is the vacancy guaranteed for the new date chosen?<\/strong><br data-start=\"1563\" data-end=\"1566\" \/>Changes will be subject to availability at the time of requesting the rescheduling.<\/p>\n<p class=\"ai-optimize-48\" data-start=\"1656\" data-end=\"1766\"><strong data-start=\"1656\" data-end=\"1701\">Is it possible to reschedule the same day of the excursion?<\/strong><br data-start=\"1701\" data-end=\"1704\" \/>No. The benefit only applies until the day before the excursion.<\/p>","protected":false},"excerpt":{"rendered":"<p class=\"ai-optimize-49\" data-start=\"1948\" data-end=\"2136\">Rescheduling Protection in Bariloche. Change the date of your activity free of charge up to the previous day. Purchase it when you make your reservation.<\/p>","protected":false},"featured_media":313,"comment_status":"open","ping_status":"closed","template":"","meta":[],"product_brand":[],"product_cat":[15],"product_tag":[],"class_list":{"0":"post-82","1":"product","2":"type-product","3":"status-publish","4":"has-post-thumbnail","6":"product_cat-otros","8":"first","9":"instock","10":"purchasable","11":"product-type-simple"},"booking_location":null,"booking_location_type":null,"booking_duration":null,"booking_duration_unit":null,"booking_buffer":null,"booking_cost":null,"booking_resources":null,"exclude_global_add_ons":[],"addons":[],"yoast_head":"<!-- This site is optimized with the Yoast SEO Premium plugin v25.2 (Yoast SEO v25.2) - https:\/\/yoast.com\/wordpress\/plugins\/seo\/ -->\n<title>Cobertura de Reprogramaci\u00f3n \u2013 Cambi\u00e1 la fecha de tu excursi\u00f3n sin penalidades - Cabalgatas Bariloche<\/title>\n<meta name=\"robots\" content=\"index, follow, max-snippet:-1, max-image-preview:large, max-video-preview:-1\" \/>\n<link rel=\"canonical\" href=\"https:\/\/cabalgatasbariloche.com.ar\/en\/experiencias-turisticas\/rescheduling-coverage-change-your-tour-date-without-penalty\/\" \/>\n<meta property=\"og:locale\" content=\"en_US\" \/>\n<meta property=\"og:type\" content=\"article\" \/>\n<meta property=\"og:title\" content=\"Cobertura de Reprogramaci\u00f3n \u2013 Cambi\u00e1 la fecha de tu excursi\u00f3n sin penalidades\" \/>\n<meta property=\"og:description\" content=\"Protecci\u00f3n de Reprogramaci\u00f3n en Bariloche. Modific\u00e1 la fecha de tu actividad sin costos hasta la jornada previa. Adquirilo al realizar tu reserva.\" \/>\n<meta property=\"og:url\" content=\"https:\/\/cabalgatasbariloche.com.ar\/en\/experiencias-turisticas\/rescheduling-coverage-change-your-tour-date-without-penalty\/\" \/>\n<meta property=\"og:site_name\" content=\"Cabalgatas Bariloche\" \/>\n<meta property=\"article:modified_time\" content=\"2026-02-03T14:09:02+00:00\" \/>\n<meta property=\"og:image\" content=\"https:\/\/cabalgatasbariloche.com.ar\/wp-content\/uploads\/sites\/10\/2025\/08\/Sin-titulo-1440-scaled.jpg\" \/>\n\t<meta property=\"og:image:width\" content=\"2560\" \/>\n\t<meta property=\"og:image:height\" content=\"1707\" \/>\n\t<meta property=\"og:image:type\" content=\"image\/jpeg\" \/>\n<meta name=\"twitter:card\" content=\"summary_large_image\" \/>\n<meta name=\"twitter:label1\" content=\"Price\" \/>\n\t<meta name=\"twitter:data1\" content=\"&#036;15,000.00\" \/>\n\t<meta name=\"twitter:label2\" content=\"Availability\" \/>\n\t<meta name=\"twitter:data2\" content=\"In stock\" \/>\n<script type=\"application\/ld+json\" class=\"yoast-schema-graph\">{\"@context\":\"https:\/\/schema.org\",\"@graph\":[{\"@type\":[\"WebPage\",\"ItemPage\"],\"@id\":\"https:\/\/cabalgatasbariloche.com.ar\/experiencias-turisticas\/cobertura-de-reprogramacion-cambia-la-fecha-de-tu-excursion-sin-penalidades\/\",\"url\":\"https:\/\/cabalgatasbariloche.com.ar\/experiencias-turisticas\/cobertura-de-reprogramacion-cambia-la-fecha-de-tu-excursion-sin-penalidades\/\",\"name\":\"Cobertura de Reprogramaci\u00f3n \u2013 Cambi\u00e1 la fecha de tu excursi\u00f3n sin penalidades - Cabalgatas Bariloche\",\"isPartOf\":{\"@id\":\"https:\/\/cabalgatasbariloche.com.ar\/#website\"},\"primaryImageOfPage\":{\"@id\":\"https:\/\/cabalgatasbariloche.com.ar\/experiencias-turisticas\/cobertura-de-reprogramacion-cambia-la-fecha-de-tu-excursion-sin-penalidades\/#primaryimage\"},\"image\":{\"@id\":\"https:\/\/cabalgatasbariloche.com.ar\/experiencias-turisticas\/cobertura-de-reprogramacion-cambia-la-fecha-de-tu-excursion-sin-penalidades\/#primaryimage\"},\"thumbnailUrl\":\"https:\/\/cabalgatasbariloche.com.ar\/wp-content\/uploads\/sites\/10\/2025\/08\/Sin-titulo-1440-scaled.jpg\",\"datePublished\":\"2025-08-27T15:14:51+00:00\",\"dateModified\":\"2026-02-03T14:09:02+00:00\",\"breadcrumb\":{\"@id\":\"https:\/\/cabalgatasbariloche.com.ar\/experiencias-turisticas\/cobertura-de-reprogramacion-cambia-la-fecha-de-tu-excursion-sin-penalidades\/#breadcrumb\"},\"inLanguage\":\"en-US\",\"potentialAction\":[{\"@type\":\"ReadAction\",\"target\":[\"https:\/\/cabalgatasbariloche.com.ar\/experiencias-turisticas\/cobertura-de-reprogramacion-cambia-la-fecha-de-tu-excursion-sin-penalidades\/\"]}]},{\"@type\":\"ImageObject\",\"inLanguage\":\"en-US\",\"@id\":\"https:\/\/cabalgatasbariloche.com.ar\/experiencias-turisticas\/cobertura-de-reprogramacion-cambia-la-fecha-de-tu-excursion-sin-penalidades\/#primaryimage\",\"url\":\"https:\/\/cabalgatasbariloche.com.ar\/wp-content\/uploads\/sites\/10\/2025\/08\/Sin-titulo-1440-scaled.jpg\",\"contentUrl\":\"https:\/\/cabalgatasbariloche.com.ar\/wp-content\/uploads\/sites\/10\/2025\/08\/Sin-titulo-1440-scaled.jpg\",\"width\":2560,\"height\":1707},{\"@type\":\"BreadcrumbList\",\"@id\":\"https:\/\/cabalgatasbariloche.com.ar\/experiencias-turisticas\/cobertura-de-reprogramacion-cambia-la-fecha-de-tu-excursion-sin-penalidades\/#breadcrumb\",\"itemListElement\":[{\"@type\":\"ListItem\",\"position\":1,\"name\":\"Portada\",\"item\":\"https:\/\/cabalgatasbariloche.com.ar\/\"},{\"@type\":\"ListItem\",\"position\":2,\"name\":\"Tienda\",\"item\":\"https:\/\/cabalgatasbariloche.com.ar\/tienda\/\"},{\"@type\":\"ListItem\",\"position\":3,\"name\":\"Cobertura de Reprogramaci\u00f3n \u2013 Cambi\u00e1 la fecha de tu excursi\u00f3n sin penalidades\"}]},{\"@type\":\"WebSite\",\"@id\":\"https:\/\/cabalgatasbariloche.com.ar\/#website\",\"url\":\"https:\/\/cabalgatasbariloche.com.ar\/\",\"name\":\"Cabalgatas Bariloche\",\"description\":\"Conocer la estepa y cerros patagonicos\",\"potentialAction\":[{\"@type\":\"SearchAction\",\"target\":{\"@type\":\"EntryPoint\",\"urlTemplate\":\"https:\/\/cabalgatasbariloche.com.ar\/?s={search_term_string}\"},\"query-input\":{\"@type\":\"PropertyValueSpecification\",\"valueRequired\":true,\"valueName\":\"search_term_string\"}}],\"inLanguage\":\"en-US\"}]}<\/script>\n<meta property=\"product:price:amount\" content=\"15000.00\" \/>\n<meta property=\"product:price:currency\" content=\"ARS\" \/>\n<meta property=\"og:availability\" content=\"instock\" \/>\n<meta property=\"product:availability\" content=\"instock\" \/>\n<meta property=\"product:condition\" content=\"new\" \/>\n<!-- \/ Yoast SEO Premium plugin. -->","yoast_head_json":{"title":"Rescheduling Coverage - Change the date of your excursion without penalties - Cabalgatas Bariloche","robots":{"index":"index","follow":"follow","max-snippet":"max-snippet:-1","max-image-preview":"max-image-preview:large","max-video-preview":"max-video-preview:-1"},"canonical":"https:\/\/cabalgatasbariloche.com.ar\/en\/experiencias-turisticas\/rescheduling-coverage-change-your-tour-date-without-penalty\/","og_locale":"en_US","og_type":"article","og_title":"Cobertura de Reprogramaci\u00f3n \u2013 Cambi\u00e1 la fecha de tu excursi\u00f3n sin penalidades","og_description":"Protecci\u00f3n de Reprogramaci\u00f3n en Bariloche. Modific\u00e1 la fecha de tu actividad sin costos hasta la jornada previa. Adquirilo al realizar tu reserva.","og_url":"https:\/\/cabalgatasbariloche.com.ar\/en\/experiencias-turisticas\/rescheduling-coverage-change-your-tour-date-without-penalty\/","og_site_name":"Cabalgatas Bariloche","article_modified_time":"2026-02-03T14:09:02+00:00","og_image":[{"width":2560,"height":1707,"url":"https:\/\/cabalgatasbariloche.com.ar\/wp-content\/uploads\/sites\/10\/2025\/08\/Sin-titulo-1440-scaled.jpg","type":"image\/jpeg"}],"twitter_card":"summary_large_image","twitter_misc":{"Price":"&#36;15,000.00","Availability":"In stock"},"schema":{"@context":"https:\/\/schema.org","@graph":[{"@type":["WebPage","ItemPage"],"@id":"https:\/\/cabalgatasbariloche.com.ar\/experiencias-turisticas\/cobertura-de-reprogramacion-cambia-la-fecha-de-tu-excursion-sin-penalidades\/","url":"https:\/\/cabalgatasbariloche.com.ar\/experiencias-turisticas\/cobertura-de-reprogramacion-cambia-la-fecha-de-tu-excursion-sin-penalidades\/","name":"Rescheduling Coverage - Change the date of your excursion without penalties - Cabalgatas Bariloche","isPartOf":{"@id":"https:\/\/cabalgatasbariloche.com.ar\/#website"},"primaryImageOfPage":{"@id":"https:\/\/cabalgatasbariloche.com.ar\/experiencias-turisticas\/cobertura-de-reprogramacion-cambia-la-fecha-de-tu-excursion-sin-penalidades\/#primaryimage"},"image":{"@id":"https:\/\/cabalgatasbariloche.com.ar\/experiencias-turisticas\/cobertura-de-reprogramacion-cambia-la-fecha-de-tu-excursion-sin-penalidades\/#primaryimage"},"thumbnailUrl":"https:\/\/cabalgatasbariloche.com.ar\/wp-content\/uploads\/sites\/10\/2025\/08\/Sin-titulo-1440-scaled.jpg","datePublished":"2025-08-27T15:14:51+00:00","dateModified":"2026-02-03T14:09:02+00:00","breadcrumb":{"@id":"https:\/\/cabalgatasbariloche.com.ar\/experiencias-turisticas\/cobertura-de-reprogramacion-cambia-la-fecha-de-tu-excursion-sin-penalidades\/#breadcrumb"},"inLanguage":"en-US","potentialAction":[{"@type":"ReadAction","target":["https:\/\/cabalgatasbariloche.com.ar\/experiencias-turisticas\/cobertura-de-reprogramacion-cambia-la-fecha-de-tu-excursion-sin-penalidades\/"]}]},{"@type":"ImageObject","inLanguage":"en-US","@id":"https:\/\/cabalgatasbariloche.com.ar\/experiencias-turisticas\/cobertura-de-reprogramacion-cambia-la-fecha-de-tu-excursion-sin-penalidades\/#primaryimage","url":"https:\/\/cabalgatasbariloche.com.ar\/wp-content\/uploads\/sites\/10\/2025\/08\/Sin-titulo-1440-scaled.jpg","contentUrl":"https:\/\/cabalgatasbariloche.com.ar\/wp-content\/uploads\/sites\/10\/2025\/08\/Sin-titulo-1440-scaled.jpg","width":2560,"height":1707},{"@type":"BreadcrumbList","@id":"https:\/\/cabalgatasbariloche.com.ar\/experiencias-turisticas\/cobertura-de-reprogramacion-cambia-la-fecha-de-tu-excursion-sin-penalidades\/#breadcrumb","itemListElement":[{"@type":"ListItem","position":1,"name":"Portada","item":"https:\/\/cabalgatasbariloche.com.ar\/"},{"@type":"ListItem","position":2,"name":"Tienda","item":"https:\/\/cabalgatasbariloche.com.ar\/tienda\/"},{"@type":"ListItem","position":3,"name":"Cobertura de Reprogramaci\u00f3n \u2013 Cambi\u00e1 la fecha de tu excursi\u00f3n sin penalidades"}]},{"@type":"WebSite","@id":"https:\/\/cabalgatasbariloche.com.ar\/#website","url":"https:\/\/cabalgatasbariloche.com.ar\/","name":"Horseback Riding Bariloche","description":"To know the steppe and the Patagonian hills.","potentialAction":[{"@type":"SearchAction","target":{"@type":"EntryPoint","urlTemplate":"https:\/\/cabalgatasbariloche.com.ar\/?s={search_term_string}"},"query-input":{"@type":"PropertyValueSpecification","valueRequired":true,"valueName":"search_term_string"}}],"inLanguage":"en-US"}]},"product_price_amount":"15000.00","product_price_currency":"ARS","og_availability":"instock","product_availability":"instock","product_condition":"new"},"_links":{"self":[{"href":"https:\/\/cabalgatasbariloche.com.ar\/en\/wp-json\/wp\/v2\/product\/82","targetHints":{"allow":["GET"]}}],"collection":[{"href":"https:\/\/cabalgatasbariloche.com.ar\/en\/wp-json\/wp\/v2\/product"}],"about":[{"href":"https:\/\/cabalgatasbariloche.com.ar\/en\/wp-json\/wp\/v2\/types\/product"}],"replies":[{"embeddable":true,"href":"https:\/\/cabalgatasbariloche.com.ar\/en\/wp-json\/wp\/v2\/comments?post=82"}],"wp:featuredmedia":[{"embeddable":true,"href":"https:\/\/cabalgatasbariloche.com.ar\/en\/wp-json\/wp\/v2\/media\/313"}],"wp:attachment":[{"href":"https:\/\/cabalgatasbariloche.com.ar\/en\/wp-json\/wp\/v2\/media?parent=82"}],"wp:term":[{"taxonomy":"product_brand","embeddable":true,"href":"https:\/\/cabalgatasbariloche.com.ar\/en\/wp-json\/wp\/v2\/product_brand?post=82"},{"taxonomy":"product_cat","embeddable":true,"href":"https:\/\/cabalgatasbariloche.com.ar\/en\/wp-json\/wp\/v2\/product_cat?post=82"},{"taxonomy":"product_tag","embeddable":true,"href":"https:\/\/cabalgatasbariloche.com.ar\/en\/wp-json\/wp\/v2\/product_tag?post=82"}],"curies":[{"name":"wp","href":"https:\/\/api.w.org\/{rel}","templated":true}]}}