{"id":78,"date":"2025-08-27T12:13:47","date_gmt":"2025-08-27T15:13:47","guid":{"rendered":"https:\/\/cabalgatasbariloche.com.ar\/producto\/pack-de-reserva-modificable-viaja-con-tranquilidad-y-sin-preocupaciones\/"},"modified":"2025-08-27T12:13:52","modified_gmt":"2025-08-27T15:13:52","slug":"pack-de-reserva-modificable-viaja-con-tranquilidad-y-sin-preocupaciones","status":"publish","type":"product","link":"https:\/\/cabalgatasbariloche.com.ar\/en\/experiencias-turisticas\/modifiable-reservation-pack-travel-with-peace-of-mind-and-without-worries\/","title":{"rendered":"Modifiable Reservation Pack - Travel with peace of mind and without worries."},"content":{"rendered":"<h3 data-start=\"232\" data-end=\"273\">Modify your plans when you need to<\/h3>\n<p data-start=\"275\" data-end=\"620\">The Flexible Booking Pack allows you to organize your activities in Bariloche knowing that, in case of any unforeseen event, you can easily modify or cancel your reservation. This option includes the benefits of both the Rescheduling Insurance and the Cancellation Insurance, so that you can enjoy maximum flexibility in a single contract.<\/p>\n<h3 data-start=\"627\" data-end=\"652\">What does the Pack include?<\/h3>\n<ul data-start=\"654\" data-end=\"1014\">\n<li data-start=\"654\" data-end=\"726\">\n<p data-start=\"656\" data-end=\"726\">Date modification free of charge up to the day prior to departure.<\/p>\n<\/li>\n<li data-start=\"727\" data-end=\"797\">\n<p data-start=\"729\" data-end=\"797\">Cancellation with partial refund until 7:00 p.m. the day before.<\/p>\n<\/li>\n<li data-start=\"798\" data-end=\"870\">\n<p data-start=\"800\" data-end=\"870\">Hiring enabled up to 30 minutes after issuing your voucher.<\/p>\n<\/li>\n<li data-start=\"871\" data-end=\"930\">\n<p data-start=\"873\" data-end=\"930\">The Pack is requested <strong data-start=\"893\" data-end=\"929\">per person per excursion<\/strong>.<\/p>\n<\/li>\n<li data-start=\"931\" data-end=\"1014\">\n<p data-start=\"933\" data-end=\"1014\">Perfect for more relaxed travel, even if you have to adjust your plans on the fly.<\/p>\n<\/li>\n<\/ul>\n<h3 data-start=\"1021\" data-end=\"1048\">Important conditions<\/h3>\n<ul data-start=\"1050\" data-end=\"1393\">\n<li data-start=\"1050\" data-end=\"1134\">\n<p data-start=\"1052\" data-end=\"1134\">The Pack is individual: it applies to each passenger and each specific excursion.<\/p>\n<\/li>\n<li data-start=\"1135\" data-end=\"1236\">\n<p data-start=\"1137\" data-end=\"1236\">Must be contracted at the time of booking or up to 30 minutes after the voucher is issued.<\/p>\n<\/li>\n<li data-start=\"1237\" data-end=\"1317\">\n<p data-start=\"1239\" data-end=\"1317\">Available for most excursions (check for exceptions).<\/p>\n<\/li>\n<li data-start=\"1318\" data-end=\"1393\">\n<p data-start=\"1320\" data-end=\"1393\">Partial refund for cancellation is granted according to current policies.<\/p>\n<\/li>\n<\/ul>\n<h3 data-start=\"1400\" data-end=\"1424\">Frequently Asked Questions<\/h3>\n<p data-start=\"1426\" data-end=\"1565\"><strong data-start=\"1426\" data-end=\"1475\">Can I purchase the Pack after booking?<\/strong><br data-start=\"1475\" data-end=\"1478\" \/>Yes, you have up to 30 minutes after the voucher is issued to add it to your reservation.<\/p>\n<p data-start=\"1567\" data-end=\"1731\"><strong data-start=\"1567\" data-end=\"1610\">Can I cancel without explaining the reason?<\/strong><br data-start=\"1610\" data-end=\"1613\" \/>Yes, it is possible to cancel up to 7:00 p.m. the day before and get a partial refund without giving reasons.<\/p>\n<p data-start=\"1733\" data-end=\"1866\"><strong data-start=\"1733\" data-end=\"1781\">Does the Pack allow date changes at no cost?<\/strong><br data-start=\"1781\" data-end=\"1784\" \/>Yes, you have the option to reschedule the tour up to the previous day, subject to availability.<\/p>\n<p data-start=\"1868\" data-end=\"2032\"><strong data-start=\"1868\" data-end=\"1910\">Is it valid for all excursions?<\/strong><br data-start=\"1910\" data-end=\"1913\" \/>Applicable to most of the excursions offered, except for the exceptions notified at the time of booking.<\/p>","protected":false},"excerpt":{"rendered":"<p data-start=\"2230\" data-end=\"2441\">Flexible Booking: change or cancel your individual tour and per experience, with partial refund up to the previous day. More peace of mind when traveling to Bariloche.<\/p>","protected":false},"featured_media":79,"comment_status":"open","ping_status":"closed","template":"","meta":[],"product_brand":[],"product_cat":[15],"product_tag":[],"class_list":{"0":"post-78","1":"product","2":"type-product","3":"status-publish","4":"has-post-thumbnail","6":"product_cat-otros","8":"first","9":"instock","10":"sale","11":"purchasable","12":"product-type-simple"},"booking_location":null,"booking_location_type":null,"booking_duration":null,"booking_duration_unit":null,"booking_buffer":null,"booking_cost":null,"booking_resources":null,"exclude_global_add_ons":[],"addons":[],"yoast_head":"<!-- This site is optimized with the Yoast SEO Premium plugin v25.2 (Yoast SEO v25.2) - https:\/\/yoast.com\/wordpress\/plugins\/seo\/ -->\n<title>Pack de Reserva Modificable \u2013 Viaj\u00e1 con tranquilidad y sin preocupaciones - Cabalgatas Bariloche<\/title>\n<meta name=\"robots\" content=\"index, follow, max-snippet:-1, max-image-preview:large, max-video-preview:-1\" \/>\n<link rel=\"canonical\" href=\"https:\/\/cabalgatasbariloche.com.ar\/en\/experiencias-turisticas\/modifiable-reservation-pack-travel-with-peace-of-mind-and-without-worries\/\" \/>\n<meta property=\"og:locale\" content=\"en_US\" \/>\n<meta property=\"og:type\" content=\"article\" \/>\n<meta property=\"og:title\" content=\"Pack de Reserva Modificable \u2013 Viaj\u00e1 con tranquilidad y sin preocupaciones\" \/>\n<meta property=\"og:description\" content=\"Reserva Flexible: cambi\u00e1 o anul\u00e1 tu tour individual y por experiencia, con reembolso parcial hasta el d\u00eda previo. M\u00e1s tranquilidad al viajar a Bariloche.\" \/>\n<meta property=\"og:url\" content=\"https:\/\/cabalgatasbariloche.com.ar\/en\/experiencias-turisticas\/modifiable-reservation-pack-travel-with-peace-of-mind-and-without-worries\/\" \/>\n<meta property=\"og:site_name\" content=\"Cabalgatas Bariloche\" \/>\n<meta property=\"article:modified_time\" content=\"2025-08-27T15:13:52+00:00\" \/>\n<meta property=\"og:image\" content=\"https:\/\/cabalgatasbariloche.com.ar\/wp-content\/uploads\/sites\/10\/2025\/08\/1-DSC_0103-scaled-1.jpg\" \/>\n\t<meta property=\"og:image:width\" content=\"1856\" \/>\n\t<meta property=\"og:image:height\" content=\"2560\" \/>\n\t<meta property=\"og:image:type\" content=\"image\/jpeg\" \/>\n<meta name=\"twitter:card\" content=\"summary_large_image\" \/>\n<meta name=\"twitter:label1\" content=\"Price\" \/>\n\t<meta name=\"twitter:data1\" content=\"&#036;25,000.00\" \/>\n\t<meta name=\"twitter:label2\" content=\"Availability\" \/>\n\t<meta name=\"twitter:data2\" content=\"In stock\" \/>\n<script type=\"application\/ld+json\" class=\"yoast-schema-graph\">{\"@context\":\"https:\/\/schema.org\",\"@graph\":[{\"@type\":[\"WebPage\",\"ItemPage\"],\"@id\":\"https:\/\/cabalgatasbariloche.com.ar\/experiencias-turisticas\/pack-de-reserva-modificable-viaja-con-tranquilidad-y-sin-preocupaciones\/\",\"url\":\"https:\/\/cabalgatasbariloche.com.ar\/experiencias-turisticas\/pack-de-reserva-modificable-viaja-con-tranquilidad-y-sin-preocupaciones\/\",\"name\":\"Pack de Reserva Modificable \u2013 Viaj\u00e1 con tranquilidad y sin preocupaciones - Cabalgatas Bariloche\",\"isPartOf\":{\"@id\":\"https:\/\/cabalgatasbariloche.com.ar\/#website\"},\"primaryImageOfPage\":{\"@id\":\"https:\/\/cabalgatasbariloche.com.ar\/experiencias-turisticas\/pack-de-reserva-modificable-viaja-con-tranquilidad-y-sin-preocupaciones\/#primaryimage\"},\"image\":{\"@id\":\"https:\/\/cabalgatasbariloche.com.ar\/experiencias-turisticas\/pack-de-reserva-modificable-viaja-con-tranquilidad-y-sin-preocupaciones\/#primaryimage\"},\"thumbnailUrl\":\"https:\/\/cabalgatasbariloche.com.ar\/wp-content\/uploads\/sites\/10\/2025\/08\/1-DSC_0103-scaled-1.jpg\",\"datePublished\":\"2025-08-27T15:13:47+00:00\",\"dateModified\":\"2025-08-27T15:13:52+00:00\",\"breadcrumb\":{\"@id\":\"https:\/\/cabalgatasbariloche.com.ar\/experiencias-turisticas\/pack-de-reserva-modificable-viaja-con-tranquilidad-y-sin-preocupaciones\/#breadcrumb\"},\"inLanguage\":\"en-US\",\"potentialAction\":[{\"@type\":\"ReadAction\",\"target\":[\"https:\/\/cabalgatasbariloche.com.ar\/experiencias-turisticas\/pack-de-reserva-modificable-viaja-con-tranquilidad-y-sin-preocupaciones\/\"]}]},{\"@type\":\"ImageObject\",\"inLanguage\":\"en-US\",\"@id\":\"https:\/\/cabalgatasbariloche.com.ar\/experiencias-turisticas\/pack-de-reserva-modificable-viaja-con-tranquilidad-y-sin-preocupaciones\/#primaryimage\",\"url\":\"https:\/\/cabalgatasbariloche.com.ar\/wp-content\/uploads\/sites\/10\/2025\/08\/1-DSC_0103-scaled-1.jpg\",\"contentUrl\":\"https:\/\/cabalgatasbariloche.com.ar\/wp-content\/uploads\/sites\/10\/2025\/08\/1-DSC_0103-scaled-1.jpg\",\"width\":1856,\"height\":2560},{\"@type\":\"BreadcrumbList\",\"@id\":\"https:\/\/cabalgatasbariloche.com.ar\/experiencias-turisticas\/pack-de-reserva-modificable-viaja-con-tranquilidad-y-sin-preocupaciones\/#breadcrumb\",\"itemListElement\":[{\"@type\":\"ListItem\",\"position\":1,\"name\":\"Portada\",\"item\":\"https:\/\/cabalgatasbariloche.com.ar\/\"},{\"@type\":\"ListItem\",\"position\":2,\"name\":\"Tienda\",\"item\":\"https:\/\/cabalgatasbariloche.com.ar\/tienda\/\"},{\"@type\":\"ListItem\",\"position\":3,\"name\":\"Pack de Reserva Modificable \u2013 Viaj\u00e1 con tranquilidad y sin preocupaciones\"}]},{\"@type\":\"WebSite\",\"@id\":\"https:\/\/cabalgatasbariloche.com.ar\/#website\",\"url\":\"https:\/\/cabalgatasbariloche.com.ar\/\",\"name\":\"Cabalgatas Bariloche\",\"description\":\"Conocer la estepa y cerros patagonicos\",\"potentialAction\":[{\"@type\":\"SearchAction\",\"target\":{\"@type\":\"EntryPoint\",\"urlTemplate\":\"https:\/\/cabalgatasbariloche.com.ar\/?s={search_term_string}\"},\"query-input\":{\"@type\":\"PropertyValueSpecification\",\"valueRequired\":true,\"valueName\":\"search_term_string\"}}],\"inLanguage\":\"en-US\"}]}<\/script>\n<meta property=\"product:price:amount\" content=\"25000.00\" \/>\n<meta property=\"product:price:currency\" content=\"ARS\" \/>\n<meta property=\"og:availability\" content=\"instock\" \/>\n<meta property=\"product:availability\" content=\"instock\" \/>\n<meta property=\"product:condition\" content=\"new\" \/>\n<!-- \/ Yoast SEO Premium plugin. -->","yoast_head_json":{"title":"Modifiable Reservation Pack - Travel with peace of mind and without worries - Cabalgatas Bariloche","robots":{"index":"index","follow":"follow","max-snippet":"max-snippet:-1","max-image-preview":"max-image-preview:large","max-video-preview":"max-video-preview:-1"},"canonical":"https:\/\/cabalgatasbariloche.com.ar\/en\/experiencias-turisticas\/modifiable-reservation-pack-travel-with-peace-of-mind-and-without-worries\/","og_locale":"en_US","og_type":"article","og_title":"Pack de Reserva Modificable \u2013 Viaj\u00e1 con tranquilidad y sin preocupaciones","og_description":"Reserva Flexible: cambi\u00e1 o anul\u00e1 tu tour individual y por experiencia, con reembolso parcial hasta el d\u00eda previo. M\u00e1s tranquilidad al viajar a Bariloche.","og_url":"https:\/\/cabalgatasbariloche.com.ar\/en\/experiencias-turisticas\/modifiable-reservation-pack-travel-with-peace-of-mind-and-without-worries\/","og_site_name":"Cabalgatas Bariloche","article_modified_time":"2025-08-27T15:13:52+00:00","og_image":[{"width":1856,"height":2560,"url":"https:\/\/cabalgatasbariloche.com.ar\/wp-content\/uploads\/sites\/10\/2025\/08\/1-DSC_0103-scaled-1.jpg","type":"image\/jpeg"}],"twitter_card":"summary_large_image","twitter_misc":{"Price":"&#36;25,000.00","Availability":"In stock"},"schema":{"@context":"https:\/\/schema.org","@graph":[{"@type":["WebPage","ItemPage"],"@id":"https:\/\/cabalgatasbariloche.com.ar\/experiencias-turisticas\/pack-de-reserva-modificable-viaja-con-tranquilidad-y-sin-preocupaciones\/","url":"https:\/\/cabalgatasbariloche.com.ar\/experiencias-turisticas\/pack-de-reserva-modificable-viaja-con-tranquilidad-y-sin-preocupaciones\/","name":"Modifiable Reservation Pack - Travel with peace of mind and without worries - Cabalgatas Bariloche","isPartOf":{"@id":"https:\/\/cabalgatasbariloche.com.ar\/#website"},"primaryImageOfPage":{"@id":"https:\/\/cabalgatasbariloche.com.ar\/experiencias-turisticas\/pack-de-reserva-modificable-viaja-con-tranquilidad-y-sin-preocupaciones\/#primaryimage"},"image":{"@id":"https:\/\/cabalgatasbariloche.com.ar\/experiencias-turisticas\/pack-de-reserva-modificable-viaja-con-tranquilidad-y-sin-preocupaciones\/#primaryimage"},"thumbnailUrl":"https:\/\/cabalgatasbariloche.com.ar\/wp-content\/uploads\/sites\/10\/2025\/08\/1-DSC_0103-scaled-1.jpg","datePublished":"2025-08-27T15:13:47+00:00","dateModified":"2025-08-27T15:13:52+00:00","breadcrumb":{"@id":"https:\/\/cabalgatasbariloche.com.ar\/experiencias-turisticas\/pack-de-reserva-modificable-viaja-con-tranquilidad-y-sin-preocupaciones\/#breadcrumb"},"inLanguage":"en-US","potentialAction":[{"@type":"ReadAction","target":["https:\/\/cabalgatasbariloche.com.ar\/experiencias-turisticas\/pack-de-reserva-modificable-viaja-con-tranquilidad-y-sin-preocupaciones\/"]}]},{"@type":"ImageObject","inLanguage":"en-US","@id":"https:\/\/cabalgatasbariloche.com.ar\/experiencias-turisticas\/pack-de-reserva-modificable-viaja-con-tranquilidad-y-sin-preocupaciones\/#primaryimage","url":"https:\/\/cabalgatasbariloche.com.ar\/wp-content\/uploads\/sites\/10\/2025\/08\/1-DSC_0103-scaled-1.jpg","contentUrl":"https:\/\/cabalgatasbariloche.com.ar\/wp-content\/uploads\/sites\/10\/2025\/08\/1-DSC_0103-scaled-1.jpg","width":1856,"height":2560},{"@type":"BreadcrumbList","@id":"https:\/\/cabalgatasbariloche.com.ar\/experiencias-turisticas\/pack-de-reserva-modificable-viaja-con-tranquilidad-y-sin-preocupaciones\/#breadcrumb","itemListElement":[{"@type":"ListItem","position":1,"name":"Portada","item":"https:\/\/cabalgatasbariloche.com.ar\/"},{"@type":"ListItem","position":2,"name":"Tienda","item":"https:\/\/cabalgatasbariloche.com.ar\/tienda\/"},{"@type":"ListItem","position":3,"name":"Pack de Reserva Modificable \u2013 Viaj\u00e1 con tranquilidad y sin preocupaciones"}]},{"@type":"WebSite","@id":"https:\/\/cabalgatasbariloche.com.ar\/#website","url":"https:\/\/cabalgatasbariloche.com.ar\/","name":"Horseback Riding Bariloche","description":"To know the steppe and the Patagonian hills.","potentialAction":[{"@type":"SearchAction","target":{"@type":"EntryPoint","urlTemplate":"https:\/\/cabalgatasbariloche.com.ar\/?s={search_term_string}"},"query-input":{"@type":"PropertyValueSpecification","valueRequired":true,"valueName":"search_term_string"}}],"inLanguage":"en-US"}]},"product_price_amount":"25000.00","product_price_currency":"ARS","og_availability":"instock","product_availability":"instock","product_condition":"new"},"_links":{"self":[{"href":"https:\/\/cabalgatasbariloche.com.ar\/en\/wp-json\/wp\/v2\/product\/78","targetHints":{"allow":["GET"]}}],"collection":[{"href":"https:\/\/cabalgatasbariloche.com.ar\/en\/wp-json\/wp\/v2\/product"}],"about":[{"href":"https:\/\/cabalgatasbariloche.com.ar\/en\/wp-json\/wp\/v2\/types\/product"}],"replies":[{"embeddable":true,"href":"https:\/\/cabalgatasbariloche.com.ar\/en\/wp-json\/wp\/v2\/comments?post=78"}],"wp:featuredmedia":[{"embeddable":true,"href":"https:\/\/cabalgatasbariloche.com.ar\/en\/wp-json\/wp\/v2\/media\/79"}],"wp:attachment":[{"href":"https:\/\/cabalgatasbariloche.com.ar\/en\/wp-json\/wp\/v2\/media?parent=78"}],"wp:term":[{"taxonomy":"product_brand","embeddable":true,"href":"https:\/\/cabalgatasbariloche.com.ar\/en\/wp-json\/wp\/v2\/product_brand?post=78"},{"taxonomy":"product_cat","embeddable":true,"href":"https:\/\/cabalgatasbariloche.com.ar\/en\/wp-json\/wp\/v2\/product_cat?post=78"},{"taxonomy":"product_tag","embeddable":true,"href":"https:\/\/cabalgatasbariloche.com.ar\/en\/wp-json\/wp\/v2\/product_tag?post=78"}],"curies":[{"name":"wp","href":"https:\/\/api.w.org\/{rel}","templated":true}]}}