{"id":473,"date":"2026-03-10T14:53:33","date_gmt":"2026-03-10T17:53:33","guid":{"rendered":"https:\/\/cabalgatasbariloche.com.ar\/?post_type=product&#038;p=473"},"modified":"2026-03-10T14:53:33","modified_gmt":"2026-03-10T17:53:33","slug":"cabalgata-senderos-patagonicos-recorrido-natural-de-3-horas","status":"publish","type":"product","link":"https:\/\/cabalgatasbariloche.com.ar\/en\/experiencias-turisticas\/horseback-riding-on-patagonian-trails-3-hour-nature-tour\/","title":{"rendered":"Horseback Riding Patagonian Trails - 3 Hour Nature Tour"},"content":{"rendered":"<h2 class=\"ai-optimize-22 ai-optimize-introduction\"><b>A scenic experience by the lake and the mountain range<\/b><\/h2>\n<p class=\"ai-optimize-23 ai-optimize-introduction\"><span style=\"font-weight: 400;\">Discover the tranquility of the eastern shore of Moreno Lake on a horseback ride ideal for those looking for open landscapes, contact with the water and panoramic views of the Patagonian hills. A 3-hour outing designed to enjoy the natural environment in a relaxed way.<\/span><\/p>\n<p class=\"ai-optimize-25\"><span style=\"font-weight: 400;\">The activity begins in our field, where a brief introduction is given and horses are assigned according to experience.<\/span><\/p>\n<p class=\"ai-optimize-26\"><span style=\"font-weight: 400;\">From there we start crossing roads and a sparsely populated area that allows us to appreciate the transition between forest and open spaces. The tour leads us to the east beach of Lake Moreno, one of the largest and most natural sectors of the area.<\/span><\/p>\n<p class=\"ai-optimize-27\"><span style=\"font-weight: 400;\">We ride along the coast to the mouth of the river, which we gently ascend before returning. From the long beach there are privileged views of the hills, offering an ideal setting for photographs and moments of contemplation.<\/span><\/p>\n<p class=\"ai-optimize-28\"><b>Practical information<\/b><\/p>\n<p class=\"ai-optimize-29\"><b>Output:<\/b><span style=\"font-weight: 400;\"> 10:00 a.m.<\/span><span style=\"font-weight: 400;\"><br \/>\n<\/span> <b>Duration:<\/b><span style=\"font-weight: 400;\"> Approximately 3 hours.<\/span><span style=\"font-weight: 400;\"><br \/>\n<\/span> <b>Difficulty level:<\/b><span style=\"font-weight: 400;\"> Low.<\/span><span style=\"font-weight: 400;\"><br \/>\n<\/span> <b>Meeting point:<\/b><span style=\"font-weight: 400;\"> To be confirmed at the time of voucher processing.<\/span><span style=\"font-weight: 400;\"><br \/>\n<\/span><span style=\"font-weight: 400;\"><br \/>\n<\/span><b>Includes<\/b><\/p>\n<ul>\n<li class=\"ai-optimize-30\" style=\"font-weight: 400;\" aria-level=\"1\"><span style=\"font-weight: 400;\">Guided horseback riding.<\/span><\/li>\n<li class=\"ai-optimize-31\" style=\"font-weight: 400;\" aria-level=\"1\"><span style=\"font-weight: 400;\">Baqueano guides.<\/span><\/li>\n<\/ul>\n<p class=\"ai-optimize-32\"><b>Does not include<\/b><\/p>\n<ul>\n<li class=\"ai-optimize-33\" style=\"font-weight: 400;\" aria-level=\"1\"><span style=\"font-weight: 400;\">Transfers.<\/span><\/li>\n<li class=\"ai-optimize-34\" style=\"font-weight: 400;\" aria-level=\"1\"><span style=\"font-weight: 400;\">Food services.<\/span><\/li>\n<\/ul>\n<p class=\"ai-optimize-35\"><b>Frequently asked questions<\/b><\/p>\n<p class=\"ai-optimize-36\"><b>Do I need previous experience?<\/b><b><br \/>\n<\/b><span style=\"font-weight: 400;\"> No. It is an activity suitable for all audiences.<\/span><\/p>\n<p class=\"ai-optimize-37\"><b>What type of tour do you do?<\/b><b><br \/>\n<\/b><span style=\"font-weight: 400;\"> Rural trails and lake beach, with mostly stable terrain.<\/span><\/p>\n<p class=\"ai-optimize-38\"><b>Is it suitable for children?<\/b><b><br \/>\n<\/b><span style=\"font-weight: 400;\"> Minimum age 6 years old.<\/span><\/p>","protected":false},"excerpt":{"rendered":"<p class=\"ai-optimize-27\">3-hour horseback ride to Moreno Lake in Bariloche. Ride along the beach, Casa de Piedra river and panoramic views of the Patagonian hills.<\/p>","protected":false},"featured_media":486,"comment_status":"open","ping_status":"closed","template":"","meta":[],"product_brand":[],"product_cat":[50,52,54,55,61,65,70],"product_tag":[],"class_list":{"0":"post-473","1":"product","2":"type-product","3":"status-publish","4":"has-post-thumbnail","6":"product_cat-adultos","7":"product_cat-aventura","8":"product_cat-con-traslado","9":"product_cat-familia","10":"product_cat-ninos","11":"product_cat-sin-comida","12":"product_cat-todo-el-ano","14":"first","15":"instock","16":"virtual","17":"sold-individually","18":"purchasable","19":"product-type-booking"},"booking_location":"","booking_location_type":"","booking_duration":1,"booking_duration_unit":"hour","booking_buffer":0,"booking_cost":115000,"booking_resources":[],"exclude_global_add_ons":[],"addons":[],"yoast_head":"<!-- This site is optimized with the Yoast SEO Premium plugin v25.2 (Yoast SEO v25.2) - https:\/\/yoast.com\/wordpress\/plugins\/seo\/ -->\n<title>Cabalgata Senderos Patag\u00f3nicos \u2013 Recorrido Natural de 3 Horas - Cabalgatas Bariloche<\/title>\n<meta name=\"description\" content=\"Cabalgata de 3 horas al Lago Moreno en Bariloche. Recorrido por playa, r\u00edo Casa de Piedra y vistas panor\u00e1micas a los cerros patag\u00f3nicos.\" \/>\n<meta name=\"robots\" content=\"index, follow, max-snippet:-1, max-image-preview:large, max-video-preview:-1\" \/>\n<link rel=\"canonical\" href=\"https:\/\/cabalgatasbariloche.com.ar\/en\/experiencias-turisticas\/horseback-riding-on-patagonian-trails-3-hour-nature-tour\/\" \/>\n<meta property=\"og:locale\" content=\"en_US\" \/>\n<meta property=\"og:type\" content=\"article\" \/>\n<meta property=\"og:title\" content=\"Cabalgata Senderos Patag\u00f3nicos \u2013 Recorrido Natural de 3 Horas\" \/>\n<meta property=\"og:description\" content=\"Cabalgata de 3 horas al Lago Moreno en Bariloche. Recorrido por playa, r\u00edo Casa de Piedra y vistas panor\u00e1micas a los cerros patag\u00f3nicos.\" \/>\n<meta property=\"og:url\" content=\"https:\/\/cabalgatasbariloche.com.ar\/en\/experiencias-turisticas\/horseback-riding-on-patagonian-trails-3-hour-nature-tour\/\" \/>\n<meta property=\"og:site_name\" content=\"Cabalgatas Bariloche\" \/>\n<meta property=\"og:image\" content=\"https:\/\/cabalgatasbariloche.com.ar\/wp-content\/uploads\/sites\/10\/2026\/03\/Foto-Cabalgata-CB-5-1.jpg\" \/>\n\t<meta property=\"og:image:width\" content=\"850\" \/>\n\t<meta property=\"og:image:height\" content=\"1133\" \/>\n\t<meta property=\"og:image:type\" content=\"image\/jpeg\" \/>\n<meta name=\"twitter:card\" content=\"summary_large_image\" \/>\n<meta name=\"twitter:label1\" content=\"Price\" \/>\n\t<meta name=\"twitter:data1\" content=\"&#036;115,000.00\" \/>\n\t<meta name=\"twitter:label2\" content=\"Availability\" \/>\n\t<meta name=\"twitter:data2\" content=\"In stock\" \/>\n<script type=\"application\/ld+json\" class=\"yoast-schema-graph\">{\"@context\":\"https:\/\/schema.org\",\"@graph\":[{\"@type\":[\"WebPage\",\"ItemPage\"],\"@id\":\"https:\/\/cabalgatasbariloche.com.ar\/experiencias-turisticas\/cabalgata-senderos-patagonicos-recorrido-natural-de-3-horas\/\",\"url\":\"https:\/\/cabalgatasbariloche.com.ar\/experiencias-turisticas\/cabalgata-senderos-patagonicos-recorrido-natural-de-3-horas\/\",\"name\":\"Cabalgata Senderos Patag\u00f3nicos \u2013 Recorrido Natural de 3 Horas - Cabalgatas Bariloche\",\"isPartOf\":{\"@id\":\"https:\/\/cabalgatasbariloche.com.ar\/#website\"},\"primaryImageOfPage\":{\"@id\":\"https:\/\/cabalgatasbariloche.com.ar\/experiencias-turisticas\/cabalgata-senderos-patagonicos-recorrido-natural-de-3-horas\/#primaryimage\"},\"image\":{\"@id\":\"https:\/\/cabalgatasbariloche.com.ar\/experiencias-turisticas\/cabalgata-senderos-patagonicos-recorrido-natural-de-3-horas\/#primaryimage\"},\"thumbnailUrl\":\"https:\/\/cabalgatasbariloche.com.ar\/wp-content\/uploads\/sites\/10\/2026\/03\/Foto-Cabalgata-CB-5-1.jpg\",\"datePublished\":\"2026-03-10T17:53:33+00:00\",\"description\":\"Cabalgata de 3 horas al Lago Moreno en Bariloche. Recorrido por playa, r\u00edo Casa de Piedra y vistas panor\u00e1micas a los cerros patag\u00f3nicos.\",\"breadcrumb\":{\"@id\":\"https:\/\/cabalgatasbariloche.com.ar\/experiencias-turisticas\/cabalgata-senderos-patagonicos-recorrido-natural-de-3-horas\/#breadcrumb\"},\"inLanguage\":\"en-US\",\"potentialAction\":[{\"@type\":\"ReadAction\",\"target\":[\"https:\/\/cabalgatasbariloche.com.ar\/experiencias-turisticas\/cabalgata-senderos-patagonicos-recorrido-natural-de-3-horas\/\"]}]},{\"@type\":\"ImageObject\",\"inLanguage\":\"en-US\",\"@id\":\"https:\/\/cabalgatasbariloche.com.ar\/experiencias-turisticas\/cabalgata-senderos-patagonicos-recorrido-natural-de-3-horas\/#primaryimage\",\"url\":\"https:\/\/cabalgatasbariloche.com.ar\/wp-content\/uploads\/sites\/10\/2026\/03\/Foto-Cabalgata-CB-5-1.jpg\",\"contentUrl\":\"https:\/\/cabalgatasbariloche.com.ar\/wp-content\/uploads\/sites\/10\/2026\/03\/Foto-Cabalgata-CB-5-1.jpg\",\"width\":850,\"height\":1133},{\"@type\":\"BreadcrumbList\",\"@id\":\"https:\/\/cabalgatasbariloche.com.ar\/experiencias-turisticas\/cabalgata-senderos-patagonicos-recorrido-natural-de-3-horas\/#breadcrumb\",\"itemListElement\":[{\"@type\":\"ListItem\",\"position\":1,\"name\":\"Portada\",\"item\":\"https:\/\/cabalgatasbariloche.com.ar\/\"},{\"@type\":\"ListItem\",\"position\":2,\"name\":\"Tienda\",\"item\":\"https:\/\/cabalgatasbariloche.com.ar\/tienda\/\"},{\"@type\":\"ListItem\",\"position\":3,\"name\":\"Cabalgata Senderos Patag\u00f3nicos \u2013 Recorrido Natural de 3 Horas\"}]},{\"@type\":\"WebSite\",\"@id\":\"https:\/\/cabalgatasbariloche.com.ar\/#website\",\"url\":\"https:\/\/cabalgatasbariloche.com.ar\/\",\"name\":\"Cabalgatas Bariloche\",\"description\":\"Conocer la estepa y cerros patagonicos\",\"potentialAction\":[{\"@type\":\"SearchAction\",\"target\":{\"@type\":\"EntryPoint\",\"urlTemplate\":\"https:\/\/cabalgatasbariloche.com.ar\/?s={search_term_string}\"},\"query-input\":{\"@type\":\"PropertyValueSpecification\",\"valueRequired\":true,\"valueName\":\"search_term_string\"}}],\"inLanguage\":\"en-US\"}]}<\/script>\n<meta property=\"product:price:amount\" content=\"115000.00\" \/>\n<meta property=\"product:price:currency\" content=\"ARS\" \/>\n<meta property=\"og:availability\" content=\"instock\" \/>\n<meta property=\"product:availability\" content=\"instock\" \/>\n<meta property=\"product:retailer_item_id\" content=\"ADV2026CALAMOR8K2\" \/>\n<meta property=\"product:condition\" content=\"new\" \/>\n<!-- \/ Yoast SEO Premium plugin. -->","yoast_head_json":{"title":"Horseback Riding Patagonian Trails - 3-Hour Nature Tour - Horseback Riding Bariloche","description":"3-hour horseback ride to Moreno Lake in Bariloche. Ride along the beach, Casa de Piedra river and panoramic views of the Patagonian hills.","robots":{"index":"index","follow":"follow","max-snippet":"max-snippet:-1","max-image-preview":"max-image-preview:large","max-video-preview":"max-video-preview:-1"},"canonical":"https:\/\/cabalgatasbariloche.com.ar\/en\/experiencias-turisticas\/horseback-riding-on-patagonian-trails-3-hour-nature-tour\/","og_locale":"en_US","og_type":"article","og_title":"Cabalgata Senderos Patag\u00f3nicos \u2013 Recorrido Natural de 3 Horas","og_description":"Cabalgata de 3 horas al Lago Moreno en Bariloche. Recorrido por playa, r\u00edo Casa de Piedra y vistas panor\u00e1micas a los cerros patag\u00f3nicos.","og_url":"https:\/\/cabalgatasbariloche.com.ar\/en\/experiencias-turisticas\/horseback-riding-on-patagonian-trails-3-hour-nature-tour\/","og_site_name":"Cabalgatas Bariloche","og_image":[{"width":850,"height":1133,"url":"https:\/\/cabalgatasbariloche.com.ar\/wp-content\/uploads\/sites\/10\/2026\/03\/Foto-Cabalgata-CB-5-1.jpg","type":"image\/jpeg"}],"twitter_card":"summary_large_image","twitter_misc":{"Price":"&#36;115,000.00","Availability":"In stock"},"schema":{"@context":"https:\/\/schema.org","@graph":[{"@type":["WebPage","ItemPage"],"@id":"https:\/\/cabalgatasbariloche.com.ar\/experiencias-turisticas\/cabalgata-senderos-patagonicos-recorrido-natural-de-3-horas\/","url":"https:\/\/cabalgatasbariloche.com.ar\/experiencias-turisticas\/cabalgata-senderos-patagonicos-recorrido-natural-de-3-horas\/","name":"Horseback Riding Patagonian Trails - 3-Hour Nature Tour - Horseback Riding Bariloche","isPartOf":{"@id":"https:\/\/cabalgatasbariloche.com.ar\/#website"},"primaryImageOfPage":{"@id":"https:\/\/cabalgatasbariloche.com.ar\/experiencias-turisticas\/cabalgata-senderos-patagonicos-recorrido-natural-de-3-horas\/#primaryimage"},"image":{"@id":"https:\/\/cabalgatasbariloche.com.ar\/experiencias-turisticas\/cabalgata-senderos-patagonicos-recorrido-natural-de-3-horas\/#primaryimage"},"thumbnailUrl":"https:\/\/cabalgatasbariloche.com.ar\/wp-content\/uploads\/sites\/10\/2026\/03\/Foto-Cabalgata-CB-5-1.jpg","datePublished":"2026-03-10T17:53:33+00:00","description":"3-hour horseback ride to Moreno Lake in Bariloche. Ride along the beach, Casa de Piedra river and panoramic views of the Patagonian hills.","breadcrumb":{"@id":"https:\/\/cabalgatasbariloche.com.ar\/experiencias-turisticas\/cabalgata-senderos-patagonicos-recorrido-natural-de-3-horas\/#breadcrumb"},"inLanguage":"en-US","potentialAction":[{"@type":"ReadAction","target":["https:\/\/cabalgatasbariloche.com.ar\/experiencias-turisticas\/cabalgata-senderos-patagonicos-recorrido-natural-de-3-horas\/"]}]},{"@type":"ImageObject","inLanguage":"en-US","@id":"https:\/\/cabalgatasbariloche.com.ar\/experiencias-turisticas\/cabalgata-senderos-patagonicos-recorrido-natural-de-3-horas\/#primaryimage","url":"https:\/\/cabalgatasbariloche.com.ar\/wp-content\/uploads\/sites\/10\/2026\/03\/Foto-Cabalgata-CB-5-1.jpg","contentUrl":"https:\/\/cabalgatasbariloche.com.ar\/wp-content\/uploads\/sites\/10\/2026\/03\/Foto-Cabalgata-CB-5-1.jpg","width":850,"height":1133},{"@type":"BreadcrumbList","@id":"https:\/\/cabalgatasbariloche.com.ar\/experiencias-turisticas\/cabalgata-senderos-patagonicos-recorrido-natural-de-3-horas\/#breadcrumb","itemListElement":[{"@type":"ListItem","position":1,"name":"Portada","item":"https:\/\/cabalgatasbariloche.com.ar\/"},{"@type":"ListItem","position":2,"name":"Tienda","item":"https:\/\/cabalgatasbariloche.com.ar\/tienda\/"},{"@type":"ListItem","position":3,"name":"Cabalgata Senderos Patag\u00f3nicos \u2013 Recorrido Natural de 3 Horas"}]},{"@type":"WebSite","@id":"https:\/\/cabalgatasbariloche.com.ar\/#website","url":"https:\/\/cabalgatasbariloche.com.ar\/","name":"Horseback Riding Bariloche","description":"To know the steppe and the Patagonian hills.","potentialAction":[{"@type":"SearchAction","target":{"@type":"EntryPoint","urlTemplate":"https:\/\/cabalgatasbariloche.com.ar\/?s={search_term_string}"},"query-input":{"@type":"PropertyValueSpecification","valueRequired":true,"valueName":"search_term_string"}}],"inLanguage":"en-US"}]},"product_price_amount":"115000.00","product_price_currency":"ARS","og_availability":"instock","product_availability":"instock","product_retailer_item_id":"ADV2026CALAMOR8K2","product_condition":"new"},"_links":{"self":[{"href":"https:\/\/cabalgatasbariloche.com.ar\/en\/wp-json\/wp\/v2\/product\/473","targetHints":{"allow":["GET"]}}],"collection":[{"href":"https:\/\/cabalgatasbariloche.com.ar\/en\/wp-json\/wp\/v2\/product"}],"about":[{"href":"https:\/\/cabalgatasbariloche.com.ar\/en\/wp-json\/wp\/v2\/types\/product"}],"replies":[{"embeddable":true,"href":"https:\/\/cabalgatasbariloche.com.ar\/en\/wp-json\/wp\/v2\/comments?post=473"}],"wp:featuredmedia":[{"embeddable":true,"href":"https:\/\/cabalgatasbariloche.com.ar\/en\/wp-json\/wp\/v2\/media\/486"}],"wp:attachment":[{"href":"https:\/\/cabalgatasbariloche.com.ar\/en\/wp-json\/wp\/v2\/media?parent=473"}],"wp:term":[{"taxonomy":"product_brand","embeddable":true,"href":"https:\/\/cabalgatasbariloche.com.ar\/en\/wp-json\/wp\/v2\/product_brand?post=473"},{"taxonomy":"product_cat","embeddable":true,"href":"https:\/\/cabalgatasbariloche.com.ar\/en\/wp-json\/wp\/v2\/product_cat?post=473"},{"taxonomy":"product_tag","embeddable":true,"href":"https:\/\/cabalgatasbariloche.com.ar\/en\/wp-json\/wp\/v2\/product_tag?post=473"}],"curies":[{"name":"wp","href":"https:\/\/api.w.org\/{rel}","templated":true}]}}