{"id":106,"date":"2025-08-27T12:28:04","date_gmt":"2025-08-27T15:28:04","guid":{"rendered":"https:\/\/cabalgatasbariloche.com.ar\/producto\/puerto-blest-con-cascada-los-cantaros-lago-frias-sin-traslado\/"},"modified":"2026-04-04T10:47:40","modified_gmt":"2026-04-04T13:47:40","slug":"puerto-blest-con-cascada-los-cantaros-lago-frias-sin-traslado","status":"publish","type":"product","link":"https:\/\/cabalgatasbariloche.com.ar\/en\/experiencias-turisticas\/puerto-blest-with-waterfall-los-cantaros-lake-frias-without-transfer\/","title":{"rendered":"Puerto Blest with \u201cLos Cantaros\u201d Waterfall + Frias Lake without Transfer"},"content":{"rendered":"<h2 class=\"ai-optimize-26\">Discover the Tranquility of Puerto Blest and the Waterfall of Los C\u00e1ntaros<\/h2>\n<p class=\"ai-optimize-27 ai-optimize-introduction\">I left from <strong>Puerto Pa\u00f1uelo<\/strong>, located only 25 km from <strong>San Carlos de Bariloche<\/strong>, and enjoy a unique ride through the waters of the <strong>Nahuel Huapi Lake<\/strong>. On the way, contemplate the <strong>Sentinel Islet<\/strong>, where the remains of the renowned <strong>Perito Moreno<\/strong>, and walk along enchanting walkways that will lead you to the magnificent <strong>Los C\u00e1ntaros Waterfall<\/strong>, surrounded by high granite walls.<\/p>\n<h3 class=\"ai-optimize-28\">An Encounter with Nature<\/h3>\n<p class=\"ai-optimize-29\">During the navigation, you will appreciate the breathtaking panoramic views of the <strong>Andes mountain range<\/strong> and the islands that embellish this spectacular area. At <strong>Puerto Blest<\/strong>, I discovered the calmness of the <strong>Bay<\/strong> and observe the color of the <strong>Lake Frias<\/strong>, whose emerald tones come from the action of the glaciers of the <strong>Cerro Tronador<\/strong>.<\/p>\n<h3 class=\"ai-optimize-30\">Adventures for Every Explorer<\/h3>\n<ul>\n<li class=\"ai-optimize-31\"><strong>Guided walks<\/strong> through the Valdivian rainforest, home to a variety of unique species.<\/li>\n<li class=\"ai-optimize-32\"><strong>Trails<\/strong> designed for different levels, allowing you to discover at your own pace.<\/li>\n<\/ul>\n<h2 class=\"ai-optimize-33\">Navigation Options and Services<\/h2>\n<p class=\"ai-optimize-34\">The voyage ends with a return to <strong>Puerto Pa\u00f1uelo<\/strong> by the <strong>Blest Arm<\/strong>, where the <strong>Cerro Tronador<\/strong> gives an incredible postcard at sunset. The visit to the <strong>Lake Frias<\/strong> a short bus ride of 3 km to the city of <strong>Puerto Alegre<\/strong>, From there you embark to this enchanting lake.<\/p>\n<h3 class=\"ai-optimize-35\">Practical Information<\/h3>\n<ul>\n<li class=\"ai-optimize-36\"><strong>Duration:<\/strong> 9:00 a.m. to 5:00 p.m. approximately.<\/li>\n<li class=\"ai-optimize-37\"><strong>Includes:<\/strong> Guided boat ride, walks among native trees, navigation on Lake Frias.<\/li>\n<li class=\"ai-optimize-38\"><strong>Does not include:<\/strong> Arrival at <strong>Puerto Pa\u00f1uelo<\/strong>, meals (there are inns on site) and access to National Parks.<\/li>\n<\/ul>\n<h2 class=\"ai-optimize-39\">Common Questions<\/h2>\n<ul>\n<li class=\"ai-optimize-40\"><strong>Where do I pay the National Park entrance and boarding fee?<\/strong><br \/>\nThese payments are made in <strong>Puerto Pa\u00f1uelo<\/strong>, The tour is paid in cash and in Argentine pesos on the same day of the excursion. Residents of <strong>San Carlos de Bariloche<\/strong>, The disabled, children under five years of age and retirees are free of charge.<\/li>\n<li class=\"ai-optimize-41\"><strong>Is the discount for retirees exclusive for Argentines?<\/strong><br \/>\nThat's right, the benefit applies only to Argentine retirees, who must present a valid ID card when boarding.<\/li>\n<li class=\"ai-optimize-42\"><strong>How long are the walks?<\/strong><br \/>\nThe tours in <strong>Puerto Blest<\/strong> different requirements. The journey to the <strong>Los C\u00e1ntaros Waterfall<\/strong> The park has about 700 steps, with panoramic areas and spaces for rest.<\/li>\n<\/ul>","protected":false},"excerpt":{"rendered":"<h2 class=\"ai-optimize-22\">Tour of Puerto Blest and \u00abLos C\u00e1ntaros\u00bb waterfall.\u00bb<\/h2>\n<p class=\"ai-optimize-23 ai-optimize-introduction\">Exit from <strong>Puerto Pa\u00f1uelo<\/strong> in a unique adventure to the <strong>Los C\u00e1ntaros Waterfall<\/strong>, crossing the calm waters of the <strong>Nahuel Huapi Lake<\/strong>. Learn about the mysterious <strong>Lake Frias<\/strong> and travel the roads of the <strong>valdivian forest<\/strong> the imposing grandeur of the <strong>Andes mountain range<\/strong>.<\/p>","protected":false},"featured_media":166,"comment_status":"open","ping_status":"closed","template":"","meta":[],"product_brand":[],"product_cat":[50,55,58,59,61,65,66,70],"product_tag":[],"class_list":{"0":"post-106","1":"product","2":"type-product","3":"status-publish","4":"has-post-thumbnail","6":"product_cat-adultos","7":"product_cat-familia","8":"product_cat-jubilados","9":"product_cat-lacustre","10":"product_cat-ninos","11":"product_cat-sin-comida","12":"product_cat-sin-traslado","13":"product_cat-todo-el-ano","15":"first","16":"instock","17":"virtual","18":"sold-individually","19":"purchasable","20":"product-type-booking"},"booking_location":"","booking_location_type":"","booking_duration":60,"booking_duration_unit":"minute","booking_buffer":0,"booking_cost":0,"booking_resources":[],"exclude_global_add_ons":false,"addons":[{"name":"ADU | Adult","type":"input_multiplier","position":0,"required":false,"title_format":"label","default":"","description_enable":false,"description":"","placeholder_enable":false,"placeholder":"","display":"select","restrictions_type":"any_text","adjust_price":true,"price":"190000","price_type":"quantity_based","restrictions":false,"min":"0","max":"0","options":[],"id":1773233364},{"name":"MEN512 | from 5 to 12","type":"input_multiplier","position":1,"required":false,"title_format":"label","default":"","description_enable":false,"description":"","placeholder_enable":false,"placeholder":"","display":"select","restrictions_type":"any_text","adjust_price":true,"price":"97000","price_type":"quantity_based","restrictions":false,"min":"0","max":"0","options":[],"id":1773233365},{"name":"ADUJ : Retired","type":"input_multiplier","position":2,"required":false,"title_format":"label","default":"","description_enable":false,"description":"","placeholder_enable":false,"placeholder":"","display":"select","restrictions_type":"any_text","adjust_price":true,"price":"97000","price_type":"quantity_based","restrictions":false,"min":"0","max":"0","options":[],"id":1773233366}],"yoast_head":"<!-- This site is optimized with the Yoast SEO Premium plugin v25.2 (Yoast SEO v25.2) - https:\/\/yoast.com\/wordpress\/plugins\/seo\/ -->\n<title>Puerto Blest con Cascada \u201cLos Cantaros\u201d + Lago Frias sin Traslado - Cabalgatas Bariloche<\/title>\n<meta name=\"description\" content=\"Descubr\u00ed los rincones m\u00e1s bellos del Nahuel Huapi en una navegaci\u00f3n a Puerto Blest y Lago Fr\u00edas sin traslado.\" \/>\n<meta name=\"robots\" content=\"index, follow, max-snippet:-1, max-image-preview:large, max-video-preview:-1\" \/>\n<link rel=\"canonical\" href=\"https:\/\/cabalgatasbariloche.com.ar\/en\/experiencias-turisticas\/puerto-blest-with-waterfall-los-cantaros-lake-frias-without-transfer\/\" \/>\n<meta property=\"og:locale\" content=\"en_US\" \/>\n<meta property=\"og:type\" content=\"article\" \/>\n<meta property=\"og:title\" content=\"Puerto Blest con Cascada \u201cLos Cantaros\u201d + Lago Frias sin Traslado\" \/>\n<meta property=\"og:description\" content=\"Descubr\u00ed los rincones m\u00e1s bellos del Nahuel Huapi en una navegaci\u00f3n a Puerto Blest y Lago Fr\u00edas sin traslado.\" \/>\n<meta property=\"og:url\" content=\"https:\/\/cabalgatasbariloche.com.ar\/en\/experiencias-turisticas\/puerto-blest-with-waterfall-los-cantaros-lake-frias-without-transfer\/\" \/>\n<meta property=\"og:site_name\" content=\"Cabalgatas Bariloche\" \/>\n<meta property=\"article:modified_time\" content=\"2026-04-04T13:47:40+00:00\" \/>\n<meta property=\"og:image\" content=\"https:\/\/cabalgatasbariloche.com.ar\/wp-content\/uploads\/sites\/10\/2025\/08\/1-D-20211209_105925-3-1-scaled.jpg\" \/>\n\t<meta property=\"og:image:width\" content=\"1920\" \/>\n\t<meta property=\"og:image:height\" content=\"2560\" \/>\n\t<meta property=\"og:image:type\" content=\"image\/jpeg\" \/>\n<meta name=\"twitter:card\" content=\"summary_large_image\" \/>\n<meta name=\"twitter:label1\" content=\"Price\" \/>\n\t<meta name=\"twitter:data1\" content=\"&#036;190,000.00\" \/>\n\t<meta name=\"twitter:label2\" content=\"Availability\" \/>\n\t<meta name=\"twitter:data2\" content=\"In stock\" \/>\n<script type=\"application\/ld+json\" class=\"yoast-schema-graph\">{\"@context\":\"https:\/\/schema.org\",\"@graph\":[{\"@type\":[\"WebPage\",\"ItemPage\"],\"@id\":\"https:\/\/cabalgatasbariloche.com.ar\/experiencias-turisticas\/puerto-blest-con-cascada-los-cantaros-lago-frias-sin-traslado\/\",\"url\":\"https:\/\/cabalgatasbariloche.com.ar\/experiencias-turisticas\/puerto-blest-con-cascada-los-cantaros-lago-frias-sin-traslado\/\",\"name\":\"Puerto Blest con Cascada \u201cLos Cantaros\u201d + Lago Frias sin Traslado - Cabalgatas Bariloche\",\"isPartOf\":{\"@id\":\"https:\/\/cabalgatasbariloche.com.ar\/#website\"},\"primaryImageOfPage\":{\"@id\":\"https:\/\/cabalgatasbariloche.com.ar\/experiencias-turisticas\/puerto-blest-con-cascada-los-cantaros-lago-frias-sin-traslado\/#primaryimage\"},\"image\":{\"@id\":\"https:\/\/cabalgatasbariloche.com.ar\/experiencias-turisticas\/puerto-blest-con-cascada-los-cantaros-lago-frias-sin-traslado\/#primaryimage\"},\"thumbnailUrl\":\"https:\/\/cabalgatasbariloche.com.ar\/wp-content\/uploads\/sites\/10\/2025\/08\/1-D-20211209_105925-3-1-scaled.jpg\",\"datePublished\":\"2025-08-27T15:28:04+00:00\",\"dateModified\":\"2026-04-04T13:47:40+00:00\",\"description\":\"Descubr\u00ed los rincones m\u00e1s bellos del Nahuel Huapi en una navegaci\u00f3n a Puerto Blest y Lago Fr\u00edas sin traslado.\",\"breadcrumb\":{\"@id\":\"https:\/\/cabalgatasbariloche.com.ar\/experiencias-turisticas\/puerto-blest-con-cascada-los-cantaros-lago-frias-sin-traslado\/#breadcrumb\"},\"inLanguage\":\"en-US\",\"potentialAction\":[{\"@type\":\"ReadAction\",\"target\":[\"https:\/\/cabalgatasbariloche.com.ar\/experiencias-turisticas\/puerto-blest-con-cascada-los-cantaros-lago-frias-sin-traslado\/\"]}]},{\"@type\":\"ImageObject\",\"inLanguage\":\"en-US\",\"@id\":\"https:\/\/cabalgatasbariloche.com.ar\/experiencias-turisticas\/puerto-blest-con-cascada-los-cantaros-lago-frias-sin-traslado\/#primaryimage\",\"url\":\"https:\/\/cabalgatasbariloche.com.ar\/wp-content\/uploads\/sites\/10\/2025\/08\/1-D-20211209_105925-3-1-scaled.jpg\",\"contentUrl\":\"https:\/\/cabalgatasbariloche.com.ar\/wp-content\/uploads\/sites\/10\/2025\/08\/1-D-20211209_105925-3-1-scaled.jpg\",\"width\":1920,\"height\":2560},{\"@type\":\"BreadcrumbList\",\"@id\":\"https:\/\/cabalgatasbariloche.com.ar\/experiencias-turisticas\/puerto-blest-con-cascada-los-cantaros-lago-frias-sin-traslado\/#breadcrumb\",\"itemListElement\":[{\"@type\":\"ListItem\",\"position\":1,\"name\":\"Portada\",\"item\":\"https:\/\/cabalgatasbariloche.com.ar\/\"},{\"@type\":\"ListItem\",\"position\":2,\"name\":\"Tienda\",\"item\":\"https:\/\/cabalgatasbariloche.com.ar\/tienda\/\"},{\"@type\":\"ListItem\",\"position\":3,\"name\":\"Puerto Blest con Cascada \u201cLos Cantaros\u201d + Lago Frias sin Traslado\"}]},{\"@type\":\"WebSite\",\"@id\":\"https:\/\/cabalgatasbariloche.com.ar\/#website\",\"url\":\"https:\/\/cabalgatasbariloche.com.ar\/\",\"name\":\"Cabalgatas Bariloche\",\"description\":\"Conocer la estepa y cerros patagonicos\",\"potentialAction\":[{\"@type\":\"SearchAction\",\"target\":{\"@type\":\"EntryPoint\",\"urlTemplate\":\"https:\/\/cabalgatasbariloche.com.ar\/?s={search_term_string}\"},\"query-input\":{\"@type\":\"PropertyValueSpecification\",\"valueRequired\":true,\"valueName\":\"search_term_string\"}}],\"inLanguage\":\"en-US\"}]}<\/script>\n<meta property=\"product:price:amount\" content=\"190000.00\" \/>\n<meta property=\"product:price:currency\" content=\"ARS\" \/>\n<meta property=\"og:availability\" content=\"instock\" \/>\n<meta property=\"product:availability\" content=\"instock\" \/>\n<meta property=\"product:retailer_item_id\" content=\"ADV2025PUBLYC33V7\" \/>\n<meta property=\"product:condition\" content=\"new\" \/>\n<!-- \/ Yoast SEO Premium plugin. -->","yoast_head_json":{"title":"Puerto Blest with \u201cLos Cantaros\u201d Waterfall + Lake Frias without Transfer - Horseback Riding Bariloche","description":"Discover the most beautiful corners of the Nahuel Huapi in a navigation to Puerto Blest and Lago Frias without transfer.","robots":{"index":"index","follow":"follow","max-snippet":"max-snippet:-1","max-image-preview":"max-image-preview:large","max-video-preview":"max-video-preview:-1"},"canonical":"https:\/\/cabalgatasbariloche.com.ar\/en\/experiencias-turisticas\/puerto-blest-with-waterfall-los-cantaros-lake-frias-without-transfer\/","og_locale":"en_US","og_type":"article","og_title":"Puerto Blest con Cascada \u201cLos Cantaros\u201d + Lago Frias sin Traslado","og_description":"Descubr\u00ed los rincones m\u00e1s bellos del Nahuel Huapi en una navegaci\u00f3n a Puerto Blest y Lago Fr\u00edas sin traslado.","og_url":"https:\/\/cabalgatasbariloche.com.ar\/en\/experiencias-turisticas\/puerto-blest-with-waterfall-los-cantaros-lake-frias-without-transfer\/","og_site_name":"Cabalgatas Bariloche","article_modified_time":"2026-04-04T13:47:40+00:00","og_image":[{"width":1920,"height":2560,"url":"https:\/\/cabalgatasbariloche.com.ar\/wp-content\/uploads\/sites\/10\/2025\/08\/1-D-20211209_105925-3-1-scaled.jpg","type":"image\/jpeg"}],"twitter_card":"summary_large_image","twitter_misc":{"Price":"&#36;190,000.00","Availability":"In stock"},"schema":{"@context":"https:\/\/schema.org","@graph":[{"@type":["WebPage","ItemPage"],"@id":"https:\/\/cabalgatasbariloche.com.ar\/experiencias-turisticas\/puerto-blest-con-cascada-los-cantaros-lago-frias-sin-traslado\/","url":"https:\/\/cabalgatasbariloche.com.ar\/experiencias-turisticas\/puerto-blest-con-cascada-los-cantaros-lago-frias-sin-traslado\/","name":"Puerto Blest with \u201cLos Cantaros\u201d Waterfall + Lake Frias without Transfer - Horseback Riding Bariloche","isPartOf":{"@id":"https:\/\/cabalgatasbariloche.com.ar\/#website"},"primaryImageOfPage":{"@id":"https:\/\/cabalgatasbariloche.com.ar\/experiencias-turisticas\/puerto-blest-con-cascada-los-cantaros-lago-frias-sin-traslado\/#primaryimage"},"image":{"@id":"https:\/\/cabalgatasbariloche.com.ar\/experiencias-turisticas\/puerto-blest-con-cascada-los-cantaros-lago-frias-sin-traslado\/#primaryimage"},"thumbnailUrl":"https:\/\/cabalgatasbariloche.com.ar\/wp-content\/uploads\/sites\/10\/2025\/08\/1-D-20211209_105925-3-1-scaled.jpg","datePublished":"2025-08-27T15:28:04+00:00","dateModified":"2026-04-04T13:47:40+00:00","description":"Discover the most beautiful corners of the Nahuel Huapi in a navigation to Puerto Blest and Lago Frias without transfer.","breadcrumb":{"@id":"https:\/\/cabalgatasbariloche.com.ar\/experiencias-turisticas\/puerto-blest-con-cascada-los-cantaros-lago-frias-sin-traslado\/#breadcrumb"},"inLanguage":"en-US","potentialAction":[{"@type":"ReadAction","target":["https:\/\/cabalgatasbariloche.com.ar\/experiencias-turisticas\/puerto-blest-con-cascada-los-cantaros-lago-frias-sin-traslado\/"]}]},{"@type":"ImageObject","inLanguage":"en-US","@id":"https:\/\/cabalgatasbariloche.com.ar\/experiencias-turisticas\/puerto-blest-con-cascada-los-cantaros-lago-frias-sin-traslado\/#primaryimage","url":"https:\/\/cabalgatasbariloche.com.ar\/wp-content\/uploads\/sites\/10\/2025\/08\/1-D-20211209_105925-3-1-scaled.jpg","contentUrl":"https:\/\/cabalgatasbariloche.com.ar\/wp-content\/uploads\/sites\/10\/2025\/08\/1-D-20211209_105925-3-1-scaled.jpg","width":1920,"height":2560},{"@type":"BreadcrumbList","@id":"https:\/\/cabalgatasbariloche.com.ar\/experiencias-turisticas\/puerto-blest-con-cascada-los-cantaros-lago-frias-sin-traslado\/#breadcrumb","itemListElement":[{"@type":"ListItem","position":1,"name":"Portada","item":"https:\/\/cabalgatasbariloche.com.ar\/"},{"@type":"ListItem","position":2,"name":"Tienda","item":"https:\/\/cabalgatasbariloche.com.ar\/tienda\/"},{"@type":"ListItem","position":3,"name":"Puerto Blest con Cascada \u201cLos Cantaros\u201d + Lago Frias sin Traslado"}]},{"@type":"WebSite","@id":"https:\/\/cabalgatasbariloche.com.ar\/#website","url":"https:\/\/cabalgatasbariloche.com.ar\/","name":"Horseback Riding Bariloche","description":"To know the steppe and the Patagonian hills.","potentialAction":[{"@type":"SearchAction","target":{"@type":"EntryPoint","urlTemplate":"https:\/\/cabalgatasbariloche.com.ar\/?s={search_term_string}"},"query-input":{"@type":"PropertyValueSpecification","valueRequired":true,"valueName":"search_term_string"}}],"inLanguage":"en-US"}]},"product_price_amount":"190000.00","product_price_currency":"ARS","og_availability":"instock","product_availability":"instock","product_retailer_item_id":"ADV2025PUBLYC33V7","product_condition":"new"},"_links":{"self":[{"href":"https:\/\/cabalgatasbariloche.com.ar\/en\/wp-json\/wp\/v2\/product\/106","targetHints":{"allow":["GET"]}}],"collection":[{"href":"https:\/\/cabalgatasbariloche.com.ar\/en\/wp-json\/wp\/v2\/product"}],"about":[{"href":"https:\/\/cabalgatasbariloche.com.ar\/en\/wp-json\/wp\/v2\/types\/product"}],"replies":[{"embeddable":true,"href":"https:\/\/cabalgatasbariloche.com.ar\/en\/wp-json\/wp\/v2\/comments?post=106"}],"wp:featuredmedia":[{"embeddable":true,"href":"https:\/\/cabalgatasbariloche.com.ar\/en\/wp-json\/wp\/v2\/media\/166"}],"wp:attachment":[{"href":"https:\/\/cabalgatasbariloche.com.ar\/en\/wp-json\/wp\/v2\/media?parent=106"}],"wp:term":[{"taxonomy":"product_brand","embeddable":true,"href":"https:\/\/cabalgatasbariloche.com.ar\/en\/wp-json\/wp\/v2\/product_brand?post=106"},{"taxonomy":"product_cat","embeddable":true,"href":"https:\/\/cabalgatasbariloche.com.ar\/en\/wp-json\/wp\/v2\/product_cat?post=106"},{"taxonomy":"product_tag","embeddable":true,"href":"https:\/\/cabalgatasbariloche.com.ar\/en\/wp-json\/wp\/v2\/product_tag?post=106"}],"curies":[{"name":"wp","href":"https:\/\/api.w.org\/{rel}","templated":true}]}}