{"id":104,"date":"2025-08-27T12:26:51","date_gmt":"2025-08-27T15:26:51","guid":{"rendered":"https:\/\/cabalgatasbariloche.com.ar\/producto\/navegacion-por-nahuel-huapi-isla-victoria-y-bosque-de-arrayanes-sin-transporte\/"},"modified":"2026-04-07T12:13:25","modified_gmt":"2026-04-07T15:13:25","slug":"isla-victoria-arrayanes-sin-traslado","status":"publish","type":"product","link":"https:\/\/cabalgatasbariloche.com.ar\/en\/experiencias-turisticas\/victoria-arrayanes-island-without-relocation\/","title":{"rendered":"Navigation in Nahuel Huapi: Victoria Island and Arrayanes Forest without transport"},"content":{"rendered":"<h3 class=\"ai-optimize-23\" data-start=\"304\" data-end=\"381\">A Patagonian classic, supported by Bariloche Excursiones<\/h3>\n<p class=\"ai-optimize-24 ai-optimize-introduction\" data-start=\"383\" data-end=\"761\">Experience a journey across the Nahuel Huapi Lake and get to know two of the iconic attractions of the area: the majestic Victoria Island and the mysterious Arrayanes Forest. This proposal, designed for those who are already in Bariloche and choose to arrive at Puerto Pa\u00f1uelo on their own, offers total freedom and the distinctive attention of our specialized team.<\/p>\n<h3 class=\"ai-optimize-25\" data-start=\"763\" data-end=\"808\">Itinerary and highlights of the tour<\/h3>\n<p class=\"ai-optimize-26\" data-start=\"810\" data-end=\"1136\">The tour starts at <strong data-start=\"832\" data-end=\"850\">Puerto Pa\u00f1uelo<\/strong>, at km 25 of Bustillo Avenue. There you board a panoramic catamaran to enjoy a unique experience on the Nahuel Huapi Lake. The first point is the <strong data-start=\"1006\" data-end=\"1032\">Quetrihu\u00e9 Peninsula<\/strong>, where you will be able to walk neatly maintained trails in the exclusive myrtle forest.<\/p>\n<p class=\"ai-optimize-27\" data-start=\"1138\" data-end=\"1365\">The walk continues to <strong data-start=\"1166\" data-end=\"1183\">Victoria Island<\/strong>, a natural paradise with trails that lead to the <strong data-start=\"1246\" data-end=\"1264\">El Toro Beach<\/strong>, A magical place of volcanic sands and remains of ancient cultures, such as rock art.<\/p>\n<h3 class=\"ai-optimize-28\" data-start=\"1367\" data-end=\"1387\">Useful data<\/h3>\n<ul data-start=\"1389\" data-end=\"1663\">\n<li class=\"ai-optimize-29\" data-start=\"1389\" data-end=\"1435\">\n<p class=\"ai-optimize-30\" data-start=\"1391\" data-end=\"1435\"><strong data-start=\"1391\" data-end=\"1412\">Estimated duration<\/strong>from 13:00 to 18:30 hs.<\/p>\n<\/li>\n<li class=\"ai-optimize-31\" data-start=\"1436\" data-end=\"1521\">\n<p class=\"ai-optimize-32\" data-start=\"1438\" data-end=\"1521\"><strong data-start=\"1438\" data-end=\"1449\">Includes<\/strong>Catamaran trip and professional guide accompaniment during the whole trip.<\/p>\n<\/li>\n<li class=\"ai-optimize-33\" data-start=\"1522\" data-end=\"1663\">\n<p class=\"ai-optimize-34\" data-start=\"1524\" data-end=\"1663\"><strong data-start=\"1524\" data-end=\"1538\">Does not include<\/strong>Transfer to Puerto Pa\u00f1uelo, port or National Park entrance fees, meals (available on the boat and on the island).<\/p>\n<\/li>\n<\/ul>\n<h3 class=\"ai-optimize-35\" data-start=\"1665\" data-end=\"1694\">How to get there on your own<\/h3>\n<p class=\"ai-optimize-36\" data-start=\"1696\" data-end=\"1943\">Puerto Pa\u00f1uelo is located 30 minutes from downtown Bariloche, at km 25 of Bustillo Avenue. You can get there by car, bus or bus. When you make your reservation, we will tell you step by step how to get there easily and comfortably.<\/p>\n<h3 class=\"ai-optimize-37\" data-start=\"1950\" data-end=\"1974\">Frequently Asked Questions<\/h3>\n<p class=\"ai-optimize-38\" data-start=\"1976\" data-end=\"2212\"><strong data-start=\"1976\" data-end=\"2028\">Where do I pay the Park and boarding fees?<\/strong><br data-start=\"2028\" data-end=\"2031\" \/>Payment must be made in cash on the same day, upon arrival at Puerto Pa\u00f1uelo. Residents of Bariloche, disabled people, children under 6 years old and Argentinean pensioners are exempt.<\/p>\n<p class=\"ai-optimize-39\" data-start=\"2214\" data-end=\"2368\"><strong data-start=\"2214\" data-end=\"2260\">Are there any benefits for foreign tourists?<\/strong><br data-start=\"2260\" data-end=\"2263\" \/>No. Discounts on fees are exclusive for residents of Argentina with the corresponding accreditation.<\/p>\n<p class=\"ai-optimize-40\" data-start=\"2370\" data-end=\"2524\"><strong data-start=\"2370\" data-end=\"2402\">Which vessel is used?<\/strong><br data-start=\"2402\" data-end=\"2405\" \/>In most cases, the history is used. <strong data-start=\"2457\" data-end=\"2477\">Modesta Victoria<\/strong>, The price could be changed according to availability.<\/p>\n<p class=\"ai-optimize-41\" data-start=\"2526\" data-end=\"2689\"><strong data-start=\"2526\" data-end=\"2587\">Can I bring food or are there options during the tour?<\/strong><br data-start=\"2587\" data-end=\"2590\" \/>You can bring your own lunch or buy food and drinks on board the catamaran or in Victoria Island.<\/p>","protected":false},"excerpt":{"rendered":"<p class=\"ai-optimize-21\">Join an exclusive tour of the <strong>Victoria Island<\/strong> and the <strong>Arrayanes Forest<\/strong>, located in the stunning Patagonia. Enjoy the grandeur of the <strong>Nahuel Huapi Lake<\/strong> by walking along paths surrounded by living nature and discovering the remains of historic villages. Live an unrepeatable experience in a magical environment.<\/p>","protected":false},"featured_media":186,"comment_status":"open","ping_status":"closed","template":"","meta":[],"product_brand":[],"product_cat":[50,55,58,59,61,65,66,70],"product_tag":[],"class_list":{"0":"post-104","1":"product","2":"type-product","3":"status-publish","4":"has-post-thumbnail","6":"product_cat-adultos","7":"product_cat-familia","8":"product_cat-jubilados","9":"product_cat-lacustre","10":"product_cat-ninos","11":"product_cat-sin-comida","12":"product_cat-sin-traslado","13":"product_cat-todo-el-ano","15":"first","16":"instock","17":"virtual","18":"sold-individually","19":"purchasable","20":"product-type-booking"},"booking_location":"","booking_location_type":"","booking_duration":60,"booking_duration_unit":"minute","booking_buffer":0,"booking_cost":0,"booking_resources":[],"exclude_global_add_ons":false,"addons":[{"name":"ADU | Adult","type":"input_multiplier","position":0,"required":false,"title_format":"label","default":"","description_enable":false,"description":"","placeholder_enable":false,"placeholder":"","display":"select","restrictions_type":"any_text","adjust_price":true,"price":"136000","price_type":"quantity_based","restrictions":false,"min":"0","max":"0","options":[],"id":1773233738},{"name":"MEN512 | from 5 to 12","type":"input_multiplier","position":1,"required":false,"title_format":"label","default":"","description_enable":false,"description":"","placeholder_enable":false,"placeholder":"","display":"select","restrictions_type":"any_text","adjust_price":true,"price":"70000","price_type":"quantity_based","restrictions":false,"min":"0","max":"0","options":[],"id":1773233739},{"name":"ADUJ : Retired","type":"input_multiplier","position":2,"required":false,"title_format":"label","default":"","description_enable":false,"description":"","placeholder_enable":false,"placeholder":"","display":"select","restrictions_type":"any_text","adjust_price":true,"price":"70000","price_type":"quantity_based","restrictions":false,"min":"0","max":"0","options":[],"id":1773233740}],"yoast_head":"<!-- This site is optimized with the Yoast SEO Premium plugin v25.2 (Yoast SEO v25.2) - https:\/\/yoast.com\/wordpress\/plugins\/seo\/ -->\n<title>Isla Victoria y Arrayanes sin traslado | Cabalgatas Bariloche<\/title>\n<meta name=\"description\" content=\"Lleg\u00e1 por tu cuenta a Puerto Pa\u00f1uelo y viv\u00ed la magia de Isla Victoria y el Bosque de Arrayanes.\" \/>\n<meta name=\"robots\" content=\"index, follow, max-snippet:-1, max-image-preview:large, max-video-preview:-1\" \/>\n<link rel=\"canonical\" href=\"https:\/\/cabalgatasbariloche.com.ar\/en\/experiencias-turisticas\/victoria-arrayanes-island-without-relocation\/\" \/>\n<meta property=\"og:locale\" content=\"en_US\" \/>\n<meta property=\"og:type\" content=\"article\" \/>\n<meta property=\"og:title\" content=\"Navegaci\u00f3n por Nahuel Huapi: Isla Victoria y Bosque de Arrayanes sin transporte\" \/>\n<meta property=\"og:description\" content=\"Lleg\u00e1 por tu cuenta a Puerto Pa\u00f1uelo y viv\u00ed la magia de Isla Victoria y el Bosque de Arrayanes.\" \/>\n<meta property=\"og:url\" content=\"https:\/\/cabalgatasbariloche.com.ar\/en\/experiencias-turisticas\/victoria-arrayanes-island-without-relocation\/\" \/>\n<meta property=\"og:site_name\" content=\"Cabalgatas Bariloche\" \/>\n<meta property=\"article:modified_time\" content=\"2026-04-07T15:13:25+00:00\" \/>\n<meta property=\"og:image\" content=\"https:\/\/cabalgatasbariloche.com.ar\/wp-content\/uploads\/sites\/10\/2025\/08\/11-A-501756366_1160097892814730_6765617704371636171_n-1.jpg\" \/>\n\t<meta property=\"og:image:width\" content=\"850\" \/>\n\t<meta property=\"og:image:height\" content=\"1133\" \/>\n\t<meta property=\"og:image:type\" content=\"image\/jpeg\" \/>\n<meta name=\"twitter:card\" content=\"summary_large_image\" \/>\n<meta name=\"twitter:label1\" content=\"Price\" \/>\n\t<meta name=\"twitter:data1\" content=\"&#036;163,200.00\" \/>\n\t<meta name=\"twitter:label2\" content=\"Availability\" \/>\n\t<meta name=\"twitter:data2\" content=\"In stock\" \/>\n<script type=\"application\/ld+json\" class=\"yoast-schema-graph\">{\"@context\":\"https:\/\/schema.org\",\"@graph\":[{\"@type\":[\"WebPage\",\"ItemPage\"],\"@id\":\"https:\/\/cabalgatasbariloche.com.ar\/experiencias-turisticas\/isla-victoria-arrayanes-sin-traslado\/\",\"url\":\"https:\/\/cabalgatasbariloche.com.ar\/experiencias-turisticas\/isla-victoria-arrayanes-sin-traslado\/\",\"name\":\"Isla Victoria y Arrayanes sin traslado | Cabalgatas Bariloche\",\"isPartOf\":{\"@id\":\"https:\/\/cabalgatasbariloche.com.ar\/#website\"},\"primaryImageOfPage\":{\"@id\":\"https:\/\/cabalgatasbariloche.com.ar\/experiencias-turisticas\/isla-victoria-arrayanes-sin-traslado\/#primaryimage\"},\"image\":{\"@id\":\"https:\/\/cabalgatasbariloche.com.ar\/experiencias-turisticas\/isla-victoria-arrayanes-sin-traslado\/#primaryimage\"},\"thumbnailUrl\":\"https:\/\/cabalgatasbariloche.com.ar\/wp-content\/uploads\/sites\/10\/2025\/08\/11-A-501756366_1160097892814730_6765617704371636171_n-1.jpg\",\"datePublished\":\"2025-08-27T15:26:51+00:00\",\"dateModified\":\"2026-04-07T15:13:25+00:00\",\"description\":\"Lleg\u00e1 por tu cuenta a Puerto Pa\u00f1uelo y viv\u00ed la magia de Isla Victoria y el Bosque de Arrayanes.\",\"breadcrumb\":{\"@id\":\"https:\/\/cabalgatasbariloche.com.ar\/experiencias-turisticas\/isla-victoria-arrayanes-sin-traslado\/#breadcrumb\"},\"inLanguage\":\"en-US\",\"potentialAction\":[{\"@type\":\"ReadAction\",\"target\":[\"https:\/\/cabalgatasbariloche.com.ar\/experiencias-turisticas\/isla-victoria-arrayanes-sin-traslado\/\"]}]},{\"@type\":\"ImageObject\",\"inLanguage\":\"en-US\",\"@id\":\"https:\/\/cabalgatasbariloche.com.ar\/experiencias-turisticas\/isla-victoria-arrayanes-sin-traslado\/#primaryimage\",\"url\":\"https:\/\/cabalgatasbariloche.com.ar\/wp-content\/uploads\/sites\/10\/2025\/08\/11-A-501756366_1160097892814730_6765617704371636171_n-1.jpg\",\"contentUrl\":\"https:\/\/cabalgatasbariloche.com.ar\/wp-content\/uploads\/sites\/10\/2025\/08\/11-A-501756366_1160097892814730_6765617704371636171_n-1.jpg\",\"width\":850,\"height\":1133},{\"@type\":\"BreadcrumbList\",\"@id\":\"https:\/\/cabalgatasbariloche.com.ar\/experiencias-turisticas\/isla-victoria-arrayanes-sin-traslado\/#breadcrumb\",\"itemListElement\":[{\"@type\":\"ListItem\",\"position\":1,\"name\":\"Portada\",\"item\":\"https:\/\/cabalgatasbariloche.com.ar\/\"},{\"@type\":\"ListItem\",\"position\":2,\"name\":\"Tienda\",\"item\":\"https:\/\/cabalgatasbariloche.com.ar\/tienda\/\"},{\"@type\":\"ListItem\",\"position\":3,\"name\":\"Navegaci\u00f3n por Nahuel Huapi: Isla Victoria y Bosque de Arrayanes sin transporte\"}]},{\"@type\":\"WebSite\",\"@id\":\"https:\/\/cabalgatasbariloche.com.ar\/#website\",\"url\":\"https:\/\/cabalgatasbariloche.com.ar\/\",\"name\":\"Cabalgatas Bariloche\",\"description\":\"Conocer la estepa y cerros patagonicos\",\"potentialAction\":[{\"@type\":\"SearchAction\",\"target\":{\"@type\":\"EntryPoint\",\"urlTemplate\":\"https:\/\/cabalgatasbariloche.com.ar\/?s={search_term_string}\"},\"query-input\":{\"@type\":\"PropertyValueSpecification\",\"valueRequired\":true,\"valueName\":\"search_term_string\"}}],\"inLanguage\":\"en-US\"}]}<\/script>\n<meta property=\"product:price:amount\" content=\"163200.00\" \/>\n<meta property=\"product:price:currency\" content=\"ARS\" \/>\n<meta property=\"og:availability\" content=\"instock\" \/>\n<meta property=\"product:availability\" content=\"instock\" \/>\n<meta property=\"product:retailer_item_id\" content=\"ADV2025ISVIYB4A10\" \/>\n<meta property=\"product:condition\" content=\"new\" \/>\n<!-- \/ Yoast SEO Premium plugin. -->","yoast_head_json":{"title":"Victoria Island and Arrayanes without transfer | Horseback Riding Bariloche","description":"Arrive on your own to Puerto Pa\u00f1uelo and experience the magic of Victoria Island and the Arrayanes Forest.","robots":{"index":"index","follow":"follow","max-snippet":"max-snippet:-1","max-image-preview":"max-image-preview:large","max-video-preview":"max-video-preview:-1"},"canonical":"https:\/\/cabalgatasbariloche.com.ar\/en\/experiencias-turisticas\/victoria-arrayanes-island-without-relocation\/","og_locale":"en_US","og_type":"article","og_title":"Navegaci\u00f3n por Nahuel Huapi: Isla Victoria y Bosque de Arrayanes sin transporte","og_description":"Lleg\u00e1 por tu cuenta a Puerto Pa\u00f1uelo y viv\u00ed la magia de Isla Victoria y el Bosque de Arrayanes.","og_url":"https:\/\/cabalgatasbariloche.com.ar\/en\/experiencias-turisticas\/victoria-arrayanes-island-without-relocation\/","og_site_name":"Cabalgatas Bariloche","article_modified_time":"2026-04-07T15:13:25+00:00","og_image":[{"width":850,"height":1133,"url":"https:\/\/cabalgatasbariloche.com.ar\/wp-content\/uploads\/sites\/10\/2025\/08\/11-A-501756366_1160097892814730_6765617704371636171_n-1.jpg","type":"image\/jpeg"}],"twitter_card":"summary_large_image","twitter_misc":{"Price":"&#36;163,200.00","Availability":"In stock"},"schema":{"@context":"https:\/\/schema.org","@graph":[{"@type":["WebPage","ItemPage"],"@id":"https:\/\/cabalgatasbariloche.com.ar\/experiencias-turisticas\/isla-victoria-arrayanes-sin-traslado\/","url":"https:\/\/cabalgatasbariloche.com.ar\/experiencias-turisticas\/isla-victoria-arrayanes-sin-traslado\/","name":"Victoria Island and Arrayanes without transfer | Horseback Riding Bariloche","isPartOf":{"@id":"https:\/\/cabalgatasbariloche.com.ar\/#website"},"primaryImageOfPage":{"@id":"https:\/\/cabalgatasbariloche.com.ar\/experiencias-turisticas\/isla-victoria-arrayanes-sin-traslado\/#primaryimage"},"image":{"@id":"https:\/\/cabalgatasbariloche.com.ar\/experiencias-turisticas\/isla-victoria-arrayanes-sin-traslado\/#primaryimage"},"thumbnailUrl":"https:\/\/cabalgatasbariloche.com.ar\/wp-content\/uploads\/sites\/10\/2025\/08\/11-A-501756366_1160097892814730_6765617704371636171_n-1.jpg","datePublished":"2025-08-27T15:26:51+00:00","dateModified":"2026-04-07T15:13:25+00:00","description":"Arrive on your own to Puerto Pa\u00f1uelo and experience the magic of Victoria Island and the Arrayanes Forest.","breadcrumb":{"@id":"https:\/\/cabalgatasbariloche.com.ar\/experiencias-turisticas\/isla-victoria-arrayanes-sin-traslado\/#breadcrumb"},"inLanguage":"en-US","potentialAction":[{"@type":"ReadAction","target":["https:\/\/cabalgatasbariloche.com.ar\/experiencias-turisticas\/isla-victoria-arrayanes-sin-traslado\/"]}]},{"@type":"ImageObject","inLanguage":"en-US","@id":"https:\/\/cabalgatasbariloche.com.ar\/experiencias-turisticas\/isla-victoria-arrayanes-sin-traslado\/#primaryimage","url":"https:\/\/cabalgatasbariloche.com.ar\/wp-content\/uploads\/sites\/10\/2025\/08\/11-A-501756366_1160097892814730_6765617704371636171_n-1.jpg","contentUrl":"https:\/\/cabalgatasbariloche.com.ar\/wp-content\/uploads\/sites\/10\/2025\/08\/11-A-501756366_1160097892814730_6765617704371636171_n-1.jpg","width":850,"height":1133},{"@type":"BreadcrumbList","@id":"https:\/\/cabalgatasbariloche.com.ar\/experiencias-turisticas\/isla-victoria-arrayanes-sin-traslado\/#breadcrumb","itemListElement":[{"@type":"ListItem","position":1,"name":"Portada","item":"https:\/\/cabalgatasbariloche.com.ar\/"},{"@type":"ListItem","position":2,"name":"Tienda","item":"https:\/\/cabalgatasbariloche.com.ar\/tienda\/"},{"@type":"ListItem","position":3,"name":"Navegaci\u00f3n por Nahuel Huapi: Isla Victoria y Bosque de Arrayanes sin transporte"}]},{"@type":"WebSite","@id":"https:\/\/cabalgatasbariloche.com.ar\/#website","url":"https:\/\/cabalgatasbariloche.com.ar\/","name":"Horseback Riding Bariloche","description":"To know the steppe and the Patagonian hills.","potentialAction":[{"@type":"SearchAction","target":{"@type":"EntryPoint","urlTemplate":"https:\/\/cabalgatasbariloche.com.ar\/?s={search_term_string}"},"query-input":{"@type":"PropertyValueSpecification","valueRequired":true,"valueName":"search_term_string"}}],"inLanguage":"en-US"}]},"product_price_amount":"163200.00","product_price_currency":"ARS","og_availability":"instock","product_availability":"instock","product_retailer_item_id":"ADV2025ISVIYB4A10","product_condition":"new"},"_links":{"self":[{"href":"https:\/\/cabalgatasbariloche.com.ar\/en\/wp-json\/wp\/v2\/product\/104","targetHints":{"allow":["GET"]}}],"collection":[{"href":"https:\/\/cabalgatasbariloche.com.ar\/en\/wp-json\/wp\/v2\/product"}],"about":[{"href":"https:\/\/cabalgatasbariloche.com.ar\/en\/wp-json\/wp\/v2\/types\/product"}],"replies":[{"embeddable":true,"href":"https:\/\/cabalgatasbariloche.com.ar\/en\/wp-json\/wp\/v2\/comments?post=104"}],"wp:featuredmedia":[{"embeddable":true,"href":"https:\/\/cabalgatasbariloche.com.ar\/en\/wp-json\/wp\/v2\/media\/186"}],"wp:attachment":[{"href":"https:\/\/cabalgatasbariloche.com.ar\/en\/wp-json\/wp\/v2\/media?parent=104"}],"wp:term":[{"taxonomy":"product_brand","embeddable":true,"href":"https:\/\/cabalgatasbariloche.com.ar\/en\/wp-json\/wp\/v2\/product_brand?post=104"},{"taxonomy":"product_cat","embeddable":true,"href":"https:\/\/cabalgatasbariloche.com.ar\/en\/wp-json\/wp\/v2\/product_cat?post=104"},{"taxonomy":"product_tag","embeddable":true,"href":"https:\/\/cabalgatasbariloche.com.ar\/en\/wp-json\/wp\/v2\/product_tag?post=104"}],"curies":[{"name":"wp","href":"https:\/\/api.w.org\/{rel}","templated":true}]}}