{"id":100,"date":"2025-08-27T12:24:41","date_gmt":"2025-08-27T15:24:41","guid":{"rendered":"https:\/\/cabalgatasbariloche.com.ar\/producto\/paquete-promocional-de-3-dias-de-aventura\/"},"modified":"2026-03-31T12:14:45","modified_gmt":"2026-03-31T15:14:45","slug":"paquete-promocional-de-3-dias-de-aventura","status":"publish","type":"product","link":"https:\/\/cabalgatasbariloche.com.ar\/en\/experiencias-turisticas\/promotional-package-of-3-days-of-adventure\/","title":{"rendered":"Promotional 3-day adventure package"},"content":{"rendered":"<h2 class=\"ai-optimize-23\">I experienced the unknown Patagonia in three unforgettable days<\/h2>\n<p class=\"ai-optimize-24 ai-optimize-introduction\">Enjoy a <strong>unique experience<\/strong> with our exclusive <strong>three-day excursion package<\/strong>. Carefully designed, this tour invites you to discover the most beautiful natural landscapes in the world. <strong>impressive landscapes of the Argentine Patagonia<\/strong>, fusing adventure and superior comfort.<\/p>\n<h3 class=\"ai-optimize-25\">What does this package include?<\/h3>\n<ul>\n<li class=\"ai-optimize-26\"><strong>Personalized itinerary:<\/strong><\/li>\n<li class=\"ai-optimize-27\">Visit to <strong>San Martin de los Andes<\/strong> and the picturesque <strong>Route of the 7 Lakes\u00a0<\/strong>departing at 08:00 hs<\/li>\n<li class=\"ai-optimize-28\">Tour of the majestic <strong>Cerro Tronador<\/strong> and the fascinating <strong>Ventisquero Negro Glacier <\/strong>departing at 09:00 hs.<\/li>\n<li class=\"ai-optimize-29\">Tour in the <strong>Small Circuit<\/strong> with unique panoramic views departing at 08:30 am.<\/li>\n<\/ul>\n<p class=\"ai-optimize-30\">You can adjust your daily schedule, and this tour package gives you the ability to <strong>freedom<\/strong> to live each activity in your own way.<\/p>\n<h3 class=\"ai-optimize-31\">Detailed circuit information<\/h3>\n<ul>\n<li class=\"ai-optimize-32\"><strong>Route:<\/strong> It includes San Mart\u00edn de los Andes, Circuito Chico and Cerro Tronador.<\/li>\n<li class=\"ai-optimize-33\"><strong>Schedules:<\/strong> Consult our alternative schedules for each excursion.<\/li>\n<\/ul>\n<h3 class=\"ai-optimize-34\">Services we provide<\/h3>\n<ul>\n<li class=\"ai-optimize-35\"><strong>Ground transportation:<\/strong> Transfers in comfortable and safe vehicles.<\/li>\n<li class=\"ai-optimize-36\"><strong>Professional guide:<\/strong> Specialist in Spanish, with bilingual option at additional cost.<\/li>\n<\/ul>\n<p class=\"ai-optimize-37\"><strong>Important:<\/strong> Meals are not included. You will also find <strong>local gastronomic proposals<\/strong> during the tour.<\/p>\n<h3 class=\"ai-optimize-38\">Start your adventure now!<\/h3>\n<p class=\"ai-optimize-39\">This <strong>excellence package<\/strong> is only available during warm seasons, don't miss the opportunity to explore Patagonia like never before!<\/p>\n<h3 class=\"ai-optimize-40\">Frequently Asked Questions<\/h3>\n<ul>\n<li class=\"ai-optimize-41\"><strong>Can the included excursions be customized?<\/strong><br \/>\nYes, you have the possibility to change the order of the excursions, according to your preferences.<\/li>\n<li class=\"ai-optimize-42\"><strong>Is it possible to request alternatives for vegetarians or vegans?<\/strong><br \/>\nThe gastronomic tour in our routes usually includes alternatives for different diets.<\/li>\n<li class=\"ai-optimize-43\"><strong>Are there any clothing requirements for the excursions?<\/strong><br \/>\nWe suggest wearing comfortable and appropriate clothing for outdoor activities, adding sun protection.<\/li>\n<\/ul>","protected":false},"excerpt":{"rendered":"<p class=\"ai-optimize-21\">Live a unique experience through Patagonia with this <strong>3-day package<\/strong> travel. Explore the beauty of <strong>San Martin de los Andes<\/strong>, the <strong>Route of the 7 Lakes<\/strong>, the majestic <strong>Cerro Tronador<\/strong> and the <strong>Small Circuit<\/strong>. Enjoy an adaptable tour in an area of genuine exclusivity.<\/p>","protected":false},"featured_media":213,"comment_status":"open","ping_status":"closed","template":"","meta":[],"product_brand":[],"product_cat":[50,54,55,58,61,64,65,70],"product_tag":[],"class_list":{"0":"post-100","1":"product","2":"type-product","3":"status-publish","4":"has-post-thumbnail","6":"product_cat-adultos","7":"product_cat-con-traslado","8":"product_cat-familia","9":"product_cat-jubilados","10":"product_cat-ninos","11":"product_cat-promos","12":"product_cat-sin-comida","13":"product_cat-todo-el-ano","15":"first","16":"instock","17":"virtual","18":"sold-individually","19":"purchasable","20":"product-type-booking"},"booking_location":"","booking_location_type":"","booking_duration":1,"booking_duration_unit":"hour","booking_buffer":0,"booking_cost":0,"booking_resources":[],"exclude_global_add_ons":false,"addons":[{"name":"STD | Passengers","type":"input_multiplier","position":0,"required":false,"title_format":"label","default":"","description_enable":false,"description":"","placeholder_enable":false,"placeholder":"","display":"select","restrictions_type":"any_text","adjust_price":true,"price":"156000","price_type":"quantity_based","restrictions":false,"min":"0","max":"0","options":[],"id":1773234688}],"yoast_head":"<!-- This site is optimized with the Yoast SEO Premium plugin v25.2 (Yoast SEO v25.2) - https:\/\/yoast.com\/wordpress\/plugins\/seo\/ -->\n<title>Paquete promocional de 3 d\u00edas de aventura - Cabalgatas Bariloche<\/title>\n<meta name=\"robots\" content=\"index, follow, max-snippet:-1, max-image-preview:large, max-video-preview:-1\" \/>\n<link rel=\"canonical\" href=\"https:\/\/cabalgatasbariloche.com.ar\/en\/experiencias-turisticas\/promotional-package-of-3-days-of-adventure\/\" \/>\n<meta property=\"og:locale\" content=\"en_US\" \/>\n<meta property=\"og:type\" content=\"article\" \/>\n<meta property=\"og:title\" content=\"Paquete promocional de 3 d\u00edas de aventura\" \/>\n<meta property=\"og:description\" content=\"Viva una experiencia \u00fanica por la Patagonia con este paquete de 3 d\u00edas de viajes. Explore la belleza de San Mart\u00edn de los Andes, la Ruta de los 7 Lagos, el majestuoso Cerro Tronador y el Circuito Chico. Goce un recorrido adaptable en un \u00e1mbito de genuina exclusividad.\" \/>\n<meta property=\"og:url\" content=\"https:\/\/cabalgatasbariloche.com.ar\/en\/experiencias-turisticas\/promotional-package-of-3-days-of-adventure\/\" \/>\n<meta property=\"og:site_name\" content=\"Cabalgatas Bariloche\" \/>\n<meta property=\"article:modified_time\" content=\"2026-03-31T15:14:45+00:00\" \/>\n<meta property=\"og:image\" content=\"https:\/\/cabalgatasbariloche.com.ar\/wp-content\/uploads\/sites\/10\/2025\/08\/4-D-DSC_0435-copia-1.jpg\" \/>\n\t<meta property=\"og:image:width\" content=\"992\" \/>\n\t<meta property=\"og:image:height\" content=\"1323\" \/>\n\t<meta property=\"og:image:type\" content=\"image\/jpeg\" \/>\n<meta name=\"twitter:card\" content=\"summary_large_image\" \/>\n<meta name=\"twitter:label1\" content=\"Price\" \/>\n\t<meta name=\"twitter:data1\" content=\"&#036;156,000.00\" \/>\n\t<meta name=\"twitter:label2\" content=\"Availability\" \/>\n\t<meta name=\"twitter:data2\" content=\"In stock\" \/>\n<script type=\"application\/ld+json\" class=\"yoast-schema-graph\">{\"@context\":\"https:\/\/schema.org\",\"@graph\":[{\"@type\":[\"WebPage\",\"ItemPage\"],\"@id\":\"https:\/\/cabalgatasbariloche.com.ar\/experiencias-turisticas\/paquete-promocional-de-3-dias-de-aventura\/\",\"url\":\"https:\/\/cabalgatasbariloche.com.ar\/experiencias-turisticas\/paquete-promocional-de-3-dias-de-aventura\/\",\"name\":\"Paquete promocional de 3 d\u00edas de aventura - Cabalgatas Bariloche\",\"isPartOf\":{\"@id\":\"https:\/\/cabalgatasbariloche.com.ar\/#website\"},\"primaryImageOfPage\":{\"@id\":\"https:\/\/cabalgatasbariloche.com.ar\/experiencias-turisticas\/paquete-promocional-de-3-dias-de-aventura\/#primaryimage\"},\"image\":{\"@id\":\"https:\/\/cabalgatasbariloche.com.ar\/experiencias-turisticas\/paquete-promocional-de-3-dias-de-aventura\/#primaryimage\"},\"thumbnailUrl\":\"https:\/\/cabalgatasbariloche.com.ar\/wp-content\/uploads\/sites\/10\/2025\/08\/4-D-DSC_0435-copia-1.jpg\",\"datePublished\":\"2025-08-27T15:24:41+00:00\",\"dateModified\":\"2026-03-31T15:14:45+00:00\",\"breadcrumb\":{\"@id\":\"https:\/\/cabalgatasbariloche.com.ar\/experiencias-turisticas\/paquete-promocional-de-3-dias-de-aventura\/#breadcrumb\"},\"inLanguage\":\"en-US\",\"potentialAction\":[{\"@type\":\"ReadAction\",\"target\":[\"https:\/\/cabalgatasbariloche.com.ar\/experiencias-turisticas\/paquete-promocional-de-3-dias-de-aventura\/\"]}]},{\"@type\":\"ImageObject\",\"inLanguage\":\"en-US\",\"@id\":\"https:\/\/cabalgatasbariloche.com.ar\/experiencias-turisticas\/paquete-promocional-de-3-dias-de-aventura\/#primaryimage\",\"url\":\"https:\/\/cabalgatasbariloche.com.ar\/wp-content\/uploads\/sites\/10\/2025\/08\/4-D-DSC_0435-copia-1.jpg\",\"contentUrl\":\"https:\/\/cabalgatasbariloche.com.ar\/wp-content\/uploads\/sites\/10\/2025\/08\/4-D-DSC_0435-copia-1.jpg\",\"width\":992,\"height\":1323},{\"@type\":\"BreadcrumbList\",\"@id\":\"https:\/\/cabalgatasbariloche.com.ar\/experiencias-turisticas\/paquete-promocional-de-3-dias-de-aventura\/#breadcrumb\",\"itemListElement\":[{\"@type\":\"ListItem\",\"position\":1,\"name\":\"Portada\",\"item\":\"https:\/\/cabalgatasbariloche.com.ar\/\"},{\"@type\":\"ListItem\",\"position\":2,\"name\":\"Tienda\",\"item\":\"https:\/\/cabalgatasbariloche.com.ar\/tienda\/\"},{\"@type\":\"ListItem\",\"position\":3,\"name\":\"Paquete promocional de 3 d\u00edas de aventura\"}]},{\"@type\":\"WebSite\",\"@id\":\"https:\/\/cabalgatasbariloche.com.ar\/#website\",\"url\":\"https:\/\/cabalgatasbariloche.com.ar\/\",\"name\":\"Cabalgatas Bariloche\",\"description\":\"Conocer la estepa y cerros patagonicos\",\"potentialAction\":[{\"@type\":\"SearchAction\",\"target\":{\"@type\":\"EntryPoint\",\"urlTemplate\":\"https:\/\/cabalgatasbariloche.com.ar\/?s={search_term_string}\"},\"query-input\":{\"@type\":\"PropertyValueSpecification\",\"valueRequired\":true,\"valueName\":\"search_term_string\"}}],\"inLanguage\":\"en-US\"}]}<\/script>\n<meta property=\"product:price:amount\" content=\"156000.00\" \/>\n<meta property=\"product:price:currency\" content=\"ARS\" \/>\n<meta property=\"og:availability\" content=\"instock\" \/>\n<meta property=\"product:availability\" content=\"instock\" \/>\n<meta property=\"product:retailer_item_id\" content=\"ADV2025PAPRDE20W5\" \/>\n<meta property=\"product:condition\" content=\"new\" \/>\n<!-- \/ Yoast SEO Premium plugin. -->","yoast_head_json":{"title":"Promotional 3-day adventure package - Bariloche Horseback Rides","robots":{"index":"index","follow":"follow","max-snippet":"max-snippet:-1","max-image-preview":"max-image-preview:large","max-video-preview":"max-video-preview:-1"},"canonical":"https:\/\/cabalgatasbariloche.com.ar\/en\/experiencias-turisticas\/promotional-package-of-3-days-of-adventure\/","og_locale":"en_US","og_type":"article","og_title":"Paquete promocional de 3 d\u00edas de aventura","og_description":"Viva una experiencia \u00fanica por la Patagonia con este paquete de 3 d\u00edas de viajes. Explore la belleza de San Mart\u00edn de los Andes, la Ruta de los 7 Lagos, el majestuoso Cerro Tronador y el Circuito Chico. Goce un recorrido adaptable en un \u00e1mbito de genuina exclusividad.","og_url":"https:\/\/cabalgatasbariloche.com.ar\/en\/experiencias-turisticas\/promotional-package-of-3-days-of-adventure\/","og_site_name":"Cabalgatas Bariloche","article_modified_time":"2026-03-31T15:14:45+00:00","og_image":[{"width":992,"height":1323,"url":"https:\/\/cabalgatasbariloche.com.ar\/wp-content\/uploads\/sites\/10\/2025\/08\/4-D-DSC_0435-copia-1.jpg","type":"image\/jpeg"}],"twitter_card":"summary_large_image","twitter_misc":{"Price":"&#36;156,000.00","Availability":"In stock"},"schema":{"@context":"https:\/\/schema.org","@graph":[{"@type":["WebPage","ItemPage"],"@id":"https:\/\/cabalgatasbariloche.com.ar\/experiencias-turisticas\/paquete-promocional-de-3-dias-de-aventura\/","url":"https:\/\/cabalgatasbariloche.com.ar\/experiencias-turisticas\/paquete-promocional-de-3-dias-de-aventura\/","name":"Promotional 3-day adventure package - Bariloche Horseback Rides","isPartOf":{"@id":"https:\/\/cabalgatasbariloche.com.ar\/#website"},"primaryImageOfPage":{"@id":"https:\/\/cabalgatasbariloche.com.ar\/experiencias-turisticas\/paquete-promocional-de-3-dias-de-aventura\/#primaryimage"},"image":{"@id":"https:\/\/cabalgatasbariloche.com.ar\/experiencias-turisticas\/paquete-promocional-de-3-dias-de-aventura\/#primaryimage"},"thumbnailUrl":"https:\/\/cabalgatasbariloche.com.ar\/wp-content\/uploads\/sites\/10\/2025\/08\/4-D-DSC_0435-copia-1.jpg","datePublished":"2025-08-27T15:24:41+00:00","dateModified":"2026-03-31T15:14:45+00:00","breadcrumb":{"@id":"https:\/\/cabalgatasbariloche.com.ar\/experiencias-turisticas\/paquete-promocional-de-3-dias-de-aventura\/#breadcrumb"},"inLanguage":"en-US","potentialAction":[{"@type":"ReadAction","target":["https:\/\/cabalgatasbariloche.com.ar\/experiencias-turisticas\/paquete-promocional-de-3-dias-de-aventura\/"]}]},{"@type":"ImageObject","inLanguage":"en-US","@id":"https:\/\/cabalgatasbariloche.com.ar\/experiencias-turisticas\/paquete-promocional-de-3-dias-de-aventura\/#primaryimage","url":"https:\/\/cabalgatasbariloche.com.ar\/wp-content\/uploads\/sites\/10\/2025\/08\/4-D-DSC_0435-copia-1.jpg","contentUrl":"https:\/\/cabalgatasbariloche.com.ar\/wp-content\/uploads\/sites\/10\/2025\/08\/4-D-DSC_0435-copia-1.jpg","width":992,"height":1323},{"@type":"BreadcrumbList","@id":"https:\/\/cabalgatasbariloche.com.ar\/experiencias-turisticas\/paquete-promocional-de-3-dias-de-aventura\/#breadcrumb","itemListElement":[{"@type":"ListItem","position":1,"name":"Portada","item":"https:\/\/cabalgatasbariloche.com.ar\/"},{"@type":"ListItem","position":2,"name":"Tienda","item":"https:\/\/cabalgatasbariloche.com.ar\/tienda\/"},{"@type":"ListItem","position":3,"name":"Paquete promocional de 3 d\u00edas de aventura"}]},{"@type":"WebSite","@id":"https:\/\/cabalgatasbariloche.com.ar\/#website","url":"https:\/\/cabalgatasbariloche.com.ar\/","name":"Horseback Riding Bariloche","description":"To know the steppe and the Patagonian hills.","potentialAction":[{"@type":"SearchAction","target":{"@type":"EntryPoint","urlTemplate":"https:\/\/cabalgatasbariloche.com.ar\/?s={search_term_string}"},"query-input":{"@type":"PropertyValueSpecification","valueRequired":true,"valueName":"search_term_string"}}],"inLanguage":"en-US"}]},"product_price_amount":"156000.00","product_price_currency":"ARS","og_availability":"instock","product_availability":"instock","product_retailer_item_id":"ADV2025PAPRDE20W5","product_condition":"new"},"_links":{"self":[{"href":"https:\/\/cabalgatasbariloche.com.ar\/en\/wp-json\/wp\/v2\/product\/100","targetHints":{"allow":["GET"]}}],"collection":[{"href":"https:\/\/cabalgatasbariloche.com.ar\/en\/wp-json\/wp\/v2\/product"}],"about":[{"href":"https:\/\/cabalgatasbariloche.com.ar\/en\/wp-json\/wp\/v2\/types\/product"}],"replies":[{"embeddable":true,"href":"https:\/\/cabalgatasbariloche.com.ar\/en\/wp-json\/wp\/v2\/comments?post=100"}],"wp:featuredmedia":[{"embeddable":true,"href":"https:\/\/cabalgatasbariloche.com.ar\/en\/wp-json\/wp\/v2\/media\/213"}],"wp:attachment":[{"href":"https:\/\/cabalgatasbariloche.com.ar\/en\/wp-json\/wp\/v2\/media?parent=100"}],"wp:term":[{"taxonomy":"product_brand","embeddable":true,"href":"https:\/\/cabalgatasbariloche.com.ar\/en\/wp-json\/wp\/v2\/product_brand?post=100"},{"taxonomy":"product_cat","embeddable":true,"href":"https:\/\/cabalgatasbariloche.com.ar\/en\/wp-json\/wp\/v2\/product_cat?post=100"},{"taxonomy":"product_tag","embeddable":true,"href":"https:\/\/cabalgatasbariloche.com.ar\/en\/wp-json\/wp\/v2\/product_tag?post=100"}],"curies":[{"name":"wp","href":"https:\/\/api.w.org\/{rel}","templated":true}]}}